{"id":48,"date":"2021-06-22T22:00:00","date_gmt":"2014-03-21T13:57:50","guid":{"rendered":"http:\/\/www.unilim.fr\/havae\/?page_id=48"},"modified":"2022-11-25T10:51:26","modified_gmt":"2022-11-25T10:51:26","slug":"partenaires","status":"publish","type":"page","link":"https:\/\/www.unilim.fr\/havae\/havae-ur20217\/partenaires\/","title":{"rendered":"Collaborations"},"content":{"rendered":"                        <div class=\"container-fluid bg-grad-right-gray-lighter ul-element-page-header \">\n                            <div class=\"container\">\n                                <div class=\"row\">\n                                    <div class=\"col-xs-12 hidden-xs text-dark\">\n                                                                                            <div class=\"ul-element-breadcrumb hidden-xs \">\n            \n                                <ol class='breadcrumb'>\n                                    <li>\n                                        <a href='http:\/\/www.unilim.fr\/havae'><i class='fa fa-home fa-lg fa-fw'><\/i><\/a>\n                                    <\/li><\/ol>        <\/div>\n                                                                                    <\/div>\n                                    <div class=\"col-xs-3 hidden-xs\">\n                                                                                    <div class=\"ul-element-logo-signal hidden-xs\" style=\"display: inline-block; position: relative; width: 100% ; margin-top: 23px; padding-bottom: 11.9284%;vertical-align: top;\">\n                <svg preserveAspectRatio=\"xMinYMin meet\" viewBox=\"0 0 503 60\" style=\"display: block;position: absolute;top: 0;left: 0;width:100%;max-width:100%;height:100%\">\n                      <g>\n                          <rect  opacity=\"0.3\"  x=\"0\" y=\"0\" width=\"142px\" height=\"60\" rx=\"6\" class=\" bg-primary\"><\/rect>\n                          <rect opacity=\"0.5\"  x=\"106\" y=\"0\" width=\"119px\" height=\"60\" rx=\"6\" class=\"bg-primary\"><\/rect>\n                          <rect opacity=\"0.6\"  x=\"207\" y=\"0\" width=\"84px\" height=\"60\" rx=\"6\" class=\" bg-primary\"><\/rect>\n                          <rect opacity=\"0.7\"  x=\"308\" y=\"0\" width=\"61px\" height=\"60\" rx=\"6\" class=\" bg-primary\"><\/rect>\n                          <rect opacity=\"0.8\"  x=\"390\" y=\"0\" width=\"29px\" height=\"60\" rx=\"6\" class=\" bg-primary\"><\/rect>\n                          <rect x=\"446\" y=\"0\" width=\"15px\" height=\"60\" rx=\"4\" class=\"                bg-primary\"><\/rect>\n                          <rect x=\"495\" y=\"0\" width=\"8px\" height=\"60\" rx=\"2\" class=\"                 bg-primary\"><\/rect>\n                      <\/g>\n                <\/svg>\n        <\/div>                                                                            <\/div>\n\n                                                                            <div class=\"col-sm-9 text-dark\">\n\n                                                                                                    <h1 class=\"blog-title text-primary ul-bold\">Collaborations                                                                                                            <\/h1>\n\n                                                    <br\/>\n                                                \n\n\n                                                \n                                                                                        <\/div>\n                                    \n                                <\/div>\n                            <\/div>\n                        <\/div>\n                                <div class=\"container-fluid  \" style=\"\">\n                      <div class=\"container\">\n                <div class=\"row \" style=\"margin-top: 30px;margin-bottom: 30px\">        <div class=\"col-md-12 \">\n                    <div class=\"clearfix ul-element-text \">\n            \n<h2 class=\"ul-bold\">F\u00e9d\u00e9rations de recherche<br \/>&nbsp;<\/h2>\n<ul>\n<li>Institut F\u00e9d\u00e9ratif de Recherche sur le Handicap (IFRH 25), devenu depuis le 1er janvier 2021 Fedrha \u00ab\u00a0F\u00e9d\u00e9ration pour la Recherche sur le Handicap et l&rsquo;Autonomie\u00a0\u00bb&nbsp;&nbsp;&nbsp;<\/li>\n<\/ul>\n<h2 class=\"ul-bold\">Collaborations universitaires<\/h2>\n<p>&nbsp;<\/p>\n<ul>\n<li><a href=\"https:\/\/www.bordeaux-population-health.center\/the-teams\/active\/\">Universit\u00e9 de Bordeaux &#8211;&nbsp;Bordeaux Population Health INSERM Research Center &#8211; Equipe ACTIVE (BPH)\/U1219<\/a><\/li>\n<li>Universit\u00e9 de Saint-Etienne &#8211; Jean Monnet<\/li>\n<li>Universit\u00e9 de Poitiers<\/li>\n<li>Universit\u00e9 de Grenoble-Alpes<\/li>\n<li>Universit\u00e9 de Toulouse (G\u00e9rontopole de Toulouse et Sant\u00e9)<\/li>\n<li>Universit\u00e9 de Lyon 1 &#8211; Claude Bernard<\/li>\n<li>Universit\u00e9 de Lyon 3 &#8211; Jean Moulin<\/li>\n<li>Universit\u00e9 Technologique de Compi\u00e8gne&nbsp;<\/li>\n<li>Coll\u00e8ge de France<\/li>\n<\/ul>\n<p>&nbsp; &nbsp;<\/p>\n<h2 class=\"ul-bold\">Collaborations&nbsp;Centres hospitaliers<\/h2>\n<p>&nbsp; &nbsp;<\/p>\n<ul>\n<li>CHR Orl\u00e9ans &#8211; Tours<\/li>\n<li>CHU de Bordeaux<\/li>\n<li>CHU de Toulouse<\/li>\n<li>H\u00f4pitaux Universitaires de Gen\u00e8ve<\/li>\n<\/ul>\n<p><strong><\/strong>&nbsp;<\/p>\n<h2 class=\"ul-bold\">Partenariats avec des organismes et institutions r\u00e9gionaux\/nationaux<\/h2>\n<p class=\"ul-bold\">&nbsp;<\/p>\n<ul>\n<li><a href=\"https:\/\/gerontopole-na.fr\">Gerontop\u00f4le Nouvelle-Aquitaine<\/a><\/li>\n<li><a href=\"https:\/\/www.nouvelle-aquitaine.fr\">R\u00e9gion Nouvelle-Aquitaine<\/a><\/li>\n<li><a href=\"https:\/\/www.alpha-rlh.com\/fre\">P\u00f4le de Comp\u00e9titivit\u00e9 Alpha RLH<\/a><\/li>\n<\/ul>\n<p>&nbsp;<\/p>\n<h2 class=\"ul-bold\">Collaborations&nbsp;internationales<\/h2>\n<p>&nbsp; &nbsp;<\/p>\n<ul>\n<li>Institut Universitaire de Cardiologie et de Pneumologie de Qu\u00e9bec (Equipe du Dr. F. Maltais) &#8211; Qu\u00e9bec &#8211; Canada<\/li>\n<li>McGill University &#8211; Clinical Exercise and Respiratory Physiology &#8211; Montr\u00e9al &#8211; Canada.&nbsp;<\/li>\n<li>Universit\u00e9 Laval &#8211; Centre Interdisciplinaire de la recherche en r\u00e9adaptation et int\u00e9gration sociale (CIRRIS) &#8211; Qu\u00e9bec &#8211; Canada<\/li>\n<li>Universit\u00e9 de Parakou&nbsp;&#8211; \u00c9cole Nationale de Statistique, de Planification et de D\u00e9mographie &#8211; B\u00e9nin<\/li>\n<li>Universit\u00e9 Vasile Alecsandri &#8211; Bac\u0101u &#8211; Roumanie<\/li>\n<li>Universit\u00e9 de Sousse &#8211; Tunisie<\/li>\n<\/ul>\n<p>&nbsp;<\/p>\n<h2 class=\"ul-bold\">Coop\u00e9rations avec le monde socio-\u00e9conomique<\/h2>\n<p>&nbsp;<\/p>\n<ul>\n<li>UNOVA<\/li>\n<li>CISTEME<\/li>\n<li>Arise&rsquo;Up<\/li>\n<li>Sagesse Technologie<\/li>\n<\/ul>\n<p>&nbsp;<\/p>\n<h2 class=\"ul-bold\">Coop\u00e9rations industrielles internationales<\/h2>\n<p><strong><\/strong><\/p>\n<ul>\n<li>Medtronic<\/li>\n<li>Eodyne<\/li>\n<\/ul>\n<p><\/p>\n        <\/div>\n                <\/div>\n        <\/div>\n            <\/div>\n                  <\/div>\n        \n","protected":false},"excerpt":{"rendered":"","protected":false},"author":1,"featured_media":0,"parent":8,"menu_order":0,"comment_status":"closed","ping_status":"closed","template":"page-le.php","meta":{"footnotes":""},"class_list":["post-48","page","type-page","status-publish","hentry"],"yoast_head":"<!-- This site is optimized with the Yoast SEO plugin v26.5 - https:\/\/yoast.com\/wordpress\/plugins\/seo\/ -->\n<title>Collaborations - HAVAE<\/title>\n<meta name=\"robots\" content=\"index, follow, max-snippet:-1, max-image-preview:large, max-video-preview:-1\" \/>\n<link rel=\"canonical\" href=\"https:\/\/www.unilim.fr\/havae\/havae-ur20217\/partenaires\/\" \/>\n<meta property=\"og:locale\" content=\"fr_FR\" \/>\n<meta property=\"og:type\" content=\"article\" \/>\n<meta property=\"og:title\" content=\"Collaborations - HAVAE\" \/>\n<meta property=\"og:url\" content=\"https:\/\/www.unilim.fr\/havae\/havae-ur20217\/partenaires\/\" \/>\n<meta property=\"og:site_name\" content=\"HAVAE\" \/>\n<meta property=\"article:modified_time\" content=\"2022-11-25T10:51:26+00:00\" \/>\n<meta name=\"twitter:label1\" content=\"Dur\u00e9e de lecture estim\u00e9e\" \/>\n\t<meta name=\"twitter:data1\" content=\"1 minute\" \/>\n<script type=\"application\/ld+json\" class=\"yoast-schema-graph\">{\"@context\":\"https:\/\/schema.org\",\"@graph\":[{\"@type\":\"WebPage\",\"@id\":\"https:\/\/www.unilim.fr\/havae\/havae-ur20217\/partenaires\/\",\"url\":\"https:\/\/www.unilim.fr\/havae\/havae-ur20217\/partenaires\/\",\"name\":\"Collaborations - HAVAE\",\"isPartOf\":{\"@id\":\"https:\/\/www.unilim.fr\/havae\/#website\"},\"datePublished\":\"2014-03-21T13:57:50+00:00\",\"dateModified\":\"2022-11-25T10:51:26+00:00\",\"breadcrumb\":{\"@id\":\"https:\/\/www.unilim.fr\/havae\/havae-ur20217\/partenaires\/#breadcrumb\"},\"inLanguage\":\"fr-FR\",\"potentialAction\":[{\"@type\":\"ReadAction\",\"target\":[\"https:\/\/www.unilim.fr\/havae\/havae-ur20217\/partenaires\/\"]}]},{\"@type\":\"BreadcrumbList\",\"@id\":\"https:\/\/www.unilim.fr\/havae\/havae-ur20217\/partenaires\/#breadcrumb\",\"itemListElement\":[{\"@type\":\"ListItem\",\"position\":1,\"name\":\"Accueil\",\"item\":\"https:\/\/www.unilim.fr\/havae\/\"},{\"@type\":\"ListItem\",\"position\":2,\"name\":\"HAVAE &#8211; UR20217\",\"item\":\"https:\/\/www.unilim.fr\/havae\/havae-ur20217\/\"},{\"@type\":\"ListItem\",\"position\":3,\"name\":\"Collaborations\"}]},{\"@type\":\"WebSite\",\"@id\":\"https:\/\/www.unilim.fr\/havae\/#website\",\"url\":\"https:\/\/www.unilim.fr\/havae\/\",\"name\":\"HAVAE\",\"description\":\"universit\u00e9 ouverte source de r\u00e9ussites\",\"potentialAction\":[{\"@type\":\"SearchAction\",\"target\":{\"@type\":\"EntryPoint\",\"urlTemplate\":\"https:\/\/www.unilim.fr\/havae\/?s={search_term_string}\"},\"query-input\":{\"@type\":\"PropertyValueSpecification\",\"valueRequired\":true,\"valueName\":\"search_term_string\"}}],\"inLanguage\":\"fr-FR\"}]}<\/script>\n<!-- \/ Yoast SEO plugin. -->","yoast_head_json":{"title":"Collaborations - HAVAE","robots":{"index":"index","follow":"follow","max-snippet":"max-snippet:-1","max-image-preview":"max-image-preview:large","max-video-preview":"max-video-preview:-1"},"canonical":"https:\/\/www.unilim.fr\/havae\/havae-ur20217\/partenaires\/","og_locale":"fr_FR","og_type":"article","og_title":"Collaborations - HAVAE","og_url":"https:\/\/www.unilim.fr\/havae\/havae-ur20217\/partenaires\/","og_site_name":"HAVAE","article_modified_time":"2022-11-25T10:51:26+00:00","twitter_misc":{"Dur\u00e9e de lecture estim\u00e9e":"1 minute"},"schema":{"@context":"https:\/\/schema.org","@graph":[{"@type":"WebPage","@id":"https:\/\/www.unilim.fr\/havae\/havae-ur20217\/partenaires\/","url":"https:\/\/www.unilim.fr\/havae\/havae-ur20217\/partenaires\/","name":"Collaborations - HAVAE","isPartOf":{"@id":"https:\/\/www.unilim.fr\/havae\/#website"},"datePublished":"2014-03-21T13:57:50+00:00","dateModified":"2022-11-25T10:51:26+00:00","breadcrumb":{"@id":"https:\/\/www.unilim.fr\/havae\/havae-ur20217\/partenaires\/#breadcrumb"},"inLanguage":"fr-FR","potentialAction":[{"@type":"ReadAction","target":["https:\/\/www.unilim.fr\/havae\/havae-ur20217\/partenaires\/"]}]},{"@type":"BreadcrumbList","@id":"https:\/\/www.unilim.fr\/havae\/havae-ur20217\/partenaires\/#breadcrumb","itemListElement":[{"@type":"ListItem","position":1,"name":"Accueil","item":"https:\/\/www.unilim.fr\/havae\/"},{"@type":"ListItem","position":2,"name":"HAVAE &#8211; UR20217","item":"https:\/\/www.unilim.fr\/havae\/havae-ur20217\/"},{"@type":"ListItem","position":3,"name":"Collaborations"}]},{"@type":"WebSite","@id":"https:\/\/www.unilim.fr\/havae\/#website","url":"https:\/\/www.unilim.fr\/havae\/","name":"HAVAE","description":"universit\u00e9 ouverte source de r\u00e9ussites","potentialAction":[{"@type":"SearchAction","target":{"@type":"EntryPoint","urlTemplate":"https:\/\/www.unilim.fr\/havae\/?s={search_term_string}"},"query-input":{"@type":"PropertyValueSpecification","valueRequired":true,"valueName":"search_term_string"}}],"inLanguage":"fr-FR"}]}},"publishpress_future_action":{"enabled":false,"date":"2026-04-13 14:17:10","action":"change-status","newStatus":"draft","terms":[],"taxonomy":"page_category","extraData":[]},"publishpress_future_workflow_manual_trigger":{"enabledWorkflows":[]},"_links":{"self":[{"href":"https:\/\/www.unilim.fr\/havae\/wp-json\/wp\/v2\/pages\/48","targetHints":{"allow":["GET"]}}],"collection":[{"href":"https:\/\/www.unilim.fr\/havae\/wp-json\/wp\/v2\/pages"}],"about":[{"href":"https:\/\/www.unilim.fr\/havae\/wp-json\/wp\/v2\/types\/page"}],"author":[{"embeddable":true,"href":"https:\/\/www.unilim.fr\/havae\/wp-json\/wp\/v2\/users\/1"}],"replies":[{"embeddable":true,"href":"https:\/\/www.unilim.fr\/havae\/wp-json\/wp\/v2\/comments?post=48"}],"version-history":[{"count":0,"href":"https:\/\/www.unilim.fr\/havae\/wp-json\/wp\/v2\/pages\/48\/revisions"}],"up":[{"embeddable":true,"href":"https:\/\/www.unilim.fr\/havae\/wp-json\/wp\/v2\/pages\/8"}],"wp:attachment":[{"href":"https:\/\/www.unilim.fr\/havae\/wp-json\/wp\/v2\/media?parent=48"}],"curies":[{"name":"wp","href":"https:\/\/api.w.org\/{rel}","templated":true}]}}