{"id":46,"date":"2024-02-06T00:00:00","date_gmt":"2014-03-21T14:05:51","guid":{"rendered":"http:\/\/www.unilim.fr\/havae\/?page_id=46"},"modified":"2024-11-27T15:28:36","modified_gmt":"2024-11-27T15:28:36","slug":"organigramme-de-lequipe","status":"publish","type":"page","link":"https:\/\/www.unilim.fr\/havae\/havae-ur20217\/organigramme-de-lequipe\/","title":{"rendered":"Pr\u00e9sentation de l&rsquo;\u00e9quipe"},"content":{"rendered":"        <div class=\"container-fluid  \" style=\"\">\n                      <div class=\"container\">\n                <div class=\"row \" style=\"margin-top: 30px;margin-bottom: 30px\">        <div class=\"col-md-12 \">\n                    <div class=\"clearfix ul-element-text \">\n            \n<p style=\"text-align: justify\">L&rsquo;\u00e9quipe HAVAE &#8211;&nbsp;UR20217 regroupe, depuis sa cr\u00e9ation, des enseignants-chercheurs de divers horizons et sp\u00e9cialit\u00e9s:<\/p>\n<ul style=\"text-align: justify\">\n<li>Sciences et Techniques des Activit\u00e9s Physiques et Sportives (STAPS ; Section CNU 74)<\/li>\n<li>M\u00e9decine Physique et de R\u00e9adaptation (MPR ; section CNU 49-05)<\/li>\n<li>Sciences de la R\u00e9adaptation et de la R\u00e9\u00e9ducation (Section CNU 91)<\/li>\n<\/ul>\n<p style=\"text-align: justify\">&nbsp;<\/p>\n<p style=\"text-align: justify\">Cette approche multi-disciplinaire permet l&rsquo;apport de comp\u00e9tences multiples et compl\u00e9mentaires aux diff\u00e9rents projets scientifiques actuellement en cours de r\u00e9alisation. A la fin d&rsquo;ann\u00e9e 2021, la composition de l&rsquo;\u00e9quipe HAVAE &#8211; UR20217 est la suivante (<a href=\"http:\/\/www.unilim.fr\/havae\/recherche\/membres-de-lequipe\/\">Lien vers les membres de l&rsquo;\u00e9quipe<\/a>):<\/p>\n<ul style=\"text-align: justify\">\n<li>14 enseignants-chercheurs (dont les praticiens hospitaliers)<\/li>\n<li>3&nbsp;praticiens hospitaliers<\/li>\n<\/ul>\n<p style=\"text-align: justify\">&nbsp;&nbsp;<\/p>\n<p style=\"text-align: justify\"><span style=\"text-decoration: underline\"><strong>Direction:<\/strong><\/span><strong>&nbsp;<\/strong>Pr.&nbsp;St\u00e9phane Mandigout (PU 74\u00e8me section) &nbsp;<\/p>\n<p>&nbsp;<\/p>\n<p style=\"text-align: justify\"><span style=\"text-decoration: underline\"><strong>Statut actuel:<\/strong><\/span>&nbsp;Unit\u00e9 de Recherche 20217.<\/p>\n<p>&nbsp;<\/p>\n<p style=\"text-align: justify\"><span style=\"text-decoration: underline\"><strong>Localisation:<\/strong><\/span>&nbsp;L&rsquo;\u00e9quipe poss\u00e8de des locaux d\u00e9di\u00e9s sur le campus de la Facult\u00e9 des Sciences et Techniques de l&rsquo;Universit\u00e9 de Limoges (Campus de la Borie) et au niveau du CHU de Limoges (Service de M\u00e9decine Physique et de R\u00e9adaptation, H\u00f4pital Jean Rebeyrol).<\/p>\n<p style=\"text-align: justify\"><\/p>\n        <\/div>\n                <\/div>\n        <\/div>\n            <\/div>\n                  <\/div>\n        \n","protected":false},"excerpt":{"rendered":"","protected":false},"author":1,"featured_media":0,"parent":8,"menu_order":0,"comment_status":"closed","ping_status":"closed","template":"page-le.php","meta":{"footnotes":""},"class_list":["post-46","page","type-page","status-publish","hentry"],"yoast_head":"<!-- This site is optimized with the Yoast SEO plugin v26.5 - https:\/\/yoast.com\/wordpress\/plugins\/seo\/ -->\n<title>Pr\u00e9sentation de l&#039;\u00e9quipe - HAVAE<\/title>\n<meta name=\"robots\" content=\"index, follow, max-snippet:-1, max-image-preview:large, max-video-preview:-1\" \/>\n<link rel=\"canonical\" href=\"https:\/\/www.unilim.fr\/havae\/havae-ur20217\/organigramme-de-lequipe\/\" \/>\n<meta property=\"og:locale\" content=\"fr_FR\" \/>\n<meta property=\"og:type\" content=\"article\" \/>\n<meta property=\"og:title\" content=\"Pr\u00e9sentation de l&#039;\u00e9quipe - HAVAE\" \/>\n<meta property=\"og:url\" content=\"https:\/\/www.unilim.fr\/havae\/havae-ur20217\/organigramme-de-lequipe\/\" \/>\n<meta property=\"og:site_name\" content=\"HAVAE\" \/>\n<meta property=\"article:modified_time\" content=\"2024-11-27T15:28:36+00:00\" \/>\n<meta name=\"twitter:label1\" content=\"Dur\u00e9e de lecture estim\u00e9e\" \/>\n\t<meta name=\"twitter:data1\" content=\"1 minute\" \/>\n<script type=\"application\/ld+json\" class=\"yoast-schema-graph\">{\"@context\":\"https:\/\/schema.org\",\"@graph\":[{\"@type\":\"WebPage\",\"@id\":\"https:\/\/www.unilim.fr\/havae\/havae-ur20217\/organigramme-de-lequipe\/\",\"url\":\"https:\/\/www.unilim.fr\/havae\/havae-ur20217\/organigramme-de-lequipe\/\",\"name\":\"Pr\u00e9sentation de l'\u00e9quipe - HAVAE\",\"isPartOf\":{\"@id\":\"https:\/\/www.unilim.fr\/havae\/#website\"},\"datePublished\":\"2014-03-21T14:05:51+00:00\",\"dateModified\":\"2024-11-27T15:28:36+00:00\",\"breadcrumb\":{\"@id\":\"https:\/\/www.unilim.fr\/havae\/havae-ur20217\/organigramme-de-lequipe\/#breadcrumb\"},\"inLanguage\":\"fr-FR\",\"potentialAction\":[{\"@type\":\"ReadAction\",\"target\":[\"https:\/\/www.unilim.fr\/havae\/havae-ur20217\/organigramme-de-lequipe\/\"]}]},{\"@type\":\"BreadcrumbList\",\"@id\":\"https:\/\/www.unilim.fr\/havae\/havae-ur20217\/organigramme-de-lequipe\/#breadcrumb\",\"itemListElement\":[{\"@type\":\"ListItem\",\"position\":1,\"name\":\"Accueil\",\"item\":\"https:\/\/www.unilim.fr\/havae\/\"},{\"@type\":\"ListItem\",\"position\":2,\"name\":\"HAVAE &#8211; UR20217\",\"item\":\"https:\/\/www.unilim.fr\/havae\/havae-ur20217\/\"},{\"@type\":\"ListItem\",\"position\":3,\"name\":\"Pr\u00e9sentation de l&rsquo;\u00e9quipe\"}]},{\"@type\":\"WebSite\",\"@id\":\"https:\/\/www.unilim.fr\/havae\/#website\",\"url\":\"https:\/\/www.unilim.fr\/havae\/\",\"name\":\"HAVAE\",\"description\":\"universit\u00e9 ouverte source de r\u00e9ussites\",\"potentialAction\":[{\"@type\":\"SearchAction\",\"target\":{\"@type\":\"EntryPoint\",\"urlTemplate\":\"https:\/\/www.unilim.fr\/havae\/?s={search_term_string}\"},\"query-input\":{\"@type\":\"PropertyValueSpecification\",\"valueRequired\":true,\"valueName\":\"search_term_string\"}}],\"inLanguage\":\"fr-FR\"}]}<\/script>\n<!-- \/ Yoast SEO plugin. -->","yoast_head_json":{"title":"Pr\u00e9sentation de l'\u00e9quipe - HAVAE","robots":{"index":"index","follow":"follow","max-snippet":"max-snippet:-1","max-image-preview":"max-image-preview:large","max-video-preview":"max-video-preview:-1"},"canonical":"https:\/\/www.unilim.fr\/havae\/havae-ur20217\/organigramme-de-lequipe\/","og_locale":"fr_FR","og_type":"article","og_title":"Pr\u00e9sentation de l'\u00e9quipe - HAVAE","og_url":"https:\/\/www.unilim.fr\/havae\/havae-ur20217\/organigramme-de-lequipe\/","og_site_name":"HAVAE","article_modified_time":"2024-11-27T15:28:36+00:00","twitter_misc":{"Dur\u00e9e de lecture estim\u00e9e":"1 minute"},"schema":{"@context":"https:\/\/schema.org","@graph":[{"@type":"WebPage","@id":"https:\/\/www.unilim.fr\/havae\/havae-ur20217\/organigramme-de-lequipe\/","url":"https:\/\/www.unilim.fr\/havae\/havae-ur20217\/organigramme-de-lequipe\/","name":"Pr\u00e9sentation de l'\u00e9quipe - HAVAE","isPartOf":{"@id":"https:\/\/www.unilim.fr\/havae\/#website"},"datePublished":"2014-03-21T14:05:51+00:00","dateModified":"2024-11-27T15:28:36+00:00","breadcrumb":{"@id":"https:\/\/www.unilim.fr\/havae\/havae-ur20217\/organigramme-de-lequipe\/#breadcrumb"},"inLanguage":"fr-FR","potentialAction":[{"@type":"ReadAction","target":["https:\/\/www.unilim.fr\/havae\/havae-ur20217\/organigramme-de-lequipe\/"]}]},{"@type":"BreadcrumbList","@id":"https:\/\/www.unilim.fr\/havae\/havae-ur20217\/organigramme-de-lequipe\/#breadcrumb","itemListElement":[{"@type":"ListItem","position":1,"name":"Accueil","item":"https:\/\/www.unilim.fr\/havae\/"},{"@type":"ListItem","position":2,"name":"HAVAE &#8211; UR20217","item":"https:\/\/www.unilim.fr\/havae\/havae-ur20217\/"},{"@type":"ListItem","position":3,"name":"Pr\u00e9sentation de l&rsquo;\u00e9quipe"}]},{"@type":"WebSite","@id":"https:\/\/www.unilim.fr\/havae\/#website","url":"https:\/\/www.unilim.fr\/havae\/","name":"HAVAE","description":"universit\u00e9 ouverte source de r\u00e9ussites","potentialAction":[{"@type":"SearchAction","target":{"@type":"EntryPoint","urlTemplate":"https:\/\/www.unilim.fr\/havae\/?s={search_term_string}"},"query-input":{"@type":"PropertyValueSpecification","valueRequired":true,"valueName":"search_term_string"}}],"inLanguage":"fr-FR"}]}},"publishpress_future_action":{"enabled":false,"date":"2026-05-01 14:50:03","action":"change-status","newStatus":"draft","terms":[],"taxonomy":"page_category","extraData":[]},"publishpress_future_workflow_manual_trigger":{"enabledWorkflows":[]},"_links":{"self":[{"href":"https:\/\/www.unilim.fr\/havae\/wp-json\/wp\/v2\/pages\/46","targetHints":{"allow":["GET"]}}],"collection":[{"href":"https:\/\/www.unilim.fr\/havae\/wp-json\/wp\/v2\/pages"}],"about":[{"href":"https:\/\/www.unilim.fr\/havae\/wp-json\/wp\/v2\/types\/page"}],"author":[{"embeddable":true,"href":"https:\/\/www.unilim.fr\/havae\/wp-json\/wp\/v2\/users\/1"}],"replies":[{"embeddable":true,"href":"https:\/\/www.unilim.fr\/havae\/wp-json\/wp\/v2\/comments?post=46"}],"version-history":[{"count":1,"href":"https:\/\/www.unilim.fr\/havae\/wp-json\/wp\/v2\/pages\/46\/revisions"}],"predecessor-version":[{"id":2879,"href":"https:\/\/www.unilim.fr\/havae\/wp-json\/wp\/v2\/pages\/46\/revisions\/2879"}],"up":[{"embeddable":true,"href":"https:\/\/www.unilim.fr\/havae\/wp-json\/wp\/v2\/pages\/8"}],"wp:attachment":[{"href":"https:\/\/www.unilim.fr\/havae\/wp-json\/wp\/v2\/media?parent=46"}],"curies":[{"name":"wp","href":"https:\/\/api.w.org\/{rel}","templated":true}]}}