{"id":358,"date":"2015-03-25T23:00:00","date_gmt":"1970-01-01T00:00:00","guid":{"rendered":"http:\/\/www.unilim.fr\/havae\/mentions-legales\/"},"modified":"2016-05-02T13:19:00","modified_gmt":"2016-05-02T13:19:00","slug":"mentions-legales","status":"publish","type":"page","link":"https:\/\/www.unilim.fr\/havae\/mentions-legales\/","title":{"rendered":"Mentions l\u00e9gales"},"content":{"rendered":"        <div class=\"container-fluid  \" style=\"\">\n                      <div class=\"container\">\n                <div class=\"row \" style=\"margin-top: 0px;margin-bottom: 0px\">        <div class=\"col-md-12 \">\n            \n        \n        <div class=\"ul-element-header text-left  \">\n\n            <h2 class=\"ul-bold  transparent\" style=\"padding:10px;\">\n                                Editeur, responsable de la publication                            <\/h2>\n        <\/div>\n                <div class=\"clearfix ul-element-text \">\n            \n<p>Ce site web est le site officiel du laboratoire \u00ab\u00a0Handicap, Activit\u00e9, Vieillissement, Autonomie, Environnement\u00a0\u00bb (HAVAE), \u00e9quipe d&rsquo;accueil 6310, membre de l&rsquo;institut GEIST &#8211; Universit\u00e9 de Limoges.<\/p>\n        <\/div>\n        \n        \n        <div class=\"ul-element-header text-left  \">\n\n            <h3 class=\"ul-bold  transparent\" style=\"padding:10px;\">\n                                Directeur de publication                            <\/h3>\n        <\/div>\n                <div class=\"clearfix ul-element-text \">\n            \n<p>Alain C\u00e9l\u00e9rier , Pr\u00e9sident de l\u2019Universit\u00e9.<br \/>Contact : <a title=\"presidence@unilim.fr\" href=\"mailto:presidence@unilim.fr\">presidence@unilim.fr<\/a><\/p>\n        <\/div>\n        \n        \n        <div class=\"ul-element-header text-left  \">\n\n            <h3 class=\"ul-bold  transparent\" style=\"padding:10px;\">\n                                Responsabilit\u00e9 \u00e9ditoriale                            <\/h3>\n        <\/div>\n                <div class=\"clearfix ul-element-text \">\n            \n<p><em><strong>Benoit Borel<br \/><\/strong><\/em>Contact :&nbsp;benoit.borel@unilim.fr<\/p>\n        <\/div>\n        \n        \n        <div class=\"ul-element-header text-left  \">\n\n            <h3 class=\"ul-bold  transparent\" style=\"padding:10px;\">\n                                R\u00e9alisation                            <\/h3>\n        <\/div>\n                <div class=\"clearfix ul-element-text \">\n            \n<p><em><strong>Benoit Borel<br \/><\/strong><\/em>Contact :&nbsp;benoit.borel@unilim.fr<\/p>\n        <\/div>\n        \n        \n        <div class=\"ul-element-header text-left  \">\n\n            <h2 class=\"ul-bold  transparent\" style=\"padding:10px;\">\n                                H\u00e9bergeur                            <\/h2>\n        <\/div>\n                <div class=\"clearfix ul-element-text \">\n            \n<p><strong>Direction du Syst\u00e8me d\u2019Information de l\u2019Universit\u00e9 de Limoges<br \/><\/strong>123 Av. Albert Thomas <br \/>87060 Limoges Cedex<br \/><strong>T\u00e9l<\/strong> : 05 55 45 75 75<br \/><strong>Fax :<\/strong> 05 55 45 75 95 <br \/><strong>Courriel :<\/strong> <a title=\"webmaster@unilim.fr\" href=\"mailto:webmaster@unilim.fr\">webmaster@unilim.fr<\/a><\/p>\n        <\/div>\n        \n        \n        <div class=\"ul-element-header text-left  \">\n\n            <h2 class=\"ul-bold  transparent\" style=\"padding:10px;\">\n                                Acc\u00e8s au site                            <\/h2>\n        <\/div>\n                <div class=\"clearfix ul-element-text \">\n            \n<p>L\u2019utilisateur du site internet : <strong><em>www.unilim.fr\/havae<\/em><\/strong>&nbsp;reconna\u00eet disposer de la comp\u00e9tence et des moyens n\u00e9cessaires pour acc\u00e9der et utiliser ce site internet.&nbsp;Les utilisateurs du site web sont tenus de respecter les dispositions de la loi relative \u00e0 l\u2019informatique, aux fichiers et aux libert\u00e9s, dont la violation est passible de sanctions p\u00e9nales. Ils doivent notamment s\u2019abstenir, s\u2019agissant d\u2019informations nominatives auxquelles ils acc\u00e8dent, de toute collecte, de toute utilisation d\u00e9tourn\u00e9e et d\u2019une mani\u00e8re g\u00e9n\u00e9rale, de tout acte susceptible de porter atteinte \u00e0 la vie priv\u00e9e ou \u00e0 la r\u00e9putation des personnes.<\/p>\n        <\/div>\n        \n        \n        <div class=\"ul-element-header text-left  \">\n\n            <h2 class=\"ul-bold  transparent\" style=\"padding:10px;\">\n                                Droit d\u2019auteur \u2013 Copyright                            <\/h2>\n        <\/div>\n                <div class=\"clearfix ul-element-text \">\n            \n<p>L\u2019ensemble de ce site rel\u00e8ve de la l\u00e9gislation fran\u00e7aise et internationale sur le droit d\u2019auteur et la propri\u00e9t\u00e9 intellectuelle. Tous les droits de reproduction sont r\u00e9serv\u00e9s, y compris pour les documents t\u00e9l\u00e9chargeables et les repr\u00e9sentations iconographiques et photographiques. La reproduction de tout ou partie de ce site sur un support \u00e9lectronique quel qu\u2019il soit est formellement interdite sauf autorisation expresse du Pr\u00e9sident de l\u2019universit\u00e9 qui est \u00e9galement directeur de publication. Vous pouvez \u00e9crire au Service Communication qui se chargera de transmettre votre demande et vous fera part de la r\u00e9ponse du directeur de publication. La reproduction des textes de ce site sur un support papier est autoris\u00e9e, tout particuli\u00e8rement dans le cadre p\u00e9dagogique, sous r\u00e9serve du respect des trois conditions suivantes :<\/p>\n<ul>\n<li>gratuit\u00e9 de la diffusion,<\/li>\n<li>respect de l\u2019int\u00e9grit\u00e9 des documents reproduits : pas de modification ni alt\u00e9ration d\u2019aucune sorte,<\/li>\n<li>citation claire et lisible de la source sous la forme suivante, par exemple : \u00ab&nbsp;ce document provient du site internet : <strong>http:\/\/www.unilim.fr\/havae<\/strong>. Les droits de reproduction sont r\u00e9serv\u00e9s et strictement limit\u00e9s&nbsp;\u00bb. L\u2019adresse internet du site du \u00e0 compl\u00e9ter (indiquez le nom de la composante, du laboratoire, de l\u2019institut\u2026) doit imp\u00e9rativement figurer dans la r\u00e9f\u00e9rence.<\/li>\n<\/ul>\n<p>Pour d\u2019autres utilisations, veuillez nous consulter. Les liens hypertextes mis en place dans le cadre du pr\u00e9sent site web en direction d\u2019autres ressources pr\u00e9sentes sur le r\u00e9seau internet, ne sauraient engager la responsabilit\u00e9 de l\u2019Universit\u00e9 de Limoges. Les utilisateurs et visiteurs du site web ne peuvent mettre en place un hyperlien en direction de ce site sans l\u2019autorisation \u00e9crite expresse et pr\u00e9alable du Pr\u00e9sident de l\u2019Universit\u00e9 de Limoges. Pour cela merci d\u2019adresser un mail \u00e0&nbsp;<a title=\"com@unilim.fr\" href=\"mailto:com@unilim.fr\">com@unilim.fr<\/a> ou \u00e9crire \u00e0 : <strong>Madame la Pr\u00e9sidente <\/strong>au&nbsp;33 Rue Fran\u00e7ois Mitterrand BP 23204 87032 Limoges CEDEX 01<\/p>\n        <\/div>\n        \n        \n        <div class=\"ul-element-header text-left  \">\n\n            <h2 class=\"ul-bold  transparent\" style=\"padding:10px;\">\n                                Publications \u2013 Actualit\u00e9s                            <\/h2>\n        <\/div>\n                <div class=\"clearfix ul-element-text \">\n            \n<p>Les documents diffus\u00e9s en version \u00e9lectronique sur ce site peuvent avoir fait l\u2019objet de mises \u00e0 jour entre le moment o\u00f9 vous les avez t\u00e9l\u00e9charg\u00e9s et celui o\u00f9 vous en prenez connaissance. En cons\u00e9quence, nous vous recommandons d\u2019en v\u00e9rifier la validit\u00e9.<\/p>\n        <\/div>\n        \n        \n        <div class=\"ul-element-header text-left  \">\n\n            <h2 class=\"ul-bold  transparent\" style=\"padding:10px;\">\n                                Contenu du site                            <\/h2>\n        <\/div>\n                <div class=\"clearfix ul-element-text \">\n            \n<p>Le<em><strong> Laboratoire HAVAE (EA6310)<\/strong><\/em>&nbsp;met \u00e0 disposition des utilisateurs du site web <em><strong>www.unilim.fr\/havae<\/strong><\/em>&nbsp;des informations et outils disponibles et v\u00e9rifi\u00e9s, mais il ne saurait \u00eatre tenu pour responsable des erreurs ou de l\u2019indisponibilit\u00e9 de certaines informations. Nous remercions les utilisateurs du site de nous faire part d\u2019\u00e9ventuelles omissions, erreurs ou corrections \u00e0 apporter, en adressant un courriel au webmestre du site \u00e0 l\u2019adresse <strong>havae@unilim.fr<\/strong>.<\/p>\n        <\/div>\n                <\/div>\n        <\/div>\n            <\/div>\n                  <\/div>\n        \n","protected":false},"excerpt":{"rendered":"","protected":false},"author":1,"featured_media":0,"parent":0,"menu_order":0,"comment_status":"closed","ping_status":"open","template":"page-le.php","meta":{"footnotes":""},"class_list":["post-358","page","type-page","status-publish","hentry"],"yoast_head":"<!-- This site is optimized with the Yoast SEO plugin v26.5 - https:\/\/yoast.com\/wordpress\/plugins\/seo\/ -->\n<title>Mentions l\u00e9gales - HAVAE<\/title>\n<meta name=\"robots\" content=\"index, follow, max-snippet:-1, max-image-preview:large, max-video-preview:-1\" \/>\n<link rel=\"canonical\" href=\"https:\/\/www.unilim.fr\/havae\/mentions-legales\/\" \/>\n<meta property=\"og:locale\" content=\"fr_FR\" \/>\n<meta property=\"og:type\" content=\"article\" \/>\n<meta property=\"og:title\" content=\"Mentions l\u00e9gales - HAVAE\" \/>\n<meta property=\"og:url\" content=\"https:\/\/www.unilim.fr\/havae\/mentions-legales\/\" \/>\n<meta property=\"og:site_name\" content=\"HAVAE\" \/>\n<meta property=\"article:modified_time\" content=\"2016-05-02T13:19:00+00:00\" \/>\n<meta name=\"twitter:label1\" content=\"Dur\u00e9e de lecture estim\u00e9e\" \/>\n\t<meta name=\"twitter:data1\" content=\"4 minutes\" \/>\n<script type=\"application\/ld+json\" class=\"yoast-schema-graph\">{\"@context\":\"https:\/\/schema.org\",\"@graph\":[{\"@type\":\"WebPage\",\"@id\":\"https:\/\/www.unilim.fr\/havae\/mentions-legales\/\",\"url\":\"https:\/\/www.unilim.fr\/havae\/mentions-legales\/\",\"name\":\"Mentions l\u00e9gales - HAVAE\",\"isPartOf\":{\"@id\":\"https:\/\/www.unilim.fr\/havae\/#website\"},\"datePublished\":\"1970-01-01T00:00:00+00:00\",\"dateModified\":\"2016-05-02T13:19:00+00:00\",\"breadcrumb\":{\"@id\":\"https:\/\/www.unilim.fr\/havae\/mentions-legales\/#breadcrumb\"},\"inLanguage\":\"fr-FR\",\"potentialAction\":[{\"@type\":\"ReadAction\",\"target\":[\"https:\/\/www.unilim.fr\/havae\/mentions-legales\/\"]}]},{\"@type\":\"BreadcrumbList\",\"@id\":\"https:\/\/www.unilim.fr\/havae\/mentions-legales\/#breadcrumb\",\"itemListElement\":[{\"@type\":\"ListItem\",\"position\":1,\"name\":\"Accueil\",\"item\":\"https:\/\/www.unilim.fr\/havae\/\"},{\"@type\":\"ListItem\",\"position\":2,\"name\":\"Mentions l\u00e9gales\"}]},{\"@type\":\"WebSite\",\"@id\":\"https:\/\/www.unilim.fr\/havae\/#website\",\"url\":\"https:\/\/www.unilim.fr\/havae\/\",\"name\":\"HAVAE\",\"description\":\"universit\u00e9 ouverte source de r\u00e9ussites\",\"potentialAction\":[{\"@type\":\"SearchAction\",\"target\":{\"@type\":\"EntryPoint\",\"urlTemplate\":\"https:\/\/www.unilim.fr\/havae\/?s={search_term_string}\"},\"query-input\":{\"@type\":\"PropertyValueSpecification\",\"valueRequired\":true,\"valueName\":\"search_term_string\"}}],\"inLanguage\":\"fr-FR\"}]}<\/script>\n<!-- \/ Yoast SEO plugin. -->","yoast_head_json":{"title":"Mentions l\u00e9gales - HAVAE","robots":{"index":"index","follow":"follow","max-snippet":"max-snippet:-1","max-image-preview":"max-image-preview:large","max-video-preview":"max-video-preview:-1"},"canonical":"https:\/\/www.unilim.fr\/havae\/mentions-legales\/","og_locale":"fr_FR","og_type":"article","og_title":"Mentions l\u00e9gales - HAVAE","og_url":"https:\/\/www.unilim.fr\/havae\/mentions-legales\/","og_site_name":"HAVAE","article_modified_time":"2016-05-02T13:19:00+00:00","twitter_misc":{"Dur\u00e9e de lecture estim\u00e9e":"4 minutes"},"schema":{"@context":"https:\/\/schema.org","@graph":[{"@type":"WebPage","@id":"https:\/\/www.unilim.fr\/havae\/mentions-legales\/","url":"https:\/\/www.unilim.fr\/havae\/mentions-legales\/","name":"Mentions l\u00e9gales - HAVAE","isPartOf":{"@id":"https:\/\/www.unilim.fr\/havae\/#website"},"datePublished":"1970-01-01T00:00:00+00:00","dateModified":"2016-05-02T13:19:00+00:00","breadcrumb":{"@id":"https:\/\/www.unilim.fr\/havae\/mentions-legales\/#breadcrumb"},"inLanguage":"fr-FR","potentialAction":[{"@type":"ReadAction","target":["https:\/\/www.unilim.fr\/havae\/mentions-legales\/"]}]},{"@type":"BreadcrumbList","@id":"https:\/\/www.unilim.fr\/havae\/mentions-legales\/#breadcrumb","itemListElement":[{"@type":"ListItem","position":1,"name":"Accueil","item":"https:\/\/www.unilim.fr\/havae\/"},{"@type":"ListItem","position":2,"name":"Mentions l\u00e9gales"}]},{"@type":"WebSite","@id":"https:\/\/www.unilim.fr\/havae\/#website","url":"https:\/\/www.unilim.fr\/havae\/","name":"HAVAE","description":"universit\u00e9 ouverte source de r\u00e9ussites","potentialAction":[{"@type":"SearchAction","target":{"@type":"EntryPoint","urlTemplate":"https:\/\/www.unilim.fr\/havae\/?s={search_term_string}"},"query-input":{"@type":"PropertyValueSpecification","valueRequired":true,"valueName":"search_term_string"}}],"inLanguage":"fr-FR"}]}},"publishpress_future_action":{"enabled":false,"date":"2026-04-13 14:14:25","action":"change-status","newStatus":"draft","terms":[],"taxonomy":"page_category","extraData":[]},"publishpress_future_workflow_manual_trigger":{"enabledWorkflows":[]},"_links":{"self":[{"href":"https:\/\/www.unilim.fr\/havae\/wp-json\/wp\/v2\/pages\/358","targetHints":{"allow":["GET"]}}],"collection":[{"href":"https:\/\/www.unilim.fr\/havae\/wp-json\/wp\/v2\/pages"}],"about":[{"href":"https:\/\/www.unilim.fr\/havae\/wp-json\/wp\/v2\/types\/page"}],"author":[{"embeddable":true,"href":"https:\/\/www.unilim.fr\/havae\/wp-json\/wp\/v2\/users\/1"}],"replies":[{"embeddable":true,"href":"https:\/\/www.unilim.fr\/havae\/wp-json\/wp\/v2\/comments?post=358"}],"version-history":[{"count":0,"href":"https:\/\/www.unilim.fr\/havae\/wp-json\/wp\/v2\/pages\/358\/revisions"}],"wp:attachment":[{"href":"https:\/\/www.unilim.fr\/havae\/wp-json\/wp\/v2\/media?parent=358"}],"curies":[{"name":"wp","href":"https:\/\/api.w.org\/{rel}","templated":true}]}}