{"id":321,"date":"2015-04-20T22:00:00","date_gmt":"2014-11-18T08:21:24","guid":{"rendered":"http:\/\/www.unilim.fr\/havae\/?page_id=321"},"modified":"2015-04-22T19:37:59","modified_gmt":"2015-04-22T19:37:59","slug":"jean-yves-salle","status":"publish","type":"page","link":"https:\/\/www.unilim.fr\/havae\/havae-ur20217\/membres-de-lequipe-2\/jean-yves-salle\/","title":{"rendered":"Jean-Yves Salle"},"content":{"rendered":"                        <div class=\"container-fluid bg-grad-right-gray-lighter ul-element-page-header \">\n                            <div class=\"container\">\n                                <div class=\"row\">\n                                    <div class=\"col-xs-12 hidden-xs text-dark\">\n                                                                                            <div class=\"ul-element-breadcrumb hidden-xs \">\n            \n                                <ol class='breadcrumb'>\n                                    <li>\n                                        <a href='http:\/\/www.unilim.fr\/havae'><i class='fa fa-home fa-lg fa-fw'><\/i><\/a>\n                                    <\/li><\/ol>        <\/div>\n                                                                                    <\/div>\n                                    <div class=\"col-xs-3 hidden-xs\">\n                                                                                    <div class=\"ul-element-logo-signal hidden-xs\" style=\"display: inline-block; position: relative; width: 100% ; margin-top: 23px; padding-bottom: 11.9284%;vertical-align: top;\">\n                <svg preserveAspectRatio=\"xMinYMin meet\" viewBox=\"0 0 503 60\" style=\"display: block;position: absolute;top: 0;left: 0;width:100%;max-width:100%;height:100%\">\n                      <g>\n                          <rect  opacity=\"0.3\"  x=\"0\" y=\"0\" width=\"142px\" height=\"60\" rx=\"6\" class=\" bg-primary\"><\/rect>\n                          <rect opacity=\"0.5\"  x=\"106\" y=\"0\" width=\"119px\" height=\"60\" rx=\"6\" class=\"bg-primary\"><\/rect>\n                          <rect opacity=\"0.6\"  x=\"207\" y=\"0\" width=\"84px\" height=\"60\" rx=\"6\" class=\" bg-primary\"><\/rect>\n                          <rect opacity=\"0.7\"  x=\"308\" y=\"0\" width=\"61px\" height=\"60\" rx=\"6\" class=\" bg-primary\"><\/rect>\n                          <rect opacity=\"0.8\"  x=\"390\" y=\"0\" width=\"29px\" height=\"60\" rx=\"6\" class=\" bg-primary\"><\/rect>\n                          <rect x=\"446\" y=\"0\" width=\"15px\" height=\"60\" rx=\"4\" class=\"                bg-primary\"><\/rect>\n                          <rect x=\"495\" y=\"0\" width=\"8px\" height=\"60\" rx=\"2\" class=\"                 bg-primary\"><\/rect>\n                      <\/g>\n                <\/svg>\n        <\/div>                                                                            <\/div>\n\n                                                                            <div class=\"col-sm-9 text-dark\">\n\n                                                                                                    <h1 class=\"blog-title text-primary ul-bold\">Jean-Yves Salle                                                                                                            <\/h1>\n\n                                                    <br\/>\n                                                \n\n\n                                                \n                                                                                        <\/div>\n                                    \n                                <\/div>\n                            <\/div>\n                        <\/div>\n                                <div class=\"container-fluid  \" style=\"\">\n                      <div class=\"container\">\n                <div class=\"row \" style=\"margin-top: 30px;margin-bottom: 30px\">        <div class=\"col-md-12 \">\n                        <div class=\"ul-element-personne \" style=\"margin: 15px 0; display: table;\">\n                <div style=\"display:table-row\" class=\"element-body\">\n                    <div style=\"display: table-cell; vertical-align: top;\" class=\"element-image\">\n                                                            <img decoding=\"async\" src=\"http:\/\/www.unilim.fr\/havae\/wp-content\/uploads\/sites\/5\/2015\/04\/JY-Salle-V2.jpg\" class=\"img pull-left\" style=\"width:80px;height:80px;margin-right:15px;\"\/>\n                                            <\/div>\n                    <div style=\"display: table-cell; vertical-align: top;\" class=\"element-content\">\n                        <h4>Salle Jean-Yves<\/h4>\n                                                <p>\n                            <span>Professeur des Universit\u00e9s- Praticien Hospitalier en M\u00e9decine Physique et de R\u00e9adaptation (MPR \u2013 section CNU 49-05)<\/span><br\/>                                                                                <\/p>\n                                                <p style=\"white-space:nowrap;\">\n                                                                                                                                                                        <i class=\"fa fa-envelope-o fa-fw\"><\/i> <a href=\"mailto:Jean-yves.salle@chu-limoges.fr\" target=\"_blank\">Jean-yves.salle@chu-limoges.fr<\/a><br\/>                                                    <\/p>\n                        <p>\n                                                                                <\/p>\n                    <\/div>\n                <\/div>\n            <\/div>\n                <div class=\"\">\n            <hr\/>\n        <\/div>\n                <div class=\"clearfix ul-element-text \">\n            \n<p>&nbsp; &nbsp;<\/p>\n<h4 style=\"padding-left: 60px\"><span style=\"text-decoration: underline\">Th\u00e9matiques de recherche<\/span><\/h4>\n<p><span style=\"text-decoration: underline\"><br \/><\/span><\/p>\n<ul>\n<li>Etude des d\u00e9terminants du handicap et de la limitation d\u2019activit\u00e9 aux cours des affections neurologiques chroniques, en particulier dans les s\u00e9quelles d\u2019accidents vasculaires c\u00e9r\u00e9braux.<\/li>\n<li>Etudes des facteurs limitant l\u2019autonomie de marche en post-AVC en particulier la fatigue et la gravit\u00e9 des d\u00e9ficiences.<\/li>\n<li>Physiopathologie et processus de prise en charge des troubles de la d\u00e9glutition dans les pathologies neurologiques.<\/li>\n<li>Optimisation des&nbsp;programmes de r\u00e9\u00e9ducation et restauration fonctionnelle au cours des pathologies neurologiques.<\/li>\n<\/ul>\n<p>&nbsp;<\/p>\n<h4 style=\"padding-left: 60px\"><span style=\"text-decoration: underline\">Publications<\/span><\/h4>\n<h4 style=\"padding-left: 60px\">&nbsp;<\/h4>\n<p style=\"text-align: justify\"><strong>2013<\/strong><\/p>\n<p style=\"text-align: justify\">B\u00e9nard A, Verpillot E, Grandoulier A-S, Perrouin-Verbe B, Ch\u00eane G, Vignes J-R, et al. Comparative cost-effectiveness analysis of sacral anterior root stimulation for rehabilitation of bladder dysfunction in spinal cord injured patients. <em>Neurosurgery. <\/em>(2013);73(4):600\u20118; discussion 608.<\/p>\n<p style=\"text-align: justify\">Hamonet-Torny J, Bordes J, Daviet J-C, Dalmay F, Joslin F, <strong>Salle J-Y<\/strong>. Long-term transanal irrigation\u2019s continuation at home. Preliminary study. <em>Ann Phys Rehabil Med<\/em> (2013);56(2):134\u201142.<\/p>\n<p>&nbsp;<\/p>\n<p style=\"text-align: justify\"><strong>2012<\/strong><\/p>\n<p style=\"text-align: justify\">Hoang CLN, <strong>Salle J-Y<\/strong>, Mandigout S, Hamonet J, Macian-Montoro F, Daviet J-C. Physical factors associated with fatigue after stroke: an exploratory study. <em>Top Stroke Rehabil<\/em> (2012);19(5):369\u201176.<\/p>\n<p style=\"text-align: justify\">Vuillerot C, Payan C, Girardot F, Fermanian J, Iwaz J, B\u00e9rard C, et al. Responsiveness of the motor function measure in neuromuscular diseases. <em>Arch Phys Med Rehabil (<\/em>2012);93(12):2251\u20116.e1.<\/p>\n<p style=\"text-align: justify\">Zhou Z, Vincent F, <strong>Salle J-Y<\/strong>, Antonini M-T, Aliamus V, Daviet J-C. Acute stroke phase voluntary cough and correlation with maximum phonation time. <em>Am J Phys Med Rehabil <\/em>(2012);91(6):494\u2011500.<\/p>\n<p>&nbsp;<\/p>\n<h4 style=\"padding-left: 60px\"><span style=\"text-decoration: underline\">Mots-cl\u00e9<\/span><\/h4>\n<p><span style=\"text-decoration: underline\"><br \/><\/span><\/p>\n<p><span style=\"color: #000000\">Accident Vasculaire C\u00e9r\u00e9bral, Neurologie, Activit\u00e9, Exercice, R\u00e9\u00e9ducation<\/span><\/p>\n        <\/div>\n                <\/div>\n        <\/div>\n            <\/div>\n                  <\/div>\n        \n","protected":false},"excerpt":{"rendered":"","protected":false},"author":1,"featured_media":0,"parent":63,"menu_order":0,"comment_status":"closed","ping_status":"open","template":"page-le.php","meta":{"footnotes":""},"class_list":["post-321","page","type-page","status-publish","hentry"],"yoast_head":"<!-- This site is optimized with the Yoast SEO plugin v26.5 - https:\/\/yoast.com\/wordpress\/plugins\/seo\/ -->\n<title>Jean-Yves Salle - HAVAE<\/title>\n<meta name=\"description\" content=\"Jean-Yves Salle, PU- PH en M\u00e9decine Physique et de R\u00e9adaptation (MPR \u2013 section CNU 49-05) Service de MPR, h\u00f4pital J Rebeyrol, CHU de Limoges\" \/>\n<meta name=\"robots\" content=\"index, follow, max-snippet:-1, max-image-preview:large, max-video-preview:-1\" \/>\n<link rel=\"canonical\" href=\"https:\/\/www.unilim.fr\/havae\/havae-ur20217\/membres-de-lequipe-2\/jean-yves-salle\/\" \/>\n<meta property=\"og:locale\" content=\"fr_FR\" \/>\n<meta property=\"og:type\" content=\"article\" \/>\n<meta property=\"og:title\" content=\"Jean-Yves Salle - HAVAE\" \/>\n<meta property=\"og:description\" content=\"Jean-Yves Salle, PU- PH en M\u00e9decine Physique et de R\u00e9adaptation (MPR \u2013 section CNU 49-05) Service de MPR, h\u00f4pital J Rebeyrol, CHU de Limoges\" \/>\n<meta property=\"og:url\" content=\"https:\/\/www.unilim.fr\/havae\/havae-ur20217\/membres-de-lequipe-2\/jean-yves-salle\/\" \/>\n<meta property=\"og:site_name\" content=\"HAVAE\" \/>\n<meta property=\"article:modified_time\" content=\"2015-04-22T19:37:59+00:00\" \/>\n<meta name=\"twitter:label1\" content=\"Dur\u00e9e de lecture estim\u00e9e\" \/>\n\t<meta name=\"twitter:data1\" content=\"2 minutes\" \/>\n<script type=\"application\/ld+json\" class=\"yoast-schema-graph\">{\"@context\":\"https:\/\/schema.org\",\"@graph\":[{\"@type\":\"WebPage\",\"@id\":\"https:\/\/www.unilim.fr\/havae\/havae-ur20217\/membres-de-lequipe-2\/jean-yves-salle\/\",\"url\":\"https:\/\/www.unilim.fr\/havae\/havae-ur20217\/membres-de-lequipe-2\/jean-yves-salle\/\",\"name\":\"Jean-Yves Salle - HAVAE\",\"isPartOf\":{\"@id\":\"https:\/\/www.unilim.fr\/havae\/#website\"},\"datePublished\":\"2014-11-18T08:21:24+00:00\",\"dateModified\":\"2015-04-22T19:37:59+00:00\",\"description\":\"Jean-Yves Salle, PU- PH en M\u00e9decine Physique et de R\u00e9adaptation (MPR \u2013 section CNU 49-05) Service de MPR, h\u00f4pital J Rebeyrol, CHU de Limoges\",\"breadcrumb\":{\"@id\":\"https:\/\/www.unilim.fr\/havae\/havae-ur20217\/membres-de-lequipe-2\/jean-yves-salle\/#breadcrumb\"},\"inLanguage\":\"fr-FR\",\"potentialAction\":[{\"@type\":\"ReadAction\",\"target\":[\"https:\/\/www.unilim.fr\/havae\/havae-ur20217\/membres-de-lequipe-2\/jean-yves-salle\/\"]}]},{\"@type\":\"BreadcrumbList\",\"@id\":\"https:\/\/www.unilim.fr\/havae\/havae-ur20217\/membres-de-lequipe-2\/jean-yves-salle\/#breadcrumb\",\"itemListElement\":[{\"@type\":\"ListItem\",\"position\":1,\"name\":\"Accueil\",\"item\":\"https:\/\/www.unilim.fr\/havae\/\"},{\"@type\":\"ListItem\",\"position\":2,\"name\":\"HAVAE &#8211; UR20217\",\"item\":\"https:\/\/www.unilim.fr\/havae\/havae-ur20217\/\"},{\"@type\":\"ListItem\",\"position\":3,\"name\":\"Membres de l&rsquo;\u00e9quipe\",\"item\":\"https:\/\/www.unilim.fr\/havae\/havae-ur20217\/membres-de-lequipe-2\/\"},{\"@type\":\"ListItem\",\"position\":4,\"name\":\"Jean-Yves Salle\"}]},{\"@type\":\"WebSite\",\"@id\":\"https:\/\/www.unilim.fr\/havae\/#website\",\"url\":\"https:\/\/www.unilim.fr\/havae\/\",\"name\":\"HAVAE\",\"description\":\"universit\u00e9 ouverte source de r\u00e9ussites\",\"potentialAction\":[{\"@type\":\"SearchAction\",\"target\":{\"@type\":\"EntryPoint\",\"urlTemplate\":\"https:\/\/www.unilim.fr\/havae\/?s={search_term_string}\"},\"query-input\":{\"@type\":\"PropertyValueSpecification\",\"valueRequired\":true,\"valueName\":\"search_term_string\"}}],\"inLanguage\":\"fr-FR\"}]}<\/script>\n<!-- \/ Yoast SEO plugin. -->","yoast_head_json":{"title":"Jean-Yves Salle - HAVAE","description":"Jean-Yves Salle, PU- PH en M\u00e9decine Physique et de R\u00e9adaptation (MPR \u2013 section CNU 49-05) Service de MPR, h\u00f4pital J Rebeyrol, CHU de Limoges","robots":{"index":"index","follow":"follow","max-snippet":"max-snippet:-1","max-image-preview":"max-image-preview:large","max-video-preview":"max-video-preview:-1"},"canonical":"https:\/\/www.unilim.fr\/havae\/havae-ur20217\/membres-de-lequipe-2\/jean-yves-salle\/","og_locale":"fr_FR","og_type":"article","og_title":"Jean-Yves Salle - HAVAE","og_description":"Jean-Yves Salle, PU- PH en M\u00e9decine Physique et de R\u00e9adaptation (MPR \u2013 section CNU 49-05) Service de MPR, h\u00f4pital J Rebeyrol, CHU de Limoges","og_url":"https:\/\/www.unilim.fr\/havae\/havae-ur20217\/membres-de-lequipe-2\/jean-yves-salle\/","og_site_name":"HAVAE","article_modified_time":"2015-04-22T19:37:59+00:00","twitter_misc":{"Dur\u00e9e de lecture estim\u00e9e":"2 minutes"},"schema":{"@context":"https:\/\/schema.org","@graph":[{"@type":"WebPage","@id":"https:\/\/www.unilim.fr\/havae\/havae-ur20217\/membres-de-lequipe-2\/jean-yves-salle\/","url":"https:\/\/www.unilim.fr\/havae\/havae-ur20217\/membres-de-lequipe-2\/jean-yves-salle\/","name":"Jean-Yves Salle - HAVAE","isPartOf":{"@id":"https:\/\/www.unilim.fr\/havae\/#website"},"datePublished":"2014-11-18T08:21:24+00:00","dateModified":"2015-04-22T19:37:59+00:00","description":"Jean-Yves Salle, PU- PH en M\u00e9decine Physique et de R\u00e9adaptation (MPR \u2013 section CNU 49-05) Service de MPR, h\u00f4pital J Rebeyrol, CHU de Limoges","breadcrumb":{"@id":"https:\/\/www.unilim.fr\/havae\/havae-ur20217\/membres-de-lequipe-2\/jean-yves-salle\/#breadcrumb"},"inLanguage":"fr-FR","potentialAction":[{"@type":"ReadAction","target":["https:\/\/www.unilim.fr\/havae\/havae-ur20217\/membres-de-lequipe-2\/jean-yves-salle\/"]}]},{"@type":"BreadcrumbList","@id":"https:\/\/www.unilim.fr\/havae\/havae-ur20217\/membres-de-lequipe-2\/jean-yves-salle\/#breadcrumb","itemListElement":[{"@type":"ListItem","position":1,"name":"Accueil","item":"https:\/\/www.unilim.fr\/havae\/"},{"@type":"ListItem","position":2,"name":"HAVAE &#8211; UR20217","item":"https:\/\/www.unilim.fr\/havae\/havae-ur20217\/"},{"@type":"ListItem","position":3,"name":"Membres de l&rsquo;\u00e9quipe","item":"https:\/\/www.unilim.fr\/havae\/havae-ur20217\/membres-de-lequipe-2\/"},{"@type":"ListItem","position":4,"name":"Jean-Yves Salle"}]},{"@type":"WebSite","@id":"https:\/\/www.unilim.fr\/havae\/#website","url":"https:\/\/www.unilim.fr\/havae\/","name":"HAVAE","description":"universit\u00e9 ouverte source de r\u00e9ussites","potentialAction":[{"@type":"SearchAction","target":{"@type":"EntryPoint","urlTemplate":"https:\/\/www.unilim.fr\/havae\/?s={search_term_string}"},"query-input":{"@type":"PropertyValueSpecification","valueRequired":true,"valueName":"search_term_string"}}],"inLanguage":"fr-FR"}]}},"publishpress_future_action":{"enabled":false,"date":"2026-05-01 16:19:22","action":"change-status","newStatus":"draft","terms":[],"taxonomy":"page_category","extraData":[]},"publishpress_future_workflow_manual_trigger":{"enabledWorkflows":[]},"_links":{"self":[{"href":"https:\/\/www.unilim.fr\/havae\/wp-json\/wp\/v2\/pages\/321","targetHints":{"allow":["GET"]}}],"collection":[{"href":"https:\/\/www.unilim.fr\/havae\/wp-json\/wp\/v2\/pages"}],"about":[{"href":"https:\/\/www.unilim.fr\/havae\/wp-json\/wp\/v2\/types\/page"}],"author":[{"embeddable":true,"href":"https:\/\/www.unilim.fr\/havae\/wp-json\/wp\/v2\/users\/1"}],"replies":[{"embeddable":true,"href":"https:\/\/www.unilim.fr\/havae\/wp-json\/wp\/v2\/comments?post=321"}],"version-history":[{"count":0,"href":"https:\/\/www.unilim.fr\/havae\/wp-json\/wp\/v2\/pages\/321\/revisions"}],"up":[{"embeddable":true,"href":"https:\/\/www.unilim.fr\/havae\/wp-json\/wp\/v2\/pages\/63"}],"wp:attachment":[{"href":"https:\/\/www.unilim.fr\/havae\/wp-json\/wp\/v2\/media?parent=321"}],"curies":[{"name":"wp","href":"https:\/\/api.w.org\/{rel}","templated":true}]}}