{"id":283,"date":"2019-03-14T23:00:00","date_gmt":"2014-10-21T09:15:09","guid":{"rendered":"http:\/\/www.unilim.fr\/havae\/?page_id=283"},"modified":"2020-03-24T09:55:38","modified_gmt":"2020-03-24T09:55:38","slug":"justine-lacroix","status":"publish","type":"page","link":"https:\/\/www.unilim.fr\/havae\/havae-ur20217\/membres-de-lequipe-2\/justine-lacroix\/","title":{"rendered":"Justine Lacroix"},"content":{"rendered":"                        <div class=\"container-fluid bg-grad-right-gray-lighter ul-element-page-header \">\n                            <div class=\"container\">\n                                <div class=\"row\">\n                                    <div class=\"col-xs-12 hidden-xs text-dark\">\n                                                                                            <div class=\"ul-element-breadcrumb hidden-xs \">\n            \n                                <ol class='breadcrumb'>\n                                    <li>\n                                        <a href='http:\/\/www.unilim.fr\/havae'><i class='fa fa-home fa-lg fa-fw'><\/i><\/a>\n                                    <\/li><\/ol>        <\/div>\n                                                                                    <\/div>\n                                    <div class=\"col-xs-3 hidden-xs\">\n                                                                                    <div class=\"ul-element-logo-signal hidden-xs\" style=\"display: inline-block; position: relative; width: 100% ; margin-top: 23px; padding-bottom: 11.9284%;vertical-align: top;\">\n                <svg preserveAspectRatio=\"xMinYMin meet\" viewBox=\"0 0 503 60\" style=\"display: block;position: absolute;top: 0;left: 0;width:100%;max-width:100%;height:100%\">\n                      <g>\n                          <rect  opacity=\"0.3\"  x=\"0\" y=\"0\" width=\"142px\" height=\"60\" rx=\"6\" class=\" bg-primary\"><\/rect>\n                          <rect opacity=\"0.5\"  x=\"106\" y=\"0\" width=\"119px\" height=\"60\" rx=\"6\" class=\"bg-primary\"><\/rect>\n                          <rect opacity=\"0.6\"  x=\"207\" y=\"0\" width=\"84px\" height=\"60\" rx=\"6\" class=\" bg-primary\"><\/rect>\n                          <rect opacity=\"0.7\"  x=\"308\" y=\"0\" width=\"61px\" height=\"60\" rx=\"6\" class=\" bg-primary\"><\/rect>\n                          <rect opacity=\"0.8\"  x=\"390\" y=\"0\" width=\"29px\" height=\"60\" rx=\"6\" class=\" bg-primary\"><\/rect>\n                          <rect x=\"446\" y=\"0\" width=\"15px\" height=\"60\" rx=\"4\" class=\"                bg-primary\"><\/rect>\n                          <rect x=\"495\" y=\"0\" width=\"8px\" height=\"60\" rx=\"2\" class=\"                 bg-primary\"><\/rect>\n                      <\/g>\n                <\/svg>\n        <\/div>                                                                            <\/div>\n\n                                                                            <div class=\"col-sm-9 text-dark\">\n\n                                                                                                    <h1 class=\"blog-title text-primary ul-bold\">Justine Lacroix                                                                                                            <\/h1>\n\n                                                    <br\/>\n                                                \n\n\n                                                \n                                                                                        <\/div>\n                                    \n                                <\/div>\n                            <\/div>\n                        <\/div>\n                                <div class=\"container-fluid  \" style=\"\">\n                      <div class=\"container\">\n                <div class=\"row \" style=\"margin-top: 30px;margin-bottom: 30px\">        <div class=\"col-md-12 \">\n                        <div class=\"ul-element-personne \" style=\"margin: 15px 0; display: table;\">\n                <div style=\"display:table-row\" class=\"element-body\">\n                    <div style=\"display: table-cell; vertical-align: top;\" class=\"element-image\">\n                                                            <img decoding=\"async\" src=\"http:\/\/www.unilim.fr\/havae\/wp-content\/uploads\/sites\/5\/2015\/04\/J.-Lacroix-V2.png\" class=\"img pull-left\" style=\"width:80px;height:80px;margin-right:15px;\"\/>\n                                            <\/div>\n                    <div style=\"display: table-cell; vertical-align: top;\" class=\"element-content\">\n                        <h4>Lacroix Justine<\/h4>\n                                                <p>\n                            <span>Docteur en Sciences et Techniques des Activit\u00e9s Physiques et Sportives (STAPS - 74\u00e8me section CNU)  -  Maitre de Conf\u00e9rence au D\u00e9partement STAPS de l'Universit\u00e9 de Limoges<\/span><br\/>                                                                                <\/p>\n                                                <p style=\"white-space:nowrap;\">\n                                                                                                                                                                        <i class=\"fa fa-envelope-o fa-fw\"><\/i> <a href=\"mailto:justine.lacroix@etu.unilim.fr\" target=\"_blank\">justine.lacroix@etu.unilim.fr<\/a><br\/>                                                    <\/p>\n                        <p>\n                                                                                <\/p>\n                    <\/div>\n                <\/div>\n            <\/div>\n                <div class=\"\">\n            <hr\/>\n        <\/div>\n                <div class=\"clearfix ul-element-text \">\n            \n<h4 style=\"text-align: justify;padding-left: 60px\"><\/h4>\n<h4 style=\"text-align: justify;padding-left: 60px\"><span style=\"text-decoration: underline\">Th\u00e9matiques de recherche<\/span><\/h4>\n<p>&nbsp;<\/p>\n<p>Mes projets de recherche s\u2019articulent autour de l\u2019effet des m\u00e9thodes interventionnelles sur le niveau d&rsquo;activit\u00e9 physique \u00e0 court et long terme:<\/p>\n<ul>\n<li style=\"text-align: justify\">\n<p>Effets sur le long terme d\u2019un programme d\u2019\u00e9ducation th\u00e9rapeutique du patient diab\u00e9tique.<\/p>\n<\/li>\n<li style=\"text-align: justify\">\n<p>Evaluation des effets de programmes d\u2019activit\u00e9 physique mis en place chez les patients post-AVC.<\/p>\n<\/li>\n<li style=\"text-align: justify\">\n<p>Identification de la sollicitation \u00e9nerg\u00e9tique des programmes d\u2019activit\u00e9 physique r\u00e9alis\u00e9s en double t\u00e2ches chez les personnes \u00e2g\u00e9es.<\/p>\n<\/li>\n<li style=\"text-align: justify\">\n<p>Evaluer l\u2019effet de programmes d\u2019activit\u00e9 physique r\u00e9alis\u00e9s en double t\u00e2ches, sur le niveau d\u2019activit\u00e9 physique des personnes \u00e2g\u00e9es saines et malades.<\/p>\n<\/li>\n<li style=\"text-align: justify\">\n<p>Comparaison et validation de m\u00e9thodes de mesure permettant d\u2019\u00e9valuer le niveau d\u2019activit\u00e9 physique&nbsp;<\/p>\n<\/li>\n<\/ul>\n<p>&nbsp;<\/p>\n<h4 style=\"padding-left: 60px\"><span style=\"text-decoration: underline\">Mots-cl\u00e9<\/span><\/h4>\n<p><span style=\"text-decoration: underline\"><\/span>&nbsp;<\/p>\n<p><span style=\"text-decoration: underline\"><\/span>&nbsp;Activit\u00e9 physique&nbsp;; \u00e9ducation th\u00e9rapeutique du patient&nbsp;; handicap&nbsp;; personne \u00e2g\u00e9e ; \u00e9valuation&nbsp;; d\u00e9pense \u00e9nerg\u00e9tique&nbsp;; capteur&nbsp;; questionnaire&nbsp;<\/p>\n<p><span style=\"text-decoration: underline\"><\/span><\/p>\n        <\/div>\n                <\/div>\n        <\/div>\n            <\/div>\n                  <\/div>\n        \n","protected":false},"excerpt":{"rendered":"","protected":false},"author":1,"featured_media":0,"parent":63,"menu_order":0,"comment_status":"closed","ping_status":"open","template":"page-le.php","meta":{"footnotes":""},"class_list":["post-283","page","type-page","status-publish","hentry"],"yoast_head":"<!-- This site is optimized with the Yoast SEO plugin v26.5 - https:\/\/yoast.com\/wordpress\/plugins\/seo\/ -->\n<title>Justine Lacroix - HAVAE<\/title>\n<meta name=\"robots\" content=\"index, follow, max-snippet:-1, max-image-preview:large, max-video-preview:-1\" \/>\n<link rel=\"canonical\" href=\"https:\/\/www.unilim.fr\/havae\/havae-ur20217\/membres-de-lequipe-2\/justine-lacroix\/\" \/>\n<meta property=\"og:locale\" content=\"fr_FR\" \/>\n<meta property=\"og:type\" content=\"article\" \/>\n<meta property=\"og:title\" content=\"Justine Lacroix - HAVAE\" \/>\n<meta property=\"og:url\" content=\"https:\/\/www.unilim.fr\/havae\/havae-ur20217\/membres-de-lequipe-2\/justine-lacroix\/\" \/>\n<meta property=\"og:site_name\" content=\"HAVAE\" \/>\n<meta property=\"article:modified_time\" content=\"2020-03-24T09:55:38+00:00\" \/>\n<meta name=\"twitter:label1\" content=\"Dur\u00e9e de lecture estim\u00e9e\" \/>\n\t<meta name=\"twitter:data1\" content=\"1 minute\" \/>\n<script type=\"application\/ld+json\" class=\"yoast-schema-graph\">{\"@context\":\"https:\/\/schema.org\",\"@graph\":[{\"@type\":\"WebPage\",\"@id\":\"https:\/\/www.unilim.fr\/havae\/havae-ur20217\/membres-de-lequipe-2\/justine-lacroix\/\",\"url\":\"https:\/\/www.unilim.fr\/havae\/havae-ur20217\/membres-de-lequipe-2\/justine-lacroix\/\",\"name\":\"Justine Lacroix - HAVAE\",\"isPartOf\":{\"@id\":\"https:\/\/www.unilim.fr\/havae\/#website\"},\"datePublished\":\"2014-10-21T09:15:09+00:00\",\"dateModified\":\"2020-03-24T09:55:38+00:00\",\"breadcrumb\":{\"@id\":\"https:\/\/www.unilim.fr\/havae\/havae-ur20217\/membres-de-lequipe-2\/justine-lacroix\/#breadcrumb\"},\"inLanguage\":\"fr-FR\",\"potentialAction\":[{\"@type\":\"ReadAction\",\"target\":[\"https:\/\/www.unilim.fr\/havae\/havae-ur20217\/membres-de-lequipe-2\/justine-lacroix\/\"]}]},{\"@type\":\"BreadcrumbList\",\"@id\":\"https:\/\/www.unilim.fr\/havae\/havae-ur20217\/membres-de-lequipe-2\/justine-lacroix\/#breadcrumb\",\"itemListElement\":[{\"@type\":\"ListItem\",\"position\":1,\"name\":\"Accueil\",\"item\":\"https:\/\/www.unilim.fr\/havae\/\"},{\"@type\":\"ListItem\",\"position\":2,\"name\":\"HAVAE &#8211; UR20217\",\"item\":\"https:\/\/www.unilim.fr\/havae\/havae-ur20217\/\"},{\"@type\":\"ListItem\",\"position\":3,\"name\":\"Membres de l&rsquo;\u00e9quipe\",\"item\":\"https:\/\/www.unilim.fr\/havae\/havae-ur20217\/membres-de-lequipe-2\/\"},{\"@type\":\"ListItem\",\"position\":4,\"name\":\"Justine Lacroix\"}]},{\"@type\":\"WebSite\",\"@id\":\"https:\/\/www.unilim.fr\/havae\/#website\",\"url\":\"https:\/\/www.unilim.fr\/havae\/\",\"name\":\"HAVAE\",\"description\":\"universit\u00e9 ouverte source de r\u00e9ussites\",\"potentialAction\":[{\"@type\":\"SearchAction\",\"target\":{\"@type\":\"EntryPoint\",\"urlTemplate\":\"https:\/\/www.unilim.fr\/havae\/?s={search_term_string}\"},\"query-input\":{\"@type\":\"PropertyValueSpecification\",\"valueRequired\":true,\"valueName\":\"search_term_string\"}}],\"inLanguage\":\"fr-FR\"}]}<\/script>\n<!-- \/ Yoast SEO plugin. -->","yoast_head_json":{"title":"Justine Lacroix - HAVAE","robots":{"index":"index","follow":"follow","max-snippet":"max-snippet:-1","max-image-preview":"max-image-preview:large","max-video-preview":"max-video-preview:-1"},"canonical":"https:\/\/www.unilim.fr\/havae\/havae-ur20217\/membres-de-lequipe-2\/justine-lacroix\/","og_locale":"fr_FR","og_type":"article","og_title":"Justine Lacroix - HAVAE","og_url":"https:\/\/www.unilim.fr\/havae\/havae-ur20217\/membres-de-lequipe-2\/justine-lacroix\/","og_site_name":"HAVAE","article_modified_time":"2020-03-24T09:55:38+00:00","twitter_misc":{"Dur\u00e9e de lecture estim\u00e9e":"1 minute"},"schema":{"@context":"https:\/\/schema.org","@graph":[{"@type":"WebPage","@id":"https:\/\/www.unilim.fr\/havae\/havae-ur20217\/membres-de-lequipe-2\/justine-lacroix\/","url":"https:\/\/www.unilim.fr\/havae\/havae-ur20217\/membres-de-lequipe-2\/justine-lacroix\/","name":"Justine Lacroix - HAVAE","isPartOf":{"@id":"https:\/\/www.unilim.fr\/havae\/#website"},"datePublished":"2014-10-21T09:15:09+00:00","dateModified":"2020-03-24T09:55:38+00:00","breadcrumb":{"@id":"https:\/\/www.unilim.fr\/havae\/havae-ur20217\/membres-de-lequipe-2\/justine-lacroix\/#breadcrumb"},"inLanguage":"fr-FR","potentialAction":[{"@type":"ReadAction","target":["https:\/\/www.unilim.fr\/havae\/havae-ur20217\/membres-de-lequipe-2\/justine-lacroix\/"]}]},{"@type":"BreadcrumbList","@id":"https:\/\/www.unilim.fr\/havae\/havae-ur20217\/membres-de-lequipe-2\/justine-lacroix\/#breadcrumb","itemListElement":[{"@type":"ListItem","position":1,"name":"Accueil","item":"https:\/\/www.unilim.fr\/havae\/"},{"@type":"ListItem","position":2,"name":"HAVAE &#8211; UR20217","item":"https:\/\/www.unilim.fr\/havae\/havae-ur20217\/"},{"@type":"ListItem","position":3,"name":"Membres de l&rsquo;\u00e9quipe","item":"https:\/\/www.unilim.fr\/havae\/havae-ur20217\/membres-de-lequipe-2\/"},{"@type":"ListItem","position":4,"name":"Justine Lacroix"}]},{"@type":"WebSite","@id":"https:\/\/www.unilim.fr\/havae\/#website","url":"https:\/\/www.unilim.fr\/havae\/","name":"HAVAE","description":"universit\u00e9 ouverte source de r\u00e9ussites","potentialAction":[{"@type":"SearchAction","target":{"@type":"EntryPoint","urlTemplate":"https:\/\/www.unilim.fr\/havae\/?s={search_term_string}"},"query-input":{"@type":"PropertyValueSpecification","valueRequired":true,"valueName":"search_term_string"}}],"inLanguage":"fr-FR"}]}},"publishpress_future_action":{"enabled":false,"date":"2026-05-01 16:19:23","action":"change-status","newStatus":"draft","terms":[],"taxonomy":"page_category","extraData":[]},"publishpress_future_workflow_manual_trigger":{"enabledWorkflows":[]},"_links":{"self":[{"href":"https:\/\/www.unilim.fr\/havae\/wp-json\/wp\/v2\/pages\/283","targetHints":{"allow":["GET"]}}],"collection":[{"href":"https:\/\/www.unilim.fr\/havae\/wp-json\/wp\/v2\/pages"}],"about":[{"href":"https:\/\/www.unilim.fr\/havae\/wp-json\/wp\/v2\/types\/page"}],"author":[{"embeddable":true,"href":"https:\/\/www.unilim.fr\/havae\/wp-json\/wp\/v2\/users\/1"}],"replies":[{"embeddable":true,"href":"https:\/\/www.unilim.fr\/havae\/wp-json\/wp\/v2\/comments?post=283"}],"version-history":[{"count":0,"href":"https:\/\/www.unilim.fr\/havae\/wp-json\/wp\/v2\/pages\/283\/revisions"}],"up":[{"embeddable":true,"href":"https:\/\/www.unilim.fr\/havae\/wp-json\/wp\/v2\/pages\/63"}],"wp:attachment":[{"href":"https:\/\/www.unilim.fr\/havae\/wp-json\/wp\/v2\/media?parent=283"}],"curies":[{"name":"wp","href":"https:\/\/api.w.org\/{rel}","templated":true}]}}