{"id":2809,"date":"2021-06-08T00:00:00","date_gmt":"2021-06-07T22:00:00","guid":{"rendered":"https:\/\/www.unilim.fr\/havae\/recherche\/doctorantsstagiaires\/lucas-firmin\/"},"modified":"2025-10-06T12:49:45","modified_gmt":"2025-10-06T12:49:45","slug":"lucas-firmin","status":"publish","type":"page","link":"https:\/\/www.unilim.fr\/havae\/recherche\/doctorantsstagiaires\/lucas-firmin\/","title":{"rendered":"Lucas Firmin"},"content":{"rendered":"                        <div class=\"container-fluid bg-grad-right-gray-lighter ul-element-page-header \">\n                            <div class=\"container\">\n                                <div class=\"row\">\n                                    <div class=\"col-xs-12 hidden-xs text-dark\">\n                                                                                            <div class=\"ul-element-breadcrumb hidden-xs \">\n            \n                                <ol class='breadcrumb'>\n                                    <li>\n                                        <a href='http:\/\/www.unilim.fr\/havae'><i class='fa fa-home fa-lg fa-fw'><\/i><\/a>\n                                    <\/li><\/ol>        <\/div>\n                                                                                    <\/div>\n                                    <div class=\"col-xs-3 hidden-xs\">\n                                                                                    <div class=\"ul-element-logo-signal hidden-xs\" style=\"display: inline-block; position: relative; width: 100% ; margin-top: 23px; padding-bottom: 11.9284%;vertical-align: top;\">\n                <svg preserveAspectRatio=\"xMinYMin meet\" viewBox=\"0 0 503 60\" style=\"display: block;position: absolute;top: 0;left: 0;width:100%;max-width:100%;height:100%\">\n                      <g>\n                          <rect  opacity=\"0.3\"  x=\"0\" y=\"0\" width=\"142px\" height=\"60\" rx=\"6\" class=\" bg-primary\"><\/rect>\n                          <rect opacity=\"0.5\"  x=\"106\" y=\"0\" width=\"119px\" height=\"60\" rx=\"6\" class=\"bg-primary\"><\/rect>\n                          <rect opacity=\"0.6\"  x=\"207\" y=\"0\" width=\"84px\" height=\"60\" rx=\"6\" class=\" bg-primary\"><\/rect>\n                          <rect opacity=\"0.7\"  x=\"308\" y=\"0\" width=\"61px\" height=\"60\" rx=\"6\" class=\" bg-primary\"><\/rect>\n                          <rect opacity=\"0.8\"  x=\"390\" y=\"0\" width=\"29px\" height=\"60\" rx=\"6\" class=\" bg-primary\"><\/rect>\n                          <rect x=\"446\" y=\"0\" width=\"15px\" height=\"60\" rx=\"4\" class=\"                bg-primary\"><\/rect>\n                          <rect x=\"495\" y=\"0\" width=\"8px\" height=\"60\" rx=\"2\" class=\"                 bg-primary\"><\/rect>\n                      <\/g>\n                <\/svg>\n        <\/div>                                                                            <\/div>\n\n                                                                            <div class=\"col-sm-9 text-dark\">\n\n                                                                                                    <h1 class=\"blog-title text-primary ul-bold\">Lucas Firmin                                                                                                            <\/h1>\n\n                                                    <br\/>\n                                                \n\n\n                                                \n                                                                                        <\/div>\n                                    \n                                <\/div>\n                            <\/div>\n                        <\/div>\n                                <div class=\"container-fluid  \" style=\"\">\n                      <div class=\"container\">\n                <div class=\"row \" style=\"margin-top: 30px;margin-bottom: 30px\">        <div class=\"col-sm-12 \">\n                        <div class=\"ul-element-personne \" style=\"margin: 15px 0; display: table;\">\n                <div style=\"display:table-row\" class=\"element-body\">\n                    <div style=\"display: table-cell; vertical-align: top;\" class=\"element-image\">\n                                                            <img decoding=\"async\" src=\"https:\/\/www.unilim.fr\/havae\/wp-content\/uploads\/sites\/5\/2025\/10\/L.Firmin_v2.jpeg\" class=\"img pull-left\" style=\"width:80px;height:80px;margin-right:15px;\"\/>\n                                            <\/div>\n                    <div style=\"display: table-cell; vertical-align: top;\" class=\"element-content\">\n                        <h4>Lucas Firmin<\/h4>\n                                                <p>\n                            <span>Doctorant en Sciences, Biologie et Sant\u00e9<\/span><br\/>                                                                                <\/p>\n                                                <p style=\"white-space:nowrap;\">\n                            <i class=\"fa fa-phone fa-fw\"><\/i> <a href=\"tel:07.88.97.02.46\">07.88.97.02.46<\/a><br\/>                                                                                                                                            <i class=\"fa fa-envelope-o fa-fw\"><\/i> <a href=\"mailto:lucas.firmin@etu.unilim.fr\" target=\"_blank\">lucas.firmin@etu.unilim.fr<\/a><br\/>                                                    <\/p>\n                        <p>\n                                                                                <\/p>\n                    <\/div>\n                <\/div>\n            <\/div>\n                <div class=\" text-center btn-fullwidth \">\n            <a role=\"button\" href=\"\" target=\"_blank\" class=\"ul-btn-margin ul-bold btn btn-primary \">\n                                    <i class=\"fa fa-fw fa-linkedin-square\"><\/i>\n                                Lucas Firmin            <\/a>\n        <\/div>\n                <div class=\"\">\n            <hr\/>\n        <\/div>\n                <div class=\"clearfix ul-element-text \">\n            \n<p>&nbsp;<\/p>\n<h4 style=\"padding-left: 60px\" data-mce-style=\"padding-left: 60px;\"><span style=\"text-decoration: underline\" data-mce-style=\"text-decoration: underline;\">Parcours<\/span><\/h4>\n<h4><\/h4>\n<ul>\n<li>Licence STAPS &#8211; Entrainement Sportif (option rugby) &#8211; Universit\u00e9&nbsp;Paul Sabatier Toulouse III<\/li>\n<li>Maitrise STAPS &#8211; Entrainement et Optimisation de la Performance Sportive (EOPS), parcours Altitude et Performance &#8211; Universit\u00e9 de Perpignan Via Domitia<\/li>\n<li>Master Ing\u00e9nierie et Ergonomie de l&rsquo;Activit\u00e9 Physique, Parcours Syst\u00e8me musculo-squelettique, pathologie, r\u00e9athl\u00e9tisation et r\u00e9\u00e9ducation &#8211; Universit\u00e9 d&rsquo;Orl\u00e9ans<\/li>\n<li>Doctorant en Sciences&nbsp;&#8211; Ecole Doctorale Biologie Chimie Sant\u00e9 &#8211; Universit\u00e9 de Limoges<\/li>\n<\/ul>\n<p style=\"padding-left: 90px\" data-mce-style=\"padding-left: 90px;\"><em>Directeur de th\u00e8se&nbsp;:<\/em>&nbsp;Pr.&nbsp;St\u00e9phane Mandigout<\/p>\n<p style=\"padding-left: 90px\" data-mce-style=\"padding-left: 90px;\"><em>Sujet de th\u00e8se&nbsp;:<\/em>&nbsp;Plateforme communautaire de t\u00e9l\u00e9r\u00e9\u00e9ducation et t\u00e9l\u00e9coaching \u00e0 domicile exploitant les potentiels de l&rsquo;IA et des technologies connect\u00e9es permettant un suivi continu personnalis\u00e9.<\/p>\n<p style=\"padding-left: 90px\" data-mce-style=\"padding-left: 90px;\">&nbsp;<\/p>\n<h4 style=\"padding-left: 60px\" data-mce-style=\"padding-left: 60px;\"><span style=\"text-decoration: underline\" data-mce-style=\"text-decoration: underline;\">Th\u00e9matiques de recherche<\/span><\/h4>\n<h4 style=\"padding-left: 60px\" data-mce-style=\"padding-left: 60px;\"><\/h4>\n<ul>\n<li>\n<p>Revue syst\u00e9matique : Fiabilit\u00e9 des applications smartphone dans le calcul des pas<\/p>\n<\/li>\n<li>\n<p>Etude exp\u00e9rimentale : comparaison du nombre de pas sur diverses parties du corps en fonction de plusieurs applications mobile et d&rsquo;une m\u00e9thode gold standard (Gait&rsquo;Up)<\/p>\n<\/li>\n<\/ul>\n<p><span style=\"background-color: transparent\" data-mce-style=\"background-color: transparent;\"><\/span>&nbsp;<\/p>\n<h4 style=\"padding-left: 60px\" data-mce-style=\"padding-left: 60px;\"><span style=\"text-decoration: underline\" data-mce-style=\"text-decoration: underline;\">Publications<\/span><\/h4>\n<p class=\"ul-bold\">&nbsp;&nbsp;<\/p>\n<h4 style=\"padding-left: 60px\" data-mce-style=\"padding-left: 60px;\"><span style=\"text-decoration: underline\" data-mce-style=\"text-decoration: underline;\">Mots-cl\u00e9<\/span><\/h4>\n<p>T\u00e9l\u00e9coaching &#8211; T\u00e9l\u00e9r\u00e9\u00e9ducation &#8211; Malades chronique &#8211; Communaut\u00e9 &#8211; Outils num\u00e9riques<\/p>\n        <\/div>\n                <\/div>\n        <\/div>\n            <\/div>\n                  <\/div>\n        \n","protected":false},"excerpt":{"rendered":"","protected":false},"author":243,"featured_media":0,"parent":65,"menu_order":0,"comment_status":"closed","ping_status":"closed","template":"page-le.php","meta":{"footnotes":""},"class_list":["post-2809","page","type-page","status-publish","hentry"],"yoast_head":"<!-- This site is optimized with the Yoast SEO plugin v26.5 - https:\/\/yoast.com\/wordpress\/plugins\/seo\/ -->\n<title>Lucas Firmin - HAVAE<\/title>\n<meta name=\"robots\" content=\"index, follow, max-snippet:-1, max-image-preview:large, max-video-preview:-1\" \/>\n<link rel=\"canonical\" href=\"https:\/\/www.unilim.fr\/havae\/recherche\/doctorantsstagiaires\/lucas-firmin\/\" \/>\n<meta property=\"og:locale\" content=\"fr_FR\" \/>\n<meta property=\"og:type\" content=\"article\" \/>\n<meta property=\"og:title\" content=\"Lucas Firmin - HAVAE\" \/>\n<meta property=\"og:url\" content=\"https:\/\/www.unilim.fr\/havae\/recherche\/doctorantsstagiaires\/lucas-firmin\/\" \/>\n<meta property=\"og:site_name\" content=\"HAVAE\" \/>\n<meta property=\"article:modified_time\" content=\"2025-10-06T12:49:45+00:00\" \/>\n<meta name=\"twitter:label1\" content=\"Dur\u00e9e de lecture estim\u00e9e\" \/>\n\t<meta name=\"twitter:data1\" content=\"2 minutes\" \/>\n<script type=\"application\/ld+json\" class=\"yoast-schema-graph\">{\"@context\":\"https:\/\/schema.org\",\"@graph\":[{\"@type\":\"WebPage\",\"@id\":\"https:\/\/www.unilim.fr\/havae\/recherche\/doctorantsstagiaires\/lucas-firmin\/\",\"url\":\"https:\/\/www.unilim.fr\/havae\/recherche\/doctorantsstagiaires\/lucas-firmin\/\",\"name\":\"Lucas Firmin - HAVAE\",\"isPartOf\":{\"@id\":\"https:\/\/www.unilim.fr\/havae\/#website\"},\"datePublished\":\"2021-06-07T22:00:00+00:00\",\"dateModified\":\"2025-10-06T12:49:45+00:00\",\"breadcrumb\":{\"@id\":\"https:\/\/www.unilim.fr\/havae\/recherche\/doctorantsstagiaires\/lucas-firmin\/#breadcrumb\"},\"inLanguage\":\"fr-FR\",\"potentialAction\":[{\"@type\":\"ReadAction\",\"target\":[\"https:\/\/www.unilim.fr\/havae\/recherche\/doctorantsstagiaires\/lucas-firmin\/\"]}]},{\"@type\":\"BreadcrumbList\",\"@id\":\"https:\/\/www.unilim.fr\/havae\/recherche\/doctorantsstagiaires\/lucas-firmin\/#breadcrumb\",\"itemListElement\":[{\"@type\":\"ListItem\",\"position\":1,\"name\":\"Accueil\",\"item\":\"https:\/\/www.unilim.fr\/havae\/\"},{\"@type\":\"ListItem\",\"position\":2,\"name\":\"Recherche\",\"item\":\"https:\/\/www.unilim.fr\/havae\/recherche\/\"},{\"@type\":\"ListItem\",\"position\":3,\"name\":\"Doctorants\/Stagiaires\",\"item\":\"https:\/\/www.unilim.fr\/havae\/recherche\/doctorantsstagiaires\/\"},{\"@type\":\"ListItem\",\"position\":4,\"name\":\"Lucas Firmin\"}]},{\"@type\":\"WebSite\",\"@id\":\"https:\/\/www.unilim.fr\/havae\/#website\",\"url\":\"https:\/\/www.unilim.fr\/havae\/\",\"name\":\"HAVAE\",\"description\":\"universit\u00e9 ouverte source de r\u00e9ussites\",\"potentialAction\":[{\"@type\":\"SearchAction\",\"target\":{\"@type\":\"EntryPoint\",\"urlTemplate\":\"https:\/\/www.unilim.fr\/havae\/?s={search_term_string}\"},\"query-input\":{\"@type\":\"PropertyValueSpecification\",\"valueRequired\":true,\"valueName\":\"search_term_string\"}}],\"inLanguage\":\"fr-FR\"}]}<\/script>\n<!-- \/ Yoast SEO plugin. -->","yoast_head_json":{"title":"Lucas Firmin - HAVAE","robots":{"index":"index","follow":"follow","max-snippet":"max-snippet:-1","max-image-preview":"max-image-preview:large","max-video-preview":"max-video-preview:-1"},"canonical":"https:\/\/www.unilim.fr\/havae\/recherche\/doctorantsstagiaires\/lucas-firmin\/","og_locale":"fr_FR","og_type":"article","og_title":"Lucas Firmin - HAVAE","og_url":"https:\/\/www.unilim.fr\/havae\/recherche\/doctorantsstagiaires\/lucas-firmin\/","og_site_name":"HAVAE","article_modified_time":"2025-10-06T12:49:45+00:00","twitter_misc":{"Dur\u00e9e de lecture estim\u00e9e":"2 minutes"},"schema":{"@context":"https:\/\/schema.org","@graph":[{"@type":"WebPage","@id":"https:\/\/www.unilim.fr\/havae\/recherche\/doctorantsstagiaires\/lucas-firmin\/","url":"https:\/\/www.unilim.fr\/havae\/recherche\/doctorantsstagiaires\/lucas-firmin\/","name":"Lucas Firmin - HAVAE","isPartOf":{"@id":"https:\/\/www.unilim.fr\/havae\/#website"},"datePublished":"2021-06-07T22:00:00+00:00","dateModified":"2025-10-06T12:49:45+00:00","breadcrumb":{"@id":"https:\/\/www.unilim.fr\/havae\/recherche\/doctorantsstagiaires\/lucas-firmin\/#breadcrumb"},"inLanguage":"fr-FR","potentialAction":[{"@type":"ReadAction","target":["https:\/\/www.unilim.fr\/havae\/recherche\/doctorantsstagiaires\/lucas-firmin\/"]}]},{"@type":"BreadcrumbList","@id":"https:\/\/www.unilim.fr\/havae\/recherche\/doctorantsstagiaires\/lucas-firmin\/#breadcrumb","itemListElement":[{"@type":"ListItem","position":1,"name":"Accueil","item":"https:\/\/www.unilim.fr\/havae\/"},{"@type":"ListItem","position":2,"name":"Recherche","item":"https:\/\/www.unilim.fr\/havae\/recherche\/"},{"@type":"ListItem","position":3,"name":"Doctorants\/Stagiaires","item":"https:\/\/www.unilim.fr\/havae\/recherche\/doctorantsstagiaires\/"},{"@type":"ListItem","position":4,"name":"Lucas Firmin"}]},{"@type":"WebSite","@id":"https:\/\/www.unilim.fr\/havae\/#website","url":"https:\/\/www.unilim.fr\/havae\/","name":"HAVAE","description":"universit\u00e9 ouverte source de r\u00e9ussites","potentialAction":[{"@type":"SearchAction","target":{"@type":"EntryPoint","urlTemplate":"https:\/\/www.unilim.fr\/havae\/?s={search_term_string}"},"query-input":{"@type":"PropertyValueSpecification","valueRequired":true,"valueName":"search_term_string"}}],"inLanguage":"fr-FR"}]}},"publishpress_future_action":{"enabled":false,"date":"2026-04-13 16:12:31","action":"change-status","newStatus":"draft","terms":[],"taxonomy":"page_category","extraData":[]},"publishpress_future_workflow_manual_trigger":{"enabledWorkflows":[]},"_links":{"self":[{"href":"https:\/\/www.unilim.fr\/havae\/wp-json\/wp\/v2\/pages\/2809","targetHints":{"allow":["GET"]}}],"collection":[{"href":"https:\/\/www.unilim.fr\/havae\/wp-json\/wp\/v2\/pages"}],"about":[{"href":"https:\/\/www.unilim.fr\/havae\/wp-json\/wp\/v2\/types\/page"}],"author":[{"embeddable":true,"href":"https:\/\/www.unilim.fr\/havae\/wp-json\/wp\/v2\/users\/243"}],"replies":[{"embeddable":true,"href":"https:\/\/www.unilim.fr\/havae\/wp-json\/wp\/v2\/comments?post=2809"}],"version-history":[{"count":1,"href":"https:\/\/www.unilim.fr\/havae\/wp-json\/wp\/v2\/pages\/2809\/revisions"}],"predecessor-version":[{"id":2810,"href":"https:\/\/www.unilim.fr\/havae\/wp-json\/wp\/v2\/pages\/2809\/revisions\/2810"}],"up":[{"embeddable":true,"href":"https:\/\/www.unilim.fr\/havae\/wp-json\/wp\/v2\/pages\/65"}],"wp:attachment":[{"href":"https:\/\/www.unilim.fr\/havae\/wp-json\/wp\/v2\/media?parent=2809"}],"curies":[{"name":"wp","href":"https:\/\/api.w.org\/{rel}","templated":true}]}}