{"id":2747,"date":"2025-08-26T22:00:00","date_gmt":"2022-10-19T22:00:00","guid":{"rendered":"https:\/\/www.unilim.fr\/havae\/havae-ur20217\/membres-de-lequipe-2\/mikael-desmons\/"},"modified":"2025-08-27T08:42:23","modified_gmt":"2025-08-27T08:42:23","slug":"mikael-desmons","status":"publish","type":"page","link":"https:\/\/www.unilim.fr\/havae\/havae-ur20217\/membres-de-lequipe-2\/mikael-desmons\/","title":{"rendered":"Mikael Desmons"},"content":{"rendered":"                        <div class=\"container-fluid bg-grad-right-gray-lighter ul-element-page-header \">\n                            <div class=\"container\">\n                                <div class=\"row\">\n                                    <div class=\"col-xs-12 hidden-xs text-dark\">\n                                                                                            <div class=\"ul-element-breadcrumb hidden-xs \">\n            \n                                <ol class='breadcrumb'>\n                                    <li>\n                                        <a href='http:\/\/www.unilim.fr\/havae'><i class='fa fa-home fa-lg fa-fw'><\/i><\/a>\n                                    <\/li><\/ol>        <\/div>\n                                                                                    <\/div>\n                                    <div class=\"col-xs-3 hidden-xs\">\n                                                                                    <div class=\"ul-element-logo-signal hidden-xs\" style=\"display: inline-block; position: relative; width: 100% ; margin-top: 23px; padding-bottom: 11.9284%;vertical-align: top;\">\n                <svg preserveAspectRatio=\"xMinYMin meet\" viewBox=\"0 0 503 60\" style=\"display: block;position: absolute;top: 0;left: 0;width:100%;max-width:100%;height:100%\">\n                      <g>\n                          <rect  opacity=\"0.3\"  x=\"0\" y=\"0\" width=\"142px\" height=\"60\" rx=\"6\" class=\" bg-primary\"><\/rect>\n                          <rect opacity=\"0.5\"  x=\"106\" y=\"0\" width=\"119px\" height=\"60\" rx=\"6\" class=\"bg-primary\"><\/rect>\n                          <rect opacity=\"0.6\"  x=\"207\" y=\"0\" width=\"84px\" height=\"60\" rx=\"6\" class=\" bg-primary\"><\/rect>\n                          <rect opacity=\"0.7\"  x=\"308\" y=\"0\" width=\"61px\" height=\"60\" rx=\"6\" class=\" bg-primary\"><\/rect>\n                          <rect opacity=\"0.8\"  x=\"390\" y=\"0\" width=\"29px\" height=\"60\" rx=\"6\" class=\" bg-primary\"><\/rect>\n                          <rect x=\"446\" y=\"0\" width=\"15px\" height=\"60\" rx=\"4\" class=\"                bg-primary\"><\/rect>\n                          <rect x=\"495\" y=\"0\" width=\"8px\" height=\"60\" rx=\"2\" class=\"                 bg-primary\"><\/rect>\n                      <\/g>\n                <\/svg>\n        <\/div>                                                                            <\/div>\n\n                                                                            <div class=\"col-sm-9 text-dark\">\n\n                                                                                                    <h1 class=\"blog-title text-primary ul-bold\">Mikael Desmons                                                                                                            <\/h1>\n\n                                                    <br\/>\n                                                \n\n\n                                                \n                                                                                        <\/div>\n                                    \n                                <\/div>\n                            <\/div>\n                        <\/div>\n                                <div class=\"container-fluid  \" style=\"\">\n                      <div class=\"container\">\n                <div class=\"row \" style=\"margin-top: 30px;margin-bottom: 30px\">        <div class=\"col-md-12 \">\n                        <div class=\"ul-element-personne \" style=\"margin: 15px 0; display: table;\">\n                <div style=\"display:table-row\" class=\"element-body\">\n                    <div style=\"display: table-cell; vertical-align: top;\" class=\"element-image\">\n                                                            <img decoding=\"async\" src=\"https:\/\/www.unilim.fr\/havae\/wp-content\/uploads\/sites\/5\/2025\/08\/M.Desmons_V2-300x300.jpeg\" class=\"img pull-left\" style=\"width:80px;height:80px;margin-right:15px;\"\/>\n                                            <\/div>\n                    <div style=\"display: table-cell; vertical-align: top;\" class=\"element-content\">\n                        <h4>Desmons Mikael<\/h4>\n                                                <p>\n                            <span>Docteur en Sciences de la R\u00e9adaptation - Maitre de Conf\u00e9rence \u00e0 l'ILFOMER - Institut des Sciences de la R\u00e9adaptation de l'Universit\u00e9 de Limoges<\/span><br\/>                                                                                <\/p>\n                                                <p style=\"white-space:nowrap;\">\n                                                                                                                                                                        <i class=\"fa fa-envelope-o fa-fw\"><\/i> <a href=\"mailto:mikael.desmons@unilim.fr\" target=\"_blank\">mikael.desmons@unilim.fr<\/a><br\/>                                                    <\/p>\n                        <p>\n                                                                                <\/p>\n                    <\/div>\n                <\/div>\n            <\/div>\n                <div class=\" text-center btn-fullwidth \">\n            <a role=\"button\" href=\"https:\/\/www.linkedin.com\/in\/mika%C3%ABl-desmons-4114aa173\/\" target=\"_blank\" class=\"ul-btn-margin ul-bold btn btn-primary \">\n                                    <i class=\"fa fa-fw fa-linkedin-square\"><\/i>\n                                Mikael Desmons            <\/a>\n        <\/div>\n                <div class=\"\">\n                        <div class=\"panel panel-primary\">\n                              <div class=\"panel-body\">\n                  \n<p>&#8211; Responsable&nbsp;formation 1&egrave;re ann&eacute;e Masso-Kin&eacute;sith&eacute;rapie &#8211; Universit&eacute; de Limoges<\/p>\n<p>&#8211; Membre du GT sur l&rsquo;&eacute;mergence d&rsquo;une th&eacute;matique Neuroscience et R&eacute;alit&eacute; Etendue au sein de l&rsquo;Unit&eacute; de Recherche 20217 HAVAE<\/p>\n<p><strong>&nbsp;<\/strong><\/p>\n<p><span style=\"text-decoration: underline\"><strong>Researchgate&nbsp;:<\/strong><\/span>&nbsp;<a href=\"https:\/\/www.researchgate.net\/profile\/Mikael-Desmons-2?ev=hdr_xprf\">https:\/\/www.researchgate.net\/profile\/Mikael-Desmons-2?ev=hdr_xprf<\/a><\/p>\n<\/p>\n<p><span style=\"text-decoration: underline\"><strong>Archives HAL&nbsp;:<\/strong><\/span>&nbsp;<a href=\"https:\/\/hal.science\/search\/index\/?q=*&amp;authFullName_s=Mika%C3%ABl%20Desmons\">https:\/\/hal.science\/search\/index\/?q=*&amp;authFullName_s=Mika%C3%ABl%20Desmons<\/a><\/p>\n<\/p>\n<p><span style=\"text-decoration: underline\"><strong>Google Scholar&nbsp;:<\/strong><\/span>&nbsp;<a href=\"https:\/\/scholar.google.com\/citations?user=cYhvK7sAAAAJ&amp;hl=en\">https:\/\/scholar.google.com\/citations?user=cYhvK7sAAAAJ&amp;hl=en<\/a> &nbsp; &nbsp; &nbsp; &nbsp; &nbsp; &nbsp; &nbsp; &nbsp; &nbsp; &nbsp; &nbsp;<\/p>\n<\/p>\n<p><span style=\"text-decoration: underline\"><strong>ORCID :<\/strong><\/span>&nbsp;<a href=\"https:\/\/orcid.org\/0009-0000-2851-4685\">https:\/\/orcid.org\/0009-0000-2851-4685<\/a>&nbsp;<\/p>\n                <\/div>\n                          <\/div>\n                    <\/div>\n                <div class=\"\">\n            <hr\/>\n        <\/div>\n                <div class=\"clearfix ul-element-text \">\n            \n<h4 style=\"text-align: justify;padding-left: 60px\" data-mce-style=\"text-align: justify; padding-left: 60px;\"><\/h4>\n<h4 style=\"text-align: justify;padding-left: 60px\" data-mce-style=\"text-align: justify; padding-left: 60px;\"><span style=\"text-decoration: underline\" data-mce-style=\"text-decoration: underline;\">Th\u00e9matiques de recherche<\/span><\/h4>\n<p><\/p>\n<p>Mes recherches se situent \u00e0 <strong>l&rsquo;intersection de la neurophysiologie et de la r\u00e9adaptation<\/strong>, avec un focus sp\u00e9cifique sur <strong>la compr\u00e9hension du contr\u00f4le postural<\/strong>. J\u2019explore le r\u00f4le des circuits corticospinaux et subcorticaux par l\u2019utilisation d\u2019outils de neurostimulations (stimulation magn\u00e9tique transcr\u00e2nienne, stimulation \u00e9lectrique, stimulation vestibulaire, stimulation r\u00e9flexe) et des mesures de l&rsquo;activit\u00e9 \u00e9lectromyographique (EMG de surface bipolaire, EMG \u00e0 haute densit\u00e9) pour mieux comprendre les alt\u00e9rations du contr\u00f4le postural dans diff\u00e9rentes situations : lombalgie, accident vasculaire c\u00e9r\u00e9brale ou vieillissement.<\/p>\n<p>&nbsp;<\/p>\n<h4 style=\"padding-left: 60px\" data-mce-style=\"padding-left: 60px;\"><span style=\"text-decoration: underline\" data-mce-style=\"text-decoration: underline;\">Principaux projets<\/span><\/h4>\n<p>&nbsp;<\/p>\n<ul>\n<li>Projet&nbsp;:&nbsp;&nbsp;Investigation of biomarkers of sensorimotor system for the control of upper limbs through non-invasive brain stimulation protocols (NIBS) targeting neural connectivity in the sensorimotor system.<\/li>\n<\/ul>\n<p>By combining electrophysiological recordings and advanced signal processing methods, we strive to gain a comprehensive understanding of the neuromuscular control in different applications. The project involves inducing reorganization in the connectivity of motor neuron populations by employing magnetic and electrical stimulation of cortical and sensory pathways. The aim is to develop a robust framework for the concurrent estimation and stimulation of neural patterns in the arm and shoulder muscles of stroke and breast cancer survivor individuals.<\/p>\n<p>Collaboration :&nbsp;Universit\u00e9 de Brescia. Laboratoire Inception. Principal investigator : Pr. Francesco Negro. Collaborators : PhD, H\u00e9lio Cabral, PhD, J Greig Inglis, PhD, Elmira Pourreza, PhD, Roberto Zanotti, PhD, Nijia Hu Phd, Caterina Cosentino, M.Sc, Milena dos Santos, M.Sc, Silvia Rio, M.Sc.<\/p>\n<p>&nbsp;<\/p>\n<ul>\n<li>Projet :&nbsp;Neural control of lumbar muscles while learning complex visuomotor tasks<\/li>\n<\/ul>\n<p>By combining complex visuomotor task learning and targeted motor control of the lower back muscles, we strive to gain a comprehensive understanding of how neuronal circuit excitability and activity distribution in the lumbar erector spinae muscle are modified. Our objectives are to explore whether learning such a task modulates the excitability of the neural circuits involved in controlling the lumbar erector spinae muscle and whether it changes the redistribution of its activity. We hypothesize that learning a complex visuomotor task will induce a redistribution of lumbar erector spinae (LES) muscle activity and increase the amplitudes of motor evoked potentials in response to transcranial magnetic stimulation. The project involves inducing reorganization in the connectivity of motor neuron populations by employing advanced techniques in task learning and motor control.<\/p>\n<p>Collaboration :&nbsp;Universit\u00e9 de Birmingham, Centre CPR Spine. Universit\u00e9 Laval, Cirris. Principal investigator : Eduardo Martinez-Valdes. Collaborators : PhD, Michail Arvanitidis, PhD, Ignacio Contreras-Hernandez, PhD, Hugo Mass\u00e9-Alarie, PhD.<\/p>\n<p>&nbsp;<\/p>\n<ul>\n<li>Projet :&nbsp;Exploration du contr\u00f4le postural par l\u2019interm\u00e9diaire d\u2019une t\u00e2che de perturbation visuelle en r\u00e9alit\u00e9 virtuelle<\/li>\n<\/ul>\n<p>En int\u00e9grant des informations visuelles, vestibulaires et somatosensorielles, les m\u00e9canismes de contr\u00f4le postural s&rsquo;efforcent de maintenir la stabilit\u00e9 et l&rsquo;\u00e9quilibre. Cependant, ce contr\u00f4le peut \u00eatre alt\u00e9r\u00e9 chez des populations \u00e2g\u00e9es, atteintes de lombalgie chronique, d&rsquo;accident vasculaire c\u00e9r\u00e9bral, ou de maladie de Parkinson. La r\u00e9alit\u00e9 virtuelle (RV) permet d\u2019introduire des perturbations du champ visuel. Nos objectifs incluent l&rsquo;\u00e9tablissement d&rsquo;un protocole de RV pour d\u00e9finir un seuil pour les ajustements posturaux, afin d\u2019explorer si les stimuli subliminaux peuvent influencer les r\u00e9ponses posturales.<\/p>\n<p>&nbsp;&nbsp;<\/p>\n<h4 style=\"padding-left: 60px\" data-mce-style=\"padding-left: 60px;\"><span style=\"text-decoration: underline\" data-mce-style=\"text-decoration: underline;\">Distinctions<\/span><\/h4>\n<h4 style=\"padding-left: 60px\" data-mce-style=\"padding-left: 60px;\">&nbsp;<\/h4>\n<ul>\n<li>Nov 2019 : Prix de la meilleure pr\u00e9sentation par affiche lors de la journ\u00e9e de la recherche du Centre th\u00e9matique de recherche en neurosciences (CTRN).<\/li>\n<li>D\u00e9c 2019 : Bourse issu du programme de bourses de 2e et 3e cycles interne du centre de recherche Cirris (18 000$CAD).<\/li>\n<li>Mai 2020 : Prix de la meilleure pr\u00e9sentation par affiche lors de la semaine scientifique du Centre int\u00e9gr\u00e9 en neuroimagerie et neurostimulation de Qu\u00e9bec (CINQ).<\/li>\n<li>Juin 2021 : Prix de la meilleure pr\u00e9sentation orale lors de la journ\u00e9e de la recherche de la facult\u00e9 de m\u00e9decine de l\u2019universit\u00e9 Laval.<\/li>\n<li>Oct 2021 : Prix de la meilleure pr\u00e9sentation orale lors du Symposium de Neurostimulation du Qu\u00e9bec (SQN).<\/li>\n<li>Hiver 2022 : Bourses de congr\u00e8s REPAR (750$CAD), AELIES (150$CAD) et RBIQ (500$CAD) pour pr\u00e9senter lors d\u2019un \u00e9v\u00e9nement international. A permis la participation au congr\u00e8s Brain Stimulation \u00e0 Charleston, Caroline du Sud (\u00c9tats-Unis), pr\u00e9sentation par affiche, les 6-9 d\u00e9cembre 2021.<\/li>\n<li>Juin 2022 : Bourse de formation au doctorat des Fonds de recherche du Qu\u00e9bec \u2013 Sant\u00e9 (FRQS) (35 000$CAD).<\/li>\n<li>F\u00e9v 2023 : Bourse de mobilit\u00e9 international REPAR (3500$CAD) pour la r\u00e9alisation d\u2019un stage de recherche au centre CPR Spine \u00e0 Birmingham, Royaume-Uni.<\/li>\n<\/ul>\n<p><span style=\"text-decoration: underline\" data-mce-style=\"text-decoration: underline;\"><\/span><\/p>\n<p>&nbsp;<\/p>\n<h4 style=\"padding-left: 60px\" data-mce-style=\"padding-left: 60px;\"><span style=\"text-decoration: underline\" data-mce-style=\"text-decoration: underline;\">Mots-cl\u00e9<\/span><\/h4>\n<p><span style=\"text-decoration: underline\" data-mce-style=\"text-decoration: underline;\"><\/span>&nbsp;<\/p>\n<p>Neurophysiologie ; R\u00e9adaptation ; Contr\u00f4le postural ; Circuits corticospinaux ; Circuits subcorticaux ; Neurostimulation ; Stimulation magn\u00e9tique transcr\u00e2nienne ; Stimulation \u00e9lectrique ; Stimulation vestibulaire ; Stimulation r\u00e9flexe ; \u00c9lectromyographie ; \u00c9lectromyographie \u00e0 haute densit\u00e9 ; Lombalgie ; Accident vasculaire c\u00e9r\u00e9brale ; Vieillissement ; R\u00e9habilitation ; R\u00e9\u00e9ducation ; Troubles du contr\u00f4le postural.<br \/><span style=\"text-decoration: underline\" data-mce-style=\"text-decoration: underline;\"><\/span><\/p>\n        <\/div>\n                <\/div>\n        <\/div>\n            <\/div>\n                  <\/div>\n        \n","protected":false},"excerpt":{"rendered":"","protected":false},"author":243,"featured_media":0,"parent":63,"menu_order":0,"comment_status":"closed","ping_status":"closed","template":"page-le.php","meta":{"footnotes":""},"class_list":["post-2747","page","type-page","status-publish","hentry"],"yoast_head":"<!-- This site is optimized with the Yoast SEO plugin v26.5 - https:\/\/yoast.com\/wordpress\/plugins\/seo\/ -->\n<title>Mikael Desmons - HAVAE<\/title>\n<meta name=\"robots\" content=\"index, follow, max-snippet:-1, max-image-preview:large, max-video-preview:-1\" \/>\n<link rel=\"canonical\" href=\"https:\/\/www.unilim.fr\/havae\/havae-ur20217\/membres-de-lequipe-2\/mikael-desmons\/\" \/>\n<meta property=\"og:locale\" content=\"fr_FR\" \/>\n<meta property=\"og:type\" content=\"article\" \/>\n<meta property=\"og:title\" content=\"Mikael Desmons - HAVAE\" \/>\n<meta property=\"og:url\" content=\"https:\/\/www.unilim.fr\/havae\/havae-ur20217\/membres-de-lequipe-2\/mikael-desmons\/\" \/>\n<meta property=\"og:site_name\" content=\"HAVAE\" \/>\n<meta property=\"article:modified_time\" content=\"2025-08-27T08:42:23+00:00\" \/>\n<meta name=\"twitter:label1\" content=\"Dur\u00e9e de lecture estim\u00e9e\" \/>\n\t<meta name=\"twitter:data1\" content=\"5 minutes\" \/>\n<script type=\"application\/ld+json\" class=\"yoast-schema-graph\">{\"@context\":\"https:\/\/schema.org\",\"@graph\":[{\"@type\":\"WebPage\",\"@id\":\"https:\/\/www.unilim.fr\/havae\/havae-ur20217\/membres-de-lequipe-2\/mikael-desmons\/\",\"url\":\"https:\/\/www.unilim.fr\/havae\/havae-ur20217\/membres-de-lequipe-2\/mikael-desmons\/\",\"name\":\"Mikael Desmons - HAVAE\",\"isPartOf\":{\"@id\":\"https:\/\/www.unilim.fr\/havae\/#website\"},\"datePublished\":\"2022-10-19T22:00:00+00:00\",\"dateModified\":\"2025-08-27T08:42:23+00:00\",\"breadcrumb\":{\"@id\":\"https:\/\/www.unilim.fr\/havae\/havae-ur20217\/membres-de-lequipe-2\/mikael-desmons\/#breadcrumb\"},\"inLanguage\":\"fr-FR\",\"potentialAction\":[{\"@type\":\"ReadAction\",\"target\":[\"https:\/\/www.unilim.fr\/havae\/havae-ur20217\/membres-de-lequipe-2\/mikael-desmons\/\"]}]},{\"@type\":\"BreadcrumbList\",\"@id\":\"https:\/\/www.unilim.fr\/havae\/havae-ur20217\/membres-de-lequipe-2\/mikael-desmons\/#breadcrumb\",\"itemListElement\":[{\"@type\":\"ListItem\",\"position\":1,\"name\":\"Accueil\",\"item\":\"https:\/\/www.unilim.fr\/havae\/\"},{\"@type\":\"ListItem\",\"position\":2,\"name\":\"HAVAE &#8211; UR20217\",\"item\":\"https:\/\/www.unilim.fr\/havae\/havae-ur20217\/\"},{\"@type\":\"ListItem\",\"position\":3,\"name\":\"Membres de l&rsquo;\u00e9quipe\",\"item\":\"https:\/\/www.unilim.fr\/havae\/havae-ur20217\/membres-de-lequipe-2\/\"},{\"@type\":\"ListItem\",\"position\":4,\"name\":\"Mikael Desmons\"}]},{\"@type\":\"WebSite\",\"@id\":\"https:\/\/www.unilim.fr\/havae\/#website\",\"url\":\"https:\/\/www.unilim.fr\/havae\/\",\"name\":\"HAVAE\",\"description\":\"universit\u00e9 ouverte source de r\u00e9ussites\",\"potentialAction\":[{\"@type\":\"SearchAction\",\"target\":{\"@type\":\"EntryPoint\",\"urlTemplate\":\"https:\/\/www.unilim.fr\/havae\/?s={search_term_string}\"},\"query-input\":{\"@type\":\"PropertyValueSpecification\",\"valueRequired\":true,\"valueName\":\"search_term_string\"}}],\"inLanguage\":\"fr-FR\"}]}<\/script>\n<!-- \/ Yoast SEO plugin. -->","yoast_head_json":{"title":"Mikael Desmons - HAVAE","robots":{"index":"index","follow":"follow","max-snippet":"max-snippet:-1","max-image-preview":"max-image-preview:large","max-video-preview":"max-video-preview:-1"},"canonical":"https:\/\/www.unilim.fr\/havae\/havae-ur20217\/membres-de-lequipe-2\/mikael-desmons\/","og_locale":"fr_FR","og_type":"article","og_title":"Mikael Desmons - HAVAE","og_url":"https:\/\/www.unilim.fr\/havae\/havae-ur20217\/membres-de-lequipe-2\/mikael-desmons\/","og_site_name":"HAVAE","article_modified_time":"2025-08-27T08:42:23+00:00","twitter_misc":{"Dur\u00e9e de lecture estim\u00e9e":"5 minutes"},"schema":{"@context":"https:\/\/schema.org","@graph":[{"@type":"WebPage","@id":"https:\/\/www.unilim.fr\/havae\/havae-ur20217\/membres-de-lequipe-2\/mikael-desmons\/","url":"https:\/\/www.unilim.fr\/havae\/havae-ur20217\/membres-de-lequipe-2\/mikael-desmons\/","name":"Mikael Desmons - HAVAE","isPartOf":{"@id":"https:\/\/www.unilim.fr\/havae\/#website"},"datePublished":"2022-10-19T22:00:00+00:00","dateModified":"2025-08-27T08:42:23+00:00","breadcrumb":{"@id":"https:\/\/www.unilim.fr\/havae\/havae-ur20217\/membres-de-lequipe-2\/mikael-desmons\/#breadcrumb"},"inLanguage":"fr-FR","potentialAction":[{"@type":"ReadAction","target":["https:\/\/www.unilim.fr\/havae\/havae-ur20217\/membres-de-lequipe-2\/mikael-desmons\/"]}]},{"@type":"BreadcrumbList","@id":"https:\/\/www.unilim.fr\/havae\/havae-ur20217\/membres-de-lequipe-2\/mikael-desmons\/#breadcrumb","itemListElement":[{"@type":"ListItem","position":1,"name":"Accueil","item":"https:\/\/www.unilim.fr\/havae\/"},{"@type":"ListItem","position":2,"name":"HAVAE &#8211; UR20217","item":"https:\/\/www.unilim.fr\/havae\/havae-ur20217\/"},{"@type":"ListItem","position":3,"name":"Membres de l&rsquo;\u00e9quipe","item":"https:\/\/www.unilim.fr\/havae\/havae-ur20217\/membres-de-lequipe-2\/"},{"@type":"ListItem","position":4,"name":"Mikael Desmons"}]},{"@type":"WebSite","@id":"https:\/\/www.unilim.fr\/havae\/#website","url":"https:\/\/www.unilim.fr\/havae\/","name":"HAVAE","description":"universit\u00e9 ouverte source de r\u00e9ussites","potentialAction":[{"@type":"SearchAction","target":{"@type":"EntryPoint","urlTemplate":"https:\/\/www.unilim.fr\/havae\/?s={search_term_string}"},"query-input":{"@type":"PropertyValueSpecification","valueRequired":true,"valueName":"search_term_string"}}],"inLanguage":"fr-FR"}]}},"publishpress_future_action":{"enabled":false,"date":"2026-05-01 16:19:34","action":"change-status","newStatus":"draft","terms":[],"taxonomy":"page_category","extraData":[]},"publishpress_future_workflow_manual_trigger":{"enabledWorkflows":[]},"_links":{"self":[{"href":"https:\/\/www.unilim.fr\/havae\/wp-json\/wp\/v2\/pages\/2747","targetHints":{"allow":["GET"]}}],"collection":[{"href":"https:\/\/www.unilim.fr\/havae\/wp-json\/wp\/v2\/pages"}],"about":[{"href":"https:\/\/www.unilim.fr\/havae\/wp-json\/wp\/v2\/types\/page"}],"author":[{"embeddable":true,"href":"https:\/\/www.unilim.fr\/havae\/wp-json\/wp\/v2\/users\/243"}],"replies":[{"embeddable":true,"href":"https:\/\/www.unilim.fr\/havae\/wp-json\/wp\/v2\/comments?post=2747"}],"version-history":[{"count":4,"href":"https:\/\/www.unilim.fr\/havae\/wp-json\/wp\/v2\/pages\/2747\/revisions"}],"predecessor-version":[{"id":2759,"href":"https:\/\/www.unilim.fr\/havae\/wp-json\/wp\/v2\/pages\/2747\/revisions\/2759"}],"up":[{"embeddable":true,"href":"https:\/\/www.unilim.fr\/havae\/wp-json\/wp\/v2\/pages\/63"}],"wp:attachment":[{"href":"https:\/\/www.unilim.fr\/havae\/wp-json\/wp\/v2\/media?parent=2747"}],"curies":[{"name":"wp","href":"https:\/\/api.w.org\/{rel}","templated":true}]}}