{"id":2634,"date":"2024-11-19T23:00:00","date_gmt":"2022-10-19T22:00:00","guid":{"rendered":"http:\/\/www.unilim.fr\/havae\/recherche\/doctorantsstagiaires\/remi-schneider\/"},"modified":"2024-11-20T09:11:22","modified_gmt":"2024-11-20T09:11:22","slug":"remi-schneider","status":"publish","type":"page","link":"https:\/\/www.unilim.fr\/havae\/recherche\/doctorantsstagiaires\/remi-schneider\/","title":{"rendered":"R\u00e9mi Schneider"},"content":{"rendered":"                        <div class=\"container-fluid bg-grad-right-gray-lighter ul-element-page-header \">\n                            <div class=\"container\">\n                                <div class=\"row\">\n                                    <div class=\"col-xs-12 hidden-xs text-dark\">\n                                                                                            <div class=\"ul-element-breadcrumb hidden-xs \">\n            \n                                <ol class='breadcrumb'>\n                                    <li>\n                                        <a href='http:\/\/www.unilim.fr\/havae'><i class='fa fa-home fa-lg fa-fw'><\/i><\/a>\n                                    <\/li><\/ol>        <\/div>\n                                                                                    <\/div>\n                                    <div class=\"col-xs-3 hidden-xs\">\n                                                                                    <div class=\"ul-element-logo-signal hidden-xs\" style=\"display: inline-block; position: relative; width: 100% ; margin-top: 23px; padding-bottom: 11.9284%;vertical-align: top;\">\n                <svg preserveAspectRatio=\"xMinYMin meet\" viewBox=\"0 0 503 60\" style=\"display: block;position: absolute;top: 0;left: 0;width:100%;max-width:100%;height:100%\">\n                      <g>\n                          <rect  opacity=\"0.3\"  x=\"0\" y=\"0\" width=\"142px\" height=\"60\" rx=\"6\" class=\" bg-primary\"><\/rect>\n                          <rect opacity=\"0.5\"  x=\"106\" y=\"0\" width=\"119px\" height=\"60\" rx=\"6\" class=\"bg-primary\"><\/rect>\n                          <rect opacity=\"0.6\"  x=\"207\" y=\"0\" width=\"84px\" height=\"60\" rx=\"6\" class=\" bg-primary\"><\/rect>\n                          <rect opacity=\"0.7\"  x=\"308\" y=\"0\" width=\"61px\" height=\"60\" rx=\"6\" class=\" bg-primary\"><\/rect>\n                          <rect opacity=\"0.8\"  x=\"390\" y=\"0\" width=\"29px\" height=\"60\" rx=\"6\" class=\" bg-primary\"><\/rect>\n                          <rect x=\"446\" y=\"0\" width=\"15px\" height=\"60\" rx=\"4\" class=\"                bg-primary\"><\/rect>\n                          <rect x=\"495\" y=\"0\" width=\"8px\" height=\"60\" rx=\"2\" class=\"                 bg-primary\"><\/rect>\n                      <\/g>\n                <\/svg>\n        <\/div>                                                                            <\/div>\n\n                                                                            <div class=\"col-sm-9 text-dark\">\n\n                                                                                                    <h1 class=\"blog-title text-primary ul-bold\">R\u00e9mi Schneider                                                                                                            <\/h1>\n\n                                                    <br\/>\n                                                \n\n\n                                                \n                                                                                        <\/div>\n                                    \n                                <\/div>\n                            <\/div>\n                        <\/div>\n                                <div class=\"container-fluid  \" style=\"\">\n                      <div class=\"container\">\n                <div class=\"row \" style=\"margin-top: 30px;margin-bottom: 30px\">        <div class=\"col-sm-12 \">\n                        <div class=\"ul-element-personne \" style=\"margin: 15px 0; display: table;\">\n                <div style=\"display:table-row\" class=\"element-body\">\n                    <div style=\"display: table-cell; vertical-align: top;\" class=\"element-image\">\n                                                            <img decoding=\"async\" src=\"https:\/\/www.unilim.fr\/havae\/wp-content\/themes\/wordpress-bootstrap-master-child\/admin\/page-live-editor\/images\/user.png\" class=\"img pull-left\" style=\"width:80px;height:80px;margin-right:15px;\"\/>\n                                            <\/div>\n                    <div style=\"display: table-cell; vertical-align: top;\" class=\"element-content\">\n                        <h4>R\u00e9mi Schneider<\/h4>\n                                                <p>\n                            <span>Doctorant en Sciences, Biologie &amp; Sant\u00e9<\/span><br\/>                                                                                <\/p>\n                                                <p style=\"white-space:nowrap;\">\n                                                                                                                                                                        <i class=\"fa fa-envelope-o fa-fw\"><\/i> <a href=\"mailto:remi.schneider@etu.unilim.fr\" target=\"_blank\">remi.schneider@etu.unilim.fr<\/a><br\/>                                                    <\/p>\n                        <p>\n                                                                                <\/p>\n                    <\/div>\n                <\/div>\n            <\/div>\n                <div class=\" text-center btn-fullwidth \">\n            <a role=\"button\" href=\"https:\/\/www.linkedin.com\/in\/r\u00e9mi-schneider-b38a17252\/\" target=\"_blank\" class=\"ul-btn-margin ul-bold btn btn-primary \">\n                                    <i class=\"fa fa-fw fa-linkedin-square\"><\/i>\n                                R\u00e9mi Schneider            <\/a>\n        <\/div>\n                <div class=\"\">\n            <hr\/>\n        <\/div>\n                <div class=\"clearfix ul-element-text \">\n            \n<p>&nbsp;<\/p>\n<h4 style=\"padding-left: 60px\"><span style=\"text-decoration: underline\">Parcours<\/span><\/h4>\n<h4><\/h4>\n<ul>\n<li>Licence STAPS &#8211; Mention Activit\u00e9 Physique Adapt\u00e9e &#8211; Sant\u00e9 &#8211; Universit\u00e9 de Limoges<\/li>\n<li>Master IRHPM (Ing\u00e9nierie de la R\u00e9\u00e9ducation, du Handicap et de la Performance Motrice) &#8211; Universit\u00e9 de Poitiers<\/li>\n<li>Doctorat en Sciences &#8211; Ecole Doctorale Biologie Sant\u00e9 &#8211; Universit\u00e9 de Limoges<\/li>\n<\/ul>\n<p style=\"padding-left: 90px\"><em>Co-directeurs de th\u00e8se&nbsp;:<\/em>&nbsp;<a href=\"http:\/\/www.unilim.fr\/havae\/havae-ur20217\/membres-de-lequipe-2\/benoit-borel\/\">Dr.&nbsp;Benoit Borel<\/a> (Universit\u00e9 de Limoges) &#8211; <a href=\"http:\/\/www.unilim.fr\/havae\/havae-ur20217\/membres-de-lequipe-2\/iouri-bernache-assollant\/\">Dr. Iouri Bernache &#8211; Assollant<\/a>&nbsp;(Universit\u00e9 de Limoges) &#8211; M. Cl\u00e9ment Christen (Centre de l&rsquo;Ob\u00e9sit\u00e9 Bernard Descottes &#8211; Mutualit\u00e9 Fran\u00e7aise Limousine)<\/p>\n<p style=\"padding-left: 90px\"><em>Sujet de th\u00e8se&nbsp;:<\/em>&nbsp;La t\u00e9l\u00e9r\u00e9adaptation comme modalit\u00e9 d&rsquo;accompagnement du patient ob\u00e8se \u00e0 la suite de son hospitalisation en centre sp\u00e9cialis\u00e9 (projet OPAcTe)<\/p>\n<p style=\"padding-left: 90px\"><span style=\"background-color: transparent\">&nbsp;&nbsp;<\/span><\/p>\n<h4 style=\"padding-left: 60px\"><span style=\"text-decoration: underline\">Th\u00e9matiques de recherche<\/span><\/h4>\n<h4 style=\"padding-left: 60px\"><\/h4>\n<ul>\n<li>&nbsp;\u00c9valuation d\u2019\u00e9quipements et dispositifs technologiques pour l\u2019optimisation de la pratique d\u2019activit\u00e9 physique du patient ob\u00e8se au domicile.<\/li>\n<li>\u00c9valuation d\u2019un programme d\u2019activit\u00e9 physique adapt\u00e9e en distantiel r\u00e9alis\u00e9 en visioconf\u00e9rence et sur application mobile<\/li>\n<li>Analyse de l\u2019impact des croyances implicites li\u00e9es \u00e0 la perte de poids sur le sentiment d\u2019auto-efficacit\u00e9 et motivation li\u00e9e \u00e0 la pratique d\u2019activit\u00e9 physique<\/li>\n<\/ul>\n<p><span style=\"background-color: transparent\"><\/span>&nbsp;<\/p>\n<h4 style=\"padding-left: 60px\"><span style=\"text-decoration: underline\">Publications<\/span><\/h4>\n<p>&nbsp;<\/p>\n<h4 style=\"padding-left: 60px\"><span style=\"text-decoration: underline\">Communications<\/span><\/h4>\n<p>&nbsp; &nbsp;<\/p>\n<h4 style=\"padding-left: 60px\"><span style=\"text-decoration: underline\">Mots-cl\u00e9<\/span><\/h4>\n<p>Activit\u00e9 physique &#8211; T\u00e9l\u00e9r\u00e9adaptation &#8211; Ob\u00e9sit\u00e9&nbsp;&#8211; Croyances implicites<\/p>\n        <\/div>\n                <\/div>\n        <\/div>\n            <\/div>\n                  <\/div>\n        \n","protected":false},"excerpt":{"rendered":"","protected":false},"author":243,"featured_media":0,"parent":65,"menu_order":0,"comment_status":"closed","ping_status":"closed","template":"page-le.php","meta":{"footnotes":""},"class_list":["post-2634","page","type-page","status-publish","hentry"],"yoast_head":"<!-- This site is optimized with the Yoast SEO plugin v26.5 - https:\/\/yoast.com\/wordpress\/plugins\/seo\/ -->\n<title>R\u00e9mi Schneider - HAVAE<\/title>\n<meta name=\"robots\" content=\"index, follow, max-snippet:-1, max-image-preview:large, max-video-preview:-1\" \/>\n<link rel=\"canonical\" href=\"https:\/\/www.unilim.fr\/havae\/recherche\/doctorantsstagiaires\/remi-schneider\/\" \/>\n<meta property=\"og:locale\" content=\"fr_FR\" \/>\n<meta property=\"og:type\" content=\"article\" \/>\n<meta property=\"og:title\" content=\"R\u00e9mi Schneider - HAVAE\" \/>\n<meta property=\"og:url\" content=\"https:\/\/www.unilim.fr\/havae\/recherche\/doctorantsstagiaires\/remi-schneider\/\" \/>\n<meta property=\"og:site_name\" content=\"HAVAE\" \/>\n<meta property=\"article:modified_time\" content=\"2024-11-20T09:11:22+00:00\" \/>\n<meta name=\"twitter:label1\" content=\"Dur\u00e9e de lecture estim\u00e9e\" \/>\n\t<meta name=\"twitter:data1\" content=\"2 minutes\" \/>\n<script type=\"application\/ld+json\" class=\"yoast-schema-graph\">{\"@context\":\"https:\/\/schema.org\",\"@graph\":[{\"@type\":\"WebPage\",\"@id\":\"https:\/\/www.unilim.fr\/havae\/recherche\/doctorantsstagiaires\/remi-schneider\/\",\"url\":\"https:\/\/www.unilim.fr\/havae\/recherche\/doctorantsstagiaires\/remi-schneider\/\",\"name\":\"R\u00e9mi Schneider - HAVAE\",\"isPartOf\":{\"@id\":\"https:\/\/www.unilim.fr\/havae\/#website\"},\"datePublished\":\"2022-10-19T22:00:00+00:00\",\"dateModified\":\"2024-11-20T09:11:22+00:00\",\"breadcrumb\":{\"@id\":\"https:\/\/www.unilim.fr\/havae\/recherche\/doctorantsstagiaires\/remi-schneider\/#breadcrumb\"},\"inLanguage\":\"fr-FR\",\"potentialAction\":[{\"@type\":\"ReadAction\",\"target\":[\"https:\/\/www.unilim.fr\/havae\/recherche\/doctorantsstagiaires\/remi-schneider\/\"]}]},{\"@type\":\"BreadcrumbList\",\"@id\":\"https:\/\/www.unilim.fr\/havae\/recherche\/doctorantsstagiaires\/remi-schneider\/#breadcrumb\",\"itemListElement\":[{\"@type\":\"ListItem\",\"position\":1,\"name\":\"Accueil\",\"item\":\"https:\/\/www.unilim.fr\/havae\/\"},{\"@type\":\"ListItem\",\"position\":2,\"name\":\"Recherche\",\"item\":\"https:\/\/www.unilim.fr\/havae\/recherche\/\"},{\"@type\":\"ListItem\",\"position\":3,\"name\":\"Doctorants\/Stagiaires\",\"item\":\"https:\/\/www.unilim.fr\/havae\/recherche\/doctorantsstagiaires\/\"},{\"@type\":\"ListItem\",\"position\":4,\"name\":\"R\u00e9mi Schneider\"}]},{\"@type\":\"WebSite\",\"@id\":\"https:\/\/www.unilim.fr\/havae\/#website\",\"url\":\"https:\/\/www.unilim.fr\/havae\/\",\"name\":\"HAVAE\",\"description\":\"universit\u00e9 ouverte source de r\u00e9ussites\",\"potentialAction\":[{\"@type\":\"SearchAction\",\"target\":{\"@type\":\"EntryPoint\",\"urlTemplate\":\"https:\/\/www.unilim.fr\/havae\/?s={search_term_string}\"},\"query-input\":{\"@type\":\"PropertyValueSpecification\",\"valueRequired\":true,\"valueName\":\"search_term_string\"}}],\"inLanguage\":\"fr-FR\"}]}<\/script>\n<!-- \/ Yoast SEO plugin. -->","yoast_head_json":{"title":"R\u00e9mi Schneider - HAVAE","robots":{"index":"index","follow":"follow","max-snippet":"max-snippet:-1","max-image-preview":"max-image-preview:large","max-video-preview":"max-video-preview:-1"},"canonical":"https:\/\/www.unilim.fr\/havae\/recherche\/doctorantsstagiaires\/remi-schneider\/","og_locale":"fr_FR","og_type":"article","og_title":"R\u00e9mi Schneider - HAVAE","og_url":"https:\/\/www.unilim.fr\/havae\/recherche\/doctorantsstagiaires\/remi-schneider\/","og_site_name":"HAVAE","article_modified_time":"2024-11-20T09:11:22+00:00","twitter_misc":{"Dur\u00e9e de lecture estim\u00e9e":"2 minutes"},"schema":{"@context":"https:\/\/schema.org","@graph":[{"@type":"WebPage","@id":"https:\/\/www.unilim.fr\/havae\/recherche\/doctorantsstagiaires\/remi-schneider\/","url":"https:\/\/www.unilim.fr\/havae\/recherche\/doctorantsstagiaires\/remi-schneider\/","name":"R\u00e9mi Schneider - HAVAE","isPartOf":{"@id":"https:\/\/www.unilim.fr\/havae\/#website"},"datePublished":"2022-10-19T22:00:00+00:00","dateModified":"2024-11-20T09:11:22+00:00","breadcrumb":{"@id":"https:\/\/www.unilim.fr\/havae\/recherche\/doctorantsstagiaires\/remi-schneider\/#breadcrumb"},"inLanguage":"fr-FR","potentialAction":[{"@type":"ReadAction","target":["https:\/\/www.unilim.fr\/havae\/recherche\/doctorantsstagiaires\/remi-schneider\/"]}]},{"@type":"BreadcrumbList","@id":"https:\/\/www.unilim.fr\/havae\/recherche\/doctorantsstagiaires\/remi-schneider\/#breadcrumb","itemListElement":[{"@type":"ListItem","position":1,"name":"Accueil","item":"https:\/\/www.unilim.fr\/havae\/"},{"@type":"ListItem","position":2,"name":"Recherche","item":"https:\/\/www.unilim.fr\/havae\/recherche\/"},{"@type":"ListItem","position":3,"name":"Doctorants\/Stagiaires","item":"https:\/\/www.unilim.fr\/havae\/recherche\/doctorantsstagiaires\/"},{"@type":"ListItem","position":4,"name":"R\u00e9mi Schneider"}]},{"@type":"WebSite","@id":"https:\/\/www.unilim.fr\/havae\/#website","url":"https:\/\/www.unilim.fr\/havae\/","name":"HAVAE","description":"universit\u00e9 ouverte source de r\u00e9ussites","potentialAction":[{"@type":"SearchAction","target":{"@type":"EntryPoint","urlTemplate":"https:\/\/www.unilim.fr\/havae\/?s={search_term_string}"},"query-input":{"@type":"PropertyValueSpecification","valueRequired":true,"valueName":"search_term_string"}}],"inLanguage":"fr-FR"}]}},"publishpress_future_action":{"enabled":false,"date":"2026-04-13 17:53:31","action":"change-status","newStatus":"draft","terms":[],"taxonomy":"page_category","extraData":[]},"publishpress_future_workflow_manual_trigger":{"enabledWorkflows":[]},"_links":{"self":[{"href":"https:\/\/www.unilim.fr\/havae\/wp-json\/wp\/v2\/pages\/2634","targetHints":{"allow":["GET"]}}],"collection":[{"href":"https:\/\/www.unilim.fr\/havae\/wp-json\/wp\/v2\/pages"}],"about":[{"href":"https:\/\/www.unilim.fr\/havae\/wp-json\/wp\/v2\/types\/page"}],"author":[{"embeddable":true,"href":"https:\/\/www.unilim.fr\/havae\/wp-json\/wp\/v2\/users\/243"}],"replies":[{"embeddable":true,"href":"https:\/\/www.unilim.fr\/havae\/wp-json\/wp\/v2\/comments?post=2634"}],"version-history":[{"count":0,"href":"https:\/\/www.unilim.fr\/havae\/wp-json\/wp\/v2\/pages\/2634\/revisions"}],"up":[{"embeddable":true,"href":"https:\/\/www.unilim.fr\/havae\/wp-json\/wp\/v2\/pages\/65"}],"wp:attachment":[{"href":"https:\/\/www.unilim.fr\/havae\/wp-json\/wp\/v2\/media?parent=2634"}],"curies":[{"name":"wp","href":"https:\/\/api.w.org\/{rel}","templated":true}]}}