{"id":2496,"date":"2024-03-14T23:00:00","date_gmt":"2022-11-08T23:00:00","guid":{"rendered":"http:\/\/www.unilim.fr\/havae\/recherche\/doctorantsstagiaires\/agathe-bilhaut\/"},"modified":"2024-03-15T10:41:54","modified_gmt":"2024-03-15T10:41:54","slug":"agathe-bilhaut","status":"publish","type":"page","link":"https:\/\/www.unilim.fr\/havae\/recherche\/doctorantsstagiaires\/agathe-bilhaut\/","title":{"rendered":"Agathe Bilhaut"},"content":{"rendered":"                        <div class=\"container-fluid bg-grad-right-gray-lighter ul-element-page-header \">\n                            <div class=\"container\">\n                                <div class=\"row\">\n                                    <div class=\"col-xs-12 hidden-xs text-dark\">\n                                                                                            <div class=\"ul-element-breadcrumb hidden-xs \">\n            \n                                <ol class='breadcrumb'>\n                                    <li>\n                                        <a href='http:\/\/www.unilim.fr\/havae'><i class='fa fa-home fa-lg fa-fw'><\/i><\/a>\n                                    <\/li><\/ol>        <\/div>\n                                                                                    <\/div>\n                                    <div class=\"col-xs-3 hidden-xs\">\n                                                                                    <div class=\"ul-element-logo-signal hidden-xs\" style=\"display: inline-block; position: relative; width: 100% ; margin-top: 23px; padding-bottom: 11.9284%;vertical-align: top;\">\n                <svg preserveAspectRatio=\"xMinYMin meet\" viewBox=\"0 0 503 60\" style=\"display: block;position: absolute;top: 0;left: 0;width:100%;max-width:100%;height:100%\">\n                      <g>\n                          <rect  opacity=\"0.3\"  x=\"0\" y=\"0\" width=\"142px\" height=\"60\" rx=\"6\" class=\" bg-primary\"><\/rect>\n                          <rect opacity=\"0.5\"  x=\"106\" y=\"0\" width=\"119px\" height=\"60\" rx=\"6\" class=\"bg-primary\"><\/rect>\n                          <rect opacity=\"0.6\"  x=\"207\" y=\"0\" width=\"84px\" height=\"60\" rx=\"6\" class=\" bg-primary\"><\/rect>\n                          <rect opacity=\"0.7\"  x=\"308\" y=\"0\" width=\"61px\" height=\"60\" rx=\"6\" class=\" bg-primary\"><\/rect>\n                          <rect opacity=\"0.8\"  x=\"390\" y=\"0\" width=\"29px\" height=\"60\" rx=\"6\" class=\" bg-primary\"><\/rect>\n                          <rect x=\"446\" y=\"0\" width=\"15px\" height=\"60\" rx=\"4\" class=\"                bg-primary\"><\/rect>\n                          <rect x=\"495\" y=\"0\" width=\"8px\" height=\"60\" rx=\"2\" class=\"                 bg-primary\"><\/rect>\n                      <\/g>\n                <\/svg>\n        <\/div>                                                                            <\/div>\n\n                                                                            <div class=\"col-sm-9 text-dark\">\n\n                                                                                                    <h1 class=\"blog-title text-primary ul-bold\">Agathe Bilhaut                                                                                                            <\/h1>\n\n                                                    <br\/>\n                                                \n\n\n                                                \n                                                                                        <\/div>\n                                    \n                                <\/div>\n                            <\/div>\n                        <\/div>\n                                <div class=\"container-fluid  \" style=\"\">\n                      <div class=\"container\">\n                <div class=\"row \" style=\"margin-top: 30px;margin-bottom: 30px\">        <div class=\"col-sm-12 \">\n                        <div class=\"ul-element-personne \" style=\"margin: 15px 0; display: table;\">\n                <div style=\"display:table-row\" class=\"element-body\">\n                    <div style=\"display: table-cell; vertical-align: top;\" class=\"element-image\">\n                                                            <img decoding=\"async\" src=\"https:\/\/www.unilim.fr\/havae\/wp-content\/themes\/wordpress-bootstrap-master-child\/admin\/page-live-editor\/images\/user.png\" class=\"img pull-left\" style=\"width:80px;height:80px;margin-right:15px;\"\/>\n                                            <\/div>\n                    <div style=\"display: table-cell; vertical-align: top;\" class=\"element-content\">\n                        <h4>Agathe Bilhaut<\/h4>\n                                                <p>\n                            <span>Docteure en STAPS (74\u00e8me section CNU) - Post-doctorante sur le projet PreFEAR<\/span><br\/>                                                                                <\/p>\n                                                <p style=\"white-space:nowrap;\">\n                                                                                                                                                                        <i class=\"fa fa-envelope-o fa-fw\"><\/i> <a href=\"mailto:agathe.bilhaut@unilim.fr\" target=\"_blank\">agathe.bilhaut@unilim.fr<\/a><br\/>                                                    <\/p>\n                        <p>\n                                                                                <\/p>\n                    <\/div>\n                <\/div>\n            <\/div>\n                <div class=\" text-center btn-fullwidth \">\n            <a role=\"button\" href=\"https:\/\/www.linkedin.com\/in\/agathe-bilhaut-719632171\/?originalSubdomain=fr\" target=\"_blank\" class=\"ul-btn-margin ul-bold btn btn-primary \">\n                                    <i class=\"fa fa-fw fa-linkedin-square\"><\/i>\n                                Agathe Bilhaut            <\/a>\n        <\/div>\n                <div class=\"\">\n                        <div class=\"panel panel-primary\">\n                              <div class=\"panel-body\">\n                  \n<p><span style=\"text-decoration: underline\"><strong>Researchgate :<\/strong><\/span>&nbsp;<a href=\"https:\/\/www.researchgate.net\/profile\/Agathe-Bilhaut\">https:\/\/www.researchgate.net\/profile\/Agathe-Bilhaut<\/a><\/p>\n<\/p>\n<p><span style=\"text-decoration: underline\"><strong>ORCID :<\/strong><\/span>&nbsp;<a href=\"https:\/\/orcid.org\/0000-0002-9709-786X\">https:\/\/orcid.org\/0000-0002-9709-786X<\/a><\/p>\n<\/p>\n                <\/div>\n                          <\/div>\n                    <\/div>\n                <div class=\"\">\n            <hr\/>\n        <\/div>\n                <div class=\"clearfix ul-element-text \">\n            \n<p>&nbsp;<\/p>\n<h4 style=\"padding-left: 60px\"><span style=\"text-decoration: underline\">Parcours<\/span><\/h4>\n<h4><\/h4>\n<ul>\n<li>Dipl\u00f4me d&rsquo;ost\u00e9opathie &#8211; HOLISTEA, Cergy-Pontoise.<\/li>\n<li>Licence en Psychologie &#8211; Universit\u00e9 Paris Nanterre.<\/li>\n<li>Master en Psychologie sp\u00e9cialis\u00e9 en psychologie cognitive &#8211; Universit\u00e9 Paris Cit\u00e9<\/li>\n<li>Doctorat en STAPS &#8211; Universit\u00e9 Rennes 2 (Laboratoire Mouvement Sport Sant\u00e9 M2S)<\/li>\n<\/ul>\n<p><span style=\"background-color: transparent\">&nbsp;<\/span><\/p>\n<h4 style=\"padding-left: 60px\"><span style=\"text-decoration: underline\">Th\u00e9matiques de recherche<\/span><\/h4>\n<h4 style=\"padding-left: 60px\"><\/h4>\n<ul>\n<li>Etude des strat\u00e9gies perceptivo-motrices durant la locomotion dans des situations complexes chez les patients pr\u00e9sentant une lombalgie chronique<\/li>\n<li>Etude de l&rsquo;impact de programmes d&rsquo;entrainement bas\u00e9s sur la r\u00e9alit\u00e9 augment\u00e9e<\/li>\n<\/ul>\n<p style=\"padding-left: 60px\">&#8211;&nbsp;<a href=\"http:\/\/www.unilim.fr\/havae\/recherche\/projetstheses-en-cours\/\">Projet PreFEAR<\/a> (PREvention of Falls in Elderly using Augmented Reality) : Etude d\u2019acceptabilit\u00e9 et d\u2019efficacit\u00e9 d\u2019un programme de pr\u00e9vention de chutes via un casque de r\u00e9alit\u00e9 augment\u00e9e.<\/p>\n<p>&nbsp; &nbsp;<\/p>\n<h4 style=\"padding-left: 60px\"><span style=\"text-decoration: underline\">Publications<\/span><\/h4>\n<ul>\n<li>&nbsp;Bilhaut, A., M\u00e9nard, M., Roze, O., Cr\u00e9tual, A., &amp; Olivier, A. H. (2023). Locomotion behavior of chronic Non-Specific Low Back Pain (cNSLBP) participants while walking through apertures. Gait &amp; Posture, 104, 140-146.<\/li>\n<\/ul>\n<p class=\"ul-bold\">&nbsp;<\/p>\n<h4 style=\"padding-left: 60px\"><span style=\"text-decoration: underline\">Mots-cl\u00e9<\/span><\/h4>\n<p>Locomotion &#8211; Strat\u00e9gies perceptivo-motrices &#8211; Lombalgie chronique &#8211; Vieillissement &#8211; Nouvelles technologies (R\u00e9alit\u00e9 augment\u00e9e) &#8211; Acceptabilit\u00e9<\/p>\n        <\/div>\n                <\/div>\n        <\/div>\n            <\/div>\n                  <\/div>\n        \n","protected":false},"excerpt":{"rendered":"","protected":false},"author":7,"featured_media":0,"parent":65,"menu_order":0,"comment_status":"closed","ping_status":"closed","template":"page-le.php","meta":{"footnotes":""},"class_list":["post-2496","page","type-page","status-publish","hentry"],"yoast_head":"<!-- This site is optimized with the Yoast SEO plugin v26.5 - https:\/\/yoast.com\/wordpress\/plugins\/seo\/ -->\n<title>Agathe Bilhaut - HAVAE<\/title>\n<meta name=\"robots\" content=\"index, follow, max-snippet:-1, max-image-preview:large, max-video-preview:-1\" \/>\n<link rel=\"canonical\" href=\"https:\/\/www.unilim.fr\/havae\/recherche\/doctorantsstagiaires\/agathe-bilhaut\/\" \/>\n<meta property=\"og:locale\" content=\"fr_FR\" \/>\n<meta property=\"og:type\" content=\"article\" \/>\n<meta property=\"og:title\" content=\"Agathe Bilhaut - HAVAE\" \/>\n<meta property=\"og:url\" content=\"https:\/\/www.unilim.fr\/havae\/recherche\/doctorantsstagiaires\/agathe-bilhaut\/\" \/>\n<meta property=\"og:site_name\" content=\"HAVAE\" \/>\n<meta property=\"article:modified_time\" content=\"2024-03-15T10:41:54+00:00\" \/>\n<meta name=\"twitter:label1\" content=\"Dur\u00e9e de lecture estim\u00e9e\" \/>\n\t<meta name=\"twitter:data1\" content=\"2 minutes\" \/>\n<script type=\"application\/ld+json\" class=\"yoast-schema-graph\">{\"@context\":\"https:\/\/schema.org\",\"@graph\":[{\"@type\":\"WebPage\",\"@id\":\"https:\/\/www.unilim.fr\/havae\/recherche\/doctorantsstagiaires\/agathe-bilhaut\/\",\"url\":\"https:\/\/www.unilim.fr\/havae\/recherche\/doctorantsstagiaires\/agathe-bilhaut\/\",\"name\":\"Agathe Bilhaut - HAVAE\",\"isPartOf\":{\"@id\":\"https:\/\/www.unilim.fr\/havae\/#website\"},\"datePublished\":\"2022-11-08T23:00:00+00:00\",\"dateModified\":\"2024-03-15T10:41:54+00:00\",\"breadcrumb\":{\"@id\":\"https:\/\/www.unilim.fr\/havae\/recherche\/doctorantsstagiaires\/agathe-bilhaut\/#breadcrumb\"},\"inLanguage\":\"fr-FR\",\"potentialAction\":[{\"@type\":\"ReadAction\",\"target\":[\"https:\/\/www.unilim.fr\/havae\/recherche\/doctorantsstagiaires\/agathe-bilhaut\/\"]}]},{\"@type\":\"BreadcrumbList\",\"@id\":\"https:\/\/www.unilim.fr\/havae\/recherche\/doctorantsstagiaires\/agathe-bilhaut\/#breadcrumb\",\"itemListElement\":[{\"@type\":\"ListItem\",\"position\":1,\"name\":\"Accueil\",\"item\":\"https:\/\/www.unilim.fr\/havae\/\"},{\"@type\":\"ListItem\",\"position\":2,\"name\":\"Recherche\",\"item\":\"https:\/\/www.unilim.fr\/havae\/recherche\/\"},{\"@type\":\"ListItem\",\"position\":3,\"name\":\"Doctorants\/Stagiaires\",\"item\":\"https:\/\/www.unilim.fr\/havae\/recherche\/doctorantsstagiaires\/\"},{\"@type\":\"ListItem\",\"position\":4,\"name\":\"Agathe Bilhaut\"}]},{\"@type\":\"WebSite\",\"@id\":\"https:\/\/www.unilim.fr\/havae\/#website\",\"url\":\"https:\/\/www.unilim.fr\/havae\/\",\"name\":\"HAVAE\",\"description\":\"universit\u00e9 ouverte source de r\u00e9ussites\",\"potentialAction\":[{\"@type\":\"SearchAction\",\"target\":{\"@type\":\"EntryPoint\",\"urlTemplate\":\"https:\/\/www.unilim.fr\/havae\/?s={search_term_string}\"},\"query-input\":{\"@type\":\"PropertyValueSpecification\",\"valueRequired\":true,\"valueName\":\"search_term_string\"}}],\"inLanguage\":\"fr-FR\"}]}<\/script>\n<!-- \/ Yoast SEO plugin. -->","yoast_head_json":{"title":"Agathe Bilhaut - HAVAE","robots":{"index":"index","follow":"follow","max-snippet":"max-snippet:-1","max-image-preview":"max-image-preview:large","max-video-preview":"max-video-preview:-1"},"canonical":"https:\/\/www.unilim.fr\/havae\/recherche\/doctorantsstagiaires\/agathe-bilhaut\/","og_locale":"fr_FR","og_type":"article","og_title":"Agathe Bilhaut - HAVAE","og_url":"https:\/\/www.unilim.fr\/havae\/recherche\/doctorantsstagiaires\/agathe-bilhaut\/","og_site_name":"HAVAE","article_modified_time":"2024-03-15T10:41:54+00:00","twitter_misc":{"Dur\u00e9e de lecture estim\u00e9e":"2 minutes"},"schema":{"@context":"https:\/\/schema.org","@graph":[{"@type":"WebPage","@id":"https:\/\/www.unilim.fr\/havae\/recherche\/doctorantsstagiaires\/agathe-bilhaut\/","url":"https:\/\/www.unilim.fr\/havae\/recherche\/doctorantsstagiaires\/agathe-bilhaut\/","name":"Agathe Bilhaut - HAVAE","isPartOf":{"@id":"https:\/\/www.unilim.fr\/havae\/#website"},"datePublished":"2022-11-08T23:00:00+00:00","dateModified":"2024-03-15T10:41:54+00:00","breadcrumb":{"@id":"https:\/\/www.unilim.fr\/havae\/recherche\/doctorantsstagiaires\/agathe-bilhaut\/#breadcrumb"},"inLanguage":"fr-FR","potentialAction":[{"@type":"ReadAction","target":["https:\/\/www.unilim.fr\/havae\/recherche\/doctorantsstagiaires\/agathe-bilhaut\/"]}]},{"@type":"BreadcrumbList","@id":"https:\/\/www.unilim.fr\/havae\/recherche\/doctorantsstagiaires\/agathe-bilhaut\/#breadcrumb","itemListElement":[{"@type":"ListItem","position":1,"name":"Accueil","item":"https:\/\/www.unilim.fr\/havae\/"},{"@type":"ListItem","position":2,"name":"Recherche","item":"https:\/\/www.unilim.fr\/havae\/recherche\/"},{"@type":"ListItem","position":3,"name":"Doctorants\/Stagiaires","item":"https:\/\/www.unilim.fr\/havae\/recherche\/doctorantsstagiaires\/"},{"@type":"ListItem","position":4,"name":"Agathe Bilhaut"}]},{"@type":"WebSite","@id":"https:\/\/www.unilim.fr\/havae\/#website","url":"https:\/\/www.unilim.fr\/havae\/","name":"HAVAE","description":"universit\u00e9 ouverte source de r\u00e9ussites","potentialAction":[{"@type":"SearchAction","target":{"@type":"EntryPoint","urlTemplate":"https:\/\/www.unilim.fr\/havae\/?s={search_term_string}"},"query-input":{"@type":"PropertyValueSpecification","valueRequired":true,"valueName":"search_term_string"}}],"inLanguage":"fr-FR"}]}},"publishpress_future_action":{"enabled":false,"date":"2026-04-12 23:10:24","action":"change-status","newStatus":"draft","terms":[],"taxonomy":"page_category","extraData":[]},"publishpress_future_workflow_manual_trigger":{"enabledWorkflows":[]},"_links":{"self":[{"href":"https:\/\/www.unilim.fr\/havae\/wp-json\/wp\/v2\/pages\/2496","targetHints":{"allow":["GET"]}}],"collection":[{"href":"https:\/\/www.unilim.fr\/havae\/wp-json\/wp\/v2\/pages"}],"about":[{"href":"https:\/\/www.unilim.fr\/havae\/wp-json\/wp\/v2\/types\/page"}],"author":[{"embeddable":true,"href":"https:\/\/www.unilim.fr\/havae\/wp-json\/wp\/v2\/users\/7"}],"replies":[{"embeddable":true,"href":"https:\/\/www.unilim.fr\/havae\/wp-json\/wp\/v2\/comments?post=2496"}],"version-history":[{"count":0,"href":"https:\/\/www.unilim.fr\/havae\/wp-json\/wp\/v2\/pages\/2496\/revisions"}],"up":[{"embeddable":true,"href":"https:\/\/www.unilim.fr\/havae\/wp-json\/wp\/v2\/pages\/65"}],"wp:attachment":[{"href":"https:\/\/www.unilim.fr\/havae\/wp-json\/wp\/v2\/media?parent=2496"}],"curies":[{"name":"wp","href":"https:\/\/api.w.org\/{rel}","templated":true}]}}