{"id":2399,"date":"2022-10-20T00:00:00","date_gmt":"2022-10-19T22:00:00","guid":{"rendered":"http:\/\/www.unilim.fr\/havae\/havae-ur20217\/membres-de-lequipe-2\/sabine-chavinier-rela\/"},"modified":"2023-11-10T11:25:24","modified_gmt":"2023-11-10T11:25:24","slug":"sabine-chavinier-rela","status":"publish","type":"page","link":"https:\/\/www.unilim.fr\/havae\/havae-ur20217\/membres-de-lequipe-2\/sabine-chavinier-rela\/","title":{"rendered":"Sabine Chavinier-Rela"},"content":{"rendered":"                        <div class=\"container-fluid bg-grad-right-gray-lighter ul-element-page-header \">\n                            <div class=\"container\">\n                                <div class=\"row\">\n                                    <div class=\"col-xs-12 hidden-xs text-dark\">\n                                                                                            <div class=\"ul-element-breadcrumb hidden-xs \">\n            \n                                <ol class='breadcrumb'>\n                                    <li>\n                                        <a href='http:\/\/www.unilim.fr\/havae'><i class='fa fa-home fa-lg fa-fw'><\/i><\/a>\n                                    <\/li><\/ol>        <\/div>\n                                                                                    <\/div>\n                                    <div class=\"col-xs-3 hidden-xs\">\n                                                                                    <div class=\"ul-element-logo-signal hidden-xs\" style=\"display: inline-block; position: relative; width: 100% ; margin-top: 23px; padding-bottom: 11.9284%;vertical-align: top;\">\n                <svg preserveAspectRatio=\"xMinYMin meet\" viewBox=\"0 0 503 60\" style=\"display: block;position: absolute;top: 0;left: 0;width:100%;max-width:100%;height:100%\">\n                      <g>\n                          <rect  opacity=\"0.3\"  x=\"0\" y=\"0\" width=\"142px\" height=\"60\" rx=\"6\" class=\" bg-primary\"><\/rect>\n                          <rect opacity=\"0.5\"  x=\"106\" y=\"0\" width=\"119px\" height=\"60\" rx=\"6\" class=\"bg-primary\"><\/rect>\n                          <rect opacity=\"0.6\"  x=\"207\" y=\"0\" width=\"84px\" height=\"60\" rx=\"6\" class=\" bg-primary\"><\/rect>\n                          <rect opacity=\"0.7\"  x=\"308\" y=\"0\" width=\"61px\" height=\"60\" rx=\"6\" class=\" bg-primary\"><\/rect>\n                          <rect opacity=\"0.8\"  x=\"390\" y=\"0\" width=\"29px\" height=\"60\" rx=\"6\" class=\" bg-primary\"><\/rect>\n                          <rect x=\"446\" y=\"0\" width=\"15px\" height=\"60\" rx=\"4\" class=\"                bg-primary\"><\/rect>\n                          <rect x=\"495\" y=\"0\" width=\"8px\" height=\"60\" rx=\"2\" class=\"                 bg-primary\"><\/rect>\n                      <\/g>\n                <\/svg>\n        <\/div>                                                                            <\/div>\n\n                                                                            <div class=\"col-sm-9 text-dark\">\n\n                                                                                                    <h1 class=\"blog-title text-primary ul-bold\">Sabine Chavinier-Rela                                                                                                            <\/h1>\n\n                                                    <br\/>\n                                                \n\n\n                                                \n                                                                                        <\/div>\n                                    \n                                <\/div>\n                            <\/div>\n                        <\/div>\n                                <div class=\"container-fluid  \" style=\"\">\n                      <div class=\"container\">\n                <div class=\"row \" style=\"margin-top: 30px;margin-bottom: 30px\">        <div class=\"col-md-12 \">\n                        <div class=\"ul-element-personne \" style=\"margin: 15px 0; display: table;\">\n                <div style=\"display:table-row\" class=\"element-body\">\n                    <div style=\"display: table-cell; vertical-align: top;\" class=\"element-image\">\n                                                            <img decoding=\"async\" src=\"https:\/\/www.unilim.fr\/havae\/wp-content\/uploads\/sites\/5\/2023\/11\/2022.05.05_SCR-196x300.jpg\" class=\"img pull-left\" style=\"width:80px;height:80px;margin-right:15px;\"\/>\n                                            <\/div>\n                    <div style=\"display: table-cell; vertical-align: top;\" class=\"element-content\">\n                        <h4>Chavinier-R\u00e9la Sabine<\/h4>\n                                                <p>\n                            <span>Maitre de Conf\u00e9rence (STAPS - 74\u00e8me section CNU) au D\u00e9partement STAPS de l'Universit\u00e9 de Limoges<\/span><br\/>                                                                                <\/p>\n                                                <p style=\"white-space:nowrap;\">\n                                                                                                                                                                        <i class=\"fa fa-envelope-o fa-fw\"><\/i> <a href=\"mailto:sabine.chavinier@unilim.fr\" target=\"_blank\">sabine.chavinier@unilim.fr<\/a><br\/>                                                    <\/p>\n                        <p>\n                                                                                <\/p>\n                    <\/div>\n                <\/div>\n            <\/div>\n                <div class=\" text-center btn-fullwidth \">\n            <a role=\"button\" href=\"https:\/\/www.linkedin.com\/in\/sabine-chavinier-r%C3%A9la\/\" target=\"_blank\" class=\"ul-btn-margin ul-bold btn btn-primary \">\n                                    <i class=\"fa fa-fw fa-linkedin-square\"><\/i>\n                                Sabine Chavinier-R\u00e9la            <\/a>\n        <\/div>\n                <div class=\"\">\n                        <div class=\"panel panel-primary\">\n                              <div class=\"panel-body\">\n                  \n<p>&#8211; Responsable Licence Parcours&nbsp;Management du sport &#8211; Universit&eacute; de Limoges<\/p>\n<p>&#8211; Responsable Suivi de l&rsquo;alternance Master Management des Organisations Sportives et optimisations socio-&eacute;conomiques Territoriales (Master MOST)<\/p>\n<p>&#8211;&nbsp;Tr&eacute;sori&egrave;re de la soci&eacute;t&eacute; de sociologie du sport en langue fran&ccedil;aise (3SLF), en charge de l&rsquo;&eacute;dition de la revue Sciences sociales et sport<\/p>\n<p>&#8211; Membre de la soci&eacute;t&eacute; savante de management du sport (S2MS)<\/p>\n<p>&#8211; Experte Hc&eacute;res &ndash; vagues A (2019-2020) et C (2022-2023)<\/p>\n<p><strong>&nbsp;&nbsp;<\/strong><\/p>\n<p><span style=\"text-decoration: underline\"><strong>Researchgate&nbsp;:<\/strong><\/span>&nbsp;<a href=\"https:\/\/www.researchgate.net\/profile\/Sabine-Chavinier-Rela\">https:\/\/www.researchgate.net\/profile\/Sabine-Chavinier-Rela&nbsp;<\/a>&nbsp; &nbsp; &nbsp; &nbsp; &nbsp; &nbsp; &nbsp; &nbsp; &nbsp; &nbsp; &nbsp; &nbsp;<\/p>\n<p>&nbsp;<\/p>\n<p><span style=\"text-decoration: underline\"><strong>ORCID :<\/strong><\/span>&nbsp;<a href=\"https:\/\/orcid.org\/0000-0001-8937-1593\">https:\/\/orcid.org\/0000-0001-8937-1593<\/a><\/p>\n<p>&nbsp;<\/p>\n<p><span style=\"text-decoration: underline\"><strong>Google Scholar :<\/strong><\/span>&nbsp;<a href=\"https:\/\/scholar.google.fr\/scholar?hl=fr&amp;as_sdt=0%2C5&amp;q=Sabine+CHAVINIER-RELA&amp;btnG=\">https:\/\/scholar.google.fr\/scholar?hl=fr&amp;as_sdt=0%2C5&amp;q=Sabine+CHAVINIER-RELA&amp;btnG=<\/a><\/p>\n<\/p>\n                <\/div>\n                          <\/div>\n                    <\/div>\n                <div class=\"\">\n            <hr\/>\n        <\/div>\n                <div class=\"clearfix ul-element-text \">\n            \n<h4 style=\"text-align: justify;padding-left: 60px\"><\/h4>\n<h4 style=\"text-align: justify;padding-left: 60px\"><span style=\"text-decoration: underline\">Th\u00e9matiques de recherche<\/span><\/h4>\n<p>&nbsp;<\/p>\n<p style=\"text-align: left\">En mobilisant des sciences humaines et sociales compl\u00e9mentaires, je m\u2019int\u00e9resse aux effets sociaux de la pratique sportive suivant des m\u00e9thodologies quantitatives ou qualitatives. Cela m\u2019am\u00e8ne \u00e0 analyser les organisations (sciences de gestion) ou les pratiquants (sociologie) mais toujours en int\u00e9grant une dimension territoriale\/g\u00e9ographique. Au fil des opportunit\u00e9s, je me suis int\u00e9ress\u00e9e aux f\u00e9d\u00e9rations affinitaires, \u00e0 l\u2019emploi sportif, aux blessures des adolescents de haut-niveau, aux activit\u00e9s physiques et sportive en milieu professionnel, etc. avec syst\u00e9matiquement une sensibilit\u00e9 aux enjeux de sant\u00e9.<\/p>\n<p>&nbsp;<\/p>\n<h4 style=\"padding-left: 60px\"><span style=\"text-decoration: underline\">Principaux projets<\/span><\/h4>\n<p>&nbsp;<\/p>\n<ul>\n<li>\n<p style=\"background-color: transparent\">IKT In Motion, financement R\u00e9gion Nouvelle Aquitaine \u2013 pilotes&nbsp;: Laurent BOSQUET &amp; Julien BOIS sur la prescription d\u2019activit\u00e9s physiques et sportives selon une approche g\u00e9ographique\/sciences de gestion<\/p>\n<\/li>\n<li>Ad Corpus Sanum \u2013 pilote&nbsp;: Julien PIERRE &amp; Yan DALLA PRIA sur la pratique d\u2019activit\u00e9 physique et sportive en situation de t\u00e9l\u00e9travail selon une approche sociologique\/psychologique<\/li>\n<li>INJEP \u2013 pilotes : J\u00e9r\u00e9mie BASTIEN &amp; Cyrille ROUGIER sur les carri\u00e8res sportives des non-pratiquants selon une approche \u00e9conomique\/sociologique<\/li>\n<\/ul>\n<p style=\"background-color: transparent\">&nbsp;<\/p>\n<p style=\"background-color: transparent\">3 co-encadrements de th\u00e8ses \u00e0 ce jour trois :&nbsp;<\/p>\n<ul>\n<li>Abdallah TOUBAYE, Analyse des mod\u00e8les \u00e9conomiques des clubs sportifs amateurs : typologie, analyse dynamique et perspective de d\u00e9veloppement (Co-encadrant : Eric Barget)<\/li>\n<li>Mokhtar ESSAFI, Evaluation des effets d&rsquo;un programme d&rsquo;activit\u00e9 physique sur le capital humain des salari\u00e9s du secteur tertiaire&nbsp;(Co-encadrant : Eric Barget)<\/li>\n<li>Zita MESSAN, Evaluation d&rsquo;impact sur la sant\u00e9 et l&rsquo;\u00e9quit\u00e9 en sant\u00e9 du dispositif r\u00e9gional PEPS&nbsp;: \u00e9laboration d&rsquo;une m\u00e9thode sp\u00e9cifique aux territoires ruraux et p\u00e9ri-urbains (Co-encadrant :&nbsp;Dominique ROYOUX)<\/li>\n<\/ul>\n<p>&nbsp;<\/p>\n<h4 style=\"padding-left: 60px\"><span style=\"text-decoration: underline\">Mots-cl\u00e9<\/span><\/h4>\n<p><span style=\"text-decoration: underline\"><\/span>&nbsp;<\/p>\n<p>Externalit\u00e9s \u2013 Utilit\u00e9 sociale \u2013 Transferts culturels \u2013 Territoire \u2013 Sant\u00e9 \u2013 Activit\u00e9s Physiques et Sportives.<br \/><span style=\"text-decoration: underline\"><\/span><\/p>\n        <\/div>\n                <\/div>\n        <\/div>\n            <\/div>\n                  <\/div>\n        \n","protected":false},"excerpt":{"rendered":"","protected":false},"author":7,"featured_media":0,"parent":63,"menu_order":0,"comment_status":"closed","ping_status":"closed","template":"page-le.php","meta":{"footnotes":""},"class_list":["post-2399","page","type-page","status-publish","hentry"],"yoast_head":"<!-- This site is optimized with the Yoast SEO plugin v26.5 - https:\/\/yoast.com\/wordpress\/plugins\/seo\/ -->\n<title>Sabine Chavinier-Rela - HAVAE<\/title>\n<meta name=\"robots\" content=\"index, follow, max-snippet:-1, max-image-preview:large, max-video-preview:-1\" \/>\n<link rel=\"canonical\" href=\"https:\/\/www.unilim.fr\/havae\/havae-ur20217\/membres-de-lequipe-2\/sabine-chavinier-rela\/\" \/>\n<meta property=\"og:locale\" content=\"fr_FR\" \/>\n<meta property=\"og:type\" content=\"article\" \/>\n<meta property=\"og:title\" content=\"Sabine Chavinier-Rela - HAVAE\" \/>\n<meta property=\"og:url\" content=\"https:\/\/www.unilim.fr\/havae\/havae-ur20217\/membres-de-lequipe-2\/sabine-chavinier-rela\/\" \/>\n<meta property=\"og:site_name\" content=\"HAVAE\" \/>\n<meta property=\"article:modified_time\" content=\"2023-11-10T11:25:24+00:00\" \/>\n<meta name=\"twitter:label1\" content=\"Dur\u00e9e de lecture estim\u00e9e\" \/>\n\t<meta name=\"twitter:data1\" content=\"3 minutes\" \/>\n<script type=\"application\/ld+json\" class=\"yoast-schema-graph\">{\"@context\":\"https:\/\/schema.org\",\"@graph\":[{\"@type\":\"WebPage\",\"@id\":\"https:\/\/www.unilim.fr\/havae\/havae-ur20217\/membres-de-lequipe-2\/sabine-chavinier-rela\/\",\"url\":\"https:\/\/www.unilim.fr\/havae\/havae-ur20217\/membres-de-lequipe-2\/sabine-chavinier-rela\/\",\"name\":\"Sabine Chavinier-Rela - HAVAE\",\"isPartOf\":{\"@id\":\"https:\/\/www.unilim.fr\/havae\/#website\"},\"datePublished\":\"2022-10-19T22:00:00+00:00\",\"dateModified\":\"2023-11-10T11:25:24+00:00\",\"breadcrumb\":{\"@id\":\"https:\/\/www.unilim.fr\/havae\/havae-ur20217\/membres-de-lequipe-2\/sabine-chavinier-rela\/#breadcrumb\"},\"inLanguage\":\"fr-FR\",\"potentialAction\":[{\"@type\":\"ReadAction\",\"target\":[\"https:\/\/www.unilim.fr\/havae\/havae-ur20217\/membres-de-lequipe-2\/sabine-chavinier-rela\/\"]}]},{\"@type\":\"BreadcrumbList\",\"@id\":\"https:\/\/www.unilim.fr\/havae\/havae-ur20217\/membres-de-lequipe-2\/sabine-chavinier-rela\/#breadcrumb\",\"itemListElement\":[{\"@type\":\"ListItem\",\"position\":1,\"name\":\"Accueil\",\"item\":\"https:\/\/www.unilim.fr\/havae\/\"},{\"@type\":\"ListItem\",\"position\":2,\"name\":\"HAVAE &#8211; UR20217\",\"item\":\"https:\/\/www.unilim.fr\/havae\/havae-ur20217\/\"},{\"@type\":\"ListItem\",\"position\":3,\"name\":\"Membres de l&rsquo;\u00e9quipe\",\"item\":\"https:\/\/www.unilim.fr\/havae\/havae-ur20217\/membres-de-lequipe-2\/\"},{\"@type\":\"ListItem\",\"position\":4,\"name\":\"Sabine Chavinier-Rela\"}]},{\"@type\":\"WebSite\",\"@id\":\"https:\/\/www.unilim.fr\/havae\/#website\",\"url\":\"https:\/\/www.unilim.fr\/havae\/\",\"name\":\"HAVAE\",\"description\":\"universit\u00e9 ouverte source de r\u00e9ussites\",\"potentialAction\":[{\"@type\":\"SearchAction\",\"target\":{\"@type\":\"EntryPoint\",\"urlTemplate\":\"https:\/\/www.unilim.fr\/havae\/?s={search_term_string}\"},\"query-input\":{\"@type\":\"PropertyValueSpecification\",\"valueRequired\":true,\"valueName\":\"search_term_string\"}}],\"inLanguage\":\"fr-FR\"}]}<\/script>\n<!-- \/ Yoast SEO plugin. -->","yoast_head_json":{"title":"Sabine Chavinier-Rela - HAVAE","robots":{"index":"index","follow":"follow","max-snippet":"max-snippet:-1","max-image-preview":"max-image-preview:large","max-video-preview":"max-video-preview:-1"},"canonical":"https:\/\/www.unilim.fr\/havae\/havae-ur20217\/membres-de-lequipe-2\/sabine-chavinier-rela\/","og_locale":"fr_FR","og_type":"article","og_title":"Sabine Chavinier-Rela - HAVAE","og_url":"https:\/\/www.unilim.fr\/havae\/havae-ur20217\/membres-de-lequipe-2\/sabine-chavinier-rela\/","og_site_name":"HAVAE","article_modified_time":"2023-11-10T11:25:24+00:00","twitter_misc":{"Dur\u00e9e de lecture estim\u00e9e":"3 minutes"},"schema":{"@context":"https:\/\/schema.org","@graph":[{"@type":"WebPage","@id":"https:\/\/www.unilim.fr\/havae\/havae-ur20217\/membres-de-lequipe-2\/sabine-chavinier-rela\/","url":"https:\/\/www.unilim.fr\/havae\/havae-ur20217\/membres-de-lequipe-2\/sabine-chavinier-rela\/","name":"Sabine Chavinier-Rela - HAVAE","isPartOf":{"@id":"https:\/\/www.unilim.fr\/havae\/#website"},"datePublished":"2022-10-19T22:00:00+00:00","dateModified":"2023-11-10T11:25:24+00:00","breadcrumb":{"@id":"https:\/\/www.unilim.fr\/havae\/havae-ur20217\/membres-de-lequipe-2\/sabine-chavinier-rela\/#breadcrumb"},"inLanguage":"fr-FR","potentialAction":[{"@type":"ReadAction","target":["https:\/\/www.unilim.fr\/havae\/havae-ur20217\/membres-de-lequipe-2\/sabine-chavinier-rela\/"]}]},{"@type":"BreadcrumbList","@id":"https:\/\/www.unilim.fr\/havae\/havae-ur20217\/membres-de-lequipe-2\/sabine-chavinier-rela\/#breadcrumb","itemListElement":[{"@type":"ListItem","position":1,"name":"Accueil","item":"https:\/\/www.unilim.fr\/havae\/"},{"@type":"ListItem","position":2,"name":"HAVAE &#8211; UR20217","item":"https:\/\/www.unilim.fr\/havae\/havae-ur20217\/"},{"@type":"ListItem","position":3,"name":"Membres de l&rsquo;\u00e9quipe","item":"https:\/\/www.unilim.fr\/havae\/havae-ur20217\/membres-de-lequipe-2\/"},{"@type":"ListItem","position":4,"name":"Sabine Chavinier-Rela"}]},{"@type":"WebSite","@id":"https:\/\/www.unilim.fr\/havae\/#website","url":"https:\/\/www.unilim.fr\/havae\/","name":"HAVAE","description":"universit\u00e9 ouverte source de r\u00e9ussites","potentialAction":[{"@type":"SearchAction","target":{"@type":"EntryPoint","urlTemplate":"https:\/\/www.unilim.fr\/havae\/?s={search_term_string}"},"query-input":{"@type":"PropertyValueSpecification","valueRequired":true,"valueName":"search_term_string"}}],"inLanguage":"fr-FR"}]}},"publishpress_future_action":{"enabled":false,"date":"2026-05-01 16:19:36","action":"change-status","newStatus":"draft","terms":[],"taxonomy":"page_category","extraData":[]},"publishpress_future_workflow_manual_trigger":{"enabledWorkflows":[]},"_links":{"self":[{"href":"https:\/\/www.unilim.fr\/havae\/wp-json\/wp\/v2\/pages\/2399","targetHints":{"allow":["GET"]}}],"collection":[{"href":"https:\/\/www.unilim.fr\/havae\/wp-json\/wp\/v2\/pages"}],"about":[{"href":"https:\/\/www.unilim.fr\/havae\/wp-json\/wp\/v2\/types\/page"}],"author":[{"embeddable":true,"href":"https:\/\/www.unilim.fr\/havae\/wp-json\/wp\/v2\/users\/7"}],"replies":[{"embeddable":true,"href":"https:\/\/www.unilim.fr\/havae\/wp-json\/wp\/v2\/comments?post=2399"}],"version-history":[{"count":0,"href":"https:\/\/www.unilim.fr\/havae\/wp-json\/wp\/v2\/pages\/2399\/revisions"}],"up":[{"embeddable":true,"href":"https:\/\/www.unilim.fr\/havae\/wp-json\/wp\/v2\/pages\/63"}],"wp:attachment":[{"href":"https:\/\/www.unilim.fr\/havae\/wp-json\/wp\/v2\/media?parent=2399"}],"curies":[{"name":"wp","href":"https:\/\/api.w.org\/{rel}","templated":true}]}}