{"id":2285,"date":"2023-09-06T22:00:00","date_gmt":"2022-10-19T22:00:00","guid":{"rendered":"http:\/\/www.unilim.fr\/havae\/havae-ur20217\/membres-de-lequipe-2\/elpidio-attoh-mensah\/"},"modified":"2025-10-06T12:59:02","modified_gmt":"2025-10-06T12:59:02","slug":"elpidio-attoh-mensah","status":"publish","type":"page","link":"https:\/\/www.unilim.fr\/havae\/havae-ur20217\/membres-de-lequipe-2\/elpidio-attoh-mensah\/","title":{"rendered":"Elpidio Attoh-Mensah"},"content":{"rendered":"                        <div class=\"container-fluid bg-grad-right-gray-lighter ul-element-page-header \">\n                            <div class=\"container\">\n                                <div class=\"row\">\n                                    <div class=\"col-xs-12 hidden-xs text-dark\">\n                                                                                            <div class=\"ul-element-breadcrumb hidden-xs \">\n            \n                                <ol class='breadcrumb'>\n                                    <li>\n                                        <a href='http:\/\/www.unilim.fr\/havae'><i class='fa fa-home fa-lg fa-fw'><\/i><\/a>\n                                    <\/li><\/ol>        <\/div>\n                                                                                    <\/div>\n                                    <div class=\"col-xs-3 hidden-xs\">\n                                                                                    <div class=\"ul-element-logo-signal hidden-xs\" style=\"display: inline-block; position: relative; width: 100% ; margin-top: 23px; padding-bottom: 11.9284%;vertical-align: top;\">\n                <svg preserveAspectRatio=\"xMinYMin meet\" viewBox=\"0 0 503 60\" style=\"display: block;position: absolute;top: 0;left: 0;width:100%;max-width:100%;height:100%\">\n                      <g>\n                          <rect  opacity=\"0.3\"  x=\"0\" y=\"0\" width=\"142px\" height=\"60\" rx=\"6\" class=\" bg-primary\"><\/rect>\n                          <rect opacity=\"0.5\"  x=\"106\" y=\"0\" width=\"119px\" height=\"60\" rx=\"6\" class=\"bg-primary\"><\/rect>\n                          <rect opacity=\"0.6\"  x=\"207\" y=\"0\" width=\"84px\" height=\"60\" rx=\"6\" class=\" bg-primary\"><\/rect>\n                          <rect opacity=\"0.7\"  x=\"308\" y=\"0\" width=\"61px\" height=\"60\" rx=\"6\" class=\" bg-primary\"><\/rect>\n                          <rect opacity=\"0.8\"  x=\"390\" y=\"0\" width=\"29px\" height=\"60\" rx=\"6\" class=\" bg-primary\"><\/rect>\n                          <rect x=\"446\" y=\"0\" width=\"15px\" height=\"60\" rx=\"4\" class=\"                bg-primary\"><\/rect>\n                          <rect x=\"495\" y=\"0\" width=\"8px\" height=\"60\" rx=\"2\" class=\"                 bg-primary\"><\/rect>\n                      <\/g>\n                <\/svg>\n        <\/div>                                                                            <\/div>\n\n                                                                            <div class=\"col-sm-9 text-dark\">\n\n                                                                                                    <h1 class=\"blog-title text-primary ul-bold\">Elpidio Attoh-Mensah                                                                                                            <\/h1>\n\n                                                    <br\/>\n                                                \n\n\n                                                \n                                                                                        <\/div>\n                                    \n                                <\/div>\n                            <\/div>\n                        <\/div>\n                                <div class=\"container-fluid  \" style=\"\">\n                      <div class=\"container\">\n                <div class=\"row \" style=\"margin-top: 30px;margin-bottom: 30px\">        <div class=\"col-md-12 \">\n                        <div class=\"ul-element-personne \" style=\"margin: 15px 0; display: table;\">\n                <div style=\"display:table-row\" class=\"element-body\">\n                    <div style=\"display: table-cell; vertical-align: top;\" class=\"element-image\">\n                                                            <img decoding=\"async\" src=\"https:\/\/www.unilim.fr\/havae\/wp-content\/uploads\/sites\/5\/2023\/09\/Elpidio-Attoh-Mensah_V2.jpg\" class=\"img pull-left\" style=\"width:80px;height:80px;margin-right:15px;\"\/>\n                                            <\/div>\n                    <div style=\"display: table-cell; vertical-align: top;\" class=\"element-content\">\n                        <h4>Attoh-Mensah Elpidio<\/h4>\n                                                <p>\n                            <span>Docteur en Sciences et Techniques des Activit\u00e9s Physiques et Sportives (STAPS - 74\u00e8me section CNU) - Maitre de Conf\u00e9rence au D\u00e9partement STAPS de l'Universit\u00e9 de Limoges<\/span><br\/>                                                                                <\/p>\n                                                <p style=\"white-space:nowrap;\">\n                            <i class=\"fa fa-phone fa-fw\"><\/i> <a href=\"tel:+33(0)555457687\">+33 (0)5 55 45 76 87<\/a><br\/>                                                                                                                                            <i class=\"fa fa-envelope-o fa-fw\"><\/i> <a href=\"mailto:kouakou.attoh-mensah@unilim.fr\" target=\"_blank\">kouakou.attoh-mensah@unilim.fr<\/a><br\/>                                                    <\/p>\n                        <p>\n                                                                                <\/p>\n                    <\/div>\n                <\/div>\n            <\/div>\n                <div class=\" text-center btn-fullwidth \">\n            <a role=\"button\" href=\"https:\/\/www.linkedin.com\/in\/elpidio-attoh-mensah-38b982116\/\" target=\"_self\" class=\"ul-btn-margin ul-bold btn btn-primary \">\n                                    <i class=\"fa fa-fw fa-linkedin-square\"><\/i>\n                                Elpidio Attoh-Mensah            <\/a>\n        <\/div>\n                <div class=\"\">\n                        <div class=\"panel panel-primary\">\n                              <div class=\"panel-body\">\n                  \n<p><span style=\"text-decoration: underline\"><strong>Researchgate&nbsp;:<\/strong><\/span>&nbsp;<a href=\"https:\/\/www.researchgate.net\/profile\/Elpidio-Attoh-Mensah\">https:\/\/www.researchgate.net\/profile\/Elpidio-Attoh-Mensah<\/a>.&nbsp; &nbsp; &nbsp; &nbsp; &nbsp; &nbsp; &nbsp; &nbsp; &nbsp; &nbsp; &nbsp; &nbsp;&nbsp;<\/p>\n<p>&nbsp;<\/p>\n<p><span style=\"text-decoration: underline\"><strong>ORCID :<\/strong><\/span>&nbsp;<a href=\"https:\/\/orcid.org\/my-orcid?orcid=0000-0002-6469-0982\">https:\/\/orcid.org\/my-orcid?orcid=0000-0002-6469-0982<\/a><\/p>\n                <\/div>\n                          <\/div>\n                    <\/div>\n                <div class=\"\">\n            <hr\/>\n        <\/div>\n                <div class=\"clearfix ul-element-text \">\n            \n<h4 style=\"text-align: justify;padding-left: 60px\" data-mce-style=\"text-align: justify; padding-left: 60px;\"><\/h4>\n<h4 style=\"text-align: justify;padding-left: 60px\" data-mce-style=\"text-align: justify; padding-left: 60px;\"><span style=\"text-decoration: underline\" data-mce-style=\"text-decoration: underline;\">Th\u00e9matiques de recherche<\/span><\/h4>\n<p>&nbsp;<\/p>\n<p style=\"text-align: justify\" data-mce-style=\"text-align: justify;\"><span style=\"text-align: justify;background-color: transparent\">Mes recherches visent \u00e0 promouvoir un vieillissement en bonne sant\u00e9 gr\u00e2ce \u00e0 des formes innovantes d\u2019activit\u00e9 physique assist\u00e9es par des technologies immersives, notamment \u00e0 travers les exergames, des jeux vid\u00e9o interactifs qui sollicitent \u00e0 la fois le corps et l\u2019esprit en combinant exercice physique et dimension ludique. Mon objectif principal est d\u2019optimiser les b\u00e9n\u00e9fices de ces interventions en approfondissant la compr\u00e9hension des m\u00e9canismes qui sous-tendent leurs effets. Pour cela, je m\u2019int\u00e9resse particuli\u00e8rement aux changements comportementaux et \u00e0 leurs marqueurs neurophysiologiques. Par ailleurs, je travaille \u00e9galement sur la r\u00e9\u00e9ducation apr\u00e8s un accident vasculaire c\u00e9r\u00e9bral (AVC), afin d\u2019explorer comment les technologies innovantes, comme l\u2019exosquelette ou les environnements immersifs, peuvent favoriser la neuroplasticit\u00e9 et am\u00e9liorer la r\u00e9cup\u00e9ration fonctionnelle.<\/span><\/p>\n<p>&nbsp;<\/p>\n<h4 style=\"padding-left: 60px\" data-mce-style=\"padding-left: 60px;\"><span style=\"text-decoration: underline\" data-mce-style=\"text-decoration: underline;\">Principaux projets<\/span><\/h4>\n<p>&nbsp;<\/p>\n<ul>\n<li style=\"text-align: justify\" data-mce-style=\"text-align: justify;\">Projet ECOBRAIN (Personnalisation de l&rsquo;exergame pour les personnes \u00e2g\u00e9es) :&nbsp;Ce projet vise \u00e0 identifier les effets des techniques de personnalisation des exergames chez les personnes \u00e2g\u00e9es. Nous \u00e9tudions \u00e9galement les bases c\u00e9r\u00e9brales de ces ph\u00e9nom\u00e8nes afin d\u2019enrichir la compr\u00e9hension des m\u00e9canismes sous-jacents et de renforcer la validit\u00e9 \u00e9cologique des interventions.<\/li>\n<li style=\"text-align: justify\" data-mce-style=\"text-align: justify;\">Projet StepXR et V\u00e9lo cognitif : Ces projets explorent l\u2019impact des caract\u00e9ristiques de la r\u00e9alit\u00e9 \u00e9tendue sur les d\u00e9terminants de l\u2019activit\u00e9 physique et sur l\u2019exp\u00e9rience utilisateur. Nous cherchons \u00e0 mobiliser le potentiel des technologies immersives pour faciliter et encourager la pratique r\u00e9guli\u00e8re d\u2019une activit\u00e9 physique chez les personnes \u00e2g\u00e9es notamment.<\/li>\n<li style=\"text-align: justify\" data-mce-style=\"text-align: justify;\">Projet Exosquelette &amp; R\u00e9adaptation :&nbsp;Ce projet consiste \u00e0 \u00e9tudier diff\u00e9rentes modalit\u00e9s d\u2019utilisation de l\u2019exosquelette lors de la marche chez les patients ayant subi un AVC. L\u2019objectif est d\u2019\u00e9valuer leurs effets sur la neuroplasticit\u00e9 afin d\u2019optimiser les interventions.<\/li>\n<\/ul>\n<p>&nbsp;<\/p>\n<h4 style=\"padding-left: 60px\" data-mce-style=\"padding-left: 60px;\"><span style=\"text-decoration: underline\" data-mce-style=\"text-decoration: underline;\">Mots-cl\u00e9<\/span><\/h4>\n<p><span style=\"text-decoration: underline\" data-mce-style=\"text-decoration: underline;\"><\/span>&nbsp;<\/p>\n<p>Chute &#8211; Vieillissement &#8211; Interf\u00e9rence cognitivo- motrice &#8211; Bien vieillir &#8211; Neurophysiologie &#8211; Neuroimagerie<br \/><span style=\"text-decoration: underline\" data-mce-style=\"text-decoration: underline;\"><\/span><\/p>\n        <\/div>\n                <\/div>\n        <\/div>\n            <\/div>\n                  <\/div>\n        \n","protected":false},"excerpt":{"rendered":"","protected":false},"author":7,"featured_media":0,"parent":63,"menu_order":0,"comment_status":"closed","ping_status":"closed","template":"page-le.php","meta":{"footnotes":""},"class_list":["post-2285","page","type-page","status-publish","hentry"],"yoast_head":"<!-- This site is optimized with the Yoast SEO plugin v26.5 - https:\/\/yoast.com\/wordpress\/plugins\/seo\/ -->\n<title>Elpidio Attoh-Mensah - HAVAE<\/title>\n<meta name=\"robots\" content=\"index, follow, max-snippet:-1, max-image-preview:large, max-video-preview:-1\" \/>\n<link rel=\"canonical\" href=\"https:\/\/www.unilim.fr\/havae\/havae-ur20217\/membres-de-lequipe-2\/elpidio-attoh-mensah\/\" \/>\n<meta property=\"og:locale\" content=\"fr_FR\" \/>\n<meta property=\"og:type\" content=\"article\" \/>\n<meta property=\"og:title\" content=\"Elpidio Attoh-Mensah - HAVAE\" \/>\n<meta property=\"og:url\" content=\"https:\/\/www.unilim.fr\/havae\/havae-ur20217\/membres-de-lequipe-2\/elpidio-attoh-mensah\/\" \/>\n<meta property=\"og:site_name\" content=\"HAVAE\" \/>\n<meta property=\"article:modified_time\" content=\"2025-10-06T12:59:02+00:00\" \/>\n<meta name=\"twitter:label1\" content=\"Dur\u00e9e de lecture estim\u00e9e\" \/>\n\t<meta name=\"twitter:data1\" content=\"3 minutes\" \/>\n<script type=\"application\/ld+json\" class=\"yoast-schema-graph\">{\"@context\":\"https:\/\/schema.org\",\"@graph\":[{\"@type\":\"WebPage\",\"@id\":\"https:\/\/www.unilim.fr\/havae\/havae-ur20217\/membres-de-lequipe-2\/elpidio-attoh-mensah\/\",\"url\":\"https:\/\/www.unilim.fr\/havae\/havae-ur20217\/membres-de-lequipe-2\/elpidio-attoh-mensah\/\",\"name\":\"Elpidio Attoh-Mensah - HAVAE\",\"isPartOf\":{\"@id\":\"https:\/\/www.unilim.fr\/havae\/#website\"},\"datePublished\":\"2022-10-19T22:00:00+00:00\",\"dateModified\":\"2025-10-06T12:59:02+00:00\",\"breadcrumb\":{\"@id\":\"https:\/\/www.unilim.fr\/havae\/havae-ur20217\/membres-de-lequipe-2\/elpidio-attoh-mensah\/#breadcrumb\"},\"inLanguage\":\"fr-FR\",\"potentialAction\":[{\"@type\":\"ReadAction\",\"target\":[\"https:\/\/www.unilim.fr\/havae\/havae-ur20217\/membres-de-lequipe-2\/elpidio-attoh-mensah\/\"]}]},{\"@type\":\"BreadcrumbList\",\"@id\":\"https:\/\/www.unilim.fr\/havae\/havae-ur20217\/membres-de-lequipe-2\/elpidio-attoh-mensah\/#breadcrumb\",\"itemListElement\":[{\"@type\":\"ListItem\",\"position\":1,\"name\":\"Accueil\",\"item\":\"https:\/\/www.unilim.fr\/havae\/\"},{\"@type\":\"ListItem\",\"position\":2,\"name\":\"HAVAE &#8211; UR20217\",\"item\":\"https:\/\/www.unilim.fr\/havae\/havae-ur20217\/\"},{\"@type\":\"ListItem\",\"position\":3,\"name\":\"Membres de l&rsquo;\u00e9quipe\",\"item\":\"https:\/\/www.unilim.fr\/havae\/havae-ur20217\/membres-de-lequipe-2\/\"},{\"@type\":\"ListItem\",\"position\":4,\"name\":\"Elpidio Attoh-Mensah\"}]},{\"@type\":\"WebSite\",\"@id\":\"https:\/\/www.unilim.fr\/havae\/#website\",\"url\":\"https:\/\/www.unilim.fr\/havae\/\",\"name\":\"HAVAE\",\"description\":\"universit\u00e9 ouverte source de r\u00e9ussites\",\"potentialAction\":[{\"@type\":\"SearchAction\",\"target\":{\"@type\":\"EntryPoint\",\"urlTemplate\":\"https:\/\/www.unilim.fr\/havae\/?s={search_term_string}\"},\"query-input\":{\"@type\":\"PropertyValueSpecification\",\"valueRequired\":true,\"valueName\":\"search_term_string\"}}],\"inLanguage\":\"fr-FR\"}]}<\/script>\n<!-- \/ Yoast SEO plugin. -->","yoast_head_json":{"title":"Elpidio Attoh-Mensah - HAVAE","robots":{"index":"index","follow":"follow","max-snippet":"max-snippet:-1","max-image-preview":"max-image-preview:large","max-video-preview":"max-video-preview:-1"},"canonical":"https:\/\/www.unilim.fr\/havae\/havae-ur20217\/membres-de-lequipe-2\/elpidio-attoh-mensah\/","og_locale":"fr_FR","og_type":"article","og_title":"Elpidio Attoh-Mensah - HAVAE","og_url":"https:\/\/www.unilim.fr\/havae\/havae-ur20217\/membres-de-lequipe-2\/elpidio-attoh-mensah\/","og_site_name":"HAVAE","article_modified_time":"2025-10-06T12:59:02+00:00","twitter_misc":{"Dur\u00e9e de lecture estim\u00e9e":"3 minutes"},"schema":{"@context":"https:\/\/schema.org","@graph":[{"@type":"WebPage","@id":"https:\/\/www.unilim.fr\/havae\/havae-ur20217\/membres-de-lequipe-2\/elpidio-attoh-mensah\/","url":"https:\/\/www.unilim.fr\/havae\/havae-ur20217\/membres-de-lequipe-2\/elpidio-attoh-mensah\/","name":"Elpidio Attoh-Mensah - HAVAE","isPartOf":{"@id":"https:\/\/www.unilim.fr\/havae\/#website"},"datePublished":"2022-10-19T22:00:00+00:00","dateModified":"2025-10-06T12:59:02+00:00","breadcrumb":{"@id":"https:\/\/www.unilim.fr\/havae\/havae-ur20217\/membres-de-lequipe-2\/elpidio-attoh-mensah\/#breadcrumb"},"inLanguage":"fr-FR","potentialAction":[{"@type":"ReadAction","target":["https:\/\/www.unilim.fr\/havae\/havae-ur20217\/membres-de-lequipe-2\/elpidio-attoh-mensah\/"]}]},{"@type":"BreadcrumbList","@id":"https:\/\/www.unilim.fr\/havae\/havae-ur20217\/membres-de-lequipe-2\/elpidio-attoh-mensah\/#breadcrumb","itemListElement":[{"@type":"ListItem","position":1,"name":"Accueil","item":"https:\/\/www.unilim.fr\/havae\/"},{"@type":"ListItem","position":2,"name":"HAVAE &#8211; UR20217","item":"https:\/\/www.unilim.fr\/havae\/havae-ur20217\/"},{"@type":"ListItem","position":3,"name":"Membres de l&rsquo;\u00e9quipe","item":"https:\/\/www.unilim.fr\/havae\/havae-ur20217\/membres-de-lequipe-2\/"},{"@type":"ListItem","position":4,"name":"Elpidio Attoh-Mensah"}]},{"@type":"WebSite","@id":"https:\/\/www.unilim.fr\/havae\/#website","url":"https:\/\/www.unilim.fr\/havae\/","name":"HAVAE","description":"universit\u00e9 ouverte source de r\u00e9ussites","potentialAction":[{"@type":"SearchAction","target":{"@type":"EntryPoint","urlTemplate":"https:\/\/www.unilim.fr\/havae\/?s={search_term_string}"},"query-input":{"@type":"PropertyValueSpecification","valueRequired":true,"valueName":"search_term_string"}}],"inLanguage":"fr-FR"}]}},"publishpress_future_action":{"enabled":false,"date":"2026-05-01 16:19:39","action":"change-status","newStatus":"draft","terms":[],"taxonomy":"page_category","extraData":[]},"publishpress_future_workflow_manual_trigger":{"enabledWorkflows":[]},"_links":{"self":[{"href":"https:\/\/www.unilim.fr\/havae\/wp-json\/wp\/v2\/pages\/2285","targetHints":{"allow":["GET"]}}],"collection":[{"href":"https:\/\/www.unilim.fr\/havae\/wp-json\/wp\/v2\/pages"}],"about":[{"href":"https:\/\/www.unilim.fr\/havae\/wp-json\/wp\/v2\/types\/page"}],"author":[{"embeddable":true,"href":"https:\/\/www.unilim.fr\/havae\/wp-json\/wp\/v2\/users\/7"}],"replies":[{"embeddable":true,"href":"https:\/\/www.unilim.fr\/havae\/wp-json\/wp\/v2\/comments?post=2285"}],"version-history":[{"count":1,"href":"https:\/\/www.unilim.fr\/havae\/wp-json\/wp\/v2\/pages\/2285\/revisions"}],"predecessor-version":[{"id":2813,"href":"https:\/\/www.unilim.fr\/havae\/wp-json\/wp\/v2\/pages\/2285\/revisions\/2813"}],"up":[{"embeddable":true,"href":"https:\/\/www.unilim.fr\/havae\/wp-json\/wp\/v2\/pages\/63"}],"wp:attachment":[{"href":"https:\/\/www.unilim.fr\/havae\/wp-json\/wp\/v2\/media?parent=2285"}],"curies":[{"name":"wp","href":"https:\/\/api.w.org\/{rel}","templated":true}]}}