{"id":2107,"date":"2022-10-20T00:00:00","date_gmt":"2022-10-19T22:00:00","guid":{"rendered":"http:\/\/www.unilim.fr\/havae\/havae-ur20217\/membres-de-lequipe-2\/arnaud-boujut\/"},"modified":"2023-01-31T08:06:16","modified_gmt":"2023-01-31T08:06:16","slug":"arnaud-boujut","status":"publish","type":"page","link":"https:\/\/www.unilim.fr\/havae\/havae-ur20217\/membres-de-lequipe-2\/arnaud-boujut\/","title":{"rendered":"Arnaud Boujut"},"content":{"rendered":"                        <div class=\"container-fluid bg-grad-right-gray-lighter ul-element-page-header \">\n                            <div class=\"container\">\n                                <div class=\"row\">\n                                    <div class=\"col-xs-12 hidden-xs text-dark\">\n                                                                                            <div class=\"ul-element-breadcrumb hidden-xs \">\n            \n                                <ol class='breadcrumb'>\n                                    <li>\n                                        <a href='http:\/\/www.unilim.fr\/havae'><i class='fa fa-home fa-lg fa-fw'><\/i><\/a>\n                                    <\/li><\/ol>        <\/div>\n                                                                                    <\/div>\n                                    <div class=\"col-xs-3 hidden-xs\">\n                                                                                    <div class=\"ul-element-logo-signal hidden-xs\" style=\"display: inline-block; position: relative; width: 100% ; margin-top: 23px; padding-bottom: 11.9284%;vertical-align: top;\">\n                <svg preserveAspectRatio=\"xMinYMin meet\" viewBox=\"0 0 503 60\" style=\"display: block;position: absolute;top: 0;left: 0;width:100%;max-width:100%;height:100%\">\n                      <g>\n                          <rect  opacity=\"0.3\"  x=\"0\" y=\"0\" width=\"142px\" height=\"60\" rx=\"6\" class=\" bg-primary\"><\/rect>\n                          <rect opacity=\"0.5\"  x=\"106\" y=\"0\" width=\"119px\" height=\"60\" rx=\"6\" class=\"bg-primary\"><\/rect>\n                          <rect opacity=\"0.6\"  x=\"207\" y=\"0\" width=\"84px\" height=\"60\" rx=\"6\" class=\" bg-primary\"><\/rect>\n                          <rect opacity=\"0.7\"  x=\"308\" y=\"0\" width=\"61px\" height=\"60\" rx=\"6\" class=\" bg-primary\"><\/rect>\n                          <rect opacity=\"0.8\"  x=\"390\" y=\"0\" width=\"29px\" height=\"60\" rx=\"6\" class=\" bg-primary\"><\/rect>\n                          <rect x=\"446\" y=\"0\" width=\"15px\" height=\"60\" rx=\"4\" class=\"                bg-primary\"><\/rect>\n                          <rect x=\"495\" y=\"0\" width=\"8px\" height=\"60\" rx=\"2\" class=\"                 bg-primary\"><\/rect>\n                      <\/g>\n                <\/svg>\n        <\/div>                                                                            <\/div>\n\n                                                                            <div class=\"col-sm-9 text-dark\">\n\n                                                                                                    <h1 class=\"blog-title text-primary ul-bold\">Arnaud Boujut                                                                                                            <\/h1>\n\n                                                    <br\/>\n                                                \n\n\n                                                \n                                                                                        <\/div>\n                                    \n                                <\/div>\n                            <\/div>\n                        <\/div>\n                                <div class=\"container-fluid  \" style=\"\">\n                      <div class=\"container\">\n                <div class=\"row \" style=\"margin-top: 30px;margin-bottom: 30px\">        <div class=\"col-md-12 \">\n                        <div class=\"ul-element-personne \" style=\"margin: 15px 0; display: table;\">\n                <div style=\"display:table-row\" class=\"element-body\">\n                    <div style=\"display: table-cell; vertical-align: top;\" class=\"element-image\">\n                                                            <img decoding=\"async\" src=\"https:\/\/www.unilim.fr\/havae\/wp-content\/uploads\/sites\/5\/2023\/01\/Boujut-Arnaud-Photo-936x1024.jpg\" class=\"img pull-left\" style=\"width:80px;height:80px;margin-right:15px;\"\/>\n                                            <\/div>\n                    <div style=\"display: table-cell; vertical-align: top;\" class=\"element-content\">\n                        <h4>Boujut Arnaud<\/h4>\n                                                <p>\n                            <span>Docteur en psychologie cognitive (16\u00e8me section CNU) - Enseignant\/Chercheur \u00e0 l'\u00e9cole d'ing\u00e9nieurs en informatique 3iL \u00e0 Limoges<\/span><br\/>                                                                                <\/p>\n                                                <p style=\"white-space:nowrap;\">\n                            <i class=\"fa fa-phone fa-fw\"><\/i> <a href=\"tel:+33(0)555316748\">+33 (0)5 55 31 67 48<\/a><br\/>                                                                                                                                            <i class=\"fa fa-envelope-o fa-fw\"><\/i> <a href=\"mailto:Boujut@3il.fr\" target=\"_blank\">Boujut@3il.fr<\/a><br\/>                                                    <\/p>\n                        <p>\n                                                                                <\/p>\n                    <\/div>\n                <\/div>\n            <\/div>\n                <div class=\" text-center btn-fullwidth \">\n            <a role=\"button\" href=\"https:\/\/www.linkedin.com\/in\/arnaud-boujut-635a3611b\/\" target=\"_blank\" class=\"ul-btn-margin ul-bold btn btn-primary \">\n                                    <i class=\"fa fa-fw fa-linkedin-square\"><\/i>\n                                Arnaud Boujut            <\/a>\n        <\/div>\n                <div class=\"\">\n                        <div class=\"panel panel-primary\">\n                              <div class=\"panel-body\">\n                  \n<p>&#8211;&nbsp;Responsable de la 1&egrave;re ann&eacute;e du cycle ing&eacute;nieur &#8211; Ecole 3iL<\/p>\n<p>&#8211;&nbsp;Responsable des projets &eacute;tudiants en 2e et 3e ann&eacute;e du cycle ing&eacute;nieur<\/p>\n<p><strong>&nbsp;<\/strong><\/p>\n<p><span style=\"text-decoration: underline\"><strong>Researchgate&nbsp;:<\/strong><\/span>&nbsp;<a href=\"https:\/\/www.researchgate.net\/profile\/Arnaud-Boujut\">https:\/\/www.researchgate.net\/profile\/Arnaud-Boujut<\/a>.&nbsp; &nbsp; &nbsp; &nbsp; &nbsp; &nbsp; &nbsp; &nbsp; &nbsp; &nbsp; &nbsp; &nbsp;&nbsp;<\/p>\n<p>&nbsp;<\/p>\n<p><span style=\"text-decoration: underline\"><strong>ORCID :<\/strong><\/span>&nbsp;<a href=\"https:\/\/orcid.org\/0000-0002-1815-0782\">https:\/\/orcid.org\/0000-0002-1815-0782<\/a><\/p>\n                <\/div>\n                          <\/div>\n                    <\/div>\n                <div class=\"\">\n            <hr\/>\n        <\/div>\n                <div class=\"clearfix ul-element-text \">\n            \n<h4 style=\"text-align: justify;padding-left: 60px\"><\/h4>\n<h4 style=\"text-align: justify;padding-left: 60px\"><span style=\"text-decoration: underline\">Th\u00e9matiques de recherche<\/span><\/h4>\n<p>&nbsp;<\/p>\n<p style=\"text-align: justify\">Mes int\u00e9r\u00eats de recherche se focalisent sur la pr\u00e9vention de la perte d\u2019autonomie et du d\u00e9clin cognitif. J\u2019utilise les nouvelles technologies, telles que la r\u00e9alit\u00e9 virtuelle\/mixte\/augment\u00e9e, pour tenter de d\u00e9velopper des comp\u00e9tences et des strat\u00e9gies cognitives permettant de faire face aux situations complexes de la vie quotidienne.<\/p>\n<p>&nbsp;&nbsp;<\/p>\n<h4 style=\"padding-left: 60px\"><span style=\"text-decoration: underline\">Principaux projets<\/span><\/h4>\n<p>&nbsp;<\/p>\n<ul>\n<li><a href=\"http:\/\/www.unilim.fr\/havae\/recherche\/projetstheses-en-cours\/\">Projet TERAPACE<\/a>&nbsp;:&nbsp;&nbsp;Utilisation d\u2019un exergame personnalis\u00e9 en r\u00e9alit\u00e9 augment\u00e9e pour la r\u00e9\u00e9ducation cognitivo-motrice de la paralysie c\u00e9r\u00e9brale ou de l\u00e9sions c\u00e9r\u00e9brales (th\u00e8se de Maxime Balloufaud en co-direction avec le Pr. Anaick Perrochon).<\/li>\n<li>Projet PreFEAR : Pr\u00e9vention de la perte d&rsquo;autonomie chez les personnes \u00e2g\u00e9es gr\u00e2ce \u00e0 un programme d&rsquo;entrainement en r\u00e9alit\u00e9 augment\u00e9e &#8211; Financement en attente.<\/li>\n<\/ul>\n<p>&nbsp;&nbsp;<\/p>\n<h4 style=\"padding-left: 60px\"><span style=\"text-decoration: underline\">Mots-cl\u00e9<\/span><\/h4>\n<p><span style=\"text-decoration: underline\"><\/span>&nbsp;<\/p>\n<p>Pr\u00e9vention ; Autonomie ; R\u00e9alit\u00e9 mixte ; R\u00e9alit\u00e9 augment\u00e9e ; Serious game ; Interventions cognitives ; Contr\u00f4le attentionnel ; Apprentissages et M\u00e9moire<span style=\"text-decoration: underline\"><\/span><\/p>\n        <\/div>\n                <\/div>\n        <\/div>\n            <\/div>\n                  <\/div>\n        \n","protected":false},"excerpt":{"rendered":"","protected":false},"author":7,"featured_media":0,"parent":63,"menu_order":0,"comment_status":"closed","ping_status":"closed","template":"page-le.php","meta":{"footnotes":""},"class_list":["post-2107","page","type-page","status-publish","hentry"],"yoast_head":"<!-- This site is optimized with the Yoast SEO plugin v26.5 - https:\/\/yoast.com\/wordpress\/plugins\/seo\/ -->\n<title>Arnaud Boujut - HAVAE<\/title>\n<meta name=\"robots\" content=\"index, follow, max-snippet:-1, max-image-preview:large, max-video-preview:-1\" \/>\n<link rel=\"canonical\" href=\"https:\/\/www.unilim.fr\/havae\/havae-ur20217\/membres-de-lequipe-2\/arnaud-boujut\/\" \/>\n<meta property=\"og:locale\" content=\"fr_FR\" \/>\n<meta property=\"og:type\" content=\"article\" \/>\n<meta property=\"og:title\" content=\"Arnaud Boujut - HAVAE\" \/>\n<meta property=\"og:url\" content=\"https:\/\/www.unilim.fr\/havae\/havae-ur20217\/membres-de-lequipe-2\/arnaud-boujut\/\" \/>\n<meta property=\"og:site_name\" content=\"HAVAE\" \/>\n<meta property=\"article:modified_time\" content=\"2023-01-31T08:06:16+00:00\" \/>\n<meta name=\"twitter:label1\" content=\"Dur\u00e9e de lecture estim\u00e9e\" \/>\n\t<meta name=\"twitter:data1\" content=\"2 minutes\" \/>\n<script type=\"application\/ld+json\" class=\"yoast-schema-graph\">{\"@context\":\"https:\/\/schema.org\",\"@graph\":[{\"@type\":\"WebPage\",\"@id\":\"https:\/\/www.unilim.fr\/havae\/havae-ur20217\/membres-de-lequipe-2\/arnaud-boujut\/\",\"url\":\"https:\/\/www.unilim.fr\/havae\/havae-ur20217\/membres-de-lequipe-2\/arnaud-boujut\/\",\"name\":\"Arnaud Boujut - HAVAE\",\"isPartOf\":{\"@id\":\"https:\/\/www.unilim.fr\/havae\/#website\"},\"datePublished\":\"2022-10-19T22:00:00+00:00\",\"dateModified\":\"2023-01-31T08:06:16+00:00\",\"breadcrumb\":{\"@id\":\"https:\/\/www.unilim.fr\/havae\/havae-ur20217\/membres-de-lequipe-2\/arnaud-boujut\/#breadcrumb\"},\"inLanguage\":\"fr-FR\",\"potentialAction\":[{\"@type\":\"ReadAction\",\"target\":[\"https:\/\/www.unilim.fr\/havae\/havae-ur20217\/membres-de-lequipe-2\/arnaud-boujut\/\"]}]},{\"@type\":\"BreadcrumbList\",\"@id\":\"https:\/\/www.unilim.fr\/havae\/havae-ur20217\/membres-de-lequipe-2\/arnaud-boujut\/#breadcrumb\",\"itemListElement\":[{\"@type\":\"ListItem\",\"position\":1,\"name\":\"Accueil\",\"item\":\"https:\/\/www.unilim.fr\/havae\/\"},{\"@type\":\"ListItem\",\"position\":2,\"name\":\"HAVAE &#8211; UR20217\",\"item\":\"https:\/\/www.unilim.fr\/havae\/havae-ur20217\/\"},{\"@type\":\"ListItem\",\"position\":3,\"name\":\"Membres de l&rsquo;\u00e9quipe\",\"item\":\"https:\/\/www.unilim.fr\/havae\/havae-ur20217\/membres-de-lequipe-2\/\"},{\"@type\":\"ListItem\",\"position\":4,\"name\":\"Arnaud Boujut\"}]},{\"@type\":\"WebSite\",\"@id\":\"https:\/\/www.unilim.fr\/havae\/#website\",\"url\":\"https:\/\/www.unilim.fr\/havae\/\",\"name\":\"HAVAE\",\"description\":\"universit\u00e9 ouverte source de r\u00e9ussites\",\"potentialAction\":[{\"@type\":\"SearchAction\",\"target\":{\"@type\":\"EntryPoint\",\"urlTemplate\":\"https:\/\/www.unilim.fr\/havae\/?s={search_term_string}\"},\"query-input\":{\"@type\":\"PropertyValueSpecification\",\"valueRequired\":true,\"valueName\":\"search_term_string\"}}],\"inLanguage\":\"fr-FR\"}]}<\/script>\n<!-- \/ Yoast SEO plugin. -->","yoast_head_json":{"title":"Arnaud Boujut - HAVAE","robots":{"index":"index","follow":"follow","max-snippet":"max-snippet:-1","max-image-preview":"max-image-preview:large","max-video-preview":"max-video-preview:-1"},"canonical":"https:\/\/www.unilim.fr\/havae\/havae-ur20217\/membres-de-lequipe-2\/arnaud-boujut\/","og_locale":"fr_FR","og_type":"article","og_title":"Arnaud Boujut - HAVAE","og_url":"https:\/\/www.unilim.fr\/havae\/havae-ur20217\/membres-de-lequipe-2\/arnaud-boujut\/","og_site_name":"HAVAE","article_modified_time":"2023-01-31T08:06:16+00:00","twitter_misc":{"Dur\u00e9e de lecture estim\u00e9e":"2 minutes"},"schema":{"@context":"https:\/\/schema.org","@graph":[{"@type":"WebPage","@id":"https:\/\/www.unilim.fr\/havae\/havae-ur20217\/membres-de-lequipe-2\/arnaud-boujut\/","url":"https:\/\/www.unilim.fr\/havae\/havae-ur20217\/membres-de-lequipe-2\/arnaud-boujut\/","name":"Arnaud Boujut - HAVAE","isPartOf":{"@id":"https:\/\/www.unilim.fr\/havae\/#website"},"datePublished":"2022-10-19T22:00:00+00:00","dateModified":"2023-01-31T08:06:16+00:00","breadcrumb":{"@id":"https:\/\/www.unilim.fr\/havae\/havae-ur20217\/membres-de-lequipe-2\/arnaud-boujut\/#breadcrumb"},"inLanguage":"fr-FR","potentialAction":[{"@type":"ReadAction","target":["https:\/\/www.unilim.fr\/havae\/havae-ur20217\/membres-de-lequipe-2\/arnaud-boujut\/"]}]},{"@type":"BreadcrumbList","@id":"https:\/\/www.unilim.fr\/havae\/havae-ur20217\/membres-de-lequipe-2\/arnaud-boujut\/#breadcrumb","itemListElement":[{"@type":"ListItem","position":1,"name":"Accueil","item":"https:\/\/www.unilim.fr\/havae\/"},{"@type":"ListItem","position":2,"name":"HAVAE &#8211; UR20217","item":"https:\/\/www.unilim.fr\/havae\/havae-ur20217\/"},{"@type":"ListItem","position":3,"name":"Membres de l&rsquo;\u00e9quipe","item":"https:\/\/www.unilim.fr\/havae\/havae-ur20217\/membres-de-lequipe-2\/"},{"@type":"ListItem","position":4,"name":"Arnaud Boujut"}]},{"@type":"WebSite","@id":"https:\/\/www.unilim.fr\/havae\/#website","url":"https:\/\/www.unilim.fr\/havae\/","name":"HAVAE","description":"universit\u00e9 ouverte source de r\u00e9ussites","potentialAction":[{"@type":"SearchAction","target":{"@type":"EntryPoint","urlTemplate":"https:\/\/www.unilim.fr\/havae\/?s={search_term_string}"},"query-input":{"@type":"PropertyValueSpecification","valueRequired":true,"valueName":"search_term_string"}}],"inLanguage":"fr-FR"}]}},"publishpress_future_action":{"enabled":false,"date":"2026-05-01 16:19:21","action":"change-status","newStatus":"draft","terms":[],"taxonomy":"page_category","extraData":[]},"publishpress_future_workflow_manual_trigger":{"enabledWorkflows":[]},"_links":{"self":[{"href":"https:\/\/www.unilim.fr\/havae\/wp-json\/wp\/v2\/pages\/2107","targetHints":{"allow":["GET"]}}],"collection":[{"href":"https:\/\/www.unilim.fr\/havae\/wp-json\/wp\/v2\/pages"}],"about":[{"href":"https:\/\/www.unilim.fr\/havae\/wp-json\/wp\/v2\/types\/page"}],"author":[{"embeddable":true,"href":"https:\/\/www.unilim.fr\/havae\/wp-json\/wp\/v2\/users\/7"}],"replies":[{"embeddable":true,"href":"https:\/\/www.unilim.fr\/havae\/wp-json\/wp\/v2\/comments?post=2107"}],"version-history":[{"count":0,"href":"https:\/\/www.unilim.fr\/havae\/wp-json\/wp\/v2\/pages\/2107\/revisions"}],"up":[{"embeddable":true,"href":"https:\/\/www.unilim.fr\/havae\/wp-json\/wp\/v2\/pages\/63"}],"wp:attachment":[{"href":"https:\/\/www.unilim.fr\/havae\/wp-json\/wp\/v2\/media?parent=2107"}],"curies":[{"name":"wp","href":"https:\/\/api.w.org\/{rel}","templated":true}]}}