{"id":2058,"date":"2021-06-01T00:00:00","date_gmt":"2021-05-31T22:00:00","guid":{"rendered":"http:\/\/www.unilim.fr\/havae\/recherche\/doctorantsstagiaires\/anna-barrero\/"},"modified":"2022-11-09T11:13:25","modified_gmt":"2022-11-09T11:13:25","slug":"anna-barrero","status":"publish","type":"page","link":"https:\/\/www.unilim.fr\/havae\/recherche\/doctorantsstagiaires\/anna-barrero\/","title":{"rendered":"Anna Barrero"},"content":{"rendered":"                        <div class=\"container-fluid bg-grad-right-gray-lighter ul-element-page-header \">\n                            <div class=\"container\">\n                                <div class=\"row\">\n                                    <div class=\"col-xs-12 hidden-xs text-dark\">\n                                                                                            <div class=\"ul-element-breadcrumb hidden-xs \">\n            \n                                <ol class='breadcrumb'>\n                                    <li>\n                                        <a href='http:\/\/www.unilim.fr\/havae'><i class='fa fa-home fa-lg fa-fw'><\/i><\/a>\n                                    <\/li><\/ol>        <\/div>\n                                                                                    <\/div>\n                                    <div class=\"col-xs-3 hidden-xs\">\n                                                                                    <div class=\"ul-element-logo-signal hidden-xs\" style=\"display: inline-block; position: relative; width: 100% ; margin-top: 23px; padding-bottom: 11.9284%;vertical-align: top;\">\n                <svg preserveAspectRatio=\"xMinYMin meet\" viewBox=\"0 0 503 60\" style=\"display: block;position: absolute;top: 0;left: 0;width:100%;max-width:100%;height:100%\">\n                      <g>\n                          <rect  opacity=\"0.3\"  x=\"0\" y=\"0\" width=\"142px\" height=\"60\" rx=\"6\" class=\" bg-primary\"><\/rect>\n                          <rect opacity=\"0.5\"  x=\"106\" y=\"0\" width=\"119px\" height=\"60\" rx=\"6\" class=\"bg-primary\"><\/rect>\n                          <rect opacity=\"0.6\"  x=\"207\" y=\"0\" width=\"84px\" height=\"60\" rx=\"6\" class=\" bg-primary\"><\/rect>\n                          <rect opacity=\"0.7\"  x=\"308\" y=\"0\" width=\"61px\" height=\"60\" rx=\"6\" class=\" bg-primary\"><\/rect>\n                          <rect opacity=\"0.8\"  x=\"390\" y=\"0\" width=\"29px\" height=\"60\" rx=\"6\" class=\" bg-primary\"><\/rect>\n                          <rect x=\"446\" y=\"0\" width=\"15px\" height=\"60\" rx=\"4\" class=\"                bg-primary\"><\/rect>\n                          <rect x=\"495\" y=\"0\" width=\"8px\" height=\"60\" rx=\"2\" class=\"                 bg-primary\"><\/rect>\n                      <\/g>\n                <\/svg>\n        <\/div>                                                                            <\/div>\n\n                                                                            <div class=\"col-sm-9 text-dark\">\n\n                                                                                                    <h1 class=\"blog-title text-primary ul-bold\">Anna Barrero                                                                                                            <\/h1>\n\n                                                    <br\/>\n                                                \n\n\n                                                \n                                                                                        <\/div>\n                                    \n                                <\/div>\n                            <\/div>\n                        <\/div>\n                                <div class=\"container-fluid  \" style=\"\">\n                      <div class=\"container\">\n                <div class=\"row \" style=\"margin-top: 30px;margin-bottom: 30px\">        <div class=\"col-sm-12 \">\n                        <div class=\"ul-element-personne \" style=\"margin: 15px 0; display: table;\">\n                <div style=\"display:table-row\" class=\"element-body\">\n                    <div style=\"display: table-cell; vertical-align: top;\" class=\"element-image\">\n                                                            <img decoding=\"async\" src=\"https:\/\/www.unilim.fr\/havae\/wp-content\/uploads\/sites\/5\/2022\/11\/Anna-Barrero.png\" class=\"img pull-left\" style=\"width:80px;height:80px;margin-right:15px;\"\/>\n                                            <\/div>\n                    <div style=\"display: table-cell; vertical-align: top;\" class=\"element-content\">\n                        <h4>Anna Barrero<\/h4>\n                                                <p>\n                            <span>Docteure en Physiologie de l'exercice - Ing\u00e9nieure de Recherche<\/span><br\/>                                                                                <\/p>\n                                                <p style=\"white-space:nowrap;\">\n                                                                                                                                                                        <i class=\"fa fa-envelope-o fa-fw\"><\/i> <a href=\"mailto:anna.barrero@unilim.fr\" target=\"_blank\">anna.barrero@unilim.fr<\/a><br\/>                                                    <\/p>\n                        <p>\n                                                                                <\/p>\n                    <\/div>\n                <\/div>\n            <\/div>\n                <div class=\" text-center btn-fullwidth \">\n            <a role=\"button\" href=\"https:\/\/twitter.com\/AnnaBarrero\" target=\"_blank\" class=\"ul-btn-margin ul-bold btn btn-primary \">\n                                    <i class=\"fa fa-fw fa-twitter-square\"><\/i>\n                                @AnnaBarrero            <\/a>\n        <\/div>\n                <div class=\"\">\n                        <div class=\"panel panel-primary\">\n                              <div class=\"panel-body\">\n                  \n<p><span style=\"text-decoration: underline\"><strong>Researchgate :<\/strong><\/span>&nbsp;<a href=\"https:\/\/www.researchgate.net\/profile\/Anna-Barrero\">https:\/\/www.researchgate.net\/profile\/Anna-Barrero<\/a><\/p>\n<\/p>\n<p><span style=\"text-decoration: underline\"><strong>Google Scholar&nbsp;:<\/strong><\/span>&nbsp;<a href=\"https:\/\/scholar.google.com\/citations?user=Wyf9Bw4AAAAJ&amp;hl=en\">https:\/\/scholar.google.com\/citations?user=Wyf9Bw4AAAAJ&amp;hl=en<\/a><\/p>\n<\/p>\n                <\/div>\n                          <\/div>\n                    <\/div>\n                <div class=\"\">\n            <hr\/>\n        <\/div>\n                <div class=\"clearfix ul-element-text \">\n            \n<p>&nbsp;<\/p>\n<h4 style=\"padding-left: 60px\"><span style=\"text-decoration: underline\">Parcours<\/span><\/h4>\n<h4><\/h4>\n<ul>\n<li>Post-doctorat au Laboratoire Mouvement, Sport, Sant\u00e9, \u2013 Universit\u00e9 de Rennes 2, Rennes, France<\/li>\n<li>Doctorat International des Sciences du sport (Physiologie de l&rsquo;exercice). \u2013 Universitat de Barcelona, Barcelona, Espagne<\/li>\n<li>Master en Sciences du Sport (Recherche, Activit\u00e9 Physique et Sant\u00e9). \u2013 Universitat de Barcelona, Barcelona, Espagne<\/li>\n<li>License S.T.A.P.S. INEFC. Universitat de Lleida, Lleida, Spain<\/li>\n<li>License Professeur d\u2019\u00e9ducation physique et anglais. Universitat Rovira i Virgili. Tarragona, Espagne<\/li>\n<li>License professeur sp\u00e9cialis\u00e9 en sports scolaires. Universitat Rovira i Virgili. Tarragona, Espagne<br \/>&nbsp;<\/li>\n<\/ul>\n<h4 style=\"padding-left: 60px\"><span style=\"text-decoration: underline\">Th\u00e9matiques de recherche<\/span><\/h4>\n<h4 style=\"padding-left: 60px\"><\/h4>\n<ul>\n<li>Etude des d\u00e9terminants du niveau d\u2019activit\u00e9 physique\/identification des \u00e9l\u00e9ments facilitateurs\/barri\u00e8res<\/li>\n<li>Variabilit\u00e9 de la fr\u00e9quence cardiaque&nbsp;<\/li>\n<li>Fatigue cardiaque<\/li>\n<li>Activit\u00e9 physique et sant\u00e9<\/li>\n<li>Performance<\/li>\n<\/ul>\n<p>&nbsp;<\/p>\n<h4 style=\"padding-left: 60px\"><span style=\"text-decoration: underline\">Projet<\/span><br \/><\/h4>\n<p>&nbsp;<\/p>\n<p><strong><a href=\"http:\/\/www.unilim.fr\/havae\/recherche\/projetstheses-en-cours\/\">Projet APMuco<\/a>&nbsp;:<\/strong> Quantification du niveau d\u2019activit\u00e9 physique chez le patient atteint de mucoviscidose et \u00e9tude des d\u00e9terminants (barri\u00e8res\/facilitateurs). Collaboration avec le CRCM de Limoges et le r\u00e9seau MucoSud.<\/p>\n<p>&nbsp;&nbsp;<\/p>\n<h4 style=\"padding-left: 60px\"><span style=\"text-decoration: underline\">Publications<\/span><\/h4>\n<p>10. Le Douairon Lahaye S, Kervio G, Menard V, <strong>Barrero A<\/strong>, Thibault L, Carrault G, Matelot D, Carr\u00e9 F, Schnell F. (2022)Impact of long-lasting moderate-intensity stage cycling event on cardiac function in young female athletes : a case study.PLoS ONE. 17(10): e0275332.<br \/>&nbsp;<br \/>9. <strong>Barrero A<\/strong>, Le Cunuder A, Carrault G, Carr\u00e9 F, Schnell F, Le Douairon Lahaye S. (2020) Modeling stress-recovery status through heart rate changes along a cycling grand tour. Frontiers in Neuroscience-Autonomic Neroscience. 14:576308. doi: 10.3389\/fnins.2020.576308<\/p>\n<p>8. <strong>Barrero A<\/strong>, Schnell F, Carrault G, Kervio G, Matelot D, Carr\u00e9 F, Le Douairon Lahaye S. (2019) Daily fatigue-recovery balance monitoring with heart rate variability in well-trained female cyclists on the Tour de France circuit. PLoS ONE. 14(3): e0213472.<br \/>&nbsp;<br \/>7. <strong>Barrero A<\/strong>, Erola P, Besc\u00f3s R. (2015) Energy balance during an ultra-endurance event. Nutrients. 7(1), 209-222.<br \/>&nbsp;<br \/>6. <strong>Barrero A<\/strong>, Chaverri D, Erola P, Iglesias X, Rodr\u00edguez FA. (2014) Intensity profile during an ultra-endurance triathlon in relation to testing and performance. International Journal of Sports Medicine. 35(14), 1170-1178.<br \/>&nbsp;<br \/>5. Garc\u00eda-Ramos A, Feriche B, Calder\u00f3n C, Iglesias X, <strong>Barrero A<\/strong>, Chaverri D, Schuller T, Rodr\u00edguez FA. (2014) Training load quantification in elite swimmers using a modified version of the training impulse method. European Journal of Sport Science. 19, 1-9.&nbsp;<br \/>&nbsp;<br \/>4. Iglesias X, Rodr\u00edguez-Zamora L, Clap\u00e9s P, <strong>Barrero A<\/strong>, Chaverri D, Rodr\u00edguez FA. (2014) An\u00e1lisis multidimensional de la estructura de las rutinas competitivas en nataci\u00f3n sincronizada Revista de Psicolog\u00eda del Deporte. 23(1), 173-180.<br \/>&nbsp;&nbsp; <br \/>3. Rodr\u00edguez-Zamora L, Iglesias X, <strong>Barrero A<\/strong>, Chaverri D, Irurtia A, Erola P, Rodr\u00edguez FA. (2014) Perceived Exertion, Time of Immersion and Physiological Correlates in Synchronized Swimming. International Journal of Sports Medicine.&nbsp;35(5), 403-411.<br \/>&nbsp; <br \/>2. Rodr\u00edguez-Zamora L, Iglesias X., <strong>Barrero A<\/strong>., Torres L, Chaverri D, Rodr\u00edguez FA. (2014). Monitoring internal load parameters during competitive synchronized swimming duet routines in elite athletes.&nbsp;Journal of Strength and Conditioning Research. 28(3), 742-751.<\/p>\n<p>1. Rodr\u00edguez-Zamora L, Iglesias X, <strong>Barrero A<\/strong>, Chaverri D, Erola P, Rodr\u00edguez FA. (2012) Physiological Responses in Relation to Performance during Competition in Elite Synchronized Swimmers. PLoS ONE 7(11): e49098.doi:10.1371\/journal.pone.0049098<\/p>\n<p class=\"ul-bold\">&nbsp;<\/p>\n<h4 style=\"padding-left: 60px\"><span style=\"text-decoration: underline\">Mots-cl\u00e9<\/span><\/h4>\n<p>Exercice &#8211; Evaluation physique &#8211; Niveau d\u2019activit\u00e9 physique &#8211; Fatigue cardiaque &#8211; Variabilit\u00e9 de la fr\u00e9quence cardiaque &#8211; Performance<\/p>\n        <\/div>\n                <\/div>\n        <\/div>\n            <\/div>\n                  <\/div>\n        \n","protected":false},"excerpt":{"rendered":"","protected":false},"author":7,"featured_media":0,"parent":65,"menu_order":0,"comment_status":"closed","ping_status":"closed","template":"page-le.php","meta":{"footnotes":""},"class_list":["post-2058","page","type-page","status-publish","hentry"],"yoast_head":"<!-- This site is optimized with the Yoast SEO plugin v26.5 - https:\/\/yoast.com\/wordpress\/plugins\/seo\/ -->\n<title>Anna Barrero - HAVAE<\/title>\n<meta name=\"robots\" content=\"index, follow, max-snippet:-1, max-image-preview:large, max-video-preview:-1\" \/>\n<link rel=\"canonical\" href=\"https:\/\/www.unilim.fr\/havae\/recherche\/doctorantsstagiaires\/anna-barrero\/\" \/>\n<meta property=\"og:locale\" content=\"fr_FR\" \/>\n<meta property=\"og:type\" content=\"article\" \/>\n<meta property=\"og:title\" content=\"Anna Barrero - HAVAE\" \/>\n<meta property=\"og:url\" content=\"https:\/\/www.unilim.fr\/havae\/recherche\/doctorantsstagiaires\/anna-barrero\/\" \/>\n<meta property=\"og:site_name\" content=\"HAVAE\" \/>\n<meta property=\"article:modified_time\" content=\"2022-11-09T11:13:25+00:00\" \/>\n<meta name=\"twitter:label1\" content=\"Dur\u00e9e de lecture estim\u00e9e\" \/>\n\t<meta name=\"twitter:data1\" content=\"4 minutes\" \/>\n<script type=\"application\/ld+json\" class=\"yoast-schema-graph\">{\"@context\":\"https:\/\/schema.org\",\"@graph\":[{\"@type\":\"WebPage\",\"@id\":\"https:\/\/www.unilim.fr\/havae\/recherche\/doctorantsstagiaires\/anna-barrero\/\",\"url\":\"https:\/\/www.unilim.fr\/havae\/recherche\/doctorantsstagiaires\/anna-barrero\/\",\"name\":\"Anna Barrero - HAVAE\",\"isPartOf\":{\"@id\":\"https:\/\/www.unilim.fr\/havae\/#website\"},\"datePublished\":\"2021-05-31T22:00:00+00:00\",\"dateModified\":\"2022-11-09T11:13:25+00:00\",\"breadcrumb\":{\"@id\":\"https:\/\/www.unilim.fr\/havae\/recherche\/doctorantsstagiaires\/anna-barrero\/#breadcrumb\"},\"inLanguage\":\"fr-FR\",\"potentialAction\":[{\"@type\":\"ReadAction\",\"target\":[\"https:\/\/www.unilim.fr\/havae\/recherche\/doctorantsstagiaires\/anna-barrero\/\"]}]},{\"@type\":\"BreadcrumbList\",\"@id\":\"https:\/\/www.unilim.fr\/havae\/recherche\/doctorantsstagiaires\/anna-barrero\/#breadcrumb\",\"itemListElement\":[{\"@type\":\"ListItem\",\"position\":1,\"name\":\"Accueil\",\"item\":\"https:\/\/www.unilim.fr\/havae\/\"},{\"@type\":\"ListItem\",\"position\":2,\"name\":\"Recherche\",\"item\":\"https:\/\/www.unilim.fr\/havae\/recherche\/\"},{\"@type\":\"ListItem\",\"position\":3,\"name\":\"Doctorants\/Stagiaires\",\"item\":\"https:\/\/www.unilim.fr\/havae\/recherche\/doctorantsstagiaires\/\"},{\"@type\":\"ListItem\",\"position\":4,\"name\":\"Anna Barrero\"}]},{\"@type\":\"WebSite\",\"@id\":\"https:\/\/www.unilim.fr\/havae\/#website\",\"url\":\"https:\/\/www.unilim.fr\/havae\/\",\"name\":\"HAVAE\",\"description\":\"universit\u00e9 ouverte source de r\u00e9ussites\",\"potentialAction\":[{\"@type\":\"SearchAction\",\"target\":{\"@type\":\"EntryPoint\",\"urlTemplate\":\"https:\/\/www.unilim.fr\/havae\/?s={search_term_string}\"},\"query-input\":{\"@type\":\"PropertyValueSpecification\",\"valueRequired\":true,\"valueName\":\"search_term_string\"}}],\"inLanguage\":\"fr-FR\"}]}<\/script>\n<!-- \/ Yoast SEO plugin. -->","yoast_head_json":{"title":"Anna Barrero - HAVAE","robots":{"index":"index","follow":"follow","max-snippet":"max-snippet:-1","max-image-preview":"max-image-preview:large","max-video-preview":"max-video-preview:-1"},"canonical":"https:\/\/www.unilim.fr\/havae\/recherche\/doctorantsstagiaires\/anna-barrero\/","og_locale":"fr_FR","og_type":"article","og_title":"Anna Barrero - HAVAE","og_url":"https:\/\/www.unilim.fr\/havae\/recherche\/doctorantsstagiaires\/anna-barrero\/","og_site_name":"HAVAE","article_modified_time":"2022-11-09T11:13:25+00:00","twitter_misc":{"Dur\u00e9e de lecture estim\u00e9e":"4 minutes"},"schema":{"@context":"https:\/\/schema.org","@graph":[{"@type":"WebPage","@id":"https:\/\/www.unilim.fr\/havae\/recherche\/doctorantsstagiaires\/anna-barrero\/","url":"https:\/\/www.unilim.fr\/havae\/recherche\/doctorantsstagiaires\/anna-barrero\/","name":"Anna Barrero - HAVAE","isPartOf":{"@id":"https:\/\/www.unilim.fr\/havae\/#website"},"datePublished":"2021-05-31T22:00:00+00:00","dateModified":"2022-11-09T11:13:25+00:00","breadcrumb":{"@id":"https:\/\/www.unilim.fr\/havae\/recherche\/doctorantsstagiaires\/anna-barrero\/#breadcrumb"},"inLanguage":"fr-FR","potentialAction":[{"@type":"ReadAction","target":["https:\/\/www.unilim.fr\/havae\/recherche\/doctorantsstagiaires\/anna-barrero\/"]}]},{"@type":"BreadcrumbList","@id":"https:\/\/www.unilim.fr\/havae\/recherche\/doctorantsstagiaires\/anna-barrero\/#breadcrumb","itemListElement":[{"@type":"ListItem","position":1,"name":"Accueil","item":"https:\/\/www.unilim.fr\/havae\/"},{"@type":"ListItem","position":2,"name":"Recherche","item":"https:\/\/www.unilim.fr\/havae\/recherche\/"},{"@type":"ListItem","position":3,"name":"Doctorants\/Stagiaires","item":"https:\/\/www.unilim.fr\/havae\/recherche\/doctorantsstagiaires\/"},{"@type":"ListItem","position":4,"name":"Anna Barrero"}]},{"@type":"WebSite","@id":"https:\/\/www.unilim.fr\/havae\/#website","url":"https:\/\/www.unilim.fr\/havae\/","name":"HAVAE","description":"universit\u00e9 ouverte source de r\u00e9ussites","potentialAction":[{"@type":"SearchAction","target":{"@type":"EntryPoint","urlTemplate":"https:\/\/www.unilim.fr\/havae\/?s={search_term_string}"},"query-input":{"@type":"PropertyValueSpecification","valueRequired":true,"valueName":"search_term_string"}}],"inLanguage":"fr-FR"}]}},"publishpress_future_action":{"enabled":false,"date":"2026-04-10 20:13:32","action":"change-status","newStatus":"draft","terms":[],"taxonomy":"page_category","extraData":[]},"publishpress_future_workflow_manual_trigger":{"enabledWorkflows":[]},"_links":{"self":[{"href":"https:\/\/www.unilim.fr\/havae\/wp-json\/wp\/v2\/pages\/2058","targetHints":{"allow":["GET"]}}],"collection":[{"href":"https:\/\/www.unilim.fr\/havae\/wp-json\/wp\/v2\/pages"}],"about":[{"href":"https:\/\/www.unilim.fr\/havae\/wp-json\/wp\/v2\/types\/page"}],"author":[{"embeddable":true,"href":"https:\/\/www.unilim.fr\/havae\/wp-json\/wp\/v2\/users\/7"}],"replies":[{"embeddable":true,"href":"https:\/\/www.unilim.fr\/havae\/wp-json\/wp\/v2\/comments?post=2058"}],"version-history":[{"count":0,"href":"https:\/\/www.unilim.fr\/havae\/wp-json\/wp\/v2\/pages\/2058\/revisions"}],"up":[{"embeddable":true,"href":"https:\/\/www.unilim.fr\/havae\/wp-json\/wp\/v2\/pages\/65"}],"wp:attachment":[{"href":"https:\/\/www.unilim.fr\/havae\/wp-json\/wp\/v2\/media?parent=2058"}],"curies":[{"name":"wp","href":"https:\/\/api.w.org\/{rel}","templated":true}]}}