{"id":1911,"date":"2022-10-12T22:00:00","date_gmt":"2022-10-11T22:00:00","guid":{"rendered":"http:\/\/www.unilim.fr\/havae\/publications\/pubmed\/"},"modified":"2022-10-18T10:02:52","modified_gmt":"2022-10-18T10:02:52","slug":"pubmed","status":"publish","type":"page","link":"https:\/\/www.unilim.fr\/havae\/publications\/pubmed\/","title":{"rendered":"Pubmed"},"content":{"rendered":"                        <div class=\"container-fluid bg-grad-right-gray-lighter ul-element-page-header \">\n                            <div class=\"container\">\n                                <div class=\"row\">\n                                    <div class=\"col-xs-12 hidden-xs text-dark\">\n                                                                                            <div class=\"ul-element-breadcrumb hidden-xs \">\n            \n                                <ol class='breadcrumb'>\n                                    <li>\n                                        <a href='http:\/\/www.unilim.fr\/havae'><i class='fa fa-home fa-lg fa-fw'><\/i><\/a>\n                                    <\/li><\/ol>        <\/div>\n                                                                                    <\/div>\n                                    <div class=\"col-xs-3 hidden-xs\">\n                                                                                    <div class=\"ul-element-logo-signal hidden-xs\" style=\"display: inline-block; position: relative; width: 100% ; margin-top: 23px; padding-bottom: 11.9284%;vertical-align: top;\">\n                <svg preserveAspectRatio=\"xMinYMin meet\" viewBox=\"0 0 503 60\" style=\"display: block;position: absolute;top: 0;left: 0;width:100%;max-width:100%;height:100%\">\n                      <g>\n                          <rect  opacity=\"0.3\"  x=\"0\" y=\"0\" width=\"142px\" height=\"60\" rx=\"6\" class=\" bg-primary\"><\/rect>\n                          <rect opacity=\"0.5\"  x=\"106\" y=\"0\" width=\"119px\" height=\"60\" rx=\"6\" class=\"bg-primary\"><\/rect>\n                          <rect opacity=\"0.6\"  x=\"207\" y=\"0\" width=\"84px\" height=\"60\" rx=\"6\" class=\" bg-primary\"><\/rect>\n                          <rect opacity=\"0.7\"  x=\"308\" y=\"0\" width=\"61px\" height=\"60\" rx=\"6\" class=\" bg-primary\"><\/rect>\n                          <rect opacity=\"0.8\"  x=\"390\" y=\"0\" width=\"29px\" height=\"60\" rx=\"6\" class=\" bg-primary\"><\/rect>\n                          <rect x=\"446\" y=\"0\" width=\"15px\" height=\"60\" rx=\"4\" class=\"                bg-primary\"><\/rect>\n                          <rect x=\"495\" y=\"0\" width=\"8px\" height=\"60\" rx=\"2\" class=\"                 bg-primary\"><\/rect>\n                      <\/g>\n                <\/svg>\n        <\/div>                                                                            <\/div>\n\n                                                                            <div class=\"col-sm-9 text-dark\">\n\n                                                                                                    <h1 class=\"blog-title text-primary ul-bold\">Pubmed                                                                                                            <\/h1>\n\n                                                    <br\/>\n                                                \n\n\n                                                \n                                                                                        <\/div>\n                                    \n                                <\/div>\n                            <\/div>\n                        <\/div>\n                                <div class=\"container-fluid  \" style=\"\">\n                      <div class=\"container\">\n                <div class=\"row \" style=\"margin-top: 30px;margin-bottom: 30px\">        <div class=\"col-md-12 \">\n                    <div class=\"clearfix ul-element-text \">\n            \n<p>&nbsp;<\/p>\n<p>Pour vous tenir inform\u00e9 de l&rsquo;actualit\u00e9 du laboratoire HAVAE,&nbsp;retrouvez les derni\u00e8res publications (et les plus anciennes) \u00e0 partir de la base de donn\u00e9es Medline (Pubmed)<\/p>\n<p>&nbsp;&nbsp;<\/p>\n        <\/div>\n                <div class=\"ul-element-image \">\n            <a href=\"https:\/\/pubmed-ncbi-nlm-nih-gov.ezproxy.unilim.fr\/?term=HAVAE&amp;sort=date\" target=\"\"  rel=\"\">\n                <img decoding=\"async\" class=\"img-responsive\" src=\"https:\/\/www.unilim.fr\/havae\/wp-content\/uploads\/sites\/5\/2022\/10\/Capture-d\u2019e\u0301cran-2022-10-12-a\u0300-15.36.25-1024x555.png\"\/>\n            <\/a>\n        <\/div>\n                <div class=\" text-left btn-fullwidth \">\n            <a role=\"button\" href=\"https:\/\/pubmed-ncbi-nlm-nih-gov.ezproxy.unilim.fr\/?term=HAVAE&amp;sort=date\" target=\"_self\" class=\"ul-btn-margin ul-bold btn btn-primary \">\n                                    <i class=\"fa fa-fw fa-info\"><\/i>\n                                Lien Pubmed - Laboratoire HAVAE UR20217            <\/a>\n        <\/div>\n                <\/div>\n        <\/div>\n            <\/div>\n                  <\/div>\n        \n","protected":false},"excerpt":{"rendered":"","protected":false},"author":7,"featured_media":0,"parent":69,"menu_order":0,"comment_status":"open","ping_status":"closed","template":"page-le.php","meta":{"footnotes":""},"class_list":["post-1911","page","type-page","status-publish","hentry"],"yoast_head":"<!-- This site is optimized with the Yoast SEO plugin v26.5 - https:\/\/yoast.com\/wordpress\/plugins\/seo\/ -->\n<title>Pubmed - HAVAE<\/title>\n<meta name=\"robots\" content=\"index, follow, max-snippet:-1, max-image-preview:large, max-video-preview:-1\" \/>\n<link rel=\"canonical\" href=\"https:\/\/www.unilim.fr\/havae\/publications\/pubmed\/\" \/>\n<meta property=\"og:locale\" content=\"fr_FR\" \/>\n<meta property=\"og:type\" content=\"article\" \/>\n<meta property=\"og:title\" content=\"Pubmed - HAVAE\" \/>\n<meta property=\"og:url\" content=\"https:\/\/www.unilim.fr\/havae\/publications\/pubmed\/\" \/>\n<meta property=\"og:site_name\" content=\"HAVAE\" \/>\n<meta property=\"article:modified_time\" content=\"2022-10-18T10:02:52+00:00\" \/>\n<meta name=\"twitter:label1\" content=\"Dur\u00e9e de lecture estim\u00e9e\" \/>\n\t<meta name=\"twitter:data1\" content=\"1 minute\" \/>\n<script type=\"application\/ld+json\" class=\"yoast-schema-graph\">{\"@context\":\"https:\/\/schema.org\",\"@graph\":[{\"@type\":\"WebPage\",\"@id\":\"https:\/\/www.unilim.fr\/havae\/publications\/pubmed\/\",\"url\":\"https:\/\/www.unilim.fr\/havae\/publications\/pubmed\/\",\"name\":\"Pubmed - HAVAE\",\"isPartOf\":{\"@id\":\"https:\/\/www.unilim.fr\/havae\/#website\"},\"datePublished\":\"2022-10-11T22:00:00+00:00\",\"dateModified\":\"2022-10-18T10:02:52+00:00\",\"breadcrumb\":{\"@id\":\"https:\/\/www.unilim.fr\/havae\/publications\/pubmed\/#breadcrumb\"},\"inLanguage\":\"fr-FR\",\"potentialAction\":[{\"@type\":\"ReadAction\",\"target\":[\"https:\/\/www.unilim.fr\/havae\/publications\/pubmed\/\"]}]},{\"@type\":\"BreadcrumbList\",\"@id\":\"https:\/\/www.unilim.fr\/havae\/publications\/pubmed\/#breadcrumb\",\"itemListElement\":[{\"@type\":\"ListItem\",\"position\":1,\"name\":\"Accueil\",\"item\":\"https:\/\/www.unilim.fr\/havae\/\"},{\"@type\":\"ListItem\",\"position\":2,\"name\":\"Activit\u00e9s scientifiques\",\"item\":\"https:\/\/www.unilim.fr\/havae\/publications\/\"},{\"@type\":\"ListItem\",\"position\":3,\"name\":\"Pubmed\"}]},{\"@type\":\"WebSite\",\"@id\":\"https:\/\/www.unilim.fr\/havae\/#website\",\"url\":\"https:\/\/www.unilim.fr\/havae\/\",\"name\":\"HAVAE\",\"description\":\"universit\u00e9 ouverte source de r\u00e9ussites\",\"potentialAction\":[{\"@type\":\"SearchAction\",\"target\":{\"@type\":\"EntryPoint\",\"urlTemplate\":\"https:\/\/www.unilim.fr\/havae\/?s={search_term_string}\"},\"query-input\":{\"@type\":\"PropertyValueSpecification\",\"valueRequired\":true,\"valueName\":\"search_term_string\"}}],\"inLanguage\":\"fr-FR\"}]}<\/script>\n<!-- \/ Yoast SEO plugin. -->","yoast_head_json":{"title":"Pubmed - HAVAE","robots":{"index":"index","follow":"follow","max-snippet":"max-snippet:-1","max-image-preview":"max-image-preview:large","max-video-preview":"max-video-preview:-1"},"canonical":"https:\/\/www.unilim.fr\/havae\/publications\/pubmed\/","og_locale":"fr_FR","og_type":"article","og_title":"Pubmed - HAVAE","og_url":"https:\/\/www.unilim.fr\/havae\/publications\/pubmed\/","og_site_name":"HAVAE","article_modified_time":"2022-10-18T10:02:52+00:00","twitter_misc":{"Dur\u00e9e de lecture estim\u00e9e":"1 minute"},"schema":{"@context":"https:\/\/schema.org","@graph":[{"@type":"WebPage","@id":"https:\/\/www.unilim.fr\/havae\/publications\/pubmed\/","url":"https:\/\/www.unilim.fr\/havae\/publications\/pubmed\/","name":"Pubmed - HAVAE","isPartOf":{"@id":"https:\/\/www.unilim.fr\/havae\/#website"},"datePublished":"2022-10-11T22:00:00+00:00","dateModified":"2022-10-18T10:02:52+00:00","breadcrumb":{"@id":"https:\/\/www.unilim.fr\/havae\/publications\/pubmed\/#breadcrumb"},"inLanguage":"fr-FR","potentialAction":[{"@type":"ReadAction","target":["https:\/\/www.unilim.fr\/havae\/publications\/pubmed\/"]}]},{"@type":"BreadcrumbList","@id":"https:\/\/www.unilim.fr\/havae\/publications\/pubmed\/#breadcrumb","itemListElement":[{"@type":"ListItem","position":1,"name":"Accueil","item":"https:\/\/www.unilim.fr\/havae\/"},{"@type":"ListItem","position":2,"name":"Activit\u00e9s scientifiques","item":"https:\/\/www.unilim.fr\/havae\/publications\/"},{"@type":"ListItem","position":3,"name":"Pubmed"}]},{"@type":"WebSite","@id":"https:\/\/www.unilim.fr\/havae\/#website","url":"https:\/\/www.unilim.fr\/havae\/","name":"HAVAE","description":"universit\u00e9 ouverte source de r\u00e9ussites","potentialAction":[{"@type":"SearchAction","target":{"@type":"EntryPoint","urlTemplate":"https:\/\/www.unilim.fr\/havae\/?s={search_term_string}"},"query-input":{"@type":"PropertyValueSpecification","valueRequired":true,"valueName":"search_term_string"}}],"inLanguage":"fr-FR"}]}},"publishpress_future_action":{"enabled":false,"date":"2026-04-13 14:15:11","action":"change-status","newStatus":"draft","terms":[],"taxonomy":"page_category","extraData":[]},"publishpress_future_workflow_manual_trigger":{"enabledWorkflows":[]},"_links":{"self":[{"href":"https:\/\/www.unilim.fr\/havae\/wp-json\/wp\/v2\/pages\/1911","targetHints":{"allow":["GET"]}}],"collection":[{"href":"https:\/\/www.unilim.fr\/havae\/wp-json\/wp\/v2\/pages"}],"about":[{"href":"https:\/\/www.unilim.fr\/havae\/wp-json\/wp\/v2\/types\/page"}],"author":[{"embeddable":true,"href":"https:\/\/www.unilim.fr\/havae\/wp-json\/wp\/v2\/users\/7"}],"replies":[{"embeddable":true,"href":"https:\/\/www.unilim.fr\/havae\/wp-json\/wp\/v2\/comments?post=1911"}],"version-history":[{"count":0,"href":"https:\/\/www.unilim.fr\/havae\/wp-json\/wp\/v2\/pages\/1911\/revisions"}],"up":[{"embeddable":true,"href":"https:\/\/www.unilim.fr\/havae\/wp-json\/wp\/v2\/pages\/69"}],"wp:attachment":[{"href":"https:\/\/www.unilim.fr\/havae\/wp-json\/wp\/v2\/media?parent=1911"}],"curies":[{"name":"wp","href":"https:\/\/api.w.org\/{rel}","templated":true}]}}