{"id":1646,"date":"2021-09-30T22:00:00","date_gmt":"2021-09-27T22:00:00","guid":{"rendered":"http:\/\/www.unilim.fr\/havae\/recherche\/membres-de-lequipe\/maria-vinti\/"},"modified":"2022-11-08T14:49:15","modified_gmt":"2022-11-08T14:49:15","slug":"maria-vinti","status":"publish","type":"page","link":"https:\/\/www.unilim.fr\/havae\/havae-ur20217\/membres-de-lequipe-2\/maria-vinti\/","title":{"rendered":"Maria Vinti"},"content":{"rendered":"                        <div class=\"container-fluid bg-grad-right-gray-lighter ul-element-page-header \">\n                            <div class=\"container\">\n                                <div class=\"row\">\n                                    <div class=\"col-xs-12 hidden-xs text-dark\">\n                                                                                            <div class=\"ul-element-breadcrumb hidden-xs \">\n            \n                                <ol class='breadcrumb'>\n                                    <li>\n                                        <a href='http:\/\/www.unilim.fr\/havae'><i class='fa fa-home fa-lg fa-fw'><\/i><\/a>\n                                    <\/li><\/ol>        <\/div>\n                                                                                    <\/div>\n                                    <div class=\"col-xs-3 hidden-xs\">\n                                                                                    <div class=\"ul-element-logo-signal hidden-xs\" style=\"display: inline-block; position: relative; width: 100% ; margin-top: 23px; padding-bottom: 11.9284%;vertical-align: top;\">\n                <svg preserveAspectRatio=\"xMinYMin meet\" viewBox=\"0 0 503 60\" style=\"display: block;position: absolute;top: 0;left: 0;width:100%;max-width:100%;height:100%\">\n                      <g>\n                          <rect  opacity=\"0.3\"  x=\"0\" y=\"0\" width=\"142px\" height=\"60\" rx=\"6\" class=\" bg-primary\"><\/rect>\n                          <rect opacity=\"0.5\"  x=\"106\" y=\"0\" width=\"119px\" height=\"60\" rx=\"6\" class=\"bg-primary\"><\/rect>\n                          <rect opacity=\"0.6\"  x=\"207\" y=\"0\" width=\"84px\" height=\"60\" rx=\"6\" class=\" bg-primary\"><\/rect>\n                          <rect opacity=\"0.7\"  x=\"308\" y=\"0\" width=\"61px\" height=\"60\" rx=\"6\" class=\" bg-primary\"><\/rect>\n                          <rect opacity=\"0.8\"  x=\"390\" y=\"0\" width=\"29px\" height=\"60\" rx=\"6\" class=\" bg-primary\"><\/rect>\n                          <rect x=\"446\" y=\"0\" width=\"15px\" height=\"60\" rx=\"4\" class=\"                bg-primary\"><\/rect>\n                          <rect x=\"495\" y=\"0\" width=\"8px\" height=\"60\" rx=\"2\" class=\"                 bg-primary\"><\/rect>\n                      <\/g>\n                <\/svg>\n        <\/div>                                                                            <\/div>\n\n                                                                            <div class=\"col-sm-9 text-dark\">\n\n                                                                                                    <h1 class=\"blog-title text-primary ul-bold\">Maria Vinti                                                                                                            <\/h1>\n\n                                                    <br\/>\n                                                \n\n\n                                                \n                                                                                        <\/div>\n                                    \n                                <\/div>\n                            <\/div>\n                        <\/div>\n                                <div class=\"container-fluid  \" style=\"\">\n                      <div class=\"container\">\n                <div class=\"row \" style=\"margin-top: 30px;margin-bottom: 30px\">        <div class=\"col-md-12 \">\n                        <div class=\"ul-element-personne \" style=\"margin: 15px 0; display: table;\">\n                <div style=\"display:table-row\" class=\"element-body\">\n                    <div style=\"display: table-cell; vertical-align: top;\" class=\"element-image\">\n                                                            <img decoding=\"async\" src=\"https:\/\/www.unilim.fr\/havae\/wp-content\/uploads\/sites\/5\/2021\/10\/maria-vinti.jpg\" class=\"img pull-left\" style=\"width:80px;height:80px;margin-right:15px;\"\/>\n                                            <\/div>\n                    <div style=\"display: table-cell; vertical-align: top;\" class=\"element-content\">\n                        <h4>Vinti Maria<\/h4>\n                                                <p>\n                            <span>Docteur en Sciences de la R\u00e9\u00e9ducation et de la R\u00e9adaptation (section CNU 91) - Maitre de Conf\u00e9rence \u00e0 l'ILFOMER - Universit\u00e9 de Limoges<\/span><br\/>                                                                                <\/p>\n                                                <p style=\"white-space:nowrap;\">\n                            <i class=\"fa fa-phone fa-fw\"><\/i> <a href=\"tel:+33(0)587080879\">+33 (0)5 87 08 08 79<\/a><br\/>                                                                                                                                            <i class=\"fa fa-envelope-o fa-fw\"><\/i> <a href=\"mailto:mariaconcetta.vinti@unilim.fr\" target=\"_blank\">mariaconcetta.vinti@unilim.fr<\/a><br\/>                                                    <\/p>\n                        <p>\n                                                                                <\/p>\n                    <\/div>\n                <\/div>\n            <\/div>\n                <div class=\" text-center btn-fullwidth \">\n            <a role=\"button\" href=\"https:\/\/www.linkedin.com\/in\/maria-vinti-27404759\/\" target=\"_blank\" class=\"ul-btn-margin ul-bold btn btn-primary \">\n                                    <i class=\"fa fa-fw fa-linkedin-square\"><\/i>\n                                Maria Vinti            <\/a>\n        <\/div>\n                <div class=\"\">\n                        <div class=\"panel panel-primary\">\n                              <div class=\"panel-body\">\n                  \n<p>&#8211;&nbsp;Directrice de la fili&egrave;re Masso-Kin&eacute;sith&eacute;rapie &agrave; l&rsquo;Institut Limousin de Formation aux M&eacute;tiers de la R&eacute;adaptation (ILFOMER) de l&rsquo;Universit&eacute; de Limoges<\/p>\n<p><strong>&nbsp;&nbsp;<\/strong><\/p>\n<p><span style=\"text-decoration: underline\"><strong>Researchgate&nbsp;:<\/strong><\/span>&nbsp;<a href=\"https:\/\/www.researchgate.net\/profile\/Maria-Vinti\">https:\/\/www.researchgate.net\/profile\/Maria-Vinti<\/a><a href=\"https:\/\/www.researchgate.net\/profile\/Benoit_Borel\"><\/a>.&nbsp; &nbsp; &nbsp; &nbsp; &nbsp; &nbsp; &nbsp; &nbsp; &nbsp; &nbsp; &nbsp; &nbsp;&nbsp;<\/p>\n<\/p>\n<p><span style=\"text-decoration: underline\"><strong>ORCID :<\/strong><\/span>&nbsp;<a href=\"https:\/\/orcid.org\/ 0000-0002-4908-8563\">https:\/\/orcid.org\/ 0000-0002-4908-8563<\/a>&nbsp;<a href=\"https:\/\/www.unilim.fr\/havae\/wp-content\/uploads\/sites\/5\/2021\/10\/image-32748.png\" class=\"\"><img loading=\"lazy\" decoding=\"async\" alt=\"\" src=\"https:\/\/www.unilim.fr\/havae\/wp-content\/uploads\/sites\/5\/2021\/10\/image-32748-300x300.png\" class=\"alignnone wp-image-1644\" width=\"66\" height=\"66\" srcset=\"https:\/\/www.unilim.fr\/havae\/wp-content\/uploads\/sites\/5\/2021\/10\/image-32748-300x300.png 300w, https:\/\/www.unilim.fr\/havae\/wp-content\/uploads\/sites\/5\/2021\/10\/image-32748.png 500w\" sizes=\"auto, (max-width: 66px) 100vw, 66px\" \/><\/a><\/p>\n                <\/div>\n                          <\/div>\n                    <\/div>\n                <div class=\"\">\n            <hr\/>\n        <\/div>\n                <div class=\"clearfix ul-element-text \">\n            \n<h4 style=\"text-align: justify;padding-left: 60px\"><\/h4>\n<h4 style=\"text-align: justify;padding-left: 60px\"><span style=\"text-decoration: underline\">Th\u00e9matiques de recherche<\/span><\/h4>\n<p>&nbsp;<\/p>\n<ul>\n<li style=\"text-align: justify\">Caract\u00e9risation de la motricit\u00e9 humaine et des m\u00e9canismes de d\u00e9gradation qui en limitent son expression au cours des atteintes neurologiques chez l\u2019adulte et l\u2019enfant, notamment par l\u2019\u00e9tude de la cocontraction antagoniste et de la par\u00e9sie agoniste dans le syndrome de par\u00e9sie spastique.<\/li>\n<li style=\"text-align: justify\">Adaptation et am\u00e9lioration de la prise en charge r\u00e9\u00e9ducative \u00e0 l\u2019aide des nouvelles technologies (Serious game, r\u00e9alit\u00e9 virtuelle)<\/li>\n<\/ul>\n<p>&nbsp;<\/p>\n<h4 style=\"padding-left: 60px\"><span style=\"text-decoration: underline\">Principaux projets<\/span><\/h4>\n<p>&nbsp;<\/p>\n<ul>\n<li>Etude Lifespan : Identification d&rsquo;indicateurs cl\u00e9s de la performance motrice chez l&rsquo;enfant c\u00e9r\u00e9brol\u00e9s\u00e9, Hasbro Children&rsquo;s Hospital, Etats-Unis.<\/li>\n<li>Etude PARK e-Novation : D\u00e9veloppement et validation du serious game Toaprun chez le sujet parkinsonien, LabCom BRAIN e_Novation, ICM, H\u00f4pital Salp\u00e9tri\u00e8re.&nbsp;<\/li>\n<\/ul>\n<p>&nbsp;<\/p>\n<h4 style=\"padding-left: 60px\"><span style=\"text-decoration: underline\">Mots-cl\u00e9<\/span><\/h4>\n<p><span style=\"text-decoration: underline\"><\/span>&nbsp;<\/p>\n<p>Contr\u00f4le moteur ; coordination posture-\u00e9quilibre-mouvement ; marche ; cocontraction musculaire ; adaptations sensorimotrices de la commande ; biomarqueurs musculaires ; sant\u00e9 num\u00e9rique ; serious games ; r\u00e9alit\u00e9 virtuelle<br \/><span style=\"text-decoration: underline\"><\/span><\/p>\n<p>&nbsp;<\/p>\n<h4 style=\"padding-left: 60px\"><span style=\"text-decoration: underline\">Derni\u00e8res publications<\/span><br \/><\/h4>\n<p><span style=\"text-decoration: underline\"><\/span>&nbsp;<\/p>\n<ul>\n<li>\n<p><strong>Vinti M<\/strong>, Saikia MJ, Donoghue J, Mankodiya K, Kerman KL. A modified surface EMG biomarker for gait assessment in spastic cerebral palsy. Hum Mov Sci. 2021 Dec;80:102875. doi: 10.1016\/j.humov.2021.102875. Epub 2021 Nov 1. PMID: 34736019.<\/p>\n<\/li>\n<li>\n<p><strong>Vinti M<\/strong>, Bayle N, Merlo A, Authier G, Pesenti S, Jouve JL, Chabrol B, Gracies JM, Boulay C. 2018. Muscle Shortening and Spastic Cocontraction in Gastrocnemius Medialis and Peroneus Longus in Very Young Hemiparetic Children. Biomed Res Int 2018 May 21. https:\/\/doi.org\/10.1155\/2018\/2328601.<\/p>\n<\/li>\n<li>\n<p><strong>Vinti M<\/strong>, Gracies JM, Gazzoni M, Vieira T. 2017. Localised sampling of myoelectric activity may provide biased estimates of cocontraction for gastrocnemius though not for soleus and tibialis anterior muscles. J Electromyogr Kinesiol 38:34-43. https:\/\/doi.org\/10.1016\/j.jelekin.2017.11.003.<\/p>\n<\/li>\n<li>\n<p><strong>Vinti M<\/strong>, Bayle N, Hutin E, Burke D, Gracies JM. 2015. Stretch-sensitive paresis and effort perception in hemiparesis. J Neural Transm (Vienna) 122(8):1089-97. https:\/\/doi.org\/10.1007\/s00702-015-1379-3.<\/p>\n<\/li>\n<li>\n<p><strong>Vinti M<\/strong>, Couillandre A, Hausselle J, Bayle N, Primerano A, Merlo A, Hutin E, Gracies JM. 2013. Influence of effort intensity and gastrocnemius stretch on co-contraction and torque production in the healthy and paretic ankle. Clin Neurophysiol 124(3):528-35. https:\/\/doi.org\/10.1016\/j.clinph.2012.08.010.<\/p>\n<\/li>\n<li>\n<p><strong>Vinti M<\/strong>, Costantino F, Bayle N, Simpson DM, Weisz DJ, Gracies JM. 2012. Spastic cocontraction in hemiparesis: Effects of botulinum toxin. Muscle Nerve 46(6):926-31. https:\/\/doi.org\/10.1002\/mus.23427.<\/p>\n<\/li>\n<\/ul>\n<p><\/p>\n        <\/div>\n                <\/div>\n        <\/div>\n            <\/div>\n                  <\/div>\n        \n","protected":false},"excerpt":{"rendered":"","protected":false},"author":7,"featured_media":0,"parent":63,"menu_order":0,"comment_status":"closed","ping_status":"closed","template":"page-le.php","meta":{"footnotes":""},"class_list":["post-1646","page","type-page","status-publish","hentry"],"yoast_head":"<!-- This site is optimized with the Yoast SEO plugin v26.5 - https:\/\/yoast.com\/wordpress\/plugins\/seo\/ -->\n<title>Maria Vinti - HAVAE<\/title>\n<meta name=\"robots\" content=\"index, follow, max-snippet:-1, max-image-preview:large, max-video-preview:-1\" \/>\n<link rel=\"canonical\" href=\"https:\/\/www.unilim.fr\/havae\/havae-ur20217\/membres-de-lequipe-2\/maria-vinti\/\" \/>\n<meta property=\"og:locale\" content=\"fr_FR\" \/>\n<meta property=\"og:type\" content=\"article\" \/>\n<meta property=\"og:title\" content=\"Maria Vinti - HAVAE\" \/>\n<meta property=\"og:url\" content=\"https:\/\/www.unilim.fr\/havae\/havae-ur20217\/membres-de-lequipe-2\/maria-vinti\/\" \/>\n<meta property=\"og:site_name\" content=\"HAVAE\" \/>\n<meta property=\"article:modified_time\" content=\"2022-11-08T14:49:15+00:00\" \/>\n<meta property=\"og:image\" content=\"https:\/\/www.unilim.fr\/havae\/wp-content\/uploads\/sites\/5\/2021\/10\/image-32748-300x300.png\" \/>\n<meta name=\"twitter:label1\" content=\"Dur\u00e9e de lecture estim\u00e9e\" \/>\n\t<meta name=\"twitter:data1\" content=\"3 minutes\" \/>\n<script type=\"application\/ld+json\" class=\"yoast-schema-graph\">{\"@context\":\"https:\/\/schema.org\",\"@graph\":[{\"@type\":\"WebPage\",\"@id\":\"https:\/\/www.unilim.fr\/havae\/havae-ur20217\/membres-de-lequipe-2\/maria-vinti\/\",\"url\":\"https:\/\/www.unilim.fr\/havae\/havae-ur20217\/membres-de-lequipe-2\/maria-vinti\/\",\"name\":\"Maria Vinti - HAVAE\",\"isPartOf\":{\"@id\":\"https:\/\/www.unilim.fr\/havae\/#website\"},\"primaryImageOfPage\":{\"@id\":\"https:\/\/www.unilim.fr\/havae\/havae-ur20217\/membres-de-lequipe-2\/maria-vinti\/#primaryimage\"},\"image\":{\"@id\":\"https:\/\/www.unilim.fr\/havae\/havae-ur20217\/membres-de-lequipe-2\/maria-vinti\/#primaryimage\"},\"thumbnailUrl\":\"https:\/\/www.unilim.fr\/havae\/wp-content\/uploads\/sites\/5\/2021\/10\/image-32748-300x300.png\",\"datePublished\":\"2021-09-27T22:00:00+00:00\",\"dateModified\":\"2022-11-08T14:49:15+00:00\",\"breadcrumb\":{\"@id\":\"https:\/\/www.unilim.fr\/havae\/havae-ur20217\/membres-de-lequipe-2\/maria-vinti\/#breadcrumb\"},\"inLanguage\":\"fr-FR\",\"potentialAction\":[{\"@type\":\"ReadAction\",\"target\":[\"https:\/\/www.unilim.fr\/havae\/havae-ur20217\/membres-de-lequipe-2\/maria-vinti\/\"]}]},{\"@type\":\"ImageObject\",\"inLanguage\":\"fr-FR\",\"@id\":\"https:\/\/www.unilim.fr\/havae\/havae-ur20217\/membres-de-lequipe-2\/maria-vinti\/#primaryimage\",\"url\":\"https:\/\/www.unilim.fr\/havae\/wp-content\/uploads\/sites\/5\/2021\/10\/image-32748-300x300.png\",\"contentUrl\":\"https:\/\/www.unilim.fr\/havae\/wp-content\/uploads\/sites\/5\/2021\/10\/image-32748-300x300.png\"},{\"@type\":\"BreadcrumbList\",\"@id\":\"https:\/\/www.unilim.fr\/havae\/havae-ur20217\/membres-de-lequipe-2\/maria-vinti\/#breadcrumb\",\"itemListElement\":[{\"@type\":\"ListItem\",\"position\":1,\"name\":\"Accueil\",\"item\":\"https:\/\/www.unilim.fr\/havae\/\"},{\"@type\":\"ListItem\",\"position\":2,\"name\":\"HAVAE &#8211; UR20217\",\"item\":\"https:\/\/www.unilim.fr\/havae\/havae-ur20217\/\"},{\"@type\":\"ListItem\",\"position\":3,\"name\":\"Membres de l&rsquo;\u00e9quipe\",\"item\":\"https:\/\/www.unilim.fr\/havae\/havae-ur20217\/membres-de-lequipe-2\/\"},{\"@type\":\"ListItem\",\"position\":4,\"name\":\"Maria Vinti\"}]},{\"@type\":\"WebSite\",\"@id\":\"https:\/\/www.unilim.fr\/havae\/#website\",\"url\":\"https:\/\/www.unilim.fr\/havae\/\",\"name\":\"HAVAE\",\"description\":\"universit\u00e9 ouverte source de r\u00e9ussites\",\"potentialAction\":[{\"@type\":\"SearchAction\",\"target\":{\"@type\":\"EntryPoint\",\"urlTemplate\":\"https:\/\/www.unilim.fr\/havae\/?s={search_term_string}\"},\"query-input\":{\"@type\":\"PropertyValueSpecification\",\"valueRequired\":true,\"valueName\":\"search_term_string\"}}],\"inLanguage\":\"fr-FR\"}]}<\/script>\n<!-- \/ Yoast SEO plugin. -->","yoast_head_json":{"title":"Maria Vinti - HAVAE","robots":{"index":"index","follow":"follow","max-snippet":"max-snippet:-1","max-image-preview":"max-image-preview:large","max-video-preview":"max-video-preview:-1"},"canonical":"https:\/\/www.unilim.fr\/havae\/havae-ur20217\/membres-de-lequipe-2\/maria-vinti\/","og_locale":"fr_FR","og_type":"article","og_title":"Maria Vinti - HAVAE","og_url":"https:\/\/www.unilim.fr\/havae\/havae-ur20217\/membres-de-lequipe-2\/maria-vinti\/","og_site_name":"HAVAE","article_modified_time":"2022-11-08T14:49:15+00:00","og_image":[{"url":"https:\/\/www.unilim.fr\/havae\/wp-content\/uploads\/sites\/5\/2021\/10\/image-32748-300x300.png","type":"","width":"","height":""}],"twitter_misc":{"Dur\u00e9e de lecture estim\u00e9e":"3 minutes"},"schema":{"@context":"https:\/\/schema.org","@graph":[{"@type":"WebPage","@id":"https:\/\/www.unilim.fr\/havae\/havae-ur20217\/membres-de-lequipe-2\/maria-vinti\/","url":"https:\/\/www.unilim.fr\/havae\/havae-ur20217\/membres-de-lequipe-2\/maria-vinti\/","name":"Maria Vinti - HAVAE","isPartOf":{"@id":"https:\/\/www.unilim.fr\/havae\/#website"},"primaryImageOfPage":{"@id":"https:\/\/www.unilim.fr\/havae\/havae-ur20217\/membres-de-lequipe-2\/maria-vinti\/#primaryimage"},"image":{"@id":"https:\/\/www.unilim.fr\/havae\/havae-ur20217\/membres-de-lequipe-2\/maria-vinti\/#primaryimage"},"thumbnailUrl":"https:\/\/www.unilim.fr\/havae\/wp-content\/uploads\/sites\/5\/2021\/10\/image-32748-300x300.png","datePublished":"2021-09-27T22:00:00+00:00","dateModified":"2022-11-08T14:49:15+00:00","breadcrumb":{"@id":"https:\/\/www.unilim.fr\/havae\/havae-ur20217\/membres-de-lequipe-2\/maria-vinti\/#breadcrumb"},"inLanguage":"fr-FR","potentialAction":[{"@type":"ReadAction","target":["https:\/\/www.unilim.fr\/havae\/havae-ur20217\/membres-de-lequipe-2\/maria-vinti\/"]}]},{"@type":"ImageObject","inLanguage":"fr-FR","@id":"https:\/\/www.unilim.fr\/havae\/havae-ur20217\/membres-de-lequipe-2\/maria-vinti\/#primaryimage","url":"https:\/\/www.unilim.fr\/havae\/wp-content\/uploads\/sites\/5\/2021\/10\/image-32748-300x300.png","contentUrl":"https:\/\/www.unilim.fr\/havae\/wp-content\/uploads\/sites\/5\/2021\/10\/image-32748-300x300.png"},{"@type":"BreadcrumbList","@id":"https:\/\/www.unilim.fr\/havae\/havae-ur20217\/membres-de-lequipe-2\/maria-vinti\/#breadcrumb","itemListElement":[{"@type":"ListItem","position":1,"name":"Accueil","item":"https:\/\/www.unilim.fr\/havae\/"},{"@type":"ListItem","position":2,"name":"HAVAE &#8211; UR20217","item":"https:\/\/www.unilim.fr\/havae\/havae-ur20217\/"},{"@type":"ListItem","position":3,"name":"Membres de l&rsquo;\u00e9quipe","item":"https:\/\/www.unilim.fr\/havae\/havae-ur20217\/membres-de-lequipe-2\/"},{"@type":"ListItem","position":4,"name":"Maria Vinti"}]},{"@type":"WebSite","@id":"https:\/\/www.unilim.fr\/havae\/#website","url":"https:\/\/www.unilim.fr\/havae\/","name":"HAVAE","description":"universit\u00e9 ouverte source de r\u00e9ussites","potentialAction":[{"@type":"SearchAction","target":{"@type":"EntryPoint","urlTemplate":"https:\/\/www.unilim.fr\/havae\/?s={search_term_string}"},"query-input":{"@type":"PropertyValueSpecification","valueRequired":true,"valueName":"search_term_string"}}],"inLanguage":"fr-FR"}]}},"publishpress_future_action":{"enabled":false,"date":"2026-05-01 16:19:36","action":"change-status","newStatus":"draft","terms":[],"taxonomy":"page_category","extraData":[]},"publishpress_future_workflow_manual_trigger":{"enabledWorkflows":[]},"_links":{"self":[{"href":"https:\/\/www.unilim.fr\/havae\/wp-json\/wp\/v2\/pages\/1646","targetHints":{"allow":["GET"]}}],"collection":[{"href":"https:\/\/www.unilim.fr\/havae\/wp-json\/wp\/v2\/pages"}],"about":[{"href":"https:\/\/www.unilim.fr\/havae\/wp-json\/wp\/v2\/types\/page"}],"author":[{"embeddable":true,"href":"https:\/\/www.unilim.fr\/havae\/wp-json\/wp\/v2\/users\/7"}],"replies":[{"embeddable":true,"href":"https:\/\/www.unilim.fr\/havae\/wp-json\/wp\/v2\/comments?post=1646"}],"version-history":[{"count":0,"href":"https:\/\/www.unilim.fr\/havae\/wp-json\/wp\/v2\/pages\/1646\/revisions"}],"up":[{"embeddable":true,"href":"https:\/\/www.unilim.fr\/havae\/wp-json\/wp\/v2\/pages\/63"}],"wp:attachment":[{"href":"https:\/\/www.unilim.fr\/havae\/wp-json\/wp\/v2\/media?parent=1646"}],"curies":[{"name":"wp","href":"https:\/\/api.w.org\/{rel}","templated":true}]}}