{"id":1578,"date":"2020-03-23T23:00:00","date_gmt":"2020-03-24T23:00:00","guid":{"rendered":"http:\/\/www.unilim.fr\/havae\/recherche\/membres-de-lequipe\/iouri-bernache-assollant\/"},"modified":"2022-10-20T16:53:31","modified_gmt":"2022-10-20T16:53:31","slug":"iouri-bernache-assollant","status":"publish","type":"page","link":"https:\/\/www.unilim.fr\/havae\/havae-ur20217\/membres-de-lequipe-2\/iouri-bernache-assollant\/","title":{"rendered":"Iouri Bernache-Assollant"},"content":{"rendered":"                        <div class=\"container-fluid bg-grad-right-gray-lighter ul-element-page-header \">\n                            <div class=\"container\">\n                                <div class=\"row\">\n                                    <div class=\"col-xs-12 hidden-xs text-dark\">\n                                                                                            <div class=\"ul-element-breadcrumb hidden-xs \">\n            \n                                <ol class='breadcrumb'>\n                                    <li>\n                                        <a href='http:\/\/www.unilim.fr\/havae'><i class='fa fa-home fa-lg fa-fw'><\/i><\/a>\n                                    <\/li><\/ol>        <\/div>\n                                                                                    <\/div>\n                                    <div class=\"col-xs-3 hidden-xs\">\n                                                                                    <div class=\"ul-element-logo-signal hidden-xs\" style=\"display: inline-block; position: relative; width: 100% ; margin-top: 23px; padding-bottom: 11.9284%;vertical-align: top;\">\n                <svg preserveAspectRatio=\"xMinYMin meet\" viewBox=\"0 0 503 60\" style=\"display: block;position: absolute;top: 0;left: 0;width:100%;max-width:100%;height:100%\">\n                      <g>\n                          <rect  opacity=\"0.3\"  x=\"0\" y=\"0\" width=\"142px\" height=\"60\" rx=\"6\" class=\" bg-primary\"><\/rect>\n                          <rect opacity=\"0.5\"  x=\"106\" y=\"0\" width=\"119px\" height=\"60\" rx=\"6\" class=\"bg-primary\"><\/rect>\n                          <rect opacity=\"0.6\"  x=\"207\" y=\"0\" width=\"84px\" height=\"60\" rx=\"6\" class=\" bg-primary\"><\/rect>\n                          <rect opacity=\"0.7\"  x=\"308\" y=\"0\" width=\"61px\" height=\"60\" rx=\"6\" class=\" bg-primary\"><\/rect>\n                          <rect opacity=\"0.8\"  x=\"390\" y=\"0\" width=\"29px\" height=\"60\" rx=\"6\" class=\" bg-primary\"><\/rect>\n                          <rect x=\"446\" y=\"0\" width=\"15px\" height=\"60\" rx=\"4\" class=\"                bg-primary\"><\/rect>\n                          <rect x=\"495\" y=\"0\" width=\"8px\" height=\"60\" rx=\"2\" class=\"                 bg-primary\"><\/rect>\n                      <\/g>\n                <\/svg>\n        <\/div>                                                                            <\/div>\n\n                                                                            <div class=\"col-sm-9 text-dark\">\n\n                                                                                                    <h1 class=\"blog-title text-primary ul-bold\">Iouri Bernache-Assollant                                                                                                            <\/h1>\n\n                                                    <br\/>\n                                                \n\n\n                                                \n                                                                                        <\/div>\n                                    \n                                <\/div>\n                            <\/div>\n                        <\/div>\n                                <div class=\"container-fluid  \" style=\"\">\n                      <div class=\"container\">\n                <div class=\"row \" style=\"margin-top: 30px;margin-bottom: 30px\">        <div class=\"col-md-12 \">\n                        <div class=\"ul-element-personne \" style=\"margin: 15px 0; display: table;\">\n                <div style=\"display:table-row\" class=\"element-body\">\n                    <div style=\"display: table-cell; vertical-align: top;\" class=\"element-image\">\n                                                            <img decoding=\"async\" src=\"https:\/\/www.unilim.fr\/havae\/wp-content\/uploads\/sites\/5\/2022\/10\/1642774123954.jpg\" class=\"img pull-left\" style=\"width:80px;height:80px;margin-right:15px;\"\/>\n                                            <\/div>\n                    <div style=\"display: table-cell; vertical-align: top;\" class=\"element-content\">\n                        <h4>Bernache-Assollant Iouri<\/h4>\n                                                <p>\n                            <span>Docteur en Sciences et Techniques des Activit\u00e9s Physiques et Sportives (STAPS - 74\u00e8me section CNU) - Maitre de Conf\u00e9rence au D\u00e9partement STAPS de l'Universit\u00e9 de Limoges. Sp\u00e9cialit\u00e9 : Psychologie sociale<\/span><br\/>                                                                                <\/p>\n                                                <p style=\"white-space:nowrap;\">\n                            <i class=\"fa fa-phone fa-fw\"><\/i> <a href=\"tel:+33(0)555457694\">+33 (0)5 55 45 76 94<\/a><br\/>                                                                                                                                            <i class=\"fa fa-envelope-o fa-fw\"><\/i> <a href=\"mailto:iouri.bernache-assollant@unilim.fr\" target=\"_blank\">iouri.bernache-assollant@unilim.fr<\/a><br\/>                                                    <\/p>\n                        <p>\n                                                                                <\/p>\n                    <\/div>\n                <\/div>\n            <\/div>\n                <div class=\" text-center btn-fullwidth \">\n            <a role=\"button\" href=\"https:\/\/www.linkedin.com\/in\/iouri-bernache-assollant-61b41a59\/?originalSubdomain=fr\" target=\"_blank\" class=\"ul-btn-margin ul-bold btn btn-primary \">\n                                    <i class=\"fa fa-fw fa-linkedin-square\"><\/i>\n                                Iouri Bernache-Assollant            <\/a>\n        <\/div>\n                <div class=\"\">\n                        <div class=\"panel panel-primary\">\n                              <div class=\"panel-body\">\n                  \n<p><span style=\"text-decoration: underline\"><strong>Researchgate&nbsp;:<\/strong><\/span>&nbsp;<a href=\"https:\/\/www.researchgate.net\/profile\/Iouri-Bernache-Assollant\">https:\/\/www.researchgate.net\/profile\/Iouri-Bernache-Assollant<\/a>&nbsp; &nbsp; &nbsp; &nbsp; &nbsp; &nbsp; &nbsp; &nbsp; &nbsp; &nbsp; &nbsp; &nbsp;&nbsp;<\/p>\n<p>&nbsp;<\/p>\n<p><span style=\"text-decoration: underline\"><strong>ORCID :<\/strong><\/span>&nbsp;<a href=\"https:\/\/orcid.org\/0000-0002-8771-7754\">https:\/\/orcid.org\/0000-0002-8771-7754<\/a><\/p>\n<p>&nbsp;<\/p>\n<p><span style=\"text-decoration: underline\"><strong>Google Scholar :<\/strong><\/span>&nbsp;<a href=\"https:\/\/scholar.google.co.uk\/citations?user=FWgcUXMAAAAJ&amp;hl=en\">https:\/\/scholar.google.co.uk\/citations?user=FWgcUXMAAAAJ&amp;hl=en<\/a>&nbsp;<\/p>\n                <\/div>\n                          <\/div>\n                    <\/div>\n                <div class=\"\">\n            <hr\/>\n        <\/div>\n                <div class=\"clearfix ul-element-text \">\n            \n<h4 style=\"text-align: justify;padding-left: 60px\"><\/h4>\n<h4 style=\"text-align: justify;padding-left: 60px\"><span style=\"text-decoration: underline\">Th\u00e9matiques de recherche<\/span><\/h4>\n<p>&nbsp;&nbsp;<\/p>\n<p>Le centre d\u2019int\u00e9r\u00eat de la plupart de mes recherches s\u2019articule jusque maintenant autour de 3 axes principaux :<\/p>\n<p style=\"padding-left: 30px\">(i) La fa\u00e7on dont les individus g\u00e8rent les diff\u00e9rentes menaces de leur identit\u00e9 et de leur soi qu\u2019ils peuvent rencontrer et ce, dans diff\u00e9rents milieux et les cons\u00e9quences au niveau de leur sant\u00e9 psychologique ;<\/p>\n<p style=\"padding-left: 30px\">(ii) l\u2019impl\u00e9mentation d\u2019interventions pour aider \u00e0 la gestion de ces identit\u00e9s sociales menac\u00e9es<\/p>\n<p style=\"padding-left: 30px\">(iii) l\u2019identification des facteurs qui interviennent dans les perceptions, souvent n\u00e9gatives, des membres de groupes stigmatis\u00e9s.<\/p>\n<p>&nbsp;<\/p>\n<h4 style=\"padding-left: 60px\"><span style=\"text-decoration: underline\">Principaux projets<\/span><\/h4>\n<p>&nbsp;<\/p>\n<ul>\n<li>Projet \u00ab&nbsp;R\u00e9alit\u00e9 virtuelle et r\u00e9duction des comportements de discrimination envers les groupes stigmatis\u00e9s par la cognition incarn\u00e9e \u00bb :&nbsp; Elaboration et test d\u2019un environnement virtuel pour lutter contre les formes de discrimination en entreprise. Financement Fonds R\u00e9gion Bourgogne Franche-Comt\u00e9 et entreprise 5Discovery.<\/li>\n<li>Projet \u00ab Impact des croyances implicites d\u00e9terministes sur l&rsquo;orientation active des lyc\u00e9ens et leur r\u00e9ussite en premi\u00e8re ann\u00e9e de licence \u00bb : Etude de l\u2019impact des croyances implicites (\u00ab mindset \u00bb) d\u00e9terministes des \u00e9l\u00e8ves et \u00e9tudiants sur leur orientation post-bac et leur r\u00e9ussite en licence ainsi que des moyens de faire \u00e9voluer ces croyances. Financement RITM-BFC et&nbsp; ANR\u201017\u2010NCUN\u20100003.<\/li>\n<li>Projet \u00ab TEAM SPORT : Dynamique de groupe en sports collectifs \u00bb. Financement ANR \u00ab Sport de tr\u00e8s haute performance \u00bb. J\u2019interviens dans ce projet plus sp\u00e9cifiquement sur la compr\u00e9hension de l\u2019influence des processus identitaires (identit\u00e9 sociale vs identit\u00e9 personnelle) sur la perception de menace que repr\u00e9sentent les membres du groupe, et leur impact sur les performances des athl\u00e8tes.<\/li>\n<\/ul>\n<p>&nbsp;<\/p>\n<h4 style=\"padding-left: 60px\"><span style=\"text-decoration: underline\">Mots-cl\u00e9<\/span><\/h4>\n<p><span style=\"text-decoration: underline\"><\/span>&nbsp;<\/p>\n<p>Sant\u00e9 mentale&nbsp;; strat\u00e9gies de coping&nbsp;; \u00e9motions&nbsp;; identit\u00e9 sociale&nbsp;; strat\u00e9gies d\u2019intervention<br \/><span style=\"text-decoration: underline\"><\/span><\/p>\n        <\/div>\n                <\/div>\n        <\/div>\n            <\/div>\n                  <\/div>\n        \n","protected":false},"excerpt":{"rendered":"","protected":false},"author":7,"featured_media":0,"parent":63,"menu_order":0,"comment_status":"closed","ping_status":"closed","template":"page-le.php","meta":{"footnotes":""},"class_list":["post-1578","page","type-page","status-publish","hentry"],"yoast_head":"<!-- This site is optimized with the Yoast SEO plugin v26.5 - https:\/\/yoast.com\/wordpress\/plugins\/seo\/ -->\n<title>Iouri Bernache-Assollant - HAVAE<\/title>\n<meta name=\"robots\" content=\"index, follow, max-snippet:-1, max-image-preview:large, max-video-preview:-1\" \/>\n<link rel=\"canonical\" href=\"https:\/\/www.unilim.fr\/havae\/havae-ur20217\/membres-de-lequipe-2\/iouri-bernache-assollant\/\" \/>\n<meta property=\"og:locale\" content=\"fr_FR\" \/>\n<meta property=\"og:type\" content=\"article\" \/>\n<meta property=\"og:title\" content=\"Iouri Bernache-Assollant - HAVAE\" \/>\n<meta property=\"og:url\" content=\"https:\/\/www.unilim.fr\/havae\/havae-ur20217\/membres-de-lequipe-2\/iouri-bernache-assollant\/\" \/>\n<meta property=\"og:site_name\" content=\"HAVAE\" \/>\n<meta property=\"article:modified_time\" content=\"2022-10-20T16:53:31+00:00\" \/>\n<meta name=\"twitter:label1\" content=\"Dur\u00e9e de lecture estim\u00e9e\" \/>\n\t<meta name=\"twitter:data1\" content=\"3 minutes\" \/>\n<script type=\"application\/ld+json\" class=\"yoast-schema-graph\">{\"@context\":\"https:\/\/schema.org\",\"@graph\":[{\"@type\":\"WebPage\",\"@id\":\"https:\/\/www.unilim.fr\/havae\/havae-ur20217\/membres-de-lequipe-2\/iouri-bernache-assollant\/\",\"url\":\"https:\/\/www.unilim.fr\/havae\/havae-ur20217\/membres-de-lequipe-2\/iouri-bernache-assollant\/\",\"name\":\"Iouri Bernache-Assollant - HAVAE\",\"isPartOf\":{\"@id\":\"https:\/\/www.unilim.fr\/havae\/#website\"},\"datePublished\":\"2020-03-24T23:00:00+00:00\",\"dateModified\":\"2022-10-20T16:53:31+00:00\",\"breadcrumb\":{\"@id\":\"https:\/\/www.unilim.fr\/havae\/havae-ur20217\/membres-de-lequipe-2\/iouri-bernache-assollant\/#breadcrumb\"},\"inLanguage\":\"fr-FR\",\"potentialAction\":[{\"@type\":\"ReadAction\",\"target\":[\"https:\/\/www.unilim.fr\/havae\/havae-ur20217\/membres-de-lequipe-2\/iouri-bernache-assollant\/\"]}]},{\"@type\":\"BreadcrumbList\",\"@id\":\"https:\/\/www.unilim.fr\/havae\/havae-ur20217\/membres-de-lequipe-2\/iouri-bernache-assollant\/#breadcrumb\",\"itemListElement\":[{\"@type\":\"ListItem\",\"position\":1,\"name\":\"Accueil\",\"item\":\"https:\/\/www.unilim.fr\/havae\/\"},{\"@type\":\"ListItem\",\"position\":2,\"name\":\"HAVAE &#8211; UR20217\",\"item\":\"https:\/\/www.unilim.fr\/havae\/havae-ur20217\/\"},{\"@type\":\"ListItem\",\"position\":3,\"name\":\"Membres de l&rsquo;\u00e9quipe\",\"item\":\"https:\/\/www.unilim.fr\/havae\/havae-ur20217\/membres-de-lequipe-2\/\"},{\"@type\":\"ListItem\",\"position\":4,\"name\":\"Iouri Bernache-Assollant\"}]},{\"@type\":\"WebSite\",\"@id\":\"https:\/\/www.unilim.fr\/havae\/#website\",\"url\":\"https:\/\/www.unilim.fr\/havae\/\",\"name\":\"HAVAE\",\"description\":\"universit\u00e9 ouverte source de r\u00e9ussites\",\"potentialAction\":[{\"@type\":\"SearchAction\",\"target\":{\"@type\":\"EntryPoint\",\"urlTemplate\":\"https:\/\/www.unilim.fr\/havae\/?s={search_term_string}\"},\"query-input\":{\"@type\":\"PropertyValueSpecification\",\"valueRequired\":true,\"valueName\":\"search_term_string\"}}],\"inLanguage\":\"fr-FR\"}]}<\/script>\n<!-- \/ Yoast SEO plugin. -->","yoast_head_json":{"title":"Iouri Bernache-Assollant - HAVAE","robots":{"index":"index","follow":"follow","max-snippet":"max-snippet:-1","max-image-preview":"max-image-preview:large","max-video-preview":"max-video-preview:-1"},"canonical":"https:\/\/www.unilim.fr\/havae\/havae-ur20217\/membres-de-lequipe-2\/iouri-bernache-assollant\/","og_locale":"fr_FR","og_type":"article","og_title":"Iouri Bernache-Assollant - HAVAE","og_url":"https:\/\/www.unilim.fr\/havae\/havae-ur20217\/membres-de-lequipe-2\/iouri-bernache-assollant\/","og_site_name":"HAVAE","article_modified_time":"2022-10-20T16:53:31+00:00","twitter_misc":{"Dur\u00e9e de lecture estim\u00e9e":"3 minutes"},"schema":{"@context":"https:\/\/schema.org","@graph":[{"@type":"WebPage","@id":"https:\/\/www.unilim.fr\/havae\/havae-ur20217\/membres-de-lequipe-2\/iouri-bernache-assollant\/","url":"https:\/\/www.unilim.fr\/havae\/havae-ur20217\/membres-de-lequipe-2\/iouri-bernache-assollant\/","name":"Iouri Bernache-Assollant - HAVAE","isPartOf":{"@id":"https:\/\/www.unilim.fr\/havae\/#website"},"datePublished":"2020-03-24T23:00:00+00:00","dateModified":"2022-10-20T16:53:31+00:00","breadcrumb":{"@id":"https:\/\/www.unilim.fr\/havae\/havae-ur20217\/membres-de-lequipe-2\/iouri-bernache-assollant\/#breadcrumb"},"inLanguage":"fr-FR","potentialAction":[{"@type":"ReadAction","target":["https:\/\/www.unilim.fr\/havae\/havae-ur20217\/membres-de-lequipe-2\/iouri-bernache-assollant\/"]}]},{"@type":"BreadcrumbList","@id":"https:\/\/www.unilim.fr\/havae\/havae-ur20217\/membres-de-lequipe-2\/iouri-bernache-assollant\/#breadcrumb","itemListElement":[{"@type":"ListItem","position":1,"name":"Accueil","item":"https:\/\/www.unilim.fr\/havae\/"},{"@type":"ListItem","position":2,"name":"HAVAE &#8211; UR20217","item":"https:\/\/www.unilim.fr\/havae\/havae-ur20217\/"},{"@type":"ListItem","position":3,"name":"Membres de l&rsquo;\u00e9quipe","item":"https:\/\/www.unilim.fr\/havae\/havae-ur20217\/membres-de-lequipe-2\/"},{"@type":"ListItem","position":4,"name":"Iouri Bernache-Assollant"}]},{"@type":"WebSite","@id":"https:\/\/www.unilim.fr\/havae\/#website","url":"https:\/\/www.unilim.fr\/havae\/","name":"HAVAE","description":"universit\u00e9 ouverte source de r\u00e9ussites","potentialAction":[{"@type":"SearchAction","target":{"@type":"EntryPoint","urlTemplate":"https:\/\/www.unilim.fr\/havae\/?s={search_term_string}"},"query-input":{"@type":"PropertyValueSpecification","valueRequired":true,"valueName":"search_term_string"}}],"inLanguage":"fr-FR"}]}},"publishpress_future_action":{"enabled":false,"date":"2026-04-13 16:13:26","action":"change-status","newStatus":"draft","terms":[],"taxonomy":"page_category","extraData":[]},"publishpress_future_workflow_manual_trigger":{"enabledWorkflows":[]},"_links":{"self":[{"href":"https:\/\/www.unilim.fr\/havae\/wp-json\/wp\/v2\/pages\/1578","targetHints":{"allow":["GET"]}}],"collection":[{"href":"https:\/\/www.unilim.fr\/havae\/wp-json\/wp\/v2\/pages"}],"about":[{"href":"https:\/\/www.unilim.fr\/havae\/wp-json\/wp\/v2\/types\/page"}],"author":[{"embeddable":true,"href":"https:\/\/www.unilim.fr\/havae\/wp-json\/wp\/v2\/users\/7"}],"replies":[{"embeddable":true,"href":"https:\/\/www.unilim.fr\/havae\/wp-json\/wp\/v2\/comments?post=1578"}],"version-history":[{"count":0,"href":"https:\/\/www.unilim.fr\/havae\/wp-json\/wp\/v2\/pages\/1578\/revisions"}],"up":[{"embeddable":true,"href":"https:\/\/www.unilim.fr\/havae\/wp-json\/wp\/v2\/pages\/63"}],"wp:attachment":[{"href":"https:\/\/www.unilim.fr\/havae\/wp-json\/wp\/v2\/media?parent=1578"}],"curies":[{"name":"wp","href":"https:\/\/api.w.org\/{rel}","templated":true}]}}