{"id":1529,"date":"2022-10-19T22:00:00","date_gmt":"2021-05-31T22:00:00","guid":{"rendered":"http:\/\/www.unilim.fr\/havae\/recherche\/doctorantsstagiaires\/amine-guediri\/"},"modified":"2022-10-20T15:54:43","modified_gmt":"2022-10-20T15:54:43","slug":"amine-guediri","status":"publish","type":"page","link":"https:\/\/www.unilim.fr\/havae\/recherche\/doctorantsstagiaires\/amine-guediri\/","title":{"rendered":"Amine Guediri"},"content":{"rendered":"                        <div class=\"container-fluid bg-grad-right-gray-lighter ul-element-page-header \">\n                            <div class=\"container\">\n                                <div class=\"row\">\n                                    <div class=\"col-xs-12 hidden-xs text-dark\">\n                                                                                            <div class=\"ul-element-breadcrumb hidden-xs \">\n            \n                                <ol class='breadcrumb'>\n                                    <li>\n                                        <a href='http:\/\/www.unilim.fr\/havae'><i class='fa fa-home fa-lg fa-fw'><\/i><\/a>\n                                    <\/li><\/ol>        <\/div>\n                                                                                    <\/div>\n                                    <div class=\"col-xs-3 hidden-xs\">\n                                                                                    <div class=\"ul-element-logo-signal hidden-xs\" style=\"display: inline-block; position: relative; width: 100% ; margin-top: 23px; padding-bottom: 11.9284%;vertical-align: top;\">\n                <svg preserveAspectRatio=\"xMinYMin meet\" viewBox=\"0 0 503 60\" style=\"display: block;position: absolute;top: 0;left: 0;width:100%;max-width:100%;height:100%\">\n                      <g>\n                          <rect  opacity=\"0.3\"  x=\"0\" y=\"0\" width=\"142px\" height=\"60\" rx=\"6\" class=\" bg-primary\"><\/rect>\n                          <rect opacity=\"0.5\"  x=\"106\" y=\"0\" width=\"119px\" height=\"60\" rx=\"6\" class=\"bg-primary\"><\/rect>\n                          <rect opacity=\"0.6\"  x=\"207\" y=\"0\" width=\"84px\" height=\"60\" rx=\"6\" class=\" bg-primary\"><\/rect>\n                          <rect opacity=\"0.7\"  x=\"308\" y=\"0\" width=\"61px\" height=\"60\" rx=\"6\" class=\" bg-primary\"><\/rect>\n                          <rect opacity=\"0.8\"  x=\"390\" y=\"0\" width=\"29px\" height=\"60\" rx=\"6\" class=\" bg-primary\"><\/rect>\n                          <rect x=\"446\" y=\"0\" width=\"15px\" height=\"60\" rx=\"4\" class=\"                bg-primary\"><\/rect>\n                          <rect x=\"495\" y=\"0\" width=\"8px\" height=\"60\" rx=\"2\" class=\"                 bg-primary\"><\/rect>\n                      <\/g>\n                <\/svg>\n        <\/div>                                                                            <\/div>\n\n                                                                            <div class=\"col-sm-9 text-dark\">\n\n                                                                                                    <h1 class=\"blog-title text-primary ul-bold\">Amine Guediri                                                                                                            <\/h1>\n\n                                                    <br\/>\n                                                \n\n\n                                                \n                                                                                        <\/div>\n                                    \n                                <\/div>\n                            <\/div>\n                        <\/div>\n                                <div class=\"container-fluid  \" style=\"\">\n                      <div class=\"container\">\n                <div class=\"row \" style=\"margin-top: 30px;margin-bottom: 30px\">        <div class=\"col-sm-12 \">\n                        <div class=\"ul-element-personne \" style=\"margin: 15px 0; display: table;\">\n                <div style=\"display:table-row\" class=\"element-body\">\n                    <div style=\"display: table-cell; vertical-align: top;\" class=\"element-image\">\n                                                            <img decoding=\"async\" src=\"https:\/\/www.unilim.fr\/havae\/wp-content\/uploads\/sites\/5\/2021\/06\/A.Guediri.jpg\" class=\"img pull-left\" style=\"width:80px;height:80px;margin-right:15px;\"\/>\n                                            <\/div>\n                    <div style=\"display: table-cell; vertical-align: top;\" class=\"element-content\">\n                        <h4>Amine Guediri<\/h4>\n                                                <p>\n                            <span>Doctorant en Sciences Biologiques et Sant\u00e9<\/span><br\/>                                                                                <\/p>\n                                                <p style=\"white-space:nowrap;\">\n                            <i class=\"fa fa-phone fa-fw\"><\/i> <a href=\"tel:+33(0)610202634\">+33 (0)6 10 20 26 34<\/a><br\/>                                                                                                                                            <i class=\"fa fa-envelope-o fa-fw\"><\/i> <a href=\"mailto:amine.guediri@unilim.fr\" target=\"_blank\">amine.guediri@unilim.fr<\/a><br\/>                                                    <\/p>\n                        <p>\n                                                                                <\/p>\n                    <\/div>\n                <\/div>\n            <\/div>\n                <div class=\"row\">\n                    <div class=\"col-sm-6\">\n                    <div class=\" text-center btn-fullwidth \">\n            <a role=\"button\" href=\"https:\/\/twitter.com\/AmineGuediri\" target=\"_blank\" class=\"ul-btn-margin ul-bold btn btn-primary \">\n                                    <i class=\"fa fa-fw fa-twitter-square\"><\/i>\n                                @AmineGuediri            <\/a>\n        <\/div>\n                <\/div>\n                <div class=\"col-sm-6\">\n                    <div class=\" text-center btn-fullwidth \">\n            <a role=\"button\" href=\"https:\/\/www.linkedin.com\/in\/amine-guediri-19b987195\/\" target=\"_blank\" class=\"ul-btn-margin ul-bold btn btn-primary \">\n                                    <i class=\"fa fa-fw fa-linkedin-square\"><\/i>\n                                Amine Guediri            <\/a>\n        <\/div>\n                <\/div>\n                <\/div>\n                <div class=\"\">\n                        <div class=\"panel panel-primary\">\n                              <div class=\"panel-body\">\n                  \n<p><span style=\"text-decoration: underline\"><strong>Researchgate :<\/strong><\/span>&nbsp;<a href=\"https:\/\/www.researchgate.net\/profile\/Amine-Guediri\">https:\/\/www.researchgate.net\/profile\/Amine-Guediri<\/a><\/p>\n<\/p>\n                <\/div>\n                          <\/div>\n                    <\/div>\n                <div class=\"\">\n            <hr\/>\n        <\/div>\n                <div class=\"clearfix ul-element-text \">\n            \n<p>&nbsp;<\/p>\n<h4 style=\"padding-left: 60px\"><span style=\"text-decoration: underline\">Parcours<\/span><\/h4>\n<h4><\/h4>\n<ul>\n<li>Licence appliqu\u00e9e en Physioth\u00e9rapie \u2013 Ecole sup\u00e9rieure des sciences et techniques de la sant\u00e9 de Sousse, Universit\u00e9 de Sousse, Tunisie<\/li>\n<li><span style=\"background-color: transparent\">Master en STAPS parcours mouvement, ergonomie, handicap \u2013UFR activit\u00e9s physiques et sportives &#8211; Universit\u00e9 de Grenoble Alpes, France<\/span><\/li>\n<li><span style=\"background-color: transparent\">Master en ing\u00e9nierie de la sant\u00e9 parcours m\u00e9thodes pour la conception et la conduite de projets en recherche clinique- UFR M\u00e9decine &#8211; Universit\u00e9 Grenoble Alpes<\/span><\/li>\n<li><span style=\"background-color: transparent\">Doctorant en Sciences &#8211; Ecole Doctorale Biologie Sant\u00e9 &#8211; Universit\u00e9 de Limoges.<\/span><\/li>\n<\/ul>\n<p style=\"padding-left: 90px\"><em>Co-directeurs de th\u00e8se&nbsp;:<\/em>&nbsp;Dr. St\u00e9phane Mandigout &#8211;&nbsp;Dr.&nbsp;Maxence Compagnat &#8211; Dr. Charles Batcho (Universit\u00e9 Laval &#8211; Qu\u00e9bec &#8211; Canada)<\/p>\n<p style=\"padding-left: 90px\"><em>Sujet de th\u00e8se&nbsp;:<\/em>&nbsp;Etude de la consommation de dioxyg\u00e8ne instantan\u00e9e chez les patients post-AVC lors d&rsquo;activit\u00e9s de d\u00e9placement vari\u00e9es en comparaison avec des sujets sains.&nbsp;<\/p>\n<p>&nbsp;<\/p>\n<h4 style=\"padding-left: 60px\"><span style=\"text-decoration: underline\">Th\u00e9matiques de recherche<\/span><\/h4>\n<h4 style=\"padding-left: 60px\"><\/h4>\n<ul>\n<li>Evaluation de l\u2019intensit\u00e9 de l\u2019effort chez les post-AVC<\/li>\n<li>D\u00e9termination du param\u00e8tre le plus sensible pour \u00e9valuer le niveau d\u2019activit\u00e9 des patients (nombre de pas, d\u00e9pense \u00e9nerg\u00e9tique, fr\u00e9quence cardiaque, distance etc\u2026) en situation de vie r\u00e9elle&nbsp;<\/li>\n<\/ul>\n<p>&nbsp;&nbsp;<\/p>\n<h4 style=\"padding-left: 60px\"><span style=\"text-decoration: underline\">Publications<\/span><\/h4>\n<ol>\n<li>A.Guediri, L.Robin, J.Lacroix, T.Aubourg, N.Vuillerme, S.Mandigout (2021). Comparison of energy expenditure assessed using wrist- and hip-worn Actigraph GT3x in free-living conditions in young and older adults.&nbsp;<em>Front Med (Lausanne)<\/em>; 8 : 696968. eCollection 2021.&nbsp;<\/li>\n<li>A.Guediri, D.Chaparro, B.Borel, J-C.Daviet, M.Compagnat, S.Mandigout (2022). The effect of a home-based coaching program on heart rate variability in subacute stroke patients: a randomized controlled trial.&nbsp;<em>Int J Rehabil Res<\/em> ; 45(3) : 201-208.&nbsp;<\/li>\n<\/ol>\n<p class=\"ul-bold\">&nbsp;<\/p>\n<h4 style=\"padding-left: 60px\"><span style=\"text-decoration: underline\">Mots-cl\u00e9<\/span><\/h4>\n<p>Activit\u00e9 physique &#8211; Post-AVC &#8211;&nbsp;Intensit\u00e9 de l&rsquo;effort &#8211; Consommation d&rsquo;oxyg\u00e8ne<\/p>\n        <\/div>\n                <\/div>\n        <\/div>\n            <\/div>\n                  <\/div>\n        \n","protected":false},"excerpt":{"rendered":"","protected":false},"author":7,"featured_media":0,"parent":65,"menu_order":0,"comment_status":"closed","ping_status":"closed","template":"page-le.php","meta":{"footnotes":""},"class_list":["post-1529","page","type-page","status-publish","hentry"],"yoast_head":"<!-- This site is optimized with the Yoast SEO plugin v26.5 - https:\/\/yoast.com\/wordpress\/plugins\/seo\/ -->\n<title>Amine Guediri - HAVAE<\/title>\n<meta name=\"robots\" content=\"index, follow, max-snippet:-1, max-image-preview:large, max-video-preview:-1\" \/>\n<link rel=\"canonical\" href=\"https:\/\/www.unilim.fr\/havae\/recherche\/doctorantsstagiaires\/amine-guediri\/\" \/>\n<meta property=\"og:locale\" content=\"fr_FR\" \/>\n<meta property=\"og:type\" content=\"article\" \/>\n<meta property=\"og:title\" content=\"Amine Guediri - HAVAE\" \/>\n<meta property=\"og:url\" content=\"https:\/\/www.unilim.fr\/havae\/recherche\/doctorantsstagiaires\/amine-guediri\/\" \/>\n<meta property=\"og:site_name\" content=\"HAVAE\" \/>\n<meta property=\"article:modified_time\" content=\"2022-10-20T15:54:43+00:00\" \/>\n<meta name=\"twitter:label1\" content=\"Dur\u00e9e de lecture estim\u00e9e\" \/>\n\t<meta name=\"twitter:data1\" content=\"2 minutes\" \/>\n<script type=\"application\/ld+json\" class=\"yoast-schema-graph\">{\"@context\":\"https:\/\/schema.org\",\"@graph\":[{\"@type\":\"WebPage\",\"@id\":\"https:\/\/www.unilim.fr\/havae\/recherche\/doctorantsstagiaires\/amine-guediri\/\",\"url\":\"https:\/\/www.unilim.fr\/havae\/recherche\/doctorantsstagiaires\/amine-guediri\/\",\"name\":\"Amine Guediri - HAVAE\",\"isPartOf\":{\"@id\":\"https:\/\/www.unilim.fr\/havae\/#website\"},\"datePublished\":\"2021-05-31T22:00:00+00:00\",\"dateModified\":\"2022-10-20T15:54:43+00:00\",\"breadcrumb\":{\"@id\":\"https:\/\/www.unilim.fr\/havae\/recherche\/doctorantsstagiaires\/amine-guediri\/#breadcrumb\"},\"inLanguage\":\"fr-FR\",\"potentialAction\":[{\"@type\":\"ReadAction\",\"target\":[\"https:\/\/www.unilim.fr\/havae\/recherche\/doctorantsstagiaires\/amine-guediri\/\"]}]},{\"@type\":\"BreadcrumbList\",\"@id\":\"https:\/\/www.unilim.fr\/havae\/recherche\/doctorantsstagiaires\/amine-guediri\/#breadcrumb\",\"itemListElement\":[{\"@type\":\"ListItem\",\"position\":1,\"name\":\"Accueil\",\"item\":\"https:\/\/www.unilim.fr\/havae\/\"},{\"@type\":\"ListItem\",\"position\":2,\"name\":\"Recherche\",\"item\":\"https:\/\/www.unilim.fr\/havae\/recherche\/\"},{\"@type\":\"ListItem\",\"position\":3,\"name\":\"Doctorants\/Stagiaires\",\"item\":\"https:\/\/www.unilim.fr\/havae\/recherche\/doctorantsstagiaires\/\"},{\"@type\":\"ListItem\",\"position\":4,\"name\":\"Amine Guediri\"}]},{\"@type\":\"WebSite\",\"@id\":\"https:\/\/www.unilim.fr\/havae\/#website\",\"url\":\"https:\/\/www.unilim.fr\/havae\/\",\"name\":\"HAVAE\",\"description\":\"universit\u00e9 ouverte source de r\u00e9ussites\",\"potentialAction\":[{\"@type\":\"SearchAction\",\"target\":{\"@type\":\"EntryPoint\",\"urlTemplate\":\"https:\/\/www.unilim.fr\/havae\/?s={search_term_string}\"},\"query-input\":{\"@type\":\"PropertyValueSpecification\",\"valueRequired\":true,\"valueName\":\"search_term_string\"}}],\"inLanguage\":\"fr-FR\"}]}<\/script>\n<!-- \/ Yoast SEO plugin. -->","yoast_head_json":{"title":"Amine Guediri - HAVAE","robots":{"index":"index","follow":"follow","max-snippet":"max-snippet:-1","max-image-preview":"max-image-preview:large","max-video-preview":"max-video-preview:-1"},"canonical":"https:\/\/www.unilim.fr\/havae\/recherche\/doctorantsstagiaires\/amine-guediri\/","og_locale":"fr_FR","og_type":"article","og_title":"Amine Guediri - HAVAE","og_url":"https:\/\/www.unilim.fr\/havae\/recherche\/doctorantsstagiaires\/amine-guediri\/","og_site_name":"HAVAE","article_modified_time":"2022-10-20T15:54:43+00:00","twitter_misc":{"Dur\u00e9e de lecture estim\u00e9e":"2 minutes"},"schema":{"@context":"https:\/\/schema.org","@graph":[{"@type":"WebPage","@id":"https:\/\/www.unilim.fr\/havae\/recherche\/doctorantsstagiaires\/amine-guediri\/","url":"https:\/\/www.unilim.fr\/havae\/recherche\/doctorantsstagiaires\/amine-guediri\/","name":"Amine Guediri - HAVAE","isPartOf":{"@id":"https:\/\/www.unilim.fr\/havae\/#website"},"datePublished":"2021-05-31T22:00:00+00:00","dateModified":"2022-10-20T15:54:43+00:00","breadcrumb":{"@id":"https:\/\/www.unilim.fr\/havae\/recherche\/doctorantsstagiaires\/amine-guediri\/#breadcrumb"},"inLanguage":"fr-FR","potentialAction":[{"@type":"ReadAction","target":["https:\/\/www.unilim.fr\/havae\/recherche\/doctorantsstagiaires\/amine-guediri\/"]}]},{"@type":"BreadcrumbList","@id":"https:\/\/www.unilim.fr\/havae\/recherche\/doctorantsstagiaires\/amine-guediri\/#breadcrumb","itemListElement":[{"@type":"ListItem","position":1,"name":"Accueil","item":"https:\/\/www.unilim.fr\/havae\/"},{"@type":"ListItem","position":2,"name":"Recherche","item":"https:\/\/www.unilim.fr\/havae\/recherche\/"},{"@type":"ListItem","position":3,"name":"Doctorants\/Stagiaires","item":"https:\/\/www.unilim.fr\/havae\/recherche\/doctorantsstagiaires\/"},{"@type":"ListItem","position":4,"name":"Amine Guediri"}]},{"@type":"WebSite","@id":"https:\/\/www.unilim.fr\/havae\/#website","url":"https:\/\/www.unilim.fr\/havae\/","name":"HAVAE","description":"universit\u00e9 ouverte source de r\u00e9ussites","potentialAction":[{"@type":"SearchAction","target":{"@type":"EntryPoint","urlTemplate":"https:\/\/www.unilim.fr\/havae\/?s={search_term_string}"},"query-input":{"@type":"PropertyValueSpecification","valueRequired":true,"valueName":"search_term_string"}}],"inLanguage":"fr-FR"}]}},"publishpress_future_action":{"enabled":false,"date":"2026-04-10 18:47:24","action":"change-status","newStatus":"draft","terms":[],"taxonomy":"page_category","extraData":[]},"publishpress_future_workflow_manual_trigger":{"enabledWorkflows":[]},"_links":{"self":[{"href":"https:\/\/www.unilim.fr\/havae\/wp-json\/wp\/v2\/pages\/1529","targetHints":{"allow":["GET"]}}],"collection":[{"href":"https:\/\/www.unilim.fr\/havae\/wp-json\/wp\/v2\/pages"}],"about":[{"href":"https:\/\/www.unilim.fr\/havae\/wp-json\/wp\/v2\/types\/page"}],"author":[{"embeddable":true,"href":"https:\/\/www.unilim.fr\/havae\/wp-json\/wp\/v2\/users\/7"}],"replies":[{"embeddable":true,"href":"https:\/\/www.unilim.fr\/havae\/wp-json\/wp\/v2\/comments?post=1529"}],"version-history":[{"count":0,"href":"https:\/\/www.unilim.fr\/havae\/wp-json\/wp\/v2\/pages\/1529\/revisions"}],"up":[{"embeddable":true,"href":"https:\/\/www.unilim.fr\/havae\/wp-json\/wp\/v2\/pages\/65"}],"wp:attachment":[{"href":"https:\/\/www.unilim.fr\/havae\/wp-json\/wp\/v2\/media?parent=1529"}],"curies":[{"name":"wp","href":"https:\/\/api.w.org\/{rel}","templated":true}]}}