{"id":1439,"date":"2026-04-08T22:00:00","date_gmt":"2021-03-04T00:00:00","guid":{"rendered":"http:\/\/www.unilim.fr\/havae\/recherche\/offres-de-these\/"},"modified":"2026-04-09T09:05:33","modified_gmt":"2026-04-09T09:05:33","slug":"offres-de-these-stage-emploi","status":"publish","type":"page","link":"https:\/\/www.unilim.fr\/havae\/offres-de-these-stage-emploi\/","title":{"rendered":"Offres de th\u00e8se\/stage\/emploi"},"content":{"rendered":"        <div class=\"container-fluid  \" style=\"\">\n                      <div class=\"container\">\n                <div class=\"row \" style=\"margin-top: 30px;margin-bottom: 30px\">        <div class=\"col-md-12 \">\n            \n        \n        <div class=\"ul-element-header text-center  \">\n\n            <h2 class=\"ul-bold  bg-primary\" style=\"padding:10px;\">\n                                Appel \u00e0 candidature : Offres d'emploi, stage ou th\u00e8se propos\u00e9es par le laboratoire HAVAE                            <\/h2>\n        <\/div>\n                <div class=\"\">\n            <hr\/>\n        <\/div>\n        \n        \n        <div class=\"ul-element-header text-left  \">\n\n            <h3 class=\"ul-bold  \" style=\"\">\n                                    <i class=\"fa fa-fw fa-info-circle\"><\/i>\n                                Offres d'emploi                            <\/h3>\n        <\/div>\n                <div class=\"\">\n            <hr\/>\n        <\/div>\n        \n        \n        <div class=\"ul-element-header text-left page-header \">\n\n            <h3 class=\"ul-bold  \" style=\"\">\n                                    <i class=\"fa fa-fw fa-info-circle\"><\/i>\n                                Offres de th\u00e8se                            <\/h3>\n        <\/div>\n                <a href=\"https:\/\/www.unilim.fr\/havae\/wp-content\/uploads\/sites\/5\/2026\/04\/2026.03_Fiche-Sujet-de-These-Libre-APTH-UR-HAVAE.pdf\" target=\"_blank\" class=\"ul-element-cartouche bg-primary \" style=\"border-left: 18px solid #94B2D9\">\n            <h4 class=\"text-dark ul-bold text-left\">Projet APTH - Activit\u00e9 physique pour des travailleurs en situation de handicap, en milieu prot\u00e9g\u00e9<\/h4>\n                            <i class=\"text-dark fa fa-3x fa-plus-circle\" style=\"order:2\"><\/i>\n                    <\/a>\n                <a href=\"https:\/\/www.unilim.fr\/havae\/wp-content\/uploads\/sites\/5\/2026\/04\/Proposition_these-ARCADE.pdf\" target=\"_blank\" class=\"ul-element-cartouche bg-primary \" style=\"border-left: 18px solid #94B2D9\">\n            <h4 class=\"text-dark ul-bold text-left\">Projet ARCADE - Vers une r\u00e9adaptation cognitivo-motrice sur mesure, \u00e0 domicile, par exergame en r\u00e9alit\u00e9 augment\u00e9e<\/h4>\n                            <i class=\"text-dark fa fa-3x fa-plus-circle\" style=\"order:2\"><\/i>\n                    <\/a>\n                <a href=\"https:\/\/www.unilim.fr\/havae\/wp-content\/uploads\/sites\/5\/2026\/04\/Proposition_these-CO-STANCE.pdf\" target=\"_self\" class=\"ul-element-cartouche bg-primary \" style=\"border-left: 18px solid #94B2D9\">\n            <h4 class=\"text-dark ul-bold text-left\">Projet CO-STANCE - Conception &amp; \u00e9valuation d'un coach augment\u00e9 intelligent int\u00e9grant la d\u00e9tection de la fatigue chez des personnes \u00e2g\u00e9es<\/h4>\n                            <i class=\"text-dark fa fa-3x fa-plus-circle\" style=\"order:2\"><\/i>\n                    <\/a>\n                <div class=\"\">\n            <hr\/>\n        <\/div>\n        \n        \n        <div class=\"ul-element-header text-left  \">\n\n            <h3 class=\"ul-bold  \" style=\"\">\n                                    <i class=\"fa fa-fw fa-info-circle\"><\/i>\n                                Offres de stage                            <\/h3>\n        <\/div>\n                <div class=\"\">\n            <hr\/>\n        <\/div>\n                <div class=\"clearfix ul-element-text \">\n            \n<p>Avant de candidater, nous vous remercions de :<\/p>\n<ul>\n<li>Pour les offres de th\u00e8se, merci de prendre connaissance des&nbsp;<a href=\"https:\/\/www.u-ldevinci.fr\/sbs\/ed-sciences-biologiques-et-sante\/procedures\/reinscription-en-these\/site-de-limoges\/\" data-mce-href=\"https:\/\/www.u-ldevinci.fr\/sbs\/ed-sciences-biologiques-et-sante\/procedures\/reinscription-en-these\/site-de-limoges\/\">conditions d&rsquo;admission<\/a> en doctorat et des profils recherch\u00e9s, en consultant la fiche de poste (disponible en cliquant sur le symbole <strong>+<\/strong>).<\/li>\n<li>Pour plus d&rsquo;informations, merci de prendre contact avec le ou les responsable.s du sujet de th\u00e8se (ou de l&rsquo;offre de master) pour connaitre les modalit\u00e9s de candidature et d&rsquo;organisation du concours de recrutement (documents \u00e0 fournir, calendrier&#8230;)&nbsp;<\/li>\n<\/ul>\n        <\/div>\n                <\/div>\n        <\/div>\n            <\/div>\n                  <\/div>\n        \n","protected":false},"excerpt":{"rendered":"","protected":false},"author":7,"featured_media":0,"parent":0,"menu_order":0,"comment_status":"closed","ping_status":"closed","template":"page-le.php","meta":{"footnotes":""},"class_list":["post-1439","page","type-page","status-publish","hentry"],"yoast_head":"<!-- This site is optimized with the Yoast SEO plugin v26.5 - https:\/\/yoast.com\/wordpress\/plugins\/seo\/ -->\n<title>Offres de th\u00e8se\/stage\/emploi - HAVAE<\/title>\n<meta name=\"robots\" content=\"index, follow, max-snippet:-1, max-image-preview:large, max-video-preview:-1\" \/>\n<link rel=\"canonical\" href=\"https:\/\/www.unilim.fr\/havae\/offres-de-these-stage-emploi\/\" \/>\n<meta property=\"og:locale\" content=\"fr_FR\" \/>\n<meta property=\"og:type\" content=\"article\" \/>\n<meta property=\"og:title\" content=\"Offres de th\u00e8se\/stage\/emploi - HAVAE\" \/>\n<meta property=\"og:url\" content=\"https:\/\/www.unilim.fr\/havae\/offres-de-these-stage-emploi\/\" \/>\n<meta property=\"og:site_name\" content=\"HAVAE\" \/>\n<meta property=\"article:modified_time\" content=\"2026-04-09T09:05:33+00:00\" \/>\n<meta name=\"twitter:label1\" content=\"Dur\u00e9e de lecture estim\u00e9e\" \/>\n\t<meta name=\"twitter:data1\" content=\"2 minutes\" \/>\n<script type=\"application\/ld+json\" class=\"yoast-schema-graph\">{\"@context\":\"https:\/\/schema.org\",\"@graph\":[{\"@type\":\"WebPage\",\"@id\":\"https:\/\/www.unilim.fr\/havae\/offres-de-these-stage-emploi\/\",\"url\":\"https:\/\/www.unilim.fr\/havae\/offres-de-these-stage-emploi\/\",\"name\":\"Offres de th\u00e8se\/stage\/emploi - HAVAE\",\"isPartOf\":{\"@id\":\"https:\/\/www.unilim.fr\/havae\/#website\"},\"datePublished\":\"2021-03-04T00:00:00+00:00\",\"dateModified\":\"2026-04-09T09:05:33+00:00\",\"breadcrumb\":{\"@id\":\"https:\/\/www.unilim.fr\/havae\/offres-de-these-stage-emploi\/#breadcrumb\"},\"inLanguage\":\"fr-FR\",\"potentialAction\":[{\"@type\":\"ReadAction\",\"target\":[\"https:\/\/www.unilim.fr\/havae\/offres-de-these-stage-emploi\/\"]}]},{\"@type\":\"BreadcrumbList\",\"@id\":\"https:\/\/www.unilim.fr\/havae\/offres-de-these-stage-emploi\/#breadcrumb\",\"itemListElement\":[{\"@type\":\"ListItem\",\"position\":1,\"name\":\"Accueil\",\"item\":\"https:\/\/www.unilim.fr\/havae\/\"},{\"@type\":\"ListItem\",\"position\":2,\"name\":\"Offres de th\u00e8se\/stage\/emploi\"}]},{\"@type\":\"WebSite\",\"@id\":\"https:\/\/www.unilim.fr\/havae\/#website\",\"url\":\"https:\/\/www.unilim.fr\/havae\/\",\"name\":\"HAVAE\",\"description\":\"universit\u00e9 ouverte source de r\u00e9ussites\",\"potentialAction\":[{\"@type\":\"SearchAction\",\"target\":{\"@type\":\"EntryPoint\",\"urlTemplate\":\"https:\/\/www.unilim.fr\/havae\/?s={search_term_string}\"},\"query-input\":{\"@type\":\"PropertyValueSpecification\",\"valueRequired\":true,\"valueName\":\"search_term_string\"}}],\"inLanguage\":\"fr-FR\"}]}<\/script>\n<!-- \/ Yoast SEO plugin. -->","yoast_head_json":{"title":"Offres de th\u00e8se\/stage\/emploi - HAVAE","robots":{"index":"index","follow":"follow","max-snippet":"max-snippet:-1","max-image-preview":"max-image-preview:large","max-video-preview":"max-video-preview:-1"},"canonical":"https:\/\/www.unilim.fr\/havae\/offres-de-these-stage-emploi\/","og_locale":"fr_FR","og_type":"article","og_title":"Offres de th\u00e8se\/stage\/emploi - HAVAE","og_url":"https:\/\/www.unilim.fr\/havae\/offres-de-these-stage-emploi\/","og_site_name":"HAVAE","article_modified_time":"2026-04-09T09:05:33+00:00","twitter_misc":{"Dur\u00e9e de lecture estim\u00e9e":"2 minutes"},"schema":{"@context":"https:\/\/schema.org","@graph":[{"@type":"WebPage","@id":"https:\/\/www.unilim.fr\/havae\/offres-de-these-stage-emploi\/","url":"https:\/\/www.unilim.fr\/havae\/offres-de-these-stage-emploi\/","name":"Offres de th\u00e8se\/stage\/emploi - HAVAE","isPartOf":{"@id":"https:\/\/www.unilim.fr\/havae\/#website"},"datePublished":"2021-03-04T00:00:00+00:00","dateModified":"2026-04-09T09:05:33+00:00","breadcrumb":{"@id":"https:\/\/www.unilim.fr\/havae\/offres-de-these-stage-emploi\/#breadcrumb"},"inLanguage":"fr-FR","potentialAction":[{"@type":"ReadAction","target":["https:\/\/www.unilim.fr\/havae\/offres-de-these-stage-emploi\/"]}]},{"@type":"BreadcrumbList","@id":"https:\/\/www.unilim.fr\/havae\/offres-de-these-stage-emploi\/#breadcrumb","itemListElement":[{"@type":"ListItem","position":1,"name":"Accueil","item":"https:\/\/www.unilim.fr\/havae\/"},{"@type":"ListItem","position":2,"name":"Offres de th\u00e8se\/stage\/emploi"}]},{"@type":"WebSite","@id":"https:\/\/www.unilim.fr\/havae\/#website","url":"https:\/\/www.unilim.fr\/havae\/","name":"HAVAE","description":"universit\u00e9 ouverte source de r\u00e9ussites","potentialAction":[{"@type":"SearchAction","target":{"@type":"EntryPoint","urlTemplate":"https:\/\/www.unilim.fr\/havae\/?s={search_term_string}"},"query-input":{"@type":"PropertyValueSpecification","valueRequired":true,"valueName":"search_term_string"}}],"inLanguage":"fr-FR"}]}},"publishpress_future_action":{"enabled":false,"date":"2026-04-18 01:00:14","action":"change-status","newStatus":"draft","terms":[],"taxonomy":"page_category","extraData":[]},"publishpress_future_workflow_manual_trigger":{"enabledWorkflows":[]},"_links":{"self":[{"href":"https:\/\/www.unilim.fr\/havae\/wp-json\/wp\/v2\/pages\/1439","targetHints":{"allow":["GET"]}}],"collection":[{"href":"https:\/\/www.unilim.fr\/havae\/wp-json\/wp\/v2\/pages"}],"about":[{"href":"https:\/\/www.unilim.fr\/havae\/wp-json\/wp\/v2\/types\/page"}],"author":[{"embeddable":true,"href":"https:\/\/www.unilim.fr\/havae\/wp-json\/wp\/v2\/users\/7"}],"replies":[{"embeddable":true,"href":"https:\/\/www.unilim.fr\/havae\/wp-json\/wp\/v2\/comments?post=1439"}],"version-history":[{"count":18,"href":"https:\/\/www.unilim.fr\/havae\/wp-json\/wp\/v2\/pages\/1439\/revisions"}],"predecessor-version":[{"id":2905,"href":"https:\/\/www.unilim.fr\/havae\/wp-json\/wp\/v2\/pages\/1439\/revisions\/2905"}],"wp:attachment":[{"href":"https:\/\/www.unilim.fr\/havae\/wp-json\/wp\/v2\/media?parent=1439"}],"curies":[{"name":"wp","href":"https:\/\/api.w.org\/{rel}","templated":true}]}}