{"id":139,"date":"2019-03-14T23:00:00","date_gmt":"2014-05-13T14:37:02","guid":{"rendered":"http:\/\/www.unilim.fr\/havae\/?page_id=139"},"modified":"2020-03-24T10:52:10","modified_gmt":"2020-03-24T10:52:10","slug":"jean-christophe-daviet","status":"publish","type":"page","link":"https:\/\/www.unilim.fr\/havae\/havae-ur20217\/membres-de-lequipe-2\/jean-christophe-daviet\/","title":{"rendered":"Jean-Christophe Daviet"},"content":{"rendered":"                        <div class=\"container-fluid bg-grad-right-gray-lighter ul-element-page-header \">\n                            <div class=\"container\">\n                                <div class=\"row\">\n                                    <div class=\"col-xs-12 hidden-xs text-dark\">\n                                                                                            <div class=\"ul-element-breadcrumb hidden-xs \">\n            \n                                <ol class='breadcrumb'>\n                                    <li>\n                                        <a href='http:\/\/www.unilim.fr\/havae'><i class='fa fa-home fa-lg fa-fw'><\/i><\/a>\n                                    <\/li><\/ol>        <\/div>\n                                                                                    <\/div>\n                                    <div class=\"col-xs-3 hidden-xs\">\n                                                                                    <div class=\"ul-element-logo-signal hidden-xs\" style=\"display: inline-block; position: relative; width: 100% ; margin-top: 23px; padding-bottom: 11.9284%;vertical-align: top;\">\n                <svg preserveAspectRatio=\"xMinYMin meet\" viewBox=\"0 0 503 60\" style=\"display: block;position: absolute;top: 0;left: 0;width:100%;max-width:100%;height:100%\">\n                      <g>\n                          <rect  opacity=\"0.3\"  x=\"0\" y=\"0\" width=\"142px\" height=\"60\" rx=\"6\" class=\" bg-primary\"><\/rect>\n                          <rect opacity=\"0.5\"  x=\"106\" y=\"0\" width=\"119px\" height=\"60\" rx=\"6\" class=\"bg-primary\"><\/rect>\n                          <rect opacity=\"0.6\"  x=\"207\" y=\"0\" width=\"84px\" height=\"60\" rx=\"6\" class=\" bg-primary\"><\/rect>\n                          <rect opacity=\"0.7\"  x=\"308\" y=\"0\" width=\"61px\" height=\"60\" rx=\"6\" class=\" bg-primary\"><\/rect>\n                          <rect opacity=\"0.8\"  x=\"390\" y=\"0\" width=\"29px\" height=\"60\" rx=\"6\" class=\" bg-primary\"><\/rect>\n                          <rect x=\"446\" y=\"0\" width=\"15px\" height=\"60\" rx=\"4\" class=\"                bg-primary\"><\/rect>\n                          <rect x=\"495\" y=\"0\" width=\"8px\" height=\"60\" rx=\"2\" class=\"                 bg-primary\"><\/rect>\n                      <\/g>\n                <\/svg>\n        <\/div>                                                                            <\/div>\n\n                                                                            <div class=\"col-sm-9 text-dark\">\n\n                                                                                                    <h1 class=\"blog-title text-primary ul-bold\">Jean-Christophe Daviet                                                                                                            <\/h1>\n\n                                                    <br\/>\n                                                \n\n\n                                                \n                                                                                        <\/div>\n                                    \n                                <\/div>\n                            <\/div>\n                        <\/div>\n                                <div class=\"container-fluid  \" style=\"\">\n                      <div class=\"container\">\n                <div class=\"row \" style=\"margin-top: 30px;margin-bottom: 30px\">        <div class=\"col-md-12 \">\n                        <div class=\"ul-element-personne \" style=\"margin: 15px 0; display: table;\">\n                <div style=\"display:table-row\" class=\"element-body\">\n                    <div style=\"display: table-cell; vertical-align: top;\" class=\"element-image\">\n                                                            <img decoding=\"async\" src=\"http:\/\/www.unilim.fr\/havae\/wp-content\/uploads\/sites\/5\/2019\/03\/JC-Daviet-V3-300x300.jpeg\" class=\"img pull-left\" style=\"width:80px;height:80px;margin-right:15px;\"\/>\n                                            <\/div>\n                    <div style=\"display: table-cell; vertical-align: top;\" class=\"element-content\">\n                        <h4>Daviet Jean-Christophe<\/h4>\n                                                <p>\n                            <span>Professeur de m\u00e9decine physique et de r\u00e9adaptation (49\u00e8me section CNU) \u2013 Directeur de L\u2019institut Limousin de Formation des M\u00e9tiers de la R\u00e9adaptation de l'Universit\u00e9 de Limoges. Chef du service de MPR du CHU de Limoges<\/span><br\/>                                                                                <\/p>\n                                                <p style=\"white-space:nowrap;\">\n                            <i class=\"fa fa-phone fa-fw\"><\/i> <a href=\"tel:+33(0)555056538\">+33 (0)5 55 05 65 38<\/a><br\/>                                                                                                                                            <i class=\"fa fa-envelope-o fa-fw\"><\/i> <a href=\"mailto:jean-christophe.daviet@unilim.fr\" target=\"_blank\">jean-christophe.daviet@unilim.fr<\/a><br\/>                                                    <\/p>\n                        <p>\n                                                                                <\/p>\n                    <\/div>\n                <\/div>\n            <\/div>\n                <div class=\"\">\n            <hr\/>\n        <\/div>\n                <div class=\"clearfix ul-element-text \">\n            \n<h4><\/h4>\n<h4 style=\"padding-left: 60px\"><span style=\"text-decoration: underline\">Th\u00e9matiques de recherche<\/span><\/h4>\n<p>&nbsp;<\/p>\n<ul>\n<li style=\"text-align: justify\">Etude des processus de constitution du handicap et de la limitation d\u2019activit\u00e9 aux cours des affections neurologiques chroniques, en particulier dans les s\u00e9quelles d\u2019accidents vasculaires c\u00e9r\u00e9braux.<\/li>\n<li style=\"text-align: justify\">Etudes des facteurs limitant l\u2019autonomie de marche en post-AVC en particulier la gravit\u00e9 des d\u00e9ficiences.<\/li>\n<li style=\"text-align: justify\">Etudes des modalit\u00e9s de mise en place de programmes d\u2019\u00e9ducation et d\u2019incitation \u00e0 l\u2019activit\u00e9 physique dans les maladies neurologique dans le but de pr\u00e9server l\u2019autonomie.<\/li>\n<li style=\"text-align: justify\">Structuration de la fili\u00e8re de soins post-AVC jusqu\u2019au domicile avec \u00e9valuation des b\u00e9n\u00e9fices de l\u2019intervention d\u2019une \u00e9quipe mobile pluridisciplinaire \u00e0 domicile pour la pr\u00e9servation de l\u2019autonomie.<\/li>\n<\/ul>\n<p>&nbsp;<\/p>\n<h4 style=\"padding-left: 60px\"><span style=\"text-decoration: underline\">Principaux projets<\/span><br \/><\/h4>\n<h4 style=\"padding-left: 60px\">&nbsp;<\/h4>\n<ul>\n<li>Projet HEMIPASS&nbsp;: base de donn\u00e9e sur les processus de constitution du handicap des patients post AVC et sur le fardeau de l\u2019aidant.<\/li>\n<li><a href=\"http:\/\/www.unilim.fr\/havae\/recherche\/projetstheses-en-cours\/\">Projet WAKE<\/a>&nbsp;: PHRC essai clinique contr\u00f4l\u00e9 randomis\u00e9 multicentrique dans le but de montrer qu\u2019un r\u00e9veil analytique de la commande des releveurs de pied permet une am\u00e9lioration de la participation sociale des patients post-AVC (\u00e9valu\u00e9e par questionnaire) \u00e0 un an.<\/li>\n<\/ul>\n<p style=\"text-align: justify\"><span style=\"background-color: transparent\">&nbsp;&nbsp;<\/span><\/p>\n<p>&nbsp;<\/p>\n<h4 style=\"padding-left: 60px\"><span style=\"text-decoration: underline\">Mots-cl\u00e9<\/span><\/h4>\n<p>&nbsp;&nbsp;<\/p>\n<p>Accident Vasculaire C\u00e9r\u00e9bral ; Neurologie ; Activit\u00e9 ; Exercice ; Education ; Marche ; R\u00e9\u00e9ducation ; Handicap ; Participation ; Motricit\u00e9.<\/p>\n        <\/div>\n                <\/div>\n        <\/div>\n            <\/div>\n                  <\/div>\n        \n","protected":false},"excerpt":{"rendered":"","protected":false},"author":1,"featured_media":0,"parent":63,"menu_order":0,"comment_status":"closed","ping_status":"open","template":"page-le.php","meta":{"footnotes":""},"class_list":["post-139","page","type-page","status-publish","hentry"],"yoast_head":"<!-- This site is optimized with the Yoast SEO plugin v26.5 - https:\/\/yoast.com\/wordpress\/plugins\/seo\/ -->\n<title>Jean-Christophe Daviet - Laboratoire Havae<\/title>\n<meta name=\"description\" content=\"Jean-Christophe Daviet, PU- PH en M\u00e9decine Physique et de R\u00e9adaptation (MPR \u2013 section CNU 49-05) Service de MPR, h\u00f4pital J Rebeyrol,CHU de Limoges\" \/>\n<meta name=\"robots\" content=\"index, follow, max-snippet:-1, max-image-preview:large, max-video-preview:-1\" \/>\n<link rel=\"canonical\" href=\"https:\/\/www.unilim.fr\/havae\/havae-ur20217\/membres-de-lequipe-2\/jean-christophe-daviet\/\" \/>\n<meta property=\"og:locale\" content=\"fr_FR\" \/>\n<meta property=\"og:type\" content=\"article\" \/>\n<meta property=\"og:title\" content=\"Jean-Christophe Daviet - Laboratoire Havae\" \/>\n<meta property=\"og:description\" content=\"Jean-Christophe Daviet, PU- PH en M\u00e9decine Physique et de R\u00e9adaptation (MPR \u2013 section CNU 49-05) Service de MPR, h\u00f4pital J Rebeyrol,CHU de Limoges\" \/>\n<meta property=\"og:url\" content=\"https:\/\/www.unilim.fr\/havae\/havae-ur20217\/membres-de-lequipe-2\/jean-christophe-daviet\/\" \/>\n<meta property=\"og:site_name\" content=\"HAVAE\" \/>\n<meta property=\"article:modified_time\" content=\"2020-03-24T10:52:10+00:00\" \/>\n<meta name=\"twitter:label1\" content=\"Dur\u00e9e de lecture estim\u00e9e\" \/>\n\t<meta name=\"twitter:data1\" content=\"2 minutes\" \/>\n<script type=\"application\/ld+json\" class=\"yoast-schema-graph\">{\"@context\":\"https:\/\/schema.org\",\"@graph\":[{\"@type\":\"WebPage\",\"@id\":\"https:\/\/www.unilim.fr\/havae\/havae-ur20217\/membres-de-lequipe-2\/jean-christophe-daviet\/\",\"url\":\"https:\/\/www.unilim.fr\/havae\/havae-ur20217\/membres-de-lequipe-2\/jean-christophe-daviet\/\",\"name\":\"Jean-Christophe Daviet - Laboratoire Havae\",\"isPartOf\":{\"@id\":\"https:\/\/www.unilim.fr\/havae\/#website\"},\"datePublished\":\"2014-05-13T14:37:02+00:00\",\"dateModified\":\"2020-03-24T10:52:10+00:00\",\"description\":\"Jean-Christophe Daviet, PU- PH en M\u00e9decine Physique et de R\u00e9adaptation (MPR \u2013 section CNU 49-05) Service de MPR, h\u00f4pital J Rebeyrol,CHU de Limoges\",\"breadcrumb\":{\"@id\":\"https:\/\/www.unilim.fr\/havae\/havae-ur20217\/membres-de-lequipe-2\/jean-christophe-daviet\/#breadcrumb\"},\"inLanguage\":\"fr-FR\",\"potentialAction\":[{\"@type\":\"ReadAction\",\"target\":[\"https:\/\/www.unilim.fr\/havae\/havae-ur20217\/membres-de-lequipe-2\/jean-christophe-daviet\/\"]}]},{\"@type\":\"BreadcrumbList\",\"@id\":\"https:\/\/www.unilim.fr\/havae\/havae-ur20217\/membres-de-lequipe-2\/jean-christophe-daviet\/#breadcrumb\",\"itemListElement\":[{\"@type\":\"ListItem\",\"position\":1,\"name\":\"Accueil\",\"item\":\"https:\/\/www.unilim.fr\/havae\/\"},{\"@type\":\"ListItem\",\"position\":2,\"name\":\"HAVAE &#8211; UR20217\",\"item\":\"https:\/\/www.unilim.fr\/havae\/havae-ur20217\/\"},{\"@type\":\"ListItem\",\"position\":3,\"name\":\"Membres de l&rsquo;\u00e9quipe\",\"item\":\"https:\/\/www.unilim.fr\/havae\/havae-ur20217\/membres-de-lequipe-2\/\"},{\"@type\":\"ListItem\",\"position\":4,\"name\":\"Jean-Christophe Daviet\"}]},{\"@type\":\"WebSite\",\"@id\":\"https:\/\/www.unilim.fr\/havae\/#website\",\"url\":\"https:\/\/www.unilim.fr\/havae\/\",\"name\":\"HAVAE\",\"description\":\"universit\u00e9 ouverte source de r\u00e9ussites\",\"potentialAction\":[{\"@type\":\"SearchAction\",\"target\":{\"@type\":\"EntryPoint\",\"urlTemplate\":\"https:\/\/www.unilim.fr\/havae\/?s={search_term_string}\"},\"query-input\":{\"@type\":\"PropertyValueSpecification\",\"valueRequired\":true,\"valueName\":\"search_term_string\"}}],\"inLanguage\":\"fr-FR\"}]}<\/script>\n<!-- \/ Yoast SEO plugin. -->","yoast_head_json":{"title":"Jean-Christophe Daviet - Laboratoire Havae","description":"Jean-Christophe Daviet, PU- PH en M\u00e9decine Physique et de R\u00e9adaptation (MPR \u2013 section CNU 49-05) Service de MPR, h\u00f4pital J Rebeyrol,CHU de Limoges","robots":{"index":"index","follow":"follow","max-snippet":"max-snippet:-1","max-image-preview":"max-image-preview:large","max-video-preview":"max-video-preview:-1"},"canonical":"https:\/\/www.unilim.fr\/havae\/havae-ur20217\/membres-de-lequipe-2\/jean-christophe-daviet\/","og_locale":"fr_FR","og_type":"article","og_title":"Jean-Christophe Daviet - Laboratoire Havae","og_description":"Jean-Christophe Daviet, PU- PH en M\u00e9decine Physique et de R\u00e9adaptation (MPR \u2013 section CNU 49-05) Service de MPR, h\u00f4pital J Rebeyrol,CHU de Limoges","og_url":"https:\/\/www.unilim.fr\/havae\/havae-ur20217\/membres-de-lequipe-2\/jean-christophe-daviet\/","og_site_name":"HAVAE","article_modified_time":"2020-03-24T10:52:10+00:00","twitter_misc":{"Dur\u00e9e de lecture estim\u00e9e":"2 minutes"},"schema":{"@context":"https:\/\/schema.org","@graph":[{"@type":"WebPage","@id":"https:\/\/www.unilim.fr\/havae\/havae-ur20217\/membres-de-lequipe-2\/jean-christophe-daviet\/","url":"https:\/\/www.unilim.fr\/havae\/havae-ur20217\/membres-de-lequipe-2\/jean-christophe-daviet\/","name":"Jean-Christophe Daviet - Laboratoire Havae","isPartOf":{"@id":"https:\/\/www.unilim.fr\/havae\/#website"},"datePublished":"2014-05-13T14:37:02+00:00","dateModified":"2020-03-24T10:52:10+00:00","description":"Jean-Christophe Daviet, PU- PH en M\u00e9decine Physique et de R\u00e9adaptation (MPR \u2013 section CNU 49-05) Service de MPR, h\u00f4pital J Rebeyrol,CHU de Limoges","breadcrumb":{"@id":"https:\/\/www.unilim.fr\/havae\/havae-ur20217\/membres-de-lequipe-2\/jean-christophe-daviet\/#breadcrumb"},"inLanguage":"fr-FR","potentialAction":[{"@type":"ReadAction","target":["https:\/\/www.unilim.fr\/havae\/havae-ur20217\/membres-de-lequipe-2\/jean-christophe-daviet\/"]}]},{"@type":"BreadcrumbList","@id":"https:\/\/www.unilim.fr\/havae\/havae-ur20217\/membres-de-lequipe-2\/jean-christophe-daviet\/#breadcrumb","itemListElement":[{"@type":"ListItem","position":1,"name":"Accueil","item":"https:\/\/www.unilim.fr\/havae\/"},{"@type":"ListItem","position":2,"name":"HAVAE &#8211; UR20217","item":"https:\/\/www.unilim.fr\/havae\/havae-ur20217\/"},{"@type":"ListItem","position":3,"name":"Membres de l&rsquo;\u00e9quipe","item":"https:\/\/www.unilim.fr\/havae\/havae-ur20217\/membres-de-lequipe-2\/"},{"@type":"ListItem","position":4,"name":"Jean-Christophe Daviet"}]},{"@type":"WebSite","@id":"https:\/\/www.unilim.fr\/havae\/#website","url":"https:\/\/www.unilim.fr\/havae\/","name":"HAVAE","description":"universit\u00e9 ouverte source de r\u00e9ussites","potentialAction":[{"@type":"SearchAction","target":{"@type":"EntryPoint","urlTemplate":"https:\/\/www.unilim.fr\/havae\/?s={search_term_string}"},"query-input":{"@type":"PropertyValueSpecification","valueRequired":true,"valueName":"search_term_string"}}],"inLanguage":"fr-FR"}]}},"publishpress_future_action":{"enabled":false,"date":"2026-05-01 16:19:22","action":"change-status","newStatus":"draft","terms":[],"taxonomy":"page_category","extraData":[]},"publishpress_future_workflow_manual_trigger":{"enabledWorkflows":[]},"_links":{"self":[{"href":"https:\/\/www.unilim.fr\/havae\/wp-json\/wp\/v2\/pages\/139","targetHints":{"allow":["GET"]}}],"collection":[{"href":"https:\/\/www.unilim.fr\/havae\/wp-json\/wp\/v2\/pages"}],"about":[{"href":"https:\/\/www.unilim.fr\/havae\/wp-json\/wp\/v2\/types\/page"}],"author":[{"embeddable":true,"href":"https:\/\/www.unilim.fr\/havae\/wp-json\/wp\/v2\/users\/1"}],"replies":[{"embeddable":true,"href":"https:\/\/www.unilim.fr\/havae\/wp-json\/wp\/v2\/comments?post=139"}],"version-history":[{"count":0,"href":"https:\/\/www.unilim.fr\/havae\/wp-json\/wp\/v2\/pages\/139\/revisions"}],"up":[{"embeddable":true,"href":"https:\/\/www.unilim.fr\/havae\/wp-json\/wp\/v2\/pages\/63"}],"wp:attachment":[{"href":"https:\/\/www.unilim.fr\/havae\/wp-json\/wp\/v2\/media?parent=139"}],"curies":[{"name":"wp","href":"https:\/\/api.w.org\/{rel}","templated":true}]}}