{"id":1014,"date":"2023-07-10T22:00:00","date_gmt":"2015-04-20T22:00:00","guid":{"rendered":"http:\/\/www.unilim.fr\/havae\/recherche\/membres-de-lequipe\/anaick-perrochon-2\/"},"modified":"2025-02-26T16:50:26","modified_gmt":"2025-02-26T16:50:26","slug":"anaick-perrochon-2","status":"publish","type":"page","link":"https:\/\/www.unilim.fr\/havae\/havae-ur20217\/membres-de-lequipe-2\/anaick-perrochon-2\/","title":{"rendered":"Anaick Perrochon"},"content":{"rendered":"                        <div class=\"container-fluid bg-grad-right-gray-lighter ul-element-page-header \">\n                            <div class=\"container\">\n                                <div class=\"row\">\n                                    <div class=\"col-xs-12 hidden-xs text-dark\">\n                                                                                            <div class=\"ul-element-breadcrumb hidden-xs \">\n            \n                                <ol class='breadcrumb'>\n                                    <li>\n                                        <a href='http:\/\/www.unilim.fr\/havae'><i class='fa fa-home fa-lg fa-fw'><\/i><\/a>\n                                    <\/li><\/ol>        <\/div>\n                                                                                    <\/div>\n                                    <div class=\"col-xs-3 hidden-xs\">\n                                                                                    <div class=\"ul-element-logo-signal hidden-xs\" style=\"display: inline-block; position: relative; width: 100% ; margin-top: 23px; padding-bottom: 11.9284%;vertical-align: top;\">\n                <svg preserveAspectRatio=\"xMinYMin meet\" viewBox=\"0 0 503 60\" style=\"display: block;position: absolute;top: 0;left: 0;width:100%;max-width:100%;height:100%\">\n                      <g>\n                          <rect  opacity=\"0.3\"  x=\"0\" y=\"0\" width=\"142px\" height=\"60\" rx=\"6\" class=\" bg-primary\"><\/rect>\n                          <rect opacity=\"0.5\"  x=\"106\" y=\"0\" width=\"119px\" height=\"60\" rx=\"6\" class=\"bg-primary\"><\/rect>\n                          <rect opacity=\"0.6\"  x=\"207\" y=\"0\" width=\"84px\" height=\"60\" rx=\"6\" class=\" bg-primary\"><\/rect>\n                          <rect opacity=\"0.7\"  x=\"308\" y=\"0\" width=\"61px\" height=\"60\" rx=\"6\" class=\" bg-primary\"><\/rect>\n                          <rect opacity=\"0.8\"  x=\"390\" y=\"0\" width=\"29px\" height=\"60\" rx=\"6\" class=\" bg-primary\"><\/rect>\n                          <rect x=\"446\" y=\"0\" width=\"15px\" height=\"60\" rx=\"4\" class=\"                bg-primary\"><\/rect>\n                          <rect x=\"495\" y=\"0\" width=\"8px\" height=\"60\" rx=\"2\" class=\"                 bg-primary\"><\/rect>\n                      <\/g>\n                <\/svg>\n        <\/div>                                                                            <\/div>\n\n                                                                            <div class=\"col-sm-9 text-dark\">\n\n                                                                                                    <h1 class=\"blog-title text-primary ul-bold\">Anaick Perrochon                                                                                                            <\/h1>\n\n                                                    <br\/>\n                                                \n\n\n                                                \n                                                                                        <\/div>\n                                    \n                                <\/div>\n                            <\/div>\n                        <\/div>\n                                <div class=\"container-fluid  \" style=\"\">\n                      <div class=\"container\">\n                <div class=\"row \" style=\"margin-top: 30px;margin-bottom: 30px\">        <div class=\"col-md-12 \">\n                        <div class=\"ul-element-personne \" style=\"margin: 15px 0; display: table;\">\n                <div style=\"display:table-row\" class=\"element-body\">\n                    <div style=\"display: table-cell; vertical-align: top;\" class=\"element-image\">\n                                                            <img decoding=\"async\" src=\"http:\/\/www.unilim.fr\/havae\/wp-content\/uploads\/sites\/5\/2019\/04\/A.-Perrochon-2-300x300.jpg\" class=\"img pull-left\" style=\"width:80px;height:80px;margin-right:15px;\"\/>\n                                            <\/div>\n                    <div style=\"display: table-cell; vertical-align: top;\" class=\"element-content\">\n                        <h4>Perrochon Anaick<\/h4>\n                                                <p>\n                            <span>Professeur des Universit\u00e9s - Administrateur provisoire de l'Institut Limousin de Formation aux M\u00e9tiers de la R\u00e9adaptation (ILFOMER) - Vice-Pr\u00e9sident de la section CNU 91 - Sciences de la r\u00e9adaptation<\/span><br\/>                                                                                <\/p>\n                                                <p style=\"white-space:nowrap;\">\n                            <i class=\"fa fa-phone fa-fw\"><\/i> <a href=\"tel:05.87.08.76.35\">05.87.08.76.35<\/a><br\/>                                                                                                                                            <i class=\"fa fa-envelope-o fa-fw\"><\/i> <a href=\"mailto:anaick.perrochon@unilim.fr\" target=\"_blank\">anaick.perrochon@unilim.fr<\/a><br\/>                                                    <\/p>\n                        <p>\n                                                                                <\/p>\n                    <\/div>\n                <\/div>\n            <\/div>\n                <div class=\"row\">\n                    <div class=\"col-sm-6\">\n                    <div class=\" text-center btn-fullwidth \">\n            <a role=\"button\" href=\"https:\/\/twitter.com\/aperroch\" target=\"_blank\" class=\"ul-btn-margin ul-bold btn btn-primary \">\n                                    <i class=\"fa fa-fw fa-twitter-square\"><\/i>\n                                @aperroch            <\/a>\n        <\/div>\n                <\/div>\n                <div class=\"col-sm-6\">\n                    <div class=\" text-center btn-fullwidth \">\n            <a role=\"button\" href=\"https:\/\/www.linkedin.com\/in\/perrochon-anaick-11b2a6114\/\" target=\"_blank\" class=\"ul-btn-margin ul-bold btn btn-primary \">\n                                    <i class=\"fa fa-fw fa-linkedin-square\"><\/i>\n                                Anaick Perrochon            <\/a>\n        <\/div>\n                <\/div>\n                <\/div>\n                <div class=\"\">\n                        <div class=\"panel panel-primary\">\n                              <div class=\"panel-body\">\n                  \n<p>&#8211; <strong>Responsable de la th&eacute;matique Neuro-XR<\/strong><\/p>\n<p>&#8211; Responsable du Centre de Simulation Virtuelle en Sant&eacute; (Facult&eacute; de M&eacute;decine et de Pharmacie) (http:\/\/www.duenes.fr\/duenes\/simulation-2\/centre-simulation-virtuelle-en-sante\/)<\/p>\n<p>&#8211; Webmaster de la SOFPEL<\/p>\n<p>&#8211; Membre de DUENES et de InSPEARS<\/p>\n<p><span style=\"text-decoration: underline\"><strong><\/strong><\/span>&nbsp;<\/p>\n<p><span style=\"text-decoration: underline\"><strong>Researchgate :<\/strong><\/span>&nbsp;https:\/\/www.researchgate.net\/profile\/Anaick_Perrochon<\/p>\n<\/p>\n<p><span style=\"text-decoration: underline\"><strong>ORCID :<\/strong><\/span>&nbsp;<a href=\"http:\/\/www.unilim.fr\/havae\/wp-content\/uploads\/sites\/5\/2020\/03\/ORCID-Anaick.jpg\" class=\"\"><img loading=\"lazy\" decoding=\"async\" alt=\"\" src=\"http:\/\/www.unilim.fr\/havae\/wp-content\/uploads\/sites\/5\/2020\/03\/ORCID-Anaick.jpg\" class=\"alignnone wp-image-1291\" width=\"71\" height=\"71\" \/><\/a><\/p>\n                <\/div>\n                          <\/div>\n                    <\/div>\n                <div class=\"\">\n            <hr\/>\n        <\/div>\n                <div class=\"clearfix ul-element-text \">\n            \n<p>&nbsp;<\/p>\n<h4 style=\"padding-left: 60px\"><span style=\"text-decoration: underline\">Th\u00e9matiques de recherche<\/span><\/h4>\n<p>&nbsp;<\/p>\n<ul>\n<li>Etude des r\u00e9ponses motrices et cognitives impliqu\u00e9es dans le paradigme de double-t\u00e2che dans diff\u00e9rentes populations (vieillissement, patients neurologiques, etc.).<\/li>\n<li>Etude de l\u2019impact de programmes d\u2019entrainement bas\u00e9s sur les nouvelles technologies (i.e., serious game, r\u00e9alit\u00e9 virtuelle) sur les capacit\u00e9s d\u2019autonomie.<\/li>\n<li>Etude de l\u2019impact des interventions de type double-t\u00e2che sur les capacit\u00e9s cognitivo-motrices de personnes \u00e2g\u00e9es ou de patients neurologiques.<\/li>\n<li>Etude des d\u00e9terminants des capacit\u00e9s de navigation spatiale.<\/li>\n<\/ul>\n<p><span style=\"background-color: transparent\">&nbsp;<\/span><\/p>\n<h4 style=\"padding-left: 60px\"><span style=\"text-decoration: underline\">Principaux projets<\/span><\/h4>\n<p>&nbsp;<\/p>\n<ul>\n<li><a href=\"http:\/\/www.unilim.fr\/havae\/recherche\/projetstheses-en-cours\/\">Projet VIPAD<\/a>&nbsp;: Utilisation de la r\u00e9alit\u00e9 virtuelle immersive sur les facteurs psychosociaux chez les personnes \u00e2g\u00e9es institutionnalis\u00e9es.&nbsp;<\/li>\n<li><a href=\"http:\/\/www.unilim.fr\/havae\/recherche\/projetstheses-en-cours\/\">Projet RAVIS<\/a>&nbsp;: R\u00e9\u00e9ducation motrice robotis\u00e9e en r\u00e9alit\u00e9 virtuelle sur les capacit\u00e9s de marche de patients AVC<\/li>\n<li><a href=\"http:\/\/www.unilim.fr\/havae\/recherche\/projetstheses-en-cours\/\">Projet FOCOMIOS<\/a>&nbsp;: Evaluation de l&rsquo;oxyg\u00e9nation c\u00e9r\u00e9brale des patients victimes d&rsquo;un AVC lors de situations de double-t\u00e2che &#8211; Financement doctoral<\/li>\n<li><a href=\"http:\/\/www.unilim.fr\/havae\/recherche\/projetstheses-en-cours\/\">Projet TERAPACE<\/a>&nbsp;: Utilisation d&rsquo;un exergame personnalis\u00e9 en r\u00e9alit\u00e9 augment\u00e9e pour la r\u00e9\u00e9ducation cognitivo-motrice de la paralysie c\u00e9r\u00e9brale ou de l\u00e9sions c\u00e9r\u00e9brales acquises.&nbsp;<\/li>\n<li><a href=\"http:\/\/www.unilim.fr\/havae\/recherche\/projetstheses-en-cours\/\">Projet RGS@Home<\/a>&nbsp;: Utilisation d&rsquo;un syst\u00e8me de r\u00e9habilitation par jeux vid\u00e9os combinant r\u00e9alit\u00e9 virtuelle et intelligence artificielle, pour une mise en place au domicile de patients post-AVC.&nbsp;<\/li>\n<li><a href=\"http:\/\/www.unilim.fr\/havae\/recherche\/projetstheses-en-cours\/\">Projet NIRS-ICM_AVC<\/a>&nbsp;: projet sur l\u2019\u00e9valuation de l\u2019oxyg\u00e9nation c\u00e9r\u00e9brale des patients victimes d\u2019un accident vasculaire c\u00e9r\u00e9bral lors de situations de double-t\u00e2che &#8211; Financement APREL<\/li>\n<li>Projet MoCogSep&nbsp;: \u00e9valuation des capacit\u00e9s de double-t\u00e2che des patients atteints de Scl\u00e9rose en Plaques<\/li>\n<li>Projet PREFEAR<\/li>\n<\/ul>\n<p><span style=\"background-color: transparent\">&nbsp;<\/span><\/p>\n<h4 style=\"padding-left: 60px\"><span style=\"text-decoration: underline\">Principaux projets pass\u00e9s<\/span><\/h4>\n<ul>\n<li>&nbsp;Projet INCOME&nbsp;: Co-investigateur du projet avec le Dr St\u00e9phane Mandigout. Collaboration avec la municipalit\u00e9 de Limoges \u2013 Financement CIFRE + appel \u00e0 projet R\u00e9gion.<\/li>\n<\/ul>\n<p>&nbsp;&nbsp;<\/p>\n<h4 style=\"padding-left: 60px\"><span style=\"text-decoration: underline\">Mots-cl\u00e9<\/span><\/h4>\n<p>&nbsp;<\/p>\n<p>Vieillissement ; Pathologies neurologiques&nbsp;; Science de la r\u00e9adaptation&nbsp;; Marche&nbsp;; Contr\u00f4le postural&nbsp;; Navigation spatiale&nbsp;; Cognition&nbsp;; Interf\u00e9rence cognitivo-motrice&nbsp;; Exergame &#8211; Nouvelles technologies (R\u00e9alit\u00e9 virtuelle \u2013 Serious game)<\/p>\n        <\/div>\n                <\/div>\n        <\/div>\n            <\/div>\n                  <\/div>\n        \n","protected":false},"excerpt":{"rendered":"","protected":false},"author":7,"featured_media":0,"parent":63,"menu_order":0,"comment_status":"closed","ping_status":"closed","template":"page-le.php","meta":{"footnotes":""},"class_list":["post-1014","page","type-page","status-publish","hentry"],"yoast_head":"<!-- This site is optimized with the Yoast SEO plugin v26.5 - https:\/\/yoast.com\/wordpress\/plugins\/seo\/ -->\n<title>Anaick Perrochon - HAVAE<\/title>\n<meta name=\"robots\" content=\"index, follow, max-snippet:-1, max-image-preview:large, max-video-preview:-1\" \/>\n<link rel=\"canonical\" href=\"https:\/\/www.unilim.fr\/havae\/havae-ur20217\/membres-de-lequipe-2\/anaick-perrochon-2\/\" \/>\n<meta property=\"og:locale\" content=\"fr_FR\" \/>\n<meta property=\"og:type\" content=\"article\" \/>\n<meta property=\"og:title\" content=\"Anaick Perrochon - HAVAE\" \/>\n<meta property=\"og:url\" content=\"https:\/\/www.unilim.fr\/havae\/havae-ur20217\/membres-de-lequipe-2\/anaick-perrochon-2\/\" \/>\n<meta property=\"og:site_name\" content=\"HAVAE\" \/>\n<meta property=\"article:modified_time\" content=\"2025-02-26T16:50:26+00:00\" \/>\n<meta property=\"og:image\" content=\"http:\/\/www.unilim.fr\/havae\/wp-content\/uploads\/sites\/5\/2020\/03\/ORCID-Anaick.jpg\" \/>\n<meta name=\"twitter:label1\" content=\"Dur\u00e9e de lecture estim\u00e9e\" \/>\n\t<meta name=\"twitter:data1\" content=\"3 minutes\" \/>\n<script type=\"application\/ld+json\" class=\"yoast-schema-graph\">{\"@context\":\"https:\/\/schema.org\",\"@graph\":[{\"@type\":\"WebPage\",\"@id\":\"https:\/\/www.unilim.fr\/havae\/havae-ur20217\/membres-de-lequipe-2\/anaick-perrochon-2\/\",\"url\":\"https:\/\/www.unilim.fr\/havae\/havae-ur20217\/membres-de-lequipe-2\/anaick-perrochon-2\/\",\"name\":\"Anaick Perrochon - HAVAE\",\"isPartOf\":{\"@id\":\"https:\/\/www.unilim.fr\/havae\/#website\"},\"primaryImageOfPage\":{\"@id\":\"https:\/\/www.unilim.fr\/havae\/havae-ur20217\/membres-de-lequipe-2\/anaick-perrochon-2\/#primaryimage\"},\"image\":{\"@id\":\"https:\/\/www.unilim.fr\/havae\/havae-ur20217\/membres-de-lequipe-2\/anaick-perrochon-2\/#primaryimage\"},\"thumbnailUrl\":\"http:\/\/www.unilim.fr\/havae\/wp-content\/uploads\/sites\/5\/2020\/03\/ORCID-Anaick.jpg\",\"datePublished\":\"2015-04-20T22:00:00+00:00\",\"dateModified\":\"2025-02-26T16:50:26+00:00\",\"breadcrumb\":{\"@id\":\"https:\/\/www.unilim.fr\/havae\/havae-ur20217\/membres-de-lequipe-2\/anaick-perrochon-2\/#breadcrumb\"},\"inLanguage\":\"fr-FR\",\"potentialAction\":[{\"@type\":\"ReadAction\",\"target\":[\"https:\/\/www.unilim.fr\/havae\/havae-ur20217\/membres-de-lequipe-2\/anaick-perrochon-2\/\"]}]},{\"@type\":\"ImageObject\",\"inLanguage\":\"fr-FR\",\"@id\":\"https:\/\/www.unilim.fr\/havae\/havae-ur20217\/membres-de-lequipe-2\/anaick-perrochon-2\/#primaryimage\",\"url\":\"http:\/\/www.unilim.fr\/havae\/wp-content\/uploads\/sites\/5\/2020\/03\/ORCID-Anaick.jpg\",\"contentUrl\":\"http:\/\/www.unilim.fr\/havae\/wp-content\/uploads\/sites\/5\/2020\/03\/ORCID-Anaick.jpg\"},{\"@type\":\"BreadcrumbList\",\"@id\":\"https:\/\/www.unilim.fr\/havae\/havae-ur20217\/membres-de-lequipe-2\/anaick-perrochon-2\/#breadcrumb\",\"itemListElement\":[{\"@type\":\"ListItem\",\"position\":1,\"name\":\"Accueil\",\"item\":\"https:\/\/www.unilim.fr\/havae\/\"},{\"@type\":\"ListItem\",\"position\":2,\"name\":\"HAVAE &#8211; UR20217\",\"item\":\"https:\/\/www.unilim.fr\/havae\/havae-ur20217\/\"},{\"@type\":\"ListItem\",\"position\":3,\"name\":\"Membres de l&rsquo;\u00e9quipe\",\"item\":\"https:\/\/www.unilim.fr\/havae\/havae-ur20217\/membres-de-lequipe-2\/\"},{\"@type\":\"ListItem\",\"position\":4,\"name\":\"Anaick Perrochon\"}]},{\"@type\":\"WebSite\",\"@id\":\"https:\/\/www.unilim.fr\/havae\/#website\",\"url\":\"https:\/\/www.unilim.fr\/havae\/\",\"name\":\"HAVAE\",\"description\":\"universit\u00e9 ouverte source de r\u00e9ussites\",\"potentialAction\":[{\"@type\":\"SearchAction\",\"target\":{\"@type\":\"EntryPoint\",\"urlTemplate\":\"https:\/\/www.unilim.fr\/havae\/?s={search_term_string}\"},\"query-input\":{\"@type\":\"PropertyValueSpecification\",\"valueRequired\":true,\"valueName\":\"search_term_string\"}}],\"inLanguage\":\"fr-FR\"}]}<\/script>\n<!-- \/ Yoast SEO plugin. -->","yoast_head_json":{"title":"Anaick Perrochon - HAVAE","robots":{"index":"index","follow":"follow","max-snippet":"max-snippet:-1","max-image-preview":"max-image-preview:large","max-video-preview":"max-video-preview:-1"},"canonical":"https:\/\/www.unilim.fr\/havae\/havae-ur20217\/membres-de-lequipe-2\/anaick-perrochon-2\/","og_locale":"fr_FR","og_type":"article","og_title":"Anaick Perrochon - HAVAE","og_url":"https:\/\/www.unilim.fr\/havae\/havae-ur20217\/membres-de-lequipe-2\/anaick-perrochon-2\/","og_site_name":"HAVAE","article_modified_time":"2025-02-26T16:50:26+00:00","og_image":[{"url":"http:\/\/www.unilim.fr\/havae\/wp-content\/uploads\/sites\/5\/2020\/03\/ORCID-Anaick.jpg","type":"","width":"","height":""}],"twitter_misc":{"Dur\u00e9e de lecture estim\u00e9e":"3 minutes"},"schema":{"@context":"https:\/\/schema.org","@graph":[{"@type":"WebPage","@id":"https:\/\/www.unilim.fr\/havae\/havae-ur20217\/membres-de-lequipe-2\/anaick-perrochon-2\/","url":"https:\/\/www.unilim.fr\/havae\/havae-ur20217\/membres-de-lequipe-2\/anaick-perrochon-2\/","name":"Anaick Perrochon - HAVAE","isPartOf":{"@id":"https:\/\/www.unilim.fr\/havae\/#website"},"primaryImageOfPage":{"@id":"https:\/\/www.unilim.fr\/havae\/havae-ur20217\/membres-de-lequipe-2\/anaick-perrochon-2\/#primaryimage"},"image":{"@id":"https:\/\/www.unilim.fr\/havae\/havae-ur20217\/membres-de-lequipe-2\/anaick-perrochon-2\/#primaryimage"},"thumbnailUrl":"http:\/\/www.unilim.fr\/havae\/wp-content\/uploads\/sites\/5\/2020\/03\/ORCID-Anaick.jpg","datePublished":"2015-04-20T22:00:00+00:00","dateModified":"2025-02-26T16:50:26+00:00","breadcrumb":{"@id":"https:\/\/www.unilim.fr\/havae\/havae-ur20217\/membres-de-lequipe-2\/anaick-perrochon-2\/#breadcrumb"},"inLanguage":"fr-FR","potentialAction":[{"@type":"ReadAction","target":["https:\/\/www.unilim.fr\/havae\/havae-ur20217\/membres-de-lequipe-2\/anaick-perrochon-2\/"]}]},{"@type":"ImageObject","inLanguage":"fr-FR","@id":"https:\/\/www.unilim.fr\/havae\/havae-ur20217\/membres-de-lequipe-2\/anaick-perrochon-2\/#primaryimage","url":"http:\/\/www.unilim.fr\/havae\/wp-content\/uploads\/sites\/5\/2020\/03\/ORCID-Anaick.jpg","contentUrl":"http:\/\/www.unilim.fr\/havae\/wp-content\/uploads\/sites\/5\/2020\/03\/ORCID-Anaick.jpg"},{"@type":"BreadcrumbList","@id":"https:\/\/www.unilim.fr\/havae\/havae-ur20217\/membres-de-lequipe-2\/anaick-perrochon-2\/#breadcrumb","itemListElement":[{"@type":"ListItem","position":1,"name":"Accueil","item":"https:\/\/www.unilim.fr\/havae\/"},{"@type":"ListItem","position":2,"name":"HAVAE &#8211; UR20217","item":"https:\/\/www.unilim.fr\/havae\/havae-ur20217\/"},{"@type":"ListItem","position":3,"name":"Membres de l&rsquo;\u00e9quipe","item":"https:\/\/www.unilim.fr\/havae\/havae-ur20217\/membres-de-lequipe-2\/"},{"@type":"ListItem","position":4,"name":"Anaick Perrochon"}]},{"@type":"WebSite","@id":"https:\/\/www.unilim.fr\/havae\/#website","url":"https:\/\/www.unilim.fr\/havae\/","name":"HAVAE","description":"universit\u00e9 ouverte source de r\u00e9ussites","potentialAction":[{"@type":"SearchAction","target":{"@type":"EntryPoint","urlTemplate":"https:\/\/www.unilim.fr\/havae\/?s={search_term_string}"},"query-input":{"@type":"PropertyValueSpecification","valueRequired":true,"valueName":"search_term_string"}}],"inLanguage":"fr-FR"}]}},"publishpress_future_action":{"enabled":false,"date":"2026-05-01 16:19:21","action":"change-status","newStatus":"draft","terms":[],"taxonomy":"page_category","extraData":[]},"publishpress_future_workflow_manual_trigger":{"enabledWorkflows":[]},"_links":{"self":[{"href":"https:\/\/www.unilim.fr\/havae\/wp-json\/wp\/v2\/pages\/1014","targetHints":{"allow":["GET"]}}],"collection":[{"href":"https:\/\/www.unilim.fr\/havae\/wp-json\/wp\/v2\/pages"}],"about":[{"href":"https:\/\/www.unilim.fr\/havae\/wp-json\/wp\/v2\/types\/page"}],"author":[{"embeddable":true,"href":"https:\/\/www.unilim.fr\/havae\/wp-json\/wp\/v2\/users\/7"}],"replies":[{"embeddable":true,"href":"https:\/\/www.unilim.fr\/havae\/wp-json\/wp\/v2\/comments?post=1014"}],"version-history":[{"count":1,"href":"https:\/\/www.unilim.fr\/havae\/wp-json\/wp\/v2\/pages\/1014\/revisions"}],"predecessor-version":[{"id":2719,"href":"https:\/\/www.unilim.fr\/havae\/wp-json\/wp\/v2\/pages\/1014\/revisions\/2719"}],"up":[{"embeddable":true,"href":"https:\/\/www.unilim.fr\/havae\/wp-json\/wp\/v2\/pages\/63"}],"wp:attachment":[{"href":"https:\/\/www.unilim.fr\/havae\/wp-json\/wp\/v2\/media?parent=1014"}],"curies":[{"name":"wp","href":"https:\/\/api.w.org\/{rel}","templated":true}]}}