{"id":8406,"date":"2022-09-27T19:02:33","date_gmt":"2022-09-27T17:02:33","guid":{"rendered":"http:\/\/www.unilim.fr\/culture\/?page_id=8406"},"modified":"2024-08-27T17:04:37","modified_gmt":"2024-08-27T15:04:37","slug":"atelier-de-musiques-actuelles","status":"publish","type":"page","link":"https:\/\/www.unilim.fr\/culture\/atelier-de-musiques-actuelles\/","title":{"rendered":"Atelier de musiques actuelles"},"content":{"rendered":"<p>Atelier de musiques actuelles<br \/>\nPratique Validante<\/p>\n<p>Direction Vincent Verger, ancien responsable de la Woodbrass Music School \u00e0 Paris, actuellement enseignant en musique actuelles au Conservatoire \u00e0 Rayonnement D\u00e9partemental de Tulle.<\/p>\n<p>Cr\u00e9ation et encadrement d&rsquo;un groupe de musiques actuelles amplifi\u00e9es.<\/p>\n<p>L&rsquo;atelier s&rsquo;adresse principalement \u00e0 des musiciens amateurs ayant d\u00e9j\u00e0 une pratique autonome et qui souhaitent construire un projet musical collectif.<\/p>\n<p>Il s&rsquo;agit de mettre en valeur les comp\u00e9tences musicales acquises par les \u00e9tudiants pendant l&rsquo;enseignement primaire et secondaire par la mise en \u0153uvre d&rsquo;un projet vecteur de lien social.<\/p>\n<p>Jeudi de 14h \u00e0 16h<br \/>\nCampus de Tulle (IUT)<\/p>\n<p>Inscriptions : serviceculturel@unilim.fr et vincent.verger@hotmail.fr<\/p>\n<p>Renseignements : 0672915394<\/p>\n<p>D\u00e9marrage des s\u00e9ances la premi\u00e8re semaine d&rsquo;octobre 2024.<\/p>\n<p>&nbsp;<\/p>\n<table style=\"height: 5px\" width=\"5\">\n<tbody>\n<tr>\n<td width=\"25%\"><\/td>\n<\/tr>\n<\/tbody>\n<\/table>\n<p align=\"center\">\n","protected":false},"excerpt":{"rendered":"<p>Atelier de musiques actuelles Pratique Validante Direction Vincent Verger, ancien responsable de la Woodbrass Music School \u00e0 Paris, actuellement enseignant en musique actuelles au Conservatoire \u00e0 Rayonnement D\u00e9partemental de Tulle. Cr\u00e9ation et encadrement d&rsquo;un groupe de musiques actuelles amplifi\u00e9es. L&rsquo;atelier s&rsquo;adresse principalement \u00e0 des musiciens amateurs ayant d\u00e9j\u00e0 une pratique autonome et qui souhaitent construire [&hellip;]<\/p>\n","protected":false},"author":51,"featured_media":0,"parent":0,"menu_order":0,"comment_status":"closed","ping_status":"closed","template":"","meta":{"footnotes":""},"class_list":["post-8406","page","type-page","status-publish","hentry"],"_links":{"self":[{"href":"https:\/\/www.unilim.fr\/culture\/wp-json\/wp\/v2\/pages\/8406","targetHints":{"allow":["GET"]}}],"collection":[{"href":"https:\/\/www.unilim.fr\/culture\/wp-json\/wp\/v2\/pages"}],"about":[{"href":"https:\/\/www.unilim.fr\/culture\/wp-json\/wp\/v2\/types\/page"}],"author":[{"embeddable":true,"href":"https:\/\/www.unilim.fr\/culture\/wp-json\/wp\/v2\/users\/51"}],"replies":[{"embeddable":true,"href":"https:\/\/www.unilim.fr\/culture\/wp-json\/wp\/v2\/comments?post=8406"}],"version-history":[{"count":1,"href":"https:\/\/www.unilim.fr\/culture\/wp-json\/wp\/v2\/pages\/8406\/revisions"}],"predecessor-version":[{"id":12562,"href":"https:\/\/www.unilim.fr\/culture\/wp-json\/wp\/v2\/pages\/8406\/revisions\/12562"}],"wp:attachment":[{"href":"https:\/\/www.unilim.fr\/culture\/wp-json\/wp\/v2\/media?parent=8406"}],"curies":[{"name":"wp","href":"https:\/\/api.w.org\/{rel}","templated":true}]}}