{"id":8404,"date":"2022-09-27T18:54:14","date_gmt":"2022-09-27T16:54:14","guid":{"rendered":"http:\/\/www.unilim.fr\/culture\/?page_id=8404"},"modified":"2024-08-27T17:11:34","modified_gmt":"2024-08-27T15:11:34","slug":"atelier-de-pratique-vocale-et-techniques-dart-oratoire","status":"publish","type":"page","link":"https:\/\/www.unilim.fr\/culture\/atelier-de-pratique-vocale-et-techniques-dart-oratoire\/","title":{"rendered":"Atelier de pratique vocale et techniques d&rsquo;art oratoire"},"content":{"rendered":"<p>Atelier de pratique vocale et techniques d&rsquo;art oratoire<br \/>\nPratique validante<\/p>\n<p>Direction Cl\u00e9mentine Haise<\/p>\n<p>Professeur certifi\u00e9e en Education musicale et chant choral, en exercice. Form\u00e9e au sein du CREA, Centre de formation vocale et sc\u00e9nique, en Ile de France.\u00a0 Cheffe de choeur, pratique de fa\u00e7on crois\u00e9e les arts de la sc\u00e8ne: chant, mise en sc\u00e8ne et en mouvement.<\/p>\n<p>Ma\u00eetrise de la voix parl\u00e9e et chant\u00e9e : gestion du souffle pour une voix sonore et pleine, intonation et justesse, travail du timbre.<\/p>\n<p>Ma\u00eetrise des piliers de l&rsquo;oralit\u00e9 : travail de la respiration, de la gestion du stress face \u00e0 un auditoire, travail d&rsquo;\u00e9quilibre du corps et de posture, travail du regard et de la gestuelle, afin de transmettre et de communiquer au mieux.<\/p>\n<p>D\u00e9velopper la confiance en soi et se lib\u00e9rer par un travail collectif de cr\u00e9ation et de nombreux exercices th\u00e9\u00e2traux, vocaux et corporels.<\/p>\n<p>Acqu\u00e9rir des outils pour travailler la gestion du groupe, le climat social ainsi que la ma\u00eetrise de soi face \u00e0 un auditoire pour les \u00e9tudiants et personnels amen\u00e9s \u00e0 enseigner ou \u00e0 s&rsquo;exprimer publiquement.<\/p>\n<p>Mardi de 19h \u00e0 20h30<br \/>\nCRD de Tulle, 36 Avenue Alsace Lorraine 19000 Tulle (Salle 26 1er \u00e9tage)<\/p>\n<p>D\u00e9but des r\u00e9p\u00e9titions\u00a0 la premi\u00e8re semaine d&rsquo;octobre 2024.<\/p>\n<p>Inscriptions : serviceculturel@unilim.fr et clementine.haise@gmail.com<\/p>\n<p>Renseignements : 0672915394<\/p>\n<table style=\"height: 10px\" width=\"5\">\n<tbody>\n<tr>\n<td width=\"25%\"><\/td>\n<\/tr>\n<\/tbody>\n<\/table>\n<p>&nbsp;<\/p>\n","protected":false},"excerpt":{"rendered":"<p>Atelier de pratique vocale et techniques d&rsquo;art oratoire Pratique validante Direction Cl\u00e9mentine Haise Professeur certifi\u00e9e en Education musicale et chant choral, en exercice. Form\u00e9e au sein du CREA, Centre de formation vocale et sc\u00e9nique, en Ile de France.\u00a0 Cheffe de choeur, pratique de fa\u00e7on crois\u00e9e les arts de la sc\u00e8ne: chant, mise en sc\u00e8ne et [&hellip;]<\/p>\n","protected":false},"author":51,"featured_media":0,"parent":0,"menu_order":0,"comment_status":"closed","ping_status":"closed","template":"","meta":{"footnotes":""},"class_list":["post-8404","page","type-page","status-publish","hentry"],"_links":{"self":[{"href":"https:\/\/www.unilim.fr\/culture\/wp-json\/wp\/v2\/pages\/8404","targetHints":{"allow":["GET"]}}],"collection":[{"href":"https:\/\/www.unilim.fr\/culture\/wp-json\/wp\/v2\/pages"}],"about":[{"href":"https:\/\/www.unilim.fr\/culture\/wp-json\/wp\/v2\/types\/page"}],"author":[{"embeddable":true,"href":"https:\/\/www.unilim.fr\/culture\/wp-json\/wp\/v2\/users\/51"}],"replies":[{"embeddable":true,"href":"https:\/\/www.unilim.fr\/culture\/wp-json\/wp\/v2\/comments?post=8404"}],"version-history":[{"count":1,"href":"https:\/\/www.unilim.fr\/culture\/wp-json\/wp\/v2\/pages\/8404\/revisions"}],"predecessor-version":[{"id":12563,"href":"https:\/\/www.unilim.fr\/culture\/wp-json\/wp\/v2\/pages\/8404\/revisions\/12563"}],"wp:attachment":[{"href":"https:\/\/www.unilim.fr\/culture\/wp-json\/wp\/v2\/media?parent=8404"}],"curies":[{"name":"wp","href":"https:\/\/api.w.org\/{rel}","templated":true}]}}