{"id":679,"date":"2020-10-18T22:00:00","date_gmt":"2016-02-02T11:39:43","guid":{"rendered":"http:\/\/www.unilim.fr\/culture\/?page_id=679"},"modified":"2022-09-15T12:03:51","modified_gmt":"2022-09-15T10:03:51","slug":"ecriture","status":"publish","type":"page","link":"https:\/\/www.unilim.fr\/culture\/ateliers-culturels\/les-ateliers\/ecriture\/","title":{"rendered":"\u00c9criture Slam"},"content":{"rendered":"        <div class=\"container-fluid  \" style=\"\">\n                      <div class=\"container\">\n                <div class=\"row \" style=\"margin-top: 30px;margin-bottom: 30px\">        <div class=\"col-md-12 \">\n                    <div class=\"row\">\n                    <div class=\"col-xs-6\">\n            \n        \n        <div class=\"ul-element-header text-left  \">\n\n            <h3 class=\"ul-bold  \" style=\"\">\n                                Atelier \u00c9criture Slam                            <\/h3>\n        <\/div>\n                <div class=\"clearfix ul-element-text \">\n            \n<p><\/p>\n<p style=\"text-align: justify\" data-mce-style=\"text-align: justify;\">Ateliers d&rsquo;\u00e9criture, de d\u00e9clamation, de mise en musique de textes Slam. Dans les locaux de l&rsquo;Universit\u00e9 mis \u00e0 disposition. Partenariat avec l&rsquo;association d&rsquo;int\u00e9r\u00eat g\u00e9n\u00e9ral \u00ab&nbsp;Black-out en Sc\u00e8ne&nbsp;\u00bb. Un atelier hebdomadaire de deux heures.<\/p>\n<p>Pour la partie \u00ab&nbsp;\u00e9criture&nbsp;\u00bb&nbsp;: acquisition ou d\u00e9veloppement des capacit\u00e9s litt\u00e9raires artistiques individuelles, ma\u00eetrise des ressorts stylistiques li\u00e9s \u00e0 la pratique du Slam, travail seul ou collectif, cr\u00e9ation d&rsquo;une dynamique de groupe autour de th\u00e8mes communs&#8230; &nbsp; Pour la partie \u00ab&nbsp;d\u00e9clamation&nbsp;\u00bb&nbsp;: aide \u00e0 la prise de parole en public, perfectionnement de la diction, avec ou sans microphone&nbsp;; adaptation d&rsquo;un texte \u00e0 un rythme d\u00e9fini ou recherche d&rsquo;un rythme en fonction d&rsquo;un texte. Choix artistique d&rsquo;une d\u00e9clamation a capela ou \u00e0 l&rsquo;aide d&rsquo;un fond instrumental&#8230; &nbsp;<\/p>\n<p>\u00c9ventuelle utilisation de l&rsquo;outil vid\u00e9o, de l&rsquo;enregistrement audio, de la publication papier, etc.<\/p>\n<p>Direction : Fabrice Garcia-Carpintero<\/p>\n<p>Slameur depuis 2005, animateur de sc\u00e8nes ouvertes pour l\u2019association \u00ab Les Slamtimbanques \u00bb, jusqu\u2019\u00e0 trois sc\u00e8nes ouvertes par mois de 2006 \u00e0 2012, dans diff\u00e9rents lieux comme le centre Saint-Martial (pour Lire \u00e0 Limoges), la m\u00e9diath\u00e8que de Limoges ou les bars : Le Midnight Caf\u00e9 ou l\u2019Amicale des Parachutistes Belges&#8230; &nbsp;<\/p>\n<p>Animateur d\u2019ateliers d\u2019\u00e9criture depuis 2007, avec des publics vari\u00e9s, de tous \u00e2ges, de tous niveaux, plus ou moins en difficult\u00e9 avec la langue fran\u00e7aise, de l\u2019atelier classique \u00e0 l\u2019atelier Slam\/po\u00e9sie en passant par le th\u00e9\u00e2tre.&nbsp;&nbsp;<\/p>\n<p>Encadrement d\u2019ateliers d\u2019\u00e9criture th\u00e9\u00e2trale au sein de la clinique des \u00c9mailleurs \u00e0 Limoges, dans le cadre d\u2019art-th\u00e9rapie (th\u00e9\u00e2tro-th\u00e9rapie) post-chirurgicale, apr\u00e8s chirurgie de l\u2019ob\u00e9sit\u00e9, en collaboration avec le Dr Maxime Sodji, chirurgien bariatrique.&nbsp;<\/p>\n<p>Activit\u00e9s en lien avec l\u2019\u00e9dition et la production : &nbsp; Cr\u00e9ation en 2006 des \u00e9ditions Black-out, couverture d\u2019une cinquantaine de publications, romans, recueils de nouvelles, beaux livres, etc.<\/p>\n<p>Participation \u00e0 de nombreuses animations autour du m\u00e9tier d\u2019\u00e9diteur, aupr\u00e8s de diff\u00e9rents publics, coll\u00e9giens, lyc\u00e9ens, adultes&#8230; &nbsp;<\/p>\n<p>Autres activit\u00e9s : &nbsp; Enseignant en mati\u00e8res scientifiques. Correspondant de presse pour le Populaire du Centre.&nbsp; &nbsp;<\/p>\n<p style=\"text-align: justify\" data-mce-style=\"text-align: justify;\"><span style=\"color: #ffffff\" data-mce-style=\"color: #ffffff;\">.<\/span><\/p>\n<h4>Quel jour, o\u00f9 et quand ?<\/h4>\n<p>Les <strong>jeudis<\/strong>&nbsp;de <strong>16h \u00e0 18h<\/strong> Facult\u00e9 des Lettres&nbsp;et des Sciences Humaines&nbsp; Salle&nbsp;\u00e0 confirmer<\/p>\n<hr>\n<p style=\"text-align: justify\" data-mce-style=\"text-align: justify;\">Pour y adh\u00e9rer,&nbsp; Gratuit Etudiants<\/p>\n<p style=\"text-align: justify\" data-mce-style=\"text-align: justify;\">Personnels et ext\u00e9rieurs, il faut s&rsquo;acquitter du&nbsp;Passeport culturel<\/p>\n<p style=\"text-align: justify\" data-mce-style=\"text-align: justify;\">D\u00e9but des cours 1\u00e8re semaine d&rsquo;octobre&nbsp;<\/p>\n<p style=\"text-align: justify;padding-left: 30px\" data-mce-style=\"text-align: justify; padding-left: 30px;\"><strong>Inscriptions<\/strong><\/p>\n<p style=\"text-align: justify;padding-left: 30px\" data-mce-style=\"text-align: justify; padding-left: 30px;\">T\u00e9l : 06 72 91 53 94<\/p>\n<p style=\"text-align: justify;padding-left: 30px\" data-mce-style=\"text-align: justify; padding-left: 30px;\">Mail : serviceculturel@unilim.fr<\/p>\n<p style=\"text-align: justify;padding-left: 30px\" data-mce-style=\"text-align: justify; padding-left: 30px;\">Ou aupr\u00e8s du bureau du Service Culturel.<\/p>\n        <\/div>\n                <\/div>\n                <div class=\"col-xs-6\">\n                    <div class=\"ul-element-image \">\n            <a href=\"http:\/\/www.unilim.fr\/culture\/wp-content\/uploads\/sites\/17\/2016\/01\/img11.png\" target=\"\"  rel=\"lightbox\">\n                <img decoding=\"async\" class=\"img-responsive\" src=\"http:\/\/www.unilim.fr\/culture\/wp-content\/uploads\/sites\/17\/2016\/01\/img11.png\"\/>\n            <\/a>\n        <\/div>\n                <\/div>\n                <\/div>\n                <\/div>\n        <\/div>\n            <\/div>\n                  <\/div>\n        \n","protected":false},"excerpt":{"rendered":"","protected":false},"author":51,"featured_media":197,"parent":64,"menu_order":0,"comment_status":"closed","ping_status":"closed","template":"page-le.php","meta":{"footnotes":""},"class_list":["post-679","page","type-page","status-publish","has-post-thumbnail","hentry"],"_links":{"self":[{"href":"https:\/\/www.unilim.fr\/culture\/wp-json\/wp\/v2\/pages\/679","targetHints":{"allow":["GET"]}}],"collection":[{"href":"https:\/\/www.unilim.fr\/culture\/wp-json\/wp\/v2\/pages"}],"about":[{"href":"https:\/\/www.unilim.fr\/culture\/wp-json\/wp\/v2\/types\/page"}],"author":[{"embeddable":true,"href":"https:\/\/www.unilim.fr\/culture\/wp-json\/wp\/v2\/users\/51"}],"replies":[{"embeddable":true,"href":"https:\/\/www.unilim.fr\/culture\/wp-json\/wp\/v2\/comments?post=679"}],"version-history":[{"count":0,"href":"https:\/\/www.unilim.fr\/culture\/wp-json\/wp\/v2\/pages\/679\/revisions"}],"up":[{"embeddable":true,"href":"https:\/\/www.unilim.fr\/culture\/wp-json\/wp\/v2\/pages\/64"}],"wp:featuredmedia":[{"embeddable":true,"href":"https:\/\/www.unilim.fr\/culture\/wp-json\/wp\/v2\/media\/197"}],"wp:attachment":[{"href":"https:\/\/www.unilim.fr\/culture\/wp-json\/wp\/v2\/media?parent=679"}],"curies":[{"name":"wp","href":"https:\/\/api.w.org\/{rel}","templated":true}]}}