{"id":677,"date":"2021-09-14T22:00:00","date_gmt":"2016-02-02T11:37:55","guid":{"rendered":"http:\/\/www.unilim.fr\/culture\/?page_id=677"},"modified":"2024-09-10T18:20:07","modified_gmt":"2024-09-10T16:20:07","slug":"cinema","status":"publish","type":"page","link":"https:\/\/www.unilim.fr\/culture\/ateliers-culturels\/les-ateliers\/cinema\/","title":{"rendered":"Cin\u00e9ma"},"content":{"rendered":"        <div class=\"container-fluid  \" style=\"\">\n                      <div class=\"container\">\n                <div class=\"row \" style=\"margin-top: 30px;margin-bottom: 30px\">        <div class=\"col-sm-12 \">\n                    <div class=\"clearfix ul-element-text \">\n            \n<p>Atelier cin\u00e9ma<\/p>\n<p>Validant<\/p>\n<p>Direction : Laurent Moreau Responsable du bureau d\u2019accueil des tournages de la Creuse, Corr\u00e8ze et Haute-Vienne pour ALCA. R\u00e9gisseur, assistant r\u00e9alisateur et charg\u00e9 de casting<\/p>\n<p>Approche des m\u00e9tiers du cin\u00e9ma et de la construction d\u2019un film de son \u00e9criture \u00e0 sa diffusion.<\/p>\n<p>D\u00e9velopper son regard et son sens critique en regardant\/\u00e9tudiant diff\u00e9rent style du cin\u00e9ma.<\/p>\n<p>Cr\u00e9er le dialogue autour des \u0153uvres film, documentaire, court m\u00e9trage.<\/p>\n<p>Aborder la grammaire cin\u00e9matographique.<\/p>\n<p>D\u00e9velopper sa cr\u00e9ativit\u00e9.<\/p>\n<p>Possible accueil d\u2019intervenants ext\u00e9rieurs comme des producteurs, productrices, techniciens, techniciennes, acteurs et actrices pour alimenter en exp\u00e9rience et accompagner dans leurs cr\u00e9ations les participants (es).<\/p>\n<p>Lundi de 18h \u00e0 20h Salle du M\u00e9dialab P\u00f4le Formation 88 rue du Pont St Martial<\/p>\n<p>D\u00e9but des cours la 1\u00e8re semaine d&rsquo;octobre 2024<\/p>\n<p>Inscriptions service culturel :\u00a0<a href=\"mailto:serviceculturel@unilim.fr\">serviceculturel@unilim.fr<\/a><\/p>\n<p>Tel : 0672915394<\/p>\n        <\/div>\n                <\/div>\n        <\/div>\n            <\/div>\n                  <\/div>\n        \n","protected":false},"excerpt":{"rendered":"","protected":false},"author":51,"featured_media":195,"parent":64,"menu_order":0,"comment_status":"closed","ping_status":"closed","template":"page-le.php","meta":{"footnotes":""},"class_list":["post-677","page","type-page","status-publish","has-post-thumbnail","hentry"],"_links":{"self":[{"href":"https:\/\/www.unilim.fr\/culture\/wp-json\/wp\/v2\/pages\/677","targetHints":{"allow":["GET"]}}],"collection":[{"href":"https:\/\/www.unilim.fr\/culture\/wp-json\/wp\/v2\/pages"}],"about":[{"href":"https:\/\/www.unilim.fr\/culture\/wp-json\/wp\/v2\/types\/page"}],"author":[{"embeddable":true,"href":"https:\/\/www.unilim.fr\/culture\/wp-json\/wp\/v2\/users\/51"}],"replies":[{"embeddable":true,"href":"https:\/\/www.unilim.fr\/culture\/wp-json\/wp\/v2\/comments?post=677"}],"version-history":[{"count":2,"href":"https:\/\/www.unilim.fr\/culture\/wp-json\/wp\/v2\/pages\/677\/revisions"}],"predecessor-version":[{"id":12653,"href":"https:\/\/www.unilim.fr\/culture\/wp-json\/wp\/v2\/pages\/677\/revisions\/12653"}],"up":[{"embeddable":true,"href":"https:\/\/www.unilim.fr\/culture\/wp-json\/wp\/v2\/pages\/64"}],"wp:featuredmedia":[{"embeddable":true,"href":"https:\/\/www.unilim.fr\/culture\/wp-json\/wp\/v2\/media\/195"}],"wp:attachment":[{"href":"https:\/\/www.unilim.fr\/culture\/wp-json\/wp\/v2\/media?parent=677"}],"curies":[{"name":"wp","href":"https:\/\/api.w.org\/{rel}","templated":true}]}}