{"id":662,"date":"2021-09-19T22:00:00","date_gmt":"2016-02-02T10:53:02","guid":{"rendered":"http:\/\/www.unilim.fr\/culture\/?page_id=662"},"modified":"2022-09-15T12:01:30","modified_gmt":"2022-09-15T10:01:30","slug":"theatre","status":"publish","type":"page","link":"https:\/\/www.unilim.fr\/culture\/ateliers-culturels\/les-ateliers\/theatre\/","title":{"rendered":"Th\u00e9\u00e2tre"},"content":{"rendered":"        <div class=\"container-fluid  \" style=\"\">\n                      <div class=\"container\">\n                <div class=\"row \" style=\"margin-top: 30px;margin-bottom: 30px\">        <div class=\"col-md-12 \">\n                    <div class=\"clearfix ul-element-text \">\n            \n<p>VALIDANT<\/p>\n<p style=\"text-align: justify\" data-mce-style=\"text-align: justify;\">Direction :&nbsp;Adrien Ledoux<\/p>\n<p style=\"text-align: justify\" data-mce-style=\"text-align: justify;\">Com\u00e9dien, Metteur en sc\u00e8ne, Chanteur, Auteur compositeur interpr\u00e8te.<\/p>\n<p>Etude de textes d\u2019auteurs contemporains.<\/p>\n<p>Travail sur le soin et l\u2019\u00e9coute de l\u2019autre&nbsp;:<\/p>\n<p>Susciter la libert\u00e9 de parler, de s\u2019engager, de s\u2019exprimer, de prendre position et d\u00e9couvrir que l\u2019autre est plus important que soi.<\/p>\n<p>M\u00e9thodes d\u2019improvisation, travail corporel, tout en y alliant le plaisir et la joie, chanson.<\/p>\n<p>(Restitution Journ\u00e9es des Arts\/Festival Etudiants)<\/p>\n<p style=\"text-align: justify\" data-mce-style=\"text-align: justify;\"><span style=\"color: #ffffff\" data-mce-style=\"color: #ffffff;\">.<\/span><\/p>\n<h4>Quel jour, o\u00f9 et quand ?<\/h4>\n<p>Les <strong>lundis<\/strong> de <strong>19h \u00e0 21h<\/strong><\/p>\n<p>Polaris Formation 5 rue de la Cit\u00e9 87000 Limoges<\/p>\n<p style=\"text-align: justify\" data-mce-style=\"text-align: justify;\">Pour y adh\u00e9rer Gratuit \u00e9tudiants<\/p>\n<p style=\"text-align: justify\" data-mce-style=\"text-align: justify;\">Personnels et ext\u00e9rieurs, il faut s&rsquo;acquitter du Passeport culturel<\/p>\n<p style=\"text-align: justify\" data-mce-style=\"text-align: justify;\">D\u00e9but des s\u00e9ances 1\u00e8re semaine d&rsquo;octobre 2022<br data-mce-bogus=\"1\"><\/p>\n<p style=\"text-align: justify\" data-mce-style=\"text-align: justify;\"><\/p>\n<p style=\"text-align: justify\" data-mce-style=\"text-align: justify;\"><strong>Inscriptions<\/strong><\/p>\n<p style=\"text-align: justify\" data-mce-style=\"text-align: justify;\">T\u00e9l : 06 72 91 53 94<\/p>\n<p style=\"text-align: justify\" data-mce-style=\"text-align: justify;\">Mail : serviceculturel@unilim.fr<\/p>\n<p style=\"text-align: justify\" data-mce-style=\"text-align: justify;\">Ou aupr\u00e8s du bureau du Service Culturel.<\/p>\n        <\/div>\n                <div class=\"row\">\n                    <div class=\"col-xs-6\">\n            \n        \n        <div class=\"ul-element-header text-left  \">\n\n            <h3 class=\"ul-bold  \" style=\"\">\n                                Atelier Th\u00e9\u00e2tre                            <\/h3>\n        <\/div>\n                <\/div>\n                <div class=\"col-xs-6\">\n                    <div class=\"ul-element-image \">\n            <a href=\"http:\/\/www.unilim.fr\/culture\/wp-content\/uploads\/sites\/17\/2016\/01\/img06.png\" target=\"\"  rel=\"lightbox\">\n                <img decoding=\"async\" class=\"img-responsive\" src=\"http:\/\/www.unilim.fr\/culture\/wp-content\/uploads\/sites\/17\/2016\/01\/img06.png\"\/>\n            <\/a>\n        <\/div>\n                <\/div>\n                <\/div>\n                <\/div>\n        <\/div>\n            <\/div>\n                  <\/div>\n        \n","protected":false},"excerpt":{"rendered":"","protected":false},"author":51,"featured_media":193,"parent":64,"menu_order":0,"comment_status":"closed","ping_status":"closed","template":"page-le.php","meta":{"footnotes":""},"class_list":["post-662","page","type-page","status-publish","has-post-thumbnail","hentry"],"_links":{"self":[{"href":"https:\/\/www.unilim.fr\/culture\/wp-json\/wp\/v2\/pages\/662","targetHints":{"allow":["GET"]}}],"collection":[{"href":"https:\/\/www.unilim.fr\/culture\/wp-json\/wp\/v2\/pages"}],"about":[{"href":"https:\/\/www.unilim.fr\/culture\/wp-json\/wp\/v2\/types\/page"}],"author":[{"embeddable":true,"href":"https:\/\/www.unilim.fr\/culture\/wp-json\/wp\/v2\/users\/51"}],"replies":[{"embeddable":true,"href":"https:\/\/www.unilim.fr\/culture\/wp-json\/wp\/v2\/comments?post=662"}],"version-history":[{"count":0,"href":"https:\/\/www.unilim.fr\/culture\/wp-json\/wp\/v2\/pages\/662\/revisions"}],"up":[{"embeddable":true,"href":"https:\/\/www.unilim.fr\/culture\/wp-json\/wp\/v2\/pages\/64"}],"wp:featuredmedia":[{"embeddable":true,"href":"https:\/\/www.unilim.fr\/culture\/wp-json\/wp\/v2\/media\/193"}],"wp:attachment":[{"href":"https:\/\/www.unilim.fr\/culture\/wp-json\/wp\/v2\/media?parent=662"}],"curies":[{"name":"wp","href":"https:\/\/api.w.org\/{rel}","templated":true}]}}