{"id":6475,"date":"2021-09-13T22:00:00","date_gmt":"2021-09-14T16:38:28","guid":{"rendered":"http:\/\/www.unilim.fr\/culture\/?page_id=6475"},"modified":"2021-09-14T22:44:17","modified_gmt":"2021-09-14T20:44:17","slug":"percussion-uruguayenne","status":"publish","type":"page","link":"https:\/\/www.unilim.fr\/culture\/percussion-uruguayenne\/","title":{"rendered":"Percussion uruguayenne"},"content":{"rendered":"        <div class=\"container-fluid  \" style=\"\">\n                      <div class=\"container\">\n                <div class=\"row \" style=\"margin-top: 30px;margin-bottom: 30px\">        <div class=\"col-md-12 \">\n                    <div class=\"clearfix ul-element-text \">\n            \n<p><strong><span style=\"color: #993300\" data-mce-style=\"color: #993300;\">Percussion uruguayenne<\/span><\/strong> Validant Direction : Vincente Perez Musicien, artiste sp\u00e9cialis\u00e9 en ludop\u00e9dagogie &nbsp; Faire d\u00e9couvrir des sons et des traditions d\u2019une autre culture aux \u00e9tudiants tout en familiarisant leur apprenant des techniques musicales de percussion. Ils pourront tout au long de l\u2019atelier, s\u2019initier et se sp\u00e9cialiser sur les trois diff\u00e9rents types de tambours composant une \u00ab&nbsp;cuerda&nbsp;\u00bb de candombe (le \u00ab&nbsp;chico&nbsp;\u00bb, \u00ab&nbsp;repique&nbsp;\u00bb et \u00ab&nbsp;piano&nbsp;\u00bb) ainsi que leurs r\u00f4les sp\u00e9cifiques au sein de celle-ci.<\/p>\n<h5>ATELIER Jeudi de 18 h \u00e0 20h Salle de cin\u00e9ma P\u00f4le formation 88 rue du pont st martial.<\/h5>\n<p>Inscrivez-vous aupr\u00e8s du Service Culturel pour avoir les informations sur les \u00e9v\u00e9nements cin\u00e9matographiques propos\u00e9s au cours de cette ann\u00e9e universitaire.<\/p>\n<hr>\n<p>Pour y adh\u00e9rer,&nbsp; Gratuit pour les \u00e9tudiants Personnels et autres publics&nbsp;&nbsp;s\u2019acquitter du&nbsp;<a href=\"http:\/\/www.unilim.fr\/culture\/pass-culture\/\" data-mce-href=\"http:\/\/www.unilim.fr\/culture\/pass-culture\/\">Pass de vie Universitaire&nbsp;<\/a> <strong>Inscriptions<\/strong> T\u00e9l : 06 72 91 53 94 Mail :&nbsp;<a class=\"mailto-link\" data-enc-email=\"freivprphyghery&#091;at&#093;havyvz.se\" data-wpel-link=\"ignore\"><span id=\"eeb-894600-349440\">serviceculturel@unilim.fr<\/span><\/a> Ou aupr\u00e8s du bureau du Service Culturel.<\/p>\n        <\/div>\n                <\/div>\n        <\/div>\n            <\/div>\n                  <\/div>\n        \n","protected":false},"excerpt":{"rendered":"","protected":false},"author":51,"featured_media":0,"parent":0,"menu_order":0,"comment_status":"closed","ping_status":"closed","template":"page-le.php","meta":{"footnotes":""},"class_list":["post-6475","page","type-page","status-publish","hentry"],"_links":{"self":[{"href":"https:\/\/www.unilim.fr\/culture\/wp-json\/wp\/v2\/pages\/6475","targetHints":{"allow":["GET"]}}],"collection":[{"href":"https:\/\/www.unilim.fr\/culture\/wp-json\/wp\/v2\/pages"}],"about":[{"href":"https:\/\/www.unilim.fr\/culture\/wp-json\/wp\/v2\/types\/page"}],"author":[{"embeddable":true,"href":"https:\/\/www.unilim.fr\/culture\/wp-json\/wp\/v2\/users\/51"}],"replies":[{"embeddable":true,"href":"https:\/\/www.unilim.fr\/culture\/wp-json\/wp\/v2\/comments?post=6475"}],"version-history":[{"count":0,"href":"https:\/\/www.unilim.fr\/culture\/wp-json\/wp\/v2\/pages\/6475\/revisions"}],"wp:attachment":[{"href":"https:\/\/www.unilim.fr\/culture\/wp-json\/wp\/v2\/media?parent=6475"}],"curies":[{"name":"wp","href":"https:\/\/api.w.org\/{rel}","templated":true}]}}