{"id":6473,"date":"2021-09-13T22:00:00","date_gmt":"2021-09-14T16:36:24","guid":{"rendered":"http:\/\/www.unilim.fr\/culture\/?page_id=6473"},"modified":"2021-09-14T21:51:53","modified_gmt":"2021-09-14T19:51:53","slug":"jouer-avec-et-dans-lespace-public","status":"publish","type":"page","link":"https:\/\/www.unilim.fr\/culture\/jouer-avec-et-dans-lespace-public\/","title":{"rendered":"Jouer avec et dans l&rsquo;espace public"},"content":{"rendered":"        <div class=\"container-fluid  \" style=\"\">\n                      <div class=\"container\">\n                <div class=\"row \" style=\"margin-top: 30px;margin-bottom: 30px\">        <div class=\"col-md-12 \">\n                    <div class=\"clearfix ul-element-text \">\n            <span style=\"color: #993300\"><strong>Jouer avec et dans l&rsquo;espace public<\/strong><\/span><\/p>\n<p><strong>Validant<\/strong><\/p>\n<p><strong>Direction : Fabrice Richert<\/strong><\/p>\n<p>Com\u00e9dien, metteur en sc\u00e8ne<\/p>\n<p>Un atelier pour cr\u00e9er, imaginer des situations, les \u00e9crire, les mettre en sc\u00e8ne et bien s\u00fbr les jouer. Un atelier au croisement de plusieurs univers artistiques : th\u00e9\u00e2tre, cirque, clown, musique, danse, chant, etc. Un atelier pour exp\u00e9rimenter l\u2019expression artistique dans l\u2019espace public sous toutes ses formes : spectacle fixe et d\u00e9ambulatoire, conf\u00e9rence spectacle, performance et spectacle en lieu non-d\u00e9di\u00e9. Enfin un atelier pour laisser s\u2019exprimer sa cr\u00e9ativit\u00e9 au travers de sa citoyennet\u00e9.<\/p>\n<h5>ATELIER Lundi de 18 h \u00e0 20h Salle du Dojo Campus la Borie (Suaps)<\/h5>\n<p>Inscrivez-vous aupr\u00e8s du Service Culturel pour avoir les informations sur les \u00e9v\u00e9nements cin\u00e9matographiques propos\u00e9s au cours de cette ann\u00e9e universitaire.<\/p>\n<hr \/>\n<p>Pour y adh\u00e9rer,\u00a0 Gratuit pour les \u00e9tudiants<\/p>\n<p>Personnels et autres publics\u00a0\u00a0s\u2019acquitter du\u00a0<a href=\"http:\/\/www.unilim.fr\/culture\/pass-culture\/\">Pass de vie Universitaire\u00a0<\/a><\/p>\n<p><strong>Inscriptions<\/strong><\/p>\n<p>T\u00e9l : 06 72 91 53 94<\/p>\n<p>Mail :\u00a0<a class=\"mailto-link\" data-enc-email=\"freivprphyghery&#091;at&#093;havyvz.se\" data-wpel-link=\"ignore\"><span id=\"eeb-894600-349440\">serviceculturel@unilim.fr<\/span><\/a><\/p>\n<p>Ou aupr\u00e8s du bureau du Service Culture        <\/div>\n                <\/div>\n        <\/div>\n            <\/div>\n                  <\/div>\n        \n","protected":false},"excerpt":{"rendered":"","protected":false},"author":51,"featured_media":0,"parent":0,"menu_order":0,"comment_status":"closed","ping_status":"closed","template":"page-le.php","meta":{"footnotes":""},"class_list":["post-6473","page","type-page","status-publish","hentry"],"_links":{"self":[{"href":"https:\/\/www.unilim.fr\/culture\/wp-json\/wp\/v2\/pages\/6473","targetHints":{"allow":["GET"]}}],"collection":[{"href":"https:\/\/www.unilim.fr\/culture\/wp-json\/wp\/v2\/pages"}],"about":[{"href":"https:\/\/www.unilim.fr\/culture\/wp-json\/wp\/v2\/types\/page"}],"author":[{"embeddable":true,"href":"https:\/\/www.unilim.fr\/culture\/wp-json\/wp\/v2\/users\/51"}],"replies":[{"embeddable":true,"href":"https:\/\/www.unilim.fr\/culture\/wp-json\/wp\/v2\/comments?post=6473"}],"version-history":[{"count":0,"href":"https:\/\/www.unilim.fr\/culture\/wp-json\/wp\/v2\/pages\/6473\/revisions"}],"wp:attachment":[{"href":"https:\/\/www.unilim.fr\/culture\/wp-json\/wp\/v2\/media?parent=6473"}],"curies":[{"name":"wp","href":"https:\/\/api.w.org\/{rel}","templated":true}]}}