{"id":635,"date":"2022-09-14T22:00:00","date_gmt":"2016-02-02T10:17:17","guid":{"rendered":"http:\/\/www.unilim.fr\/culture\/?page_id=635"},"modified":"2024-08-27T00:14:28","modified_gmt":"2024-08-26T22:14:28","slug":"choeur-universitaire","status":"publish","type":"page","link":"https:\/\/www.unilim.fr\/culture\/ateliers-culturels\/les-ateliers\/choeur-universitaire\/","title":{"rendered":"Ch\u0153ur Universitaire"},"content":{"rendered":"        <div class=\"container-fluid  \" style=\"\">\n                      <div class=\"container\">\n                <div class=\"row \" style=\"margin-top: 30px;margin-bottom: 30px\">        <div class=\"col-md-12 \">\n                    <div class=\"row\">\n                    <div class=\"col-xs-6\">\n                    <div class=\"clearfix ul-element-text \">\n            \n<p style=\"text-align: justify\" data-mce-style=\"text-align: justify;\">VALIDANT<\/p>\n<p style=\"text-align: justify\" data-mce-style=\"text-align: justify;\">Direction Musicale : Lynda Bisch , Artiste lyrique,&nbsp;Coach Vocal<\/p>\n<p style=\"text-align: justify\" data-mce-style=\"text-align: justify;\">Chanteuse lyrique et com\u00e9dienne &#8211; Formation de 1er d\u00e9gr\u00e9 de psychophonie-<\/p>\n<p style=\"text-align: justify\" data-mce-style=\"text-align: justify;\"><\/p>\n<p style=\"text-align: justify\" data-mce-style=\"text-align: justify;\">Ensemble vocal avec r\u00e9p\u00e9titions hebdomadaires. S\u00e9ances encadr\u00e9es par une pianiste chef de chant et une chanteuse chef de ch\u0153ur. Les s\u00e9ances commencent d\u2019abord par des \u00e9chauffements corporels et vocaux en lien le travail en cours. La seconde partie de la s\u00e9ance est un temps de m\u00e9morisation de nouveaux morceaux (avec travail technique associ\u00e9). La fin de s\u00e9ance est consacr\u00e9e \u00e0 la r\u00e9p\u00e9tition de r\u00e9pertoire connu. <\/p>\n<p style=\"text-align: justify\" data-mce-style=\"text-align: justify;\">-maitrise vocale individuelle : connaissance et ouverture des divers points de r\u00e9sonnance du son, sensibilisation aux appuis corporels, gestion du souffle, gestion de la diction. &#8211; connaissances musicales : acquisition d\u2019une stabilit\u00e9 rythmique, sensibilisation \u00e0 l\u2019harmonie et la justesse du son, acquisition d\u2019un r\u00e9pertoire vari\u00e9, &#8211; Savoir chanter en ensemble : savoir \u00e9couter ses partenaires de pupitres et les autres voix en vue de cr\u00e9er un son homog\u00e8ne. &#8211; Affiner son expressivit\u00e9 sur sc\u00e8ne et dans le ch\u0153ur.<\/p>\n<p style=\"text-align: justify\" data-mce-style=\"text-align: justify;\"><span style=\"color: #ffffff\" data-mce-style=\"color: #ffffff;\">.<\/span><\/p>\n<h4 style=\"text-align: justify\" data-mce-style=\"text-align: justify;\">Quel jour, o\u00f9 et quand ?<\/h4>\n<p style=\"text-align: justify\" data-mce-style=\"text-align: justify;\">Les <strong>mardis<\/strong>&nbsp;de <strong>18h45&nbsp; \u00e0 20h30<\/strong><\/p>\n<p style=\"text-align: justify\" data-mce-style=\"text-align: justify;\">Salle de cin\u00e9ma Carrefour des \u00c9tudiants 88, rue du pont St Martial &#8211; Limoges.<\/p>\n<p style=\"text-align: justify\" data-mce-style=\"text-align: justify;\">D\u00e9but des s\u00e9ances 1\u00e8re semaine d&rsquo;octobre<\/p>\n<hr>\n<p style=\"text-align: justify\" data-mce-style=\"text-align: justify;\">Pour y adh\u00e9rer, il faut s&rsquo;acquitter du <a href=\"http:\/\/www.unilim.fr\/culture\/pass-culture\/\" data-mce-href=\"http:\/\/www.unilim.fr\/culture\/pass-culture\/\">Passe<\/a>port culturel<\/p>\n<p style=\"text-align: justify\" data-mce-style=\"text-align: justify;\"><strong>Inscriptions<\/strong><\/p>\n<p style=\"text-align: justify;padding-left: 30px\" data-mce-style=\"text-align: justify; padding-left: 30px;\">T\u00e9l : 06 72 91 53 94<\/p>\n<p style=\"text-align: justify;padding-left: 30px\" data-mce-style=\"text-align: justify; padding-left: 30px;\">Mail : serviceculturel@unilim.fr<\/p>\n<p style=\"text-align: justify;padding-left: 30px\" data-mce-style=\"text-align: justify; padding-left: 30px;\">Ou aupr\u00e8s du bureau du Service Culturel.<\/p>\n        <\/div>\n        \n        \n        <div class=\"ul-element-header text-left  \">\n\n            <h3 class=\"ul-bold  \" style=\"\">\n                                Atelier Ch\u0153ur universitaire                            <\/h3>\n        <\/div>\n                <\/div>\n                <div class=\"col-xs-6\">\n                    <div class=\"ul-element-image \">\n            <a href=\"http:\/\/www.unilim.fr\/culture\/wp-content\/uploads\/sites\/17\/2016\/01\/img02.png\" target=\"\"  rel=\"lightbox\">\n                <img decoding=\"async\" class=\"img-responsive\" src=\"http:\/\/www.unilim.fr\/culture\/wp-content\/uploads\/sites\/17\/2016\/01\/img02.png\"\/>\n            <\/a>\n        <\/div>\n                <\/div>\n                <\/div>\n                <\/div>\n        <\/div>\n            <\/div>\n                  <\/div>\n        \n","protected":false},"excerpt":{"rendered":"","protected":false},"author":51,"featured_media":189,"parent":64,"menu_order":0,"comment_status":"closed","ping_status":"closed","template":"page-le.php","meta":{"footnotes":""},"class_list":["post-635","page","type-page","status-publish","has-post-thumbnail","hentry"],"_links":{"self":[{"href":"https:\/\/www.unilim.fr\/culture\/wp-json\/wp\/v2\/pages\/635","targetHints":{"allow":["GET"]}}],"collection":[{"href":"https:\/\/www.unilim.fr\/culture\/wp-json\/wp\/v2\/pages"}],"about":[{"href":"https:\/\/www.unilim.fr\/culture\/wp-json\/wp\/v2\/types\/page"}],"author":[{"embeddable":true,"href":"https:\/\/www.unilim.fr\/culture\/wp-json\/wp\/v2\/users\/51"}],"replies":[{"embeddable":true,"href":"https:\/\/www.unilim.fr\/culture\/wp-json\/wp\/v2\/comments?post=635"}],"version-history":[{"count":1,"href":"https:\/\/www.unilim.fr\/culture\/wp-json\/wp\/v2\/pages\/635\/revisions"}],"predecessor-version":[{"id":12538,"href":"https:\/\/www.unilim.fr\/culture\/wp-json\/wp\/v2\/pages\/635\/revisions\/12538"}],"up":[{"embeddable":true,"href":"https:\/\/www.unilim.fr\/culture\/wp-json\/wp\/v2\/pages\/64"}],"wp:featuredmedia":[{"embeddable":true,"href":"https:\/\/www.unilim.fr\/culture\/wp-json\/wp\/v2\/media\/189"}],"wp:attachment":[{"href":"https:\/\/www.unilim.fr\/culture\/wp-json\/wp\/v2\/media?parent=635"}],"curies":[{"name":"wp","href":"https:\/\/api.w.org\/{rel}","templated":true}]}}