{"id":6,"date":"2016-01-27T23:00:00","date_gmt":"2015-09-17T12:52:33","guid":{"rendered":"http:\/\/www.unilim.fr\/culture\/mentions-legales\/"},"modified":"2022-05-17T15:53:47","modified_gmt":"2022-05-17T13:53:47","slug":"mentions-legales","status":"publish","type":"page","link":"https:\/\/www.unilim.fr\/culture\/mentions-legales\/","title":{"rendered":"Mentions l\u00e9gales"},"content":{"rendered":"        <div class=\"container-fluid  \" style=\"\">\n                      <div class=\"container\">\n                <div class=\"row \" style=\"margin-top: 30px;margin-bottom: 30px\">        <div class=\"col-md-12 \">\n                    <div class=\"clearfix ul-element-text \">\n            \n<h3>Editeur, responsable de la publication<\/h3>\n<p>Ce site web est le site officiel de :\u00a0<code>Service Culturel de l'Universit\u00e9 de Limoges<\/code><\/p>\n<h3>Directeur de publication<\/h3>\n<p>H\u00e9l\u00e8ne Pauliat , Pr\u00e9sidente de l&rsquo;Universit\u00e9.<br \/>\nContact : <a title=\"presidence@unilim.fr\" href=\"mailto:presidence@unilim.fr\" target=\"_blank\" rel=\"noopener noreferrer\">presidence@unilim.fr<\/a><\/p>\n<h3>Responsabilit\u00e9 \u00e9ditoriale<\/h3>\n<p><span style=\"font-family: monospace\">Nadine Cogn\u00e9<\/span><br \/>\nContact : 06 72 91 53 94<\/p>\n<h3>R\u00e9alisation<\/h3>\n<p><code>DSI (Direction du Syst\u00e8me d'Information)<\/code><\/p>\n<p><code>Caroline Chapelle<\/code><\/p>\n<h3>Cr\u00e9dits photographiques<\/h3>\n<p><code>Universit\u00e9 de Limoges - Christophe P\u00e9an - Christelle Rama<\/code><\/p>\n<p>Droits r\u00e9serv\u00e9s<\/p>\n<h3>H\u00e9bergeur<\/h3>\n<address><strong>Direction du Syst\u00e8me d&rsquo;Information de l&rsquo;Universit\u00e9 de Limoges<\/strong><br \/>\n123 Av. Albert Thomas<br \/>\n87060 Limoges Cedex<br \/>\n<abbr title=\"T\u00e9l\u00e9phone\">T\u00e9l :<\/abbr> 05 55 45 75 75<br \/>\n<abbr title=\"T\u00e9l\u00e9copie\">Fax :<\/abbr> 05 55 45 75 95<br \/>\n<strong>Courriel<\/strong><br \/>\n<a href=\"mailto:webmaster@unilim.fr\" target=\"_blank\" rel=\"noopener noreferrer\">webmaster@unilim.fr<\/a><\/address>\n<h3>Acc\u00e8s au site<\/h3>\n<p>L&rsquo;utilisateur du site internet : www.unilim.fr\/culture\u00a0reconna\u00eet disposer de la comp\u00e9tence et des moyens n\u00e9cessaires pour acc\u00e9der et utiliser ce site internet.<\/p>\n<p>Conform\u00e9ment \u00e0 la loi du 6 janvier 1978 relative \u00e0 l&rsquo;informatique, aux fichiers et aux libert\u00e9s, ce site web fait l&rsquo;objet d&rsquo;une d\u00e9claration aupr\u00e8s de la Commission Nationale Informatique et Libert\u00e9s (CNIL &#8211; www.cnil.fr) avec un avis n\u00b0 <span style=\"font-family: monospace\">1005688<\/span><br \/>\nLes utilisateurs du site web sont tenus de respecter les dispositions de la loi relative \u00e0 l&rsquo;informatique, aux fichiers et aux libert\u00e9s, dont la violation est passible de sanctions p\u00e9nales.<br \/>\nIls doivent notamment s&rsquo;abstenir, s&rsquo;agissant d&rsquo;informations nominatives auxquelles ils acc\u00e8dent, de toute collecte, de toute utilisation d\u00e9tourn\u00e9e et d&rsquo;une mani\u00e8re g\u00e9n\u00e9rale, de tout acte susceptible de porter atteinte \u00e0 la vie priv\u00e9e ou \u00e0 la r\u00e9putation des personnes.<\/p>\n<h3>Droit d&rsquo;auteur &#8211; Copyright<\/h3>\n<p>L&rsquo;ensemble de ce site rel\u00e8ve de la l\u00e9gislation fran\u00e7aise et internationale sur le droit d&rsquo;auteur et la propri\u00e9t\u00e9 intellectuelle. Tous les droits de reproduction sont r\u00e9serv\u00e9s, y compris pour les documents t\u00e9l\u00e9chargeables et les repr\u00e9sentations iconographiques et photographiques. La reproduction de tout ou partie de ce site sur un support \u00e9lectronique quel qu&rsquo;il soit est formellement interdite sauf autorisation expresse du Pr\u00e9sident de l&rsquo;universit\u00e9 qui est \u00e9galement directeur de publication. Vous pouvez \u00e9crire au Service Communication qui se chargera de transmettre votre demande et vous fera part de la r\u00e9ponse du directeur de publication.<br \/>\nLa reproduction des textes de ce site sur un support papier est autoris\u00e9e, tout particuli\u00e8rement dans le cadre p\u00e9dagogique, sous r\u00e9serve du respect des trois conditions suivantes :<\/p>\n<ul>\n<li>gratuit\u00e9 de la diffusion,<\/li>\n<li>respect de l&rsquo;int\u00e9grit\u00e9 des documents reproduits : pas de modification ni alt\u00e9ration d&rsquo;aucune sorte,<\/li>\n<li>citation claire et lisible de la source sous la forme suivante, par exemple : \u00ab\u00a0ce document provient du site internet : http:\/\/www.unilim.fr\/culture.\u00a0Les droits de reproduction sont r\u00e9serv\u00e9s et strictement limit\u00e9s\u00a0\u00bb. L&rsquo;adresse internet du site du au Service Culturel de<code>\u00a0l'Universit\u00e9 de Limoges<\/code>\u00a0(indiquez le nom de la composante, du laboratoire, de l&rsquo;institut&#8230;) doit imp\u00e9rativement figurer dans la r\u00e9f\u00e9rence.<\/li>\n<\/ul>\n<p>Pour d&rsquo;autres utilisations, veuillez nous consulter.<br \/>\nLes liens hypertextes mis en place dans le cadre du pr\u00e9sent site web en direction d&rsquo;autres ressources pr\u00e9sentes sur le r\u00e9seau internet, ne sauraient engager la responsabilit\u00e9 de l&rsquo;Universit\u00e9 de Limoges.<br \/>\nLes utilisateurs et visiteurs du site web ne peuvent mettre en place un hyperlien en direction de ce site sans l&rsquo;autorisation \u00e9crite expresse et pr\u00e9alable du Pr\u00e9sident de l&rsquo;Universit\u00e9 de Limoges. Pour cela merci d&rsquo;adresser un mail \u00e0 <a title=\"com@unilim.fr\" href=\"mailto:com@unilim.fr\" target=\"_blank\" rel=\"noopener noreferrer\">com@unilim.fr<\/a> ou \u00e9crire \u00e0 :<\/p>\n<address><strong>Monsieur le Pr\u00e9sident<\/strong><br \/>\n33,Rue Fran\u00e7ois Mitterrand BP 23204<br \/>\n87032 Limoges CEDEX 01<\/address>\n<h3>Publications &#8211; Actualit\u00e9s<\/h3>\n<p>Les documents diffus\u00e9s en version \u00e9lectronique sur ce site peuvent avoir fait l&rsquo;objet de mises \u00e0 jour entre le moment o\u00f9 vous les avez t\u00e9l\u00e9charg\u00e9s et celui o\u00f9 vous en prenez connaissance. En cons\u00e9quence, nous vous recommandons d&rsquo;en v\u00e9rifier la validit\u00e9.<\/p>\n<h3>Contenu du site<\/h3>\n<p>L&rsquo;Universit\u00e9 de Limoges<code>\u00a0<\/code>met \u00e0 disposition des utilisateurs du site web www.unilim.fr\/culture\u00a0des informations et outils disponibles et v\u00e9rifi\u00e9s, mais il ne saurait \u00eatre tenu pour responsable des erreurs ou de l&rsquo;indisponibilit\u00e9 de certaines informations.<br \/>\nNous remercions les utilisateurs du site de nous faire part d&rsquo;\u00e9ventuelles omissions, erreurs ou corrections \u00e0 apporter, en adressant un courriel au webmestre du site \u00e0 l&rsquo;adresse <span style=\"font-family: monospace\">webmaster@unilim.fr<\/span>.        <\/div>\n                <\/div>\n        <\/div>\n            <\/div>\n                  <\/div>\n        \n","protected":false},"excerpt":{"rendered":"","protected":false},"author":51,"featured_media":0,"parent":0,"menu_order":0,"comment_status":"open","ping_status":"open","template":"page-le.php","meta":{"footnotes":""},"class_list":["post-6","page","type-page","status-publish","hentry"],"_links":{"self":[{"href":"https:\/\/www.unilim.fr\/culture\/wp-json\/wp\/v2\/pages\/6","targetHints":{"allow":["GET"]}}],"collection":[{"href":"https:\/\/www.unilim.fr\/culture\/wp-json\/wp\/v2\/pages"}],"about":[{"href":"https:\/\/www.unilim.fr\/culture\/wp-json\/wp\/v2\/types\/page"}],"author":[{"embeddable":true,"href":"https:\/\/www.unilim.fr\/culture\/wp-json\/wp\/v2\/users\/51"}],"replies":[{"embeddable":true,"href":"https:\/\/www.unilim.fr\/culture\/wp-json\/wp\/v2\/comments?post=6"}],"version-history":[{"count":0,"href":"https:\/\/www.unilim.fr\/culture\/wp-json\/wp\/v2\/pages\/6\/revisions"}],"wp:attachment":[{"href":"https:\/\/www.unilim.fr\/culture\/wp-json\/wp\/v2\/media?parent=6"}],"curies":[{"name":"wp","href":"https:\/\/api.w.org\/{rel}","templated":true}]}}