{"id":5845,"date":"2021-04-21T22:00:00","date_gmt":"2021-04-20T21:30:28","guid":{"rendered":"http:\/\/www.unilim.fr\/culture\/?page_id=5845"},"modified":"2021-05-06T12:13:09","modified_gmt":"2021-05-06T10:13:09","slug":"chant","status":"publish","type":"page","link":"https:\/\/www.unilim.fr\/culture\/chant\/","title":{"rendered":"CHANT"},"content":{"rendered":"        <div class=\"container-fluid bg-gray-dark \" style=\"\">\n                      <div class=\"container\">\n                <div class=\"row \" style=\"margin-top: 30px;margin-bottom: 30px\">        <div class=\"col-sm-6 \">\n            <div style=\"padding:10px 30px;\" class=\"bg-gray-light\">\n        \n        <div class=\"ul-element-header text-center  \">\n\n            <h2 class=\"ul-bold  bg-gray-dark\" style=\"padding:10px;\">\n                                LE TEMPS D'UNE CHANSON                            <\/h2>\n        <\/div>\n                <div class=\"clearfix ul-element-text \">\n            \n<p style=\"text-align: justify\" data-mce-style=\"text-align: justify;\">Montage vid\u00e9o r\u00e9alis\u00e9 avec les membres du ch\u0153ur et de l\u2019orchestre universitaires.<\/p>\n<p style=\"text-align: justify\" data-mce-style=\"text-align: justify;\">Projet dirig\u00e9 par Lynda Bisch Chef de Ch\u0153ur et Arnaud Cappelli Chef d\u2019Orchestre<\/p>\n<p style=\"text-align: justify\" data-mce-style=\"text-align: justify;\">En partenariat avec le Rok Ville de Panazol<\/p>\n<p style=\"text-align: justify\" data-mce-style=\"text-align: justify;\">&nbsp;<\/p>\n<p style=\"text-align: justify\" data-mce-style=\"text-align: justify;\">\u00ab&nbsp;Si l\u2019amour c\u2019est du pipeau autant l\u2019\u00e9voquer en musique !<\/p>\n<p style=\"text-align: justify\" data-mce-style=\"text-align: justify;\">Les histoires de c\u0153ur finissent mal en g\u00e9n\u00e9ral mais certaines s\u2019ach\u00e8vent trop t\u00f4t.<\/p>\n<p style=\"text-align: justify\" data-mce-style=\"text-align: justify;\">Alors le po\u00e8te \u00e9crit une chanson \u00e0 son inconnu esp\u00e9rant qu\u2019elle l\u2019entendra quelque part au coin d\u2019une rue. La chanson est un v\u0153u, un jardin o\u00f9 l\u2019on aime \u00e0 se perdre.<\/p>\n<p style=\"text-align: justify\" data-mce-style=\"text-align: justify;\">La chanson est un sort jet\u00e9 sur le pass\u00e9 qui ne peut revenir, une formule magique pour changer le pr\u00e9sent : Mutalis Mutandis<\/p>\n<p style=\"text-align: justify\" data-mce-style=\"text-align: justify;\">Allez, allez, cette fois ce sera la bonne, il suffira de se retrouver le temps d\u2019une Chanson pour y croire.&nbsp;\u00bb<\/p>\n<p style=\"text-align: justify\" data-mce-style=\"text-align: justify;\">&nbsp;<\/p>\n<p style=\"text-align: justify\" data-mce-style=\"text-align: justify;\">Avec Serge Gainsbourg, Anne Sylvestre, Brigitte Fontaine, Camille, Henri Salvador, Dario Moreno, Barbara\u2026<\/p>\n<p style=\"text-align: justify\" data-mce-style=\"text-align: justify;\">Le ch\u0153ur et l\u2019orchestre de l\u2019universit\u00e9 de Limoges vous donnent rendez-vous l\u2019ann\u00e9e prochaine pour un programme de chansons fran\u00e7aises concoct\u00e9 par Arnaud Cappelli, et Lynda Bisch.<\/p>\n<p style=\"text-align: justify\" data-mce-style=\"text-align: justify;\">Les captations vid\u00e9os ont \u00e9t\u00e9 r\u00e9alis\u00e9es dans la salle culturelle de la Ville de Panazol, le \u00ab&nbsp;ROK&nbsp;\u00bb<\/p>\n<p><\/p>\n        <\/div>\n        <div class=\"ul-element-videojs \">\t\t\r\n\t\t<!-- Begin Video.js Responsive Wrapper -->\r\n\t\t<div style='max-width:1600px'>\r\n\t\t\t<div class='video-wrapper' style='padding-bottom:56.25%;'>\r\n\t\t\t\t\r\n\t<!-- Begin Video.js -->\r\n\t<video id=\"example_video_id_658757896\" class=\"video-js vjs-default-skin embed-responsive embed-responsive-16by9\" width=\"1600\" height=\"900\" controls preload=\"none\" data-setup='{\"forceSSL\":\"true\",\"techOrder\":[\"youtube\"],\"src\":\"https:\/\/youtu.be\/xJV7K5pHup4\"}'>\r\n\t\t\r\n\t\t\r\n\t\t\r\n\t<\/video>\r\n\t<!-- End Video.js -->\r\n\r\n\t\t\t<\/div>\r\n\t\t<\/div>\r\n\t\t<!-- End Video.js Responsive Wrapper -->\r\n\t\t<\/div>        <div class=\"clearfix ul-element-text \">\n            \n<p><\/p>\n        <\/div>\n        <\/div>        <\/div>\n                <div class=\"col-sm-6 \">\n                    <div class=\"ul-element-image \">\n            <a href=\"https:\/\/www.unilim.fr\/culture\/wp-content\/uploads\/sites\/17\/2021\/03\/MV5BNTQzMzYzMTkzOF5BMl5BanBnXkFtZTcwMjUwNTgxOA@@._V1_.jpg\" target=\"\"  rel=\"lightbox\">\n                <img decoding=\"async\" class=\"img-responsive\" src=\"https:\/\/www.unilim.fr\/culture\/wp-content\/uploads\/sites\/17\/2021\/03\/MV5BNTQzMzYzMTkzOF5BMl5BanBnXkFtZTcwMjUwNTgxOA@@._V1_.jpg\"\/>\n            <\/a>\n        <\/div>\n                <div class=\"clearfix ul-element-text \">\n            \n<p>Cr\u00e9dit Getty Images<\/p>\n<p><\/p>\n        <\/div>\n                <\/div>\n        <\/div>\n            <\/div>\n                  <\/div>\n        \n","protected":false},"excerpt":{"rendered":"","protected":false},"author":51,"featured_media":0,"parent":0,"menu_order":0,"comment_status":"closed","ping_status":"closed","template":"page-le.php","meta":{"footnotes":""},"class_list":["post-5845","page","type-page","status-publish","hentry"],"_links":{"self":[{"href":"https:\/\/www.unilim.fr\/culture\/wp-json\/wp\/v2\/pages\/5845","targetHints":{"allow":["GET"]}}],"collection":[{"href":"https:\/\/www.unilim.fr\/culture\/wp-json\/wp\/v2\/pages"}],"about":[{"href":"https:\/\/www.unilim.fr\/culture\/wp-json\/wp\/v2\/types\/page"}],"author":[{"embeddable":true,"href":"https:\/\/www.unilim.fr\/culture\/wp-json\/wp\/v2\/users\/51"}],"replies":[{"embeddable":true,"href":"https:\/\/www.unilim.fr\/culture\/wp-json\/wp\/v2\/comments?post=5845"}],"version-history":[{"count":0,"href":"https:\/\/www.unilim.fr\/culture\/wp-json\/wp\/v2\/pages\/5845\/revisions"}],"wp:attachment":[{"href":"https:\/\/www.unilim.fr\/culture\/wp-json\/wp\/v2\/media?parent=5845"}],"curies":[{"name":"wp","href":"https:\/\/api.w.org\/{rel}","templated":true}]}}