{"id":5843,"date":"2021-05-05T22:00:00","date_gmt":"2021-04-20T21:22:15","guid":{"rendered":"http:\/\/www.unilim.fr\/culture\/?page_id=5843"},"modified":"2021-05-09T15:42:43","modified_gmt":"2021-05-09T13:42:43","slug":"danse","status":"publish","type":"page","link":"https:\/\/www.unilim.fr\/culture\/danse\/","title":{"rendered":"DANSE"},"content":{"rendered":"        <div class=\"container-fluid bg-gray-dark \" style=\"\">\n                      <div class=\"container\">\n                <div class=\"row \" style=\"margin-top: 30px;margin-bottom: 30px\">        <div class=\"col-sm-6 \">\n            <div style=\"padding:10px 30px;\" class=\"bg-success\">\n        \n        <div class=\"ul-element-header text-center  \">\n\n            <h2 class=\"ul-bold  bg-gray-dark\" style=\"padding:10px;\">\n                                L' ECHAPPEE                <span><br\/><\/span><small> Danse contemporaine<\/small>            <\/h2>\n        <\/div>\n                <div class=\"clearfix ul-element-text \">\n            \n<p style=\"text-align: justify\" data-mce-style=\"text-align: justify;\">Chapelle de la visitation&nbsp;<\/p>\n<p style=\"text-align: justify\" data-mce-style=\"text-align: justify;\">\u00ab&nbsp;L\u2019\u00e9chapp\u00e9e&nbsp;\u00bb<\/p>\n<p style=\"text-align: justify\" data-mce-style=\"text-align: justify;\">Le groupe de danse contemporaine, form\u00e9 en octobre dans le cadre des ateliers de pratiques culturelles de l\u2019Universit\u00e9, s\u2019est rencontr\u00e9 \u00e0 peine 3 fois en pr\u00e9sentiel\u2026Pour \u00ab&nbsp;de vrai&nbsp;\u00bb.<\/p>\n<p style=\"text-align: justify\" data-mce-style=\"text-align: justify;\">Ce que nous vous proposons ici est le fruit du travail en visio r\u00e9alis\u00e9 chaque semaine depuis l\u2019ouverture de l\u2019atelier.<\/p>\n<p style=\"text-align: justify\" data-mce-style=\"text-align: justify;\">Ces rencontres ont cr\u00e9\u00e9 des liens, malgr\u00e9 tout, malgr\u00e9 l\u2019absence de contact r\u00e9el, l\u2019absence de corps r\u00e9els, malgr\u00e9, et gr\u00e2ce \u00e0 cela d\u2019ailleurs, le groupe s\u2019est solidaris\u00e9. Chacun, de son salon, de sa chambre, de sa salle \u00e0 manger, de son hall d\u2019entr\u00e9e, a rencontr\u00e9 l\u2019autre, ses contraintes, ses facilit\u00e9s, ses difficult\u00e9s, ses envies.<\/p>\n<p style=\"text-align: justify\" data-mce-style=\"text-align: justify;\">Il a fallu inventer, cr\u00e9er, imaginer\u2026<\/p>\n<p style=\"text-align: justify\" data-mce-style=\"text-align: justify;\">Pas d\u2019espace commun, pas de vision \u00ab&nbsp;en vrai&nbsp;\u00bb, pas de travail ni de r\u00e9p\u00e9tition ensemble\u2026<\/p>\n<p style=\"text-align: justify\" data-mce-style=\"text-align: justify;\">Et pourtant ensemble, chacun apportant son envie, son langage, sa gestuelle, nous avons compos\u00e9\u2026une courte \u00e9chapp\u00e9e.<\/p>\n<p style=\"text-align: justify\" data-mce-style=\"text-align: justify;\">Sur le morceau du groupe AIR, Universal Traveler, nous avons voyag\u00e9 avec les moyens du bord\u2026&nbsp;et nous avons invit\u00e9 le Quartier de Yann Tiersen \u00e0 partager la route.<\/p>\n<p style=\"text-align: justify\" data-mce-style=\"text-align: justify;\">La 1\u00e8re partie de cette chor\u00e9graphie est en fait la derni\u00e8re compos\u00e9e de notre \u00e9chapp\u00e9e&#8230;fort belle !<\/p>\n<p style=\"text-align: justify\" data-mce-style=\"text-align: justify;\">Val\u00e9rie Aiello, Directrice Atelier Danse Contemporaine.<\/p>\n<p style=\"text-align: justify\" data-mce-style=\"text-align: justify;\">En partenariat avec le Conseil D\u00e9partemental.<\/p>\n<p><\/p>\n        <\/div>\n        <\/div>        <\/div>\n                <div class=\"col-sm-6 \">\n                    <div class=\"ul-element-image \">\n            <a href=\"https:\/\/www.unilim.fr\/culture\/wp-content\/uploads\/sites\/17\/2021\/05\/rec-1-scaled.jpg\" target=\"\"  rel=\"lightbox\">\n                <img decoding=\"async\" class=\"img-responsive\" src=\"https:\/\/www.unilim.fr\/culture\/wp-content\/uploads\/sites\/17\/2021\/05\/rec-1-scaled.jpg\"\/>\n            <\/a>\n        <\/div>\n                <div  class=\"embed-responsive embed-responsive-16by9 \" id=\"object465\">\n            <iframe id=\"iframe-object465\" class=\"embed-responsive-item\" src=\"https:\/\/mediaserver.unilim.fr\/permalink\/v1261a037b60ag80772e\/iframe\/\" allowfullscreen=\"true\" webkitallowfullscreen=\"true\" mozallowfullscreen=\"true\" frameborder=\"0\" style=\"border:0;\"><\/iframe>\n        <\/div>\n                <\/div>\n        <\/div>\n            <\/div>\n                  <\/div>\n                <div class=\"container-fluid bg-success \" style=\"\">\n                      <div class=\"container\">\n                <div class=\"row \" style=\"margin-top: 30px;margin-bottom: 30px\">        <div class=\"col-sm-6 \">\n            <div style=\"padding:10px 30px;\" class=\"bg-gray-dark\">\n        \n        <div class=\"ul-element-header text-center  \">\n\n            <h2 class=\"ul-bold  bg-success\" style=\"padding:10px;\">\n                                HIP HOP                            <\/h2>\n        <\/div>\n                <div class=\"clearfix ul-element-text \">\n            \n<p style=\"text-align: justify\" data-mce-style=\"text-align: justify;\">Kiosque du parc de la Guierle de Brive la Gaillarde.<\/p>\n<p style=\"text-align: justify\" data-mce-style=\"text-align: justify;\">A d\u00e9couvrir en ligne.<\/p>\n<p style=\"text-align: justify\" data-mce-style=\"text-align: justify;\">Restitution de l\u2019atelier hip hop de Brive dirig\u00e9 par Marie Launai de la Compagnie Herv\u00e9 Koubi.<\/p>\n<p style=\"text-align: justify\" data-mce-style=\"text-align: justify;\">D\u00e9couverte de la danse hip-hop\/d\u00e9couverte de l\u2019histoire de la danse et de la danse hip-hop, du street dance, \u00e0 travers les courants tels que le locking, le popping, le Break Dance et la House.<\/p>\n<p style=\"text-align: justify\" data-mce-style=\"text-align: justify;\">Approche de la gestuelle et aussi approche de l\u2019\u00e9criture chor\u00e9graphique et initiation \u00e0 la chor\u00e9graphie.<\/p>\n<p style=\"text-align: justify\" data-mce-style=\"text-align: justify;\">Pour les participants, il s\u2019agit aussi d\u2019approcher la d\u00e9marche de cr\u00e9ation chor\u00e9graphique avec les notions d\u2019espace, d\u2019ensemble, de musicalit\u00e9 inh\u00e9rentes \u00e0 un processus de cr\u00e9ation.<\/p>\n<p style=\"text-align: justify\" data-mce-style=\"text-align: justify;\">\u00ab&nbsp;La d\u00e9tresse \u00e9tudiante. Un sujet qui compte \u00e9norm\u00e9ment pour les \u00e9l\u00e8ves de l&rsquo;atelier Hip hop. Nous avons cr\u00e9\u00e9 une danse, \u00e0 notre mani\u00e8re, autour de ce sujet. Une mani\u00e8re de s&rsquo;exprimer sur l&rsquo;isolement et l&rsquo;espoir de continuer \u00e0 croire avec une r\u00e9trospection primordiale. &nbsp; &nbsp;<\/p>\n        <\/div>\n        <\/div>        <\/div>\n                <div class=\"col-sm-6 \">\n                    <div class=\"ul-element-image \">\n            <a href=\"https:\/\/www.unilim.fr\/culture\/wp-content\/uploads\/sites\/17\/2016\/11\/Diapositive2-8.jpg\" target=\"\"  rel=\"lightbox\">\n                <img decoding=\"async\" class=\"img-responsive\" src=\"https:\/\/www.unilim.fr\/culture\/wp-content\/uploads\/sites\/17\/2016\/11\/Diapositive2-8.jpg\"\/>\n            <\/a>\n        <\/div>\n                <div class=\"clearfix ul-element-text \">\n            \n<p><\/p>\n        <\/div>\n        <div class=\"ul-element-videojs \">\t\t\r\n\t\t<!-- Begin Video.js Responsive Wrapper -->\r\n\t\t<div style='max-width:1600px'>\r\n\t\t\t<div class='video-wrapper' style='padding-bottom:56.25%;'>\r\n\t\t\t\t\r\n\t<!-- Begin Video.js -->\r\n\t<video id=\"example_video_id_705989166\" class=\"video-js vjs-default-skin embed-responsive embed-responsive-16by9\" width=\"1600\" height=\"900\" controls preload=\"none\" data-setup='{\"forceSSL\":\"true\",\"techOrder\":[\"youtube\"],\"src\":\"https:\/\/youtu.be\/4_GoFwDM1rs\"}'>\r\n\t\t\r\n\t\t\r\n\t\t\r\n\t<\/video>\r\n\t<!-- End Video.js -->\r\n\r\n\t\t\t<\/div>\r\n\t\t<\/div>\r\n\t\t<!-- End Video.js Responsive Wrapper -->\r\n\t\t<\/div>        <\/div>\n        <\/div>\n            <\/div>\n                  <\/div>\n        \n","protected":false},"excerpt":{"rendered":"","protected":false},"author":51,"featured_media":0,"parent":0,"menu_order":0,"comment_status":"closed","ping_status":"closed","template":"page-le.php","meta":{"footnotes":""},"class_list":["post-5843","page","type-page","status-publish","hentry"],"_links":{"self":[{"href":"https:\/\/www.unilim.fr\/culture\/wp-json\/wp\/v2\/pages\/5843","targetHints":{"allow":["GET"]}}],"collection":[{"href":"https:\/\/www.unilim.fr\/culture\/wp-json\/wp\/v2\/pages"}],"about":[{"href":"https:\/\/www.unilim.fr\/culture\/wp-json\/wp\/v2\/types\/page"}],"author":[{"embeddable":true,"href":"https:\/\/www.unilim.fr\/culture\/wp-json\/wp\/v2\/users\/51"}],"replies":[{"embeddable":true,"href":"https:\/\/www.unilim.fr\/culture\/wp-json\/wp\/v2\/comments?post=5843"}],"version-history":[{"count":0,"href":"https:\/\/www.unilim.fr\/culture\/wp-json\/wp\/v2\/pages\/5843\/revisions"}],"wp:attachment":[{"href":"https:\/\/www.unilim.fr\/culture\/wp-json\/wp\/v2\/media?parent=5843"}],"curies":[{"name":"wp","href":"https:\/\/api.w.org\/{rel}","templated":true}]}}