{"id":5841,"date":"2021-05-08T22:00:00","date_gmt":"2021-04-20T21:09:23","guid":{"rendered":"http:\/\/www.unilim.fr\/culture\/?page_id=5841"},"modified":"2021-05-09T17:28:37","modified_gmt":"2021-05-09T15:28:37","slug":"culture-ouverte-sur-le-monde","status":"publish","type":"page","link":"https:\/\/www.unilim.fr\/culture\/culture-ouverte-sur-le-monde\/","title":{"rendered":"CULTURE OUVERTE SUR LE MONDE"},"content":{"rendered":"        <div class=\"container-fluid bg-gray-lighter \" style=\"\">\n                      <div class=\"container\">\n                <div class=\"row \" style=\"margin-top: 30px;margin-bottom: 30px\">        <div class=\"col-sm-6 \">\n            <div style=\"padding:10px 30px;\" class=\"bg-warning\">\n        \n        <div class=\"ul-element-header text-center  \">\n\n            <h2 class=\"ul-bold  bg-gray-lighter\" style=\"padding:10px;\">\n                                DANSE AFRICAINE                            <\/h2>\n        <\/div>\n                <div class=\"clearfix ul-element-text \">\n            \n<p style=\"text-align: justify\" data-mce-style=\"text-align: justify;\">Danse africaine<\/p>\n<p style=\"text-align: justify\" data-mce-style=\"text-align: justify;\">&nbsp;\u00ab&nbsp;QUAND LES CORPS BOUGENT, LE MONDE BOUGE&nbsp;\u00bb&nbsp;<\/p>\n<p style=\"text-align: justify\" data-mce-style=\"text-align: justify;\">Restitution sous la forme de performance film\u00e9e de l\u2019atelier des danses li\u00e9es aux traditions de certains peuples du continent africain.<\/p>\n<p style=\"text-align: justify\" data-mce-style=\"text-align: justify;\">Atelier anim\u00e9 par Yvon NANA KOUALA, auteur du concept PeMa* et de la m\u00e9thode de transmission p\u00e9dagogique Z\u00fc*, qui facilite le vivre ensemble dans un groupe de personne \u00e9voluant dans un espace donn\u00e9\u2026<\/p>\n<p style=\"text-align: justify\" data-mce-style=\"text-align: justify;\">La restitution de cet atelier de danse donne \u00e0 voir l\u2019approche que certains peuples du continent africain ont sur les expressions du corps \u00e0 travers les danses li\u00e9es aux cultures traditionnelles&nbsp;; ce corps, au centre de nos liens avec les autres et par lequel passent nos \u00e9motions visibles&nbsp;: joie, tristesse, bonheur, col\u00e8re\u2026&nbsp;<\/p>\n<p style=\"text-align: justify\" data-mce-style=\"text-align: justify;\">Comprendre, par la danse, l\u2019impact direct de ces \u00e9motions sur notre comportement dans la soci\u00e9t\u00e9 et nos rapports aux autres, est un enjeu indispensable pour g\u00e9rer les situations de la vie quotidienne. Un travail qui encourage le comportement actif et non passif, la confiance en soi, la coh\u00e9sion sociale, l\u2019\u00e9veil corporel, la cr\u00e9ativit\u00e9, le bien \u00eatre mental et psychologique pour se r\u00e9aliser autrement&nbsp;! Se plonger dans ces danses dites traditionnelles, c\u2019est s\u2019initier \u00e0 la compr\u00e9hension du syst\u00e8me organis\u00e9 qui r\u00e9git les savoirs scientifiques.<\/p>\n<p style=\"text-align: justify\" data-mce-style=\"text-align: justify;\">\u00ab&nbsp;Danser, c\u2019est souligner la vie&nbsp;\u00bb.<\/p>\n<p style=\"text-align: justify\" data-mce-style=\"text-align: justify;\">*PeMa&nbsp;: Pens\u00e9e Mat\u00e9rialis\u00e9e\/ respiration ou souffle en langues kituba et lingala, c\u2019est un concept qui efface les fronti\u00e8res entre les arts&nbsp;: la peinture, la musique, le chant, le th\u00e9\u00e2tre, le conte, l\u2019humour, l\u2019\u00e9criture, la sculpture, le dessin\u2026 pour les utiliser comme des cl\u00e9s dans une bo\u00eete \u00e0 outils au service de la pens\u00e9e consciencieuse \u00e0 mat\u00e9rialiser.<\/p>\n<p style=\"text-align: justify\" data-mce-style=\"text-align: justify;\">*Z\u00fc&nbsp;: C\u2019est une m\u00e9thode de transmission p\u00e9dagogique des connaissances li\u00e9es aux pratiques artistiques, bas\u00e9e sur la compr\u00e9hension des \u00e9nergies kento et bakala\u2026<\/p>\n        <\/div>\n        <\/div>        <\/div>\n                <div class=\"col-sm-6 \">\n                    <div class=\"ul-element-image \">\n            <a href=\"https:\/\/www.unilim.fr\/culture\/wp-content\/uploads\/sites\/17\/2021\/04\/7ee2cab855f54a4fb6453f90d3260f42.base_.image_.jpg\" target=\"\"  rel=\"lightbox\">\n                <img decoding=\"async\" class=\"img-responsive\" src=\"https:\/\/www.unilim.fr\/culture\/wp-content\/uploads\/sites\/17\/2021\/04\/7ee2cab855f54a4fb6453f90d3260f42.base_.image_.jpg\"\/>\n            <\/a>\n        <\/div>\n                <div class=\"clearfix ul-element-text \">\n            \n<p>Cr\u00e9dit Gilles Amadou Kon\u00e9 \/ Zatiesart<\/p>\n<p><\/p>\n        <\/div>\n        <div class=\"ul-element-videojs \">\t\t\r\n\t\t<!-- Begin Video.js Responsive Wrapper -->\r\n\t\t<div style='max-width:1600px'>\r\n\t\t\t<div class='video-wrapper' style='padding-bottom:56.25%;'>\r\n\t\t\t\t\r\n\t<!-- Begin Video.js -->\r\n\t<video id=\"example_video_id_1674930603\" class=\"video-js vjs-default-skin embed-responsive embed-responsive-16by9\" width=\"1600\" height=\"900\" controls preload=\"none\" data-setup='{\"forceSSL\":\"true\",\"techOrder\":[\"youtube\"],\"src\":\"https:\/\/youtu.be\/-b4NMGAwtN8\"}'>\r\n\t\t\r\n\t\t\r\n\t\t\r\n\t<\/video>\r\n\t<!-- End Video.js -->\r\n\r\n\t\t\t<\/div>\r\n\t\t<\/div>\r\n\t\t<!-- End Video.js Responsive Wrapper -->\r\n\t\t<\/div>        <div class=\"clearfix ul-element-text \">\n            \n<p><\/p>\n        <\/div>\n        <div class=\"ul-element-videojs \">\t\t\r\n\t\t<!-- Begin Video.js Responsive Wrapper -->\r\n\t\t<div style='max-width:1600px'>\r\n\t\t\t<div class='video-wrapper' style='padding-bottom:56.25%;'>\r\n\t\t\t\t\r\n\t<!-- Begin Video.js -->\r\n\t<video id=\"example_video_id_1196525222\" class=\"video-js vjs-default-skin embed-responsive embed-responsive-16by9\" width=\"1600\" height=\"900\" controls preload=\"none\" data-setup='{\"forceSSL\":\"true\",\"techOrder\":[\"youtube\"],\"src\":\"https:\/\/youtu.be\/VrJeEB-XJtU\"}'>\r\n\t\t\r\n\t\t\r\n\t\t\r\n\t<\/video>\r\n\t<!-- End Video.js -->\r\n\r\n\t\t\t<\/div>\r\n\t\t<\/div>\r\n\t\t<!-- End Video.js Responsive Wrapper -->\r\n\t\t<\/div>        <\/div>\n        <\/div>\n            <\/div>\n                  <\/div>\n                <div class=\"container-fluid bg-warning \" style=\"\">\n                      <div class=\"container\">\n                <div class=\"row \" style=\"margin-top: 30px;margin-bottom: 30px\">        <div class=\"col-sm-6 \">\n            <div style=\"padding:10px 30px;\" class=\"bg-gray-lighter\">\n        \n        <div class=\"ul-element-header text-center  \">\n\n            <h2 class=\"ul-bold  bg-warning\" style=\"padding:10px;\">\n                                PERCUSSION URUGUAYENNE                <span><br\/><\/span><small> Lundi 17 Mai 2021 16h30<\/small>            <\/h2>\n        <\/div>\n                <div class=\"clearfix ul-element-text \">\n            \n<p style=\"text-align: justify\" data-mce-style=\"text-align: justify;\">A&nbsp;l\u2019occasion de la rencontre avec Julie Gayet Lundi 17 mai 2021 \u00e0 16h30 Campus des Jacobins.<\/p>\n<p style=\"text-align: justify\" data-mce-style=\"text-align: justify;\">Restitution de l\u2019atelier Candombe dirig\u00e9 par Vicente P\u00e9rez.<\/p>\n<p style=\"text-align: justify\" data-mce-style=\"text-align: justify;\">Celle-ci se fera sous la forme d\u2019une d\u00e9monstration en ext\u00e9rieur lors de la venue de Julie Gayet<\/p>\n<p style=\"text-align: justify\" data-mce-style=\"text-align: justify;\">\u00ab\u00a0Le Candombe d\u00e9signe une expression culturelle populaire uruguayenne. Il na\u00eet durant la deuxi\u00e8me moiti\u00e9 du XVIIIe si\u00e8cle avec l&rsquo;arriv\u00e9e d&rsquo;esclaves africains \u00e0 Montevideo, plaque tournante du trafic n\u00e9grier de l&rsquo;Am\u00e9rique espagnole.<\/p>\n<p style=\"text-align: justify\" data-mce-style=\"text-align: justify;\">Dans la ville, ces d\u00e9racin\u00e9s originaires de diverses contr\u00e9es d&rsquo;Afrique se retrouvaient dans des \u00ab\u00a0Salles des Nations\u00a0\u00bb, des espaces d&rsquo;entraide et de coop\u00e9ration o\u00f9 ils se r\u00e9unissaient en fonction de leurs ethnies d&rsquo;origines, de leurs langues et de leurs croyances.<\/p>\n<p style=\"text-align: justify\" data-mce-style=\"text-align: justify;\">C&rsquo;est dans le syncr\u00e9tisme de ces Salles des Nations que le Candombe moderne puise ses origines.<\/p>\n<p style=\"text-align: justify\" data-mce-style=\"text-align: justify;\">Tout \u00e0 la fois, danse, musique et folklore, il est avant tout un rythme particulier. Jou\u00e9 sur les instruments de fortune que se fabriquaient ces esclaves \u00e0 partir de barriques et de tonneaux, c&rsquo;est une percussion complexe, une v\u00e9ritable langue rythmique qui fait dialoguer entre eux trois types de tambours&nbsp;: le chico, le repique et le piano, qui ont chacun leur r\u00f4le pr\u00e9cis.<\/p>\n<p style=\"text-align: justify\" data-mce-style=\"text-align: justify;\">Aujourd\u2019hui, le Candombe occupe une place majeure dans le panorama culturel uruguayen. Si son point culminant est le Carnaval de Montevideo au mois de f\u00e9vrier, il n\u2019est pas moins pr\u00e9sent tout le reste de l\u2019ann\u00e9e dans les rues de la ville o\u00f9 des groupes allant de trois \u00e0 plusieurs dizaines de joueurs font vibrer, semaine apr\u00e8s semaine, les cuirs de leurs tambours.<\/p>\n<p style=\"text-align: justify\" data-mce-style=\"text-align: justify;\">L&rsquo;atelier de Candombe propos\u00e9 par l&rsquo;Universit\u00e9 de Limoges est anim\u00e9 par Vicente P\u00e9rez Senci\u00f3n.<\/p>\n<p style=\"text-align: justify\" data-mce-style=\"text-align: justify;\">Percussionniste, n\u00e9 \u00e0 Montevideo, il a fait partie de plusieurs groupes de Candombe et particip\u00e9 \u00e0 de nombreuses reprises aux d\u00e9fil\u00e9s du Carnaval uruguayen. Les premi\u00e8res s\u00e9ances ont \u00e9t\u00e9 consacr\u00e9es \u00e0 la r\u00e9alisation d&rsquo;exercices rythmiques puis \u00e0 l&rsquo;apprentissage du jeu des diff\u00e9rents tambours typiques du Candombe\u00a0\u00bb.<\/p>\n<p>&nbsp;<\/p>\n        <\/div>\n        <\/div>        <\/div>\n                <div class=\"col-sm-6 \">\n                    <div class=\"ul-element-image \">\n            <a href=\"https:\/\/www.unilim.fr\/culture\/wp-content\/uploads\/sites\/17\/2021\/05\/istockphoto-532393953-612x612-1.jpg\" target=\"\"  rel=\"lightbox\">\n                <img decoding=\"async\" class=\"img-responsive\" src=\"https:\/\/www.unilim.fr\/culture\/wp-content\/uploads\/sites\/17\/2021\/05\/istockphoto-532393953-612x612-1.jpg\"\/>\n            <\/a>\n        <\/div>\n        <div class=\"ul-element-videojs \">\t\t\r\n\t\t<!-- Begin Video.js Responsive Wrapper -->\r\n\t\t<div style='max-width:1600px'>\r\n\t\t\t<div class='video-wrapper' style='padding-bottom:56.25%;'>\r\n\t\t\t\t\r\n\t<!-- Begin Video.js -->\r\n\t<video id=\"example_video_id_42206798\" class=\"video-js vjs-default-skin embed-responsive embed-responsive-16by9\" width=\"1600\" height=\"900\" controls preload=\"none\" data-setup='{\"forceSSL\":\"true\",\"techOrder\":[\"youtube\"],\"src\":\"https:\/\/youtu.be\/Ga4UKjy9N08\"}'>\r\n\t\t\r\n\t\t\r\n\t\t\r\n\t<\/video>\r\n\t<!-- End Video.js -->\r\n\r\n\t\t\t<\/div>\r\n\t\t<\/div>\r\n\t\t<!-- End Video.js Responsive Wrapper -->\r\n\t\t<\/div>        <\/div>\n        <\/div>\n            <\/div>\n                  <\/div>\n                <div class=\"container-fluid bg-gray-lighter \" style=\"\">\n                      <div class=\"container\">\n                <div class=\"row \" style=\"margin-top: 30px;margin-bottom: 30px\">        <div class=\"col-sm-6 \">\n            <div style=\"padding:10px 30px;\" class=\"bg-warning\">\n        \n        <div class=\"ul-element-header text-center  \">\n\n            <h2 class=\"ul-bold  bg-gray-lighter\" style=\"padding:10px;\">\n                                THE WORLD IN FACES                            <\/h2>\n        <\/div>\n                <div class=\"clearfix ul-element-text \">\n            \n<p style=\"text-align: justify\" data-mce-style=\"text-align: justify;\">Pr\u00e9sentation des photos qui seront expos\u00e9es sur un campus en sept\/oct au moment de la rentr\u00e9e universitaire.<\/p>\n<p style=\"text-align: justify\" data-mce-style=\"text-align: justify;\">Documentaire \u00e0 d\u00e9couvrir en ligne.<\/p>\n<p style=\"text-align: justify\" data-mce-style=\"text-align: justify;\">Alexander Khimushin a grandi en Yakoutie (Sib\u00e9rie) dans l\u2019endroit le plus froid du globe. En qu\u00eate d\u2019aventures, il se met \u00e0 voyager sans but pr\u00e9cis, son appareil photo en poche. Ses pas le m\u00e8nent hors des sentiers battus, dans 84 pays diff\u00e9rents o\u00f9 il rencontre des hommes et des femmes qui ont r\u00e9ussi \u00e0 pr\u00e9server leur culture et leur mode de vie traditionnel, en d\u00e9pit des standards de modernisation, de la mondialisation, de la consommation \u00e0 outrance, des guerres, du racisme, des changements climatiques. Prenant conscience de l\u2019imminence de la disparition de ces minorit\u00e9s, il a voulu, au moyen de ses photos, t\u00e9moigner, porter la parole de ces peuples pour sensibiliser le plus grand nombre \u00e0 plus de tol\u00e9rance.<\/p>\n<p style=\"text-align: justify\" data-mce-style=\"text-align: justify;\">Il a \u00e9t\u00e9 invit\u00e9 par l&rsquo;Organisation des Nations Unies pour exposer ses photos en comm\u00e9moration du 70\u00e8me anniversaire de la D\u00e9claration Universelle des Droits de l&rsquo;Homme.<\/p>\n<p style=\"text-align: justify\" data-mce-style=\"text-align: justify;\">\u00ab Ce projet est le r\u00e9sultat de ma transformation interne, un passage du consum\u00e9risme du voyage au retour \u00e0 la communaut\u00e9, pour rendre le monde meilleur (\u2026) Beaucoup de minorit\u00e9s pourraient ne plus exister dans quelques d\u00e9cennies. Je consid\u00e8re ce projet comme une mission importante qui peut avoir un impact social \u00bb<\/p>\n        <\/div>\n        <\/div>        <\/div>\n                <div class=\"col-sm-6 \">\n                    <div class=\"ul-element-image \">\n            <a href=\"https:\/\/www.unilim.fr\/culture\/wp-content\/uploads\/sites\/17\/2021\/04\/AltanArt_Khimushin1a-1-scaled.jpg\" target=\"\"  rel=\"lightbox\">\n                <img decoding=\"async\" class=\"img-responsive\" src=\"https:\/\/www.unilim.fr\/culture\/wp-content\/uploads\/sites\/17\/2021\/04\/AltanArt_Khimushin1a-1-scaled.jpg\"\/>\n            <\/a>\n        <\/div>\n                <div class=\"clearfix ul-element-text \">\n            \n<p><\/p>\n        <\/div>\n        <div class=\"ul-element-videojs \">\t\t\r\n\t\t<!-- Begin Video.js Responsive Wrapper -->\r\n\t\t<div style='max-width:1600px'>\r\n\t\t\t<div class='video-wrapper' style='padding-bottom:56.25%;'>\r\n\t\t\t\t\r\n\t<!-- Begin Video.js -->\r\n\t<video id=\"example_video_id_221496460\" class=\"video-js vjs-default-skin embed-responsive embed-responsive-16by9\" width=\"1600\" height=\"900\" controls preload=\"none\" data-setup='{\"forceSSL\":\"true\",\"techOrder\":[\"youtube\"],\"src\":\"https:\/\/youtu.be\/7Ieq7Pe2vOY\"}'>\r\n\t\t\r\n\t\t\r\n\t\t\r\n\t<\/video>\r\n\t<!-- End Video.js -->\r\n\r\n\t\t\t<\/div>\r\n\t\t<\/div>\r\n\t\t<!-- End Video.js Responsive Wrapper -->\r\n\t\t<\/div>        <\/div>\n        <\/div>\n            <\/div>\n                  <\/div>\n        \n","protected":false},"excerpt":{"rendered":"","protected":false},"author":51,"featured_media":0,"parent":0,"menu_order":0,"comment_status":"closed","ping_status":"closed","template":"page-le.php","meta":{"footnotes":""},"class_list":["post-5841","page","type-page","status-publish","hentry"],"_links":{"self":[{"href":"https:\/\/www.unilim.fr\/culture\/wp-json\/wp\/v2\/pages\/5841","targetHints":{"allow":["GET"]}}],"collection":[{"href":"https:\/\/www.unilim.fr\/culture\/wp-json\/wp\/v2\/pages"}],"about":[{"href":"https:\/\/www.unilim.fr\/culture\/wp-json\/wp\/v2\/types\/page"}],"author":[{"embeddable":true,"href":"https:\/\/www.unilim.fr\/culture\/wp-json\/wp\/v2\/users\/51"}],"replies":[{"embeddable":true,"href":"https:\/\/www.unilim.fr\/culture\/wp-json\/wp\/v2\/comments?post=5841"}],"version-history":[{"count":0,"href":"https:\/\/www.unilim.fr\/culture\/wp-json\/wp\/v2\/pages\/5841\/revisions"}],"wp:attachment":[{"href":"https:\/\/www.unilim.fr\/culture\/wp-json\/wp\/v2\/media?parent=5841"}],"curies":[{"name":"wp","href":"https:\/\/api.w.org\/{rel}","templated":true}]}}