{"id":5831,"date":"2021-06-06T22:00:00","date_gmt":"2021-04-20T20:27:48","guid":{"rendered":"http:\/\/www.unilim.fr\/culture\/?page_id=5831"},"modified":"2021-06-14T14:01:05","modified_gmt":"2021-06-14T12:01:05","slug":"cinema","status":"publish","type":"page","link":"https:\/\/www.unilim.fr\/culture\/cinema\/","title":{"rendered":"CINEMA"},"content":{"rendered":"        <div class=\"container-fluid bg-gray-lighter \" style=\"\">\n                      <div class=\"container\">\n                <div class=\"row \" style=\"margin-top: 30px;margin-bottom: 30px\">        <div class=\"col-sm-6 \">\n            \n        \n        <div class=\"ul-element-header text-center  \">\n\n            <h2 class=\"ul-bold  \" style=\"\">\n                                RENCONTRE AVEC JULIE GAYET                <span><br\/><\/span><small> Documentaire Football f\u00e9minin Vendredi 28  Mai 2021 16h30<\/small>            <\/h2>\n        <\/div>\n                <div class=\"clearfix ul-element-text \">\n            \n<p style=\"text-align: justify\" data-mce-style=\"text-align: justify;\">Campus des jacobins, Salle de cin\u00e9ma (A re-d\u00e9couvrir en ligne \u00e9galement)<\/p>\n<p style=\"text-align: justify\" data-mce-style=\"text-align: justify;\">En partenariat avec le Suaps et le Staps de l\u2019Universit\u00e9.<\/p>\n<p style=\"text-align: justify\" data-mce-style=\"text-align: justify;\">Pour participer inscrivez-vous par mail \u00e0 :&nbsp;serviceculturel@unilim.fr&nbsp; (Jauge limit\u00e9e)<\/p>\n<p style=\"text-align: justify\" data-mce-style=\"text-align: justify;\">Ouvert aux \u00e9tudiants et personnels.&nbsp;&nbsp;<\/p>\n<p style=\"text-align: justify\" data-mce-style=\"text-align: justify;\"> Julie Gayet invit\u00e9e d\u2019honneur, nous pr\u00e9sentera son documentaire sur le football f\u00e9minin \u00ab&nbsp;Les joueuses&nbsp;\u00bb.<\/p>\n<p> Un temps d\u2019\u00e9change avec Julie Gayet et les \u00e9tudiants sera organis\u00e9 \u00e0 la fin de la diffusion.<\/p>\n<p style=\"text-align: justify\" data-mce-style=\"text-align: justify;\">Football, les joueuses de l\u2019Olympique lyonnais mises \u00e0 l\u2019honneur dans un documentaire produit par Julie Gayet. Elle revient sur l\u2019incroyable saison 2018-2019 de l\u2019\u00e9quipe f\u00e9minine de l\u2019Olympique lyonnais.<\/p>\n<p style=\"text-align: justify\" data-mce-style=\"text-align: justify;\">\u00ab\u00a0Elles sont rentr\u00e9es dans l\u2019histoire du foot. Pas l\u2019histoire du foot f\u00e9minin, l\u2019histoire du foot. Elles sont devenues des l\u00e9gendes\u00a0\u00bb : Julie Gayet ne m\u00e2che pas ses mots au moment d\u2019\u00e9voquer les joueuses de l\u2019Olympique lyonnais. L\u2019actrice endosse cette fois le r\u00f4le de productrice du&nbsp;documentaire \u00ab\u00a0Les joueuses\u00a0\u00bb&nbsp;r\u00e9alis\u00e9 par St\u00e9phanie Gillard. Ce film met en avant la grande saison 2018-2019 r\u00e9alis\u00e9e par cette \u00e9quipe, qui a remport\u00e9 la coupe d\u2019Europe et le championnat national.<\/p>\n<p style=\"text-align: justify\" data-mce-style=\"text-align: justify;\">Valoriser le football f\u00e9minin<br \/>\u00c0 Lyon (Rh\u00f4ne), ce sont les plus grandes joueuses au monde qui \u00e9voluent dans ce club aux nombreux succ\u00e8s. Si elles dominent leur sport, ces sportives manquent parfois de reconnaissance, allant m\u00eame jusqu\u2019\u00e0 ne pas \u00eatre reconnues dans certaines boutiques de la ville. Elles touchent jusqu\u2019\u00e0 30 000 euros par mois, l\u00e0 o\u00f9 la star br\u00e9silienne du Paris Saint-Germain Neymar touche 100 fois plus. \u00ab\u00a0Le sport professionnel masculin, on ne se pose pas la question. Mais le sport f\u00e9minin, on pense qu\u2019il n\u2019est qu\u2019amateur, qu\u2019on ne peut pas \u00eatre professionnel. Et nous, ce qu\u2019on veut, c\u2019est \u00eatre reconnu \u00e0 notre juste valeur. On travaille au quotidien pour \u00e7a\u00a0\u00bb, confie la joueuse Eug\u00e9nie Le Sommer.<\/p>\n<p style=\"text-align: justify\" data-mce-style=\"text-align: justify;\">&nbsp;<\/p>\n<p style=\"text-align: justify\" data-mce-style=\"text-align: justify;\">https:\/\/www.francetvinfo.fr\/sports\/foot\/psg\/neymar\/football-les-joueuses-de-lolympique-lyonnais-mises-a-lhonneur-dans-un-documentaire_4100317.html<\/p>\n<p style=\"text-align: justify\" data-mce-style=\"text-align: justify;\">Julie Gayet est une&nbsp;actrice&nbsp;et&nbsp;productrice de cin\u00e9ma&nbsp;fran\u00e7aise.<\/p>\n<p style=\"text-align: justify\" data-mce-style=\"text-align: justify;\">Elle commence sa carri\u00e8re \u00e0 l&rsquo;\u00e9cran durant les ann\u00e9es 1990 et se fait notamment conna\u00eetre en interpr\u00e9tant le premier r\u00f4le f\u00e9minin dans le film&nbsp;Delphine 1, Yvan 0&nbsp;de&nbsp;Dominique Farrugia.<\/p>\n<p style=\"text-align: justify\" data-mce-style=\"text-align: justify;\">Elle se lance dans la production en 2007. Elle a notamment \u00e9t\u00e9 nomm\u00e9e une fois au&nbsp;C\u00e9sar de la meilleure actrice dans un second r\u00f4le&nbsp;pour&nbsp;Quai d&rsquo;Orsay&nbsp;en&nbsp;2014.<\/p>\n<p style=\"text-align: justify\" data-mce-style=\"text-align: justify;\">Depuis 2013, elle est la compagne de&nbsp;Fran\u00e7ois Hollande,&nbsp;pr\u00e9sident de la R\u00e9publique fran\u00e7aise&nbsp;de 2012 \u00e0 2017. N&rsquo;\u00e9tant pas consid\u00e9r\u00e9e comme \u00e9tant la&nbsp;compagne du pr\u00e9sident&nbsp;de fa\u00e7on formelle, elle n&rsquo;est pas apparue en public \u00e0 ses c\u00f4t\u00e9s de mani\u00e8re officielle pendant son mandat pr\u00e9sidentiel et n&rsquo;est donc pas consid\u00e9r\u00e9e comme une \u00ab&nbsp;premi\u00e8re dame de France&nbsp;\u00bb.<\/p>\n        <\/div>\n                <\/div>\n                <div class=\"col-sm-6 \">\n                    <div class=\"ul-element-image \">\n            <a href=\"https:\/\/www.unilim.fr\/culture\/wp-content\/uploads\/sites\/17\/2021\/05\/image-03-112.jpg\" target=\"\"  rel=\"lightbox\">\n                <img decoding=\"async\" class=\"img-responsive\" src=\"https:\/\/www.unilim.fr\/culture\/wp-content\/uploads\/sites\/17\/2021\/05\/image-03-112.jpg\"\/>\n            <\/a>\n        <\/div>\n                <div class=\"clearfix ul-element-text \">\n            \n<p>Cr\u00e9dit photo Igor Shabalin<\/p>\n        <\/div>\n        <div class=\"ul-element-videojs \">\t\t\r\n\t\t<!-- Begin Video.js Responsive Wrapper -->\r\n\t\t<div style='max-width:1600px'>\r\n\t\t\t<div class='video-wrapper' style='padding-bottom:56.25%;'>\r\n\t\t\t\t\r\n\t<!-- Begin Video.js -->\r\n\t<video id=\"example_video_id_1212722540\" class=\"video-js vjs-default-skin embed-responsive embed-responsive-16by9\" width=\"1600\" height=\"900\" controls preload=\"none\" data-setup='{\"forceSSL\":\"true\",\"techOrder\":[\"youtube\"],\"src\":\"https:\/\/www.youtube.com\/watch?v=stStiuSdwjM\"}'>\r\n\t\t\r\n\t\t\r\n\t\t\r\n\t<\/video>\r\n\t<!-- End Video.js -->\r\n\r\n\t\t\t<\/div>\r\n\t\t<\/div>\r\n\t\t<!-- End Video.js Responsive Wrapper -->\r\n\t\t<\/div>        <div class=\"\">\n            <hr\/>\n        <\/div>\n                <div class=\"ul-element-image \">\n            <a href=\"https:\/\/www.unilim.fr\/culture\/wp-content\/uploads\/sites\/17\/2021\/04\/cinema.png\" target=\"\"  rel=\"lightbox\">\n                <img decoding=\"async\" class=\"img-responsive\" src=\"https:\/\/www.unilim.fr\/culture\/wp-content\/uploads\/sites\/17\/2021\/04\/cinema.png\"\/>\n            <\/a>\n        <\/div>\n                <div class=\"clearfix ul-element-text \">\n            \n<p>Dessin Patrick Trouillas Enseignant Chercheur Facult\u00e9 de Pharmacie &nbsp;<\/p>\n        <\/div>\n                <\/div>\n        <\/div>\n            <\/div>\n                  <\/div>\n                <div class=\"container-fluid bg-gray-lighter \" style=\"\">\n                      <div class=\"container\">\n                <div class=\"row \" style=\"margin-top: 30px;margin-bottom: 30px\">        <div class=\"col-sm-6 \">\n            \n        \n        <div class=\"ul-element-header text-center  \">\n\n            <h2 class=\"ul-bold  \" style=\"\">\n                                COURTS METRAGES ETUDIANTS                <span><br\/><\/span><small> Vendredi 28 Mai 2021 \u00e0 17h<\/small>            <\/h2>\n        <\/div>\n                <div class=\"clearfix ul-element-text \">\n            \n<p style=\"text-align: justify\" data-mce-style=\"text-align: justify;\">Projection des courts m\u00e9trages r\u00e9alis\u00e9s par les \u00e9tudiants inscrits \u00e0 l\u2019atelier cin\u00e9ma sous la Direction de Tom Capron.<\/p>\n<p style=\"text-align: justify\" data-mce-style=\"text-align: justify;\">Un temps d\u2019\u00e9change sera possible apr\u00e8s la diffusion des courts m\u00e9trages.<\/p>\n<p style=\"text-align: justify\" data-mce-style=\"text-align: justify;\"><strong>Quand on \u00e9teint l&rsquo;\u00e9tincelle :<\/strong><\/p>\n<p style=\"text-align: justify\" data-mce-style=\"text-align: justify;\">De Lucas Deladonchamps, Jeanne Desmaison, Anna\u00eblle Gilliocq, Maxyme Noyelle, Maxime Verhaeghe<\/p>\n<p style=\"text-align: justify\" data-mce-style=\"text-align: justify;\">Toujours bien rang\u00e9 dans une vie que la soci\u00e9t\u00e9 lui a impos\u00e9e, l&rsquo;ali\u00e9n\u00e9e du sens commun se pose un jour devant la t\u00e9l\u00e9vision en rentrant du travail et sa vie prend un tout nouveau tournant&#8230;<\/p>\n<p style=\"text-align: justify\" data-mce-style=\"text-align: justify;\">&nbsp;<\/p>\n<p style=\"text-align: justify\" data-mce-style=\"text-align: justify;\"><strong>Lunaire :<\/strong><\/p>\n<p style=\"text-align: justify\" data-mce-style=\"text-align: justify;\">De Paul Theil, Jean Pichon, Andr\u00e9 Raynaud, Manon Thouart, Pierre Simian<\/p>\n<p style=\"text-align: justify\" data-mce-style=\"text-align: justify;\">Ulysse devrait trouver un travail. Ulysse ne devrait pas fl\u00e2ner. Sa femme est l\u00e0 pour le ramener sur terre et lui montrer le sens des responsabilit\u00e9s. Mais Ulysse ne voit pas la vie comme tout le monde&#8230;<\/p>\n<p style=\"text-align: justify\" data-mce-style=\"text-align: justify;\">&nbsp;<\/p>\n<p style=\"text-align: justify\" data-mce-style=\"text-align: justify;\"><strong>8Clos&nbsp;:<\/strong><\/p>\n<p style=\"text-align: justify\" data-mce-style=\"text-align: justify;\">De Emilie Auditeau, Esther Boerkmann, Emilie Daugeras, J\u00e9r\u00e9mie Daugeras<\/p>\n<p style=\"text-align: justify\" data-mce-style=\"text-align: justify;\">Un homme d\u00e9cide de partir \u00e0 l&rsquo;aventure, pr\u00e9pare quelques denr\u00e9es, v\u00e9rifie sa hache, termine son n\u00e9cessaire de survie en se rem\u00e9morant quelques souvenirs.<\/p>\n<p style=\"text-align: justify\" data-mce-style=\"text-align: justify;\">Il n&rsquo;aurait s\u00fbrement pas d\u00fb faire&nbsp;\u00e7a en musique&#8230;<\/p>\n<p style=\"text-align: justify\" data-mce-style=\"text-align: justify;\">&nbsp;<\/p>\n<p style=\"text-align: justify\" data-mce-style=\"text-align: justify;\">Pour r\u00e9aliser ces court-m\u00e9trage, les \u00e9tudiants de l&rsquo;atelier ont d&rsquo;abord \u00e9tudi\u00e9 l&rsquo;histoire du cin\u00e9ma, la technique, la narration et le sens de la mise en sc\u00e8ne.<\/p>\n<p style=\"text-align: justify\" data-mce-style=\"text-align: justify;\">Afin de faire travailler mes \u00e9tudiants dans le vif du sujet je leur ai donn\u00e9 chacun une contrainte&nbsp;:<\/p>\n<p style=\"text-align: justify\" data-mce-style=\"text-align: justify;\">&nbsp; &nbsp;&#8211; Le premier court-m\u00e9trage devait contenir un effet \u00ab\u00a0vertigo\u00a0\u00bb<\/p>\n<p style=\"text-align: justify\" data-mce-style=\"text-align: justify;\">&nbsp; &nbsp;&#8211; Le second court-m\u00e9trage devait inscrire un moment en \u00ab\u00a0Stop-motion\u00a0\u00bb<\/p>\n<p style=\"text-align: justify\" data-mce-style=\"text-align: justify;\">&nbsp; &nbsp;&#8211; Le troisi\u00e8me court-m\u00e9trage devait passer d&rsquo;un ratio&nbsp;4:3 \u00e0 un ratio d&rsquo;image 16:9 en justifiant ce changement par l&rsquo;histoire.<\/p>\n<p style=\"text-align: justify\" data-mce-style=\"text-align: justify;\">&nbsp;<\/p>\n<p style=\"text-align: justify\" data-mce-style=\"text-align: justify;\">Il \u00e9tait tr\u00e8s important pour moi et pour la p\u00e9dagogie avec mes \u00e9tudiants de leur faire travailler sur des formats courts d&rsquo;environ 5 minutes pour comprendre&nbsp;et saisir l&rsquo;essence d&rsquo;une histoire courte mais intelligible.&nbsp;<\/p>\n<p style=\"text-align: justify\" data-mce-style=\"text-align: justify;\">Voil\u00e0 quelques lignes sur mon parcours :<\/p>\n<p style=\"text-align: justify\" data-mce-style=\"text-align: justify;\">Passionn\u00e9 de cin\u00e9ma depuis mon premier visionnage de Titanic en 1998 avec ma grand-m\u00e8re, je ne suis depuis jamais ressorti de cette galaxie d&rsquo;\u0153uvres que repr\u00e9sente le 7\u00e8me art.<\/p>\n<p style=\"text-align: justify\" data-mce-style=\"text-align: justify;\">C&rsquo;est en d\u00e9crochant un r\u00f4le d&rsquo;acteur de compl\u00e9ment dans la s\u00e9rie \u00ab\u00a0Un village Fran\u00e7ais\u00a0\u00bb que j&rsquo;ai su ce que je voulais faire le reste de ma vie : travailler dans le cin\u00e9ma.<\/p>\n<p style=\"text-align: justify\" data-mce-style=\"text-align: justify;\">Jonglant entre le documentaire, la fiction, la publicit\u00e9 et la production, j&rsquo;ai la chance d&rsquo;accomplir un souhait : vivre de ma passion.<\/p>\n<p style=\"text-align: justify\" data-mce-style=\"text-align: justify;\">Tom Capron<\/p>\n        <\/div>\n                <\/div>\n                <div class=\"col-sm-6 \">\n                    <div class=\"ul-element-image \">\n            <a href=\"https:\/\/www.unilim.fr\/culture\/wp-content\/uploads\/sites\/17\/2021\/04\/CINEMA-scaled.jpg\" target=\"\"  rel=\"lightbox\">\n                <img decoding=\"async\" class=\"img-responsive\" src=\"https:\/\/www.unilim.fr\/culture\/wp-content\/uploads\/sites\/17\/2021\/04\/CINEMA-scaled.jpg\"\/>\n            <\/a>\n        <\/div>\n                <div class=\"\">\n            <hr\/>\n        <\/div>\n        <div class=\"ul-element-videojs \">\t\t\r\n\t\t<!-- Begin Video.js Responsive Wrapper -->\r\n\t\t<div style='max-width:1600px'>\r\n\t\t\t<div class='video-wrapper' style='padding-bottom:56.25%;'>\r\n\t\t\t\t\r\n\t<!-- Begin Video.js -->\r\n\t<video id=\"example_video_id_351802112\" class=\"video-js vjs-default-skin embed-responsive embed-responsive-16by9\" width=\"1600\" height=\"900\" controls preload=\"none\" data-setup='{\"forceSSL\":\"true\",\"techOrder\":[\"youtube\"],\"src\":\"https:\/\/www.youtube.com\/watch?v=Opzp5DtFCnE\"}'>\r\n\t\t\r\n\t\t\r\n\t\t\r\n\t<\/video>\r\n\t<!-- End Video.js -->\r\n\r\n\t\t\t<\/div>\r\n\t\t<\/div>\r\n\t\t<!-- End Video.js Responsive Wrapper -->\r\n\t\t<\/div>        <div class=\"\">\n            <hr\/>\n        <\/div>\n        <div class=\"ul-element-videojs \">\t\t\r\n\t\t<!-- Begin Video.js Responsive Wrapper -->\r\n\t\t<div style='max-width:1600px'>\r\n\t\t\t<div class='video-wrapper' style='padding-bottom:56.25%;'>\r\n\t\t\t\t\r\n\t<!-- Begin Video.js -->\r\n\t<video id=\"example_video_id_459104412\" class=\"video-js vjs-default-skin embed-responsive embed-responsive-16by9\" width=\"1600\" height=\"900\" controls preload=\"none\" data-setup='{\"forceSSL\":\"true\",\"techOrder\":[\"youtube\"],\"src\":\"https:\/\/www.youtube.com\/watch?v=rh2qfa9v9kk\"}'>\r\n\t\t\r\n\t\t\r\n\t\t\r\n\t<\/video>\r\n\t<!-- End Video.js -->\r\n\r\n\t\t\t<\/div>\r\n\t\t<\/div>\r\n\t\t<!-- End Video.js Responsive Wrapper -->\r\n\t\t<\/div>        <div class=\"\">\n            <hr\/>\n        <\/div>\n        <div class=\"ul-element-videojs \">\t\t\r\n\t\t<!-- Begin Video.js Responsive Wrapper -->\r\n\t\t<div style='max-width:1600px'>\r\n\t\t\t<div class='video-wrapper' style='padding-bottom:56.25%;'>\r\n\t\t\t\t\r\n\t<!-- Begin Video.js -->\r\n\t<video id=\"example_video_id_1449439389\" class=\"video-js vjs-default-skin embed-responsive embed-responsive-16by9\" width=\"1600\" height=\"900\" controls preload=\"none\" data-setup='{\"forceSSL\":\"true\",\"techOrder\":[\"youtube\"],\"src\":\"https:\/\/www.youtube.com\/watch?v=18G4RGYtIUg\"}'>\r\n\t\t\r\n\t\t\r\n\t\t\r\n\t<\/video>\r\n\t<!-- End Video.js -->\r\n\r\n\t\t\t<\/div>\r\n\t\t<\/div>\r\n\t\t<!-- End Video.js Responsive Wrapper -->\r\n\t\t<\/div>        <\/div>\n        <\/div>\n            <\/div>\n                  <\/div>\n        \n","protected":false},"excerpt":{"rendered":"","protected":false},"author":51,"featured_media":0,"parent":0,"menu_order":0,"comment_status":"closed","ping_status":"closed","template":"page-le.php","meta":{"footnotes":""},"class_list":["post-5831","page","type-page","status-publish","hentry"],"_links":{"self":[{"href":"https:\/\/www.unilim.fr\/culture\/wp-json\/wp\/v2\/pages\/5831","targetHints":{"allow":["GET"]}}],"collection":[{"href":"https:\/\/www.unilim.fr\/culture\/wp-json\/wp\/v2\/pages"}],"about":[{"href":"https:\/\/www.unilim.fr\/culture\/wp-json\/wp\/v2\/types\/page"}],"author":[{"embeddable":true,"href":"https:\/\/www.unilim.fr\/culture\/wp-json\/wp\/v2\/users\/51"}],"replies":[{"embeddable":true,"href":"https:\/\/www.unilim.fr\/culture\/wp-json\/wp\/v2\/comments?post=5831"}],"version-history":[{"count":0,"href":"https:\/\/www.unilim.fr\/culture\/wp-json\/wp\/v2\/pages\/5831\/revisions"}],"wp:attachment":[{"href":"https:\/\/www.unilim.fr\/culture\/wp-json\/wp\/v2\/media?parent=5831"}],"curies":[{"name":"wp","href":"https:\/\/api.w.org\/{rel}","templated":true}]}}