{"id":58,"date":"2024-03-04T23:00:00","date_gmt":"2015-11-24T09:00:56","guid":{"rendered":"http:\/\/www.unilim.fr\/culture\/?page_id=58"},"modified":"2024-03-05T16:55:34","modified_gmt":"2024-03-05T15:55:34","slug":"guide-culturel","status":"publish","type":"page","link":"https:\/\/www.unilim.fr\/culture\/guide-culturel\/","title":{"rendered":"Le Service Culturel"},"content":{"rendered":"        <div class=\"container-fluid  \" style=\"\">\n                      <div class=\"container\">\n                <div class=\"row \" style=\"margin-top: 30px;margin-bottom: 30px\">        <div class=\"col-sm-6 \">\n            \n        \n        <div class=\"ul-element-header text-left  \">\n\n            <h2 class=\"ul-bold  \" style=\"\">\n                                Le Service Culturel                <span><br\/><\/span><small> de l'Universit\u00e9 de Limoges<\/small>            <\/h2>\n        <\/div>\n                <div class=\"clearfix ul-element-text \">\n            \n<p style=\"text-align: justify\" data-mce-style=\"text-align: justify;\">Le Service Culturel de l&rsquo;Universit\u00e9 de Limoges est un service en mouvement pour servir la culture dans l&rsquo;enseignement sup\u00e9rieur et mettre en \u0153uvre la politique culturelle de l&rsquo;Universit\u00e9 offerte aux \u00e9tudiants et aux personnels et \u00e0 tout public.<\/p>\n<p style=\"text-align: justify\" data-mce-style=\"text-align: justify;\">Outil de formation et de construction de chacun, il favorise une \u00e9ducation et une sensibilisation des \u00e9tudiants aux arts et \u00e0 la culture et encourage la pratique amateure par le biais des ateliers de pratiques culturelles qu&rsquo;il propose ainsi que dans le cadre des partenariats avec les institutions culturelles et patrimoniales.<\/p>\n<p style=\"text-align: justify\" data-mce-style=\"text-align: justify;\">Il s&rsquo;engage vers \u00ab\u00a0une soci\u00e9t\u00e9 inclusive\u00a0\u00bb en touchant tous les publics et notamment les personnes en situation de handicap ou d&rsquo;exclusion.<\/p>\n<p style=\"text-align: justify\" data-mce-style=\"text-align: justify;\">Les \u00e9tudiants et les personnels sont plac\u00e9s au centre de ses int\u00e9r\u00eats pour inciter et accompagner les cr\u00e9ations et les initiatives de chacun dont les restitutions sont mises en lumi\u00e8re lors du festival des cr\u00e9ation multiculturelles\/Journ\u00e9es des Arts et de la Culture dans l&rsquo;Enseignement sup\u00e9rieur. Les partenariats culturels qu&rsquo;il d\u00e9veloppe permettent une politique tarifaire et d&rsquo;information crois\u00e9e via l&rsquo;agenda mensuel, le kiosque plateforme num\u00e9rique d&rsquo;information et via le passeport culturel donnant une dimension interculturelle avec des valeurs diff\u00e9rentes et la cr\u00e9ation d&rsquo;un consensus autour de la culture.<\/p>\n<p>Le Service Culturel favorise la pr\u00e9sence d&rsquo;artistes \u00e0 l&rsquo;Universit\u00e9 et d\u00e9veloppe des projets de cr\u00e9ation participatifs concourant au rayonnement de l&rsquo;Universit\u00e9.<\/p>\n<p style=\"text-align: justify\" data-mce-style=\"text-align: justify;\">Le service culturel en partenariat avec ces institutions culturelles cr\u00e9e une pr\u00e9sence joyeuse et enchanteresse autour de toutes les musiques et de tous les langages culturels qu&rsquo;ils offrent.<\/p>\n<p style=\"text-align: justify\" data-mce-style=\"text-align: justify;\">Outre sa programmation, le service culturel anime une politique de d\u00e9veloppement de projets alliant souplesse et esprit d&rsquo;innovation, d&rsquo;inattendu pouvant faire na\u00eetre l&rsquo;envie de cr\u00e9er et de s&rsquo;\u00e9merveiller \u00e0 l&rsquo;Universit\u00e9 lieu de culture !<\/p>\n<p style=\"text-align: justify\" data-mce-style=\"text-align: justify;\"><strong>Nadine Cogn\u00e9<\/strong> <strong>Responsable du d\u00e9veloppement et de <\/strong> <strong>l&rsquo;animation de la politique culturelle de l&rsquo;Universit\u00e9<\/strong><\/p>\n<p>&nbsp;<\/p>\n        <\/div>\n                <\/div>\n                <div class=\"col-sm-1 \">\n                    <\/div>\n                <div class=\"col-sm-5 \">\n                    <div class=\"ul-element-image \">\n            <a href=\"http:\/\/www.unilim.fr\/culture\/wp-content\/uploads\/sites\/17\/2015\/11\/GC4-12-480x640.jpg\" target=\"\"  rel=\"lightbox\">\n                <img decoding=\"async\" class=\"img-responsive\" src=\"http:\/\/www.unilim.fr\/culture\/wp-content\/uploads\/sites\/17\/2015\/11\/GC4-12-480x640.jpg\"\/>\n            <\/a>\n        <\/div>\n                <\/div>\n        <\/div>\n            <\/div>\n                  <\/div>\n        \n","protected":false},"excerpt":{"rendered":"","protected":false},"author":51,"featured_media":422,"parent":0,"menu_order":0,"comment_status":"closed","ping_status":"closed","template":"page-le.php","meta":{"footnotes":""},"class_list":["post-58","page","type-page","status-publish","has-post-thumbnail","hentry"],"_links":{"self":[{"href":"https:\/\/www.unilim.fr\/culture\/wp-json\/wp\/v2\/pages\/58","targetHints":{"allow":["GET"]}}],"collection":[{"href":"https:\/\/www.unilim.fr\/culture\/wp-json\/wp\/v2\/pages"}],"about":[{"href":"https:\/\/www.unilim.fr\/culture\/wp-json\/wp\/v2\/types\/page"}],"author":[{"embeddable":true,"href":"https:\/\/www.unilim.fr\/culture\/wp-json\/wp\/v2\/users\/51"}],"replies":[{"embeddable":true,"href":"https:\/\/www.unilim.fr\/culture\/wp-json\/wp\/v2\/comments?post=58"}],"version-history":[{"count":0,"href":"https:\/\/www.unilim.fr\/culture\/wp-json\/wp\/v2\/pages\/58\/revisions"}],"wp:featuredmedia":[{"embeddable":true,"href":"https:\/\/www.unilim.fr\/culture\/wp-json\/wp\/v2\/media\/422"}],"wp:attachment":[{"href":"https:\/\/www.unilim.fr\/culture\/wp-json\/wp\/v2\/media?parent=58"}],"curies":[{"name":"wp","href":"https:\/\/api.w.org\/{rel}","templated":true}]}}