{"id":5513,"date":"2021-05-09T22:00:00","date_gmt":"2021-04-20T16:10:40","guid":{"rendered":"http:\/\/www.unilim.fr\/culture\/?page_id=5513"},"modified":"2021-05-11T08:29:56","modified_gmt":"2021-05-11T06:29:56","slug":"musique","status":"publish","type":"page","link":"https:\/\/www.unilim.fr\/culture\/musique\/","title":{"rendered":"MUSIQUE"},"content":{"rendered":"        <div class=\"container-fluid bg-gray-light \" style=\"\">\n                      <div class=\"container\">\n                <div class=\"row \" style=\"margin-top: 30px;margin-bottom: 30px\">        <div class=\"col-sm-6 \">\n            <div style=\"padding:10px 30px;\" class=\"bg-gray-lighter\">\n        \n        <div class=\"ul-element-header text-center  \">\n\n            <h2 class=\"ul-bold  bg-gray-dark\" style=\"padding:10px;\">\n                                Soir\u00e9e \u00e9tudiante en livestream ! Mix \u00ab CALL US \u00bb B2B par Watermeloon &amp; DJ SoundWave                <span><br\/><\/span><small> Lundi 10 mai 2021 \u00e0 21h Live<\/small>            <\/h2>\n        <\/div>\n                <div class=\"clearfix ul-element-text \">\n            \n<p style=\"text-align: justify\" data-mce-style=\"text-align: justify;\">Soir\u00e9e \u00e9tudiante virtuelle !<\/p>\n<p style=\"text-align: justify\" data-mce-style=\"text-align: justify;\">CCM John Lennon<\/p>\n<p style=\"text-align: justify\" data-mce-style=\"text-align: justify;\">Battle 2 Dj set 1h30 EN LIVE STREAM<\/p>\n<p style=\"text-align: justify\" data-mce-style=\"text-align: justify;\">Th\u00e9o \/ Dj SoundWave &amp; Enzo \/ Watermelon DJ<\/p>\n<p style=\"text-align: justify\" data-mce-style=\"text-align: justify;\">2 Jeunes Dj\/Producteur de 18 et 19 ans,<\/p>\n<p style=\"text-align: justify\" data-mce-style=\"text-align: justify;\">Enzo (Watermeloon) et Th\u00e9o (DJ SoundWave) sont deux jeunes DJ\u2019s de Paris pour l\u2019un et de Bordeaux pour l\u2019autre, qui se sont rencontr\u00e9s \u00e0 l\u2019UCPA \u00e9cole des DJ \u00e0 Poitiers.<\/p>\n<p style=\"text-align: justify\" data-mce-style=\"text-align: justify;\">Ils proposent un live de qualit\u00e9 qui lient mix DJ et performance live (synth\u00e9 lauchpad etc..)<\/p>\n<p style=\"text-align: justify\" data-mce-style=\"text-align: justify;\">Ils joueront principalement \u00e9lectro mais toujours avec des rep\u00e8res de vos musiques pr\u00e9f\u00e9r\u00e9es dans l\u2019esprit d\u2019une soir\u00e9e \u00e9tudiante en livestream, en attendant que celles-ci reviennent pour de bon !<\/p>\n<p style=\"text-align: justify\" data-mce-style=\"text-align: justify;\">Enzo : Avant d&rsquo;int\u00e9grer l&rsquo;\u00e9cole, il mixait sur les Champs Elys\u00e9es au Planches, au Vend\u00f4me club place Vend\u00f4me et sur des sc\u00e8nes pendant des \u00e9v\u00e9nements comme la f\u00eate de la musique de Paris etc&#8230;<\/p>\n<p style=\"text-align: justify\" data-mce-style=\"text-align: justify;\">Th\u00e9o : mix depuis mes 10 ans et produit depuis plus de 3 ans, avant d&rsquo;int\u00e9grer l&rsquo;\u00e9cole des dj de l&rsquo;UCPA. Grosses premi\u00e8res parties de concert Alpha Blondy et Maitre Gim<\/p>\n<p style=\"text-align: justify\" data-mce-style=\"text-align: justify;\">Projet organis\u00e9 en partenariat avec Kanopeproductions et le CCM John Lennon.<\/p>\n        <\/div>\n                <div class=\"ul-element-image \">\n            <a href=\"https:\/\/www.unilim.fr\/culture\/wp-content\/uploads\/sites\/17\/2021\/03\/Ask-heaven-1.png\" target=\"\"  rel=\"lightbox\">\n                <img decoding=\"async\" class=\"img-responsive\" src=\"https:\/\/www.unilim.fr\/culture\/wp-content\/uploads\/sites\/17\/2021\/03\/Ask-heaven-1.png\"\/>\n            <\/a>\n        <\/div>\n        <\/div>        <\/div>\n                <div class=\"col-sm-6 \">\n                    <div class=\"ul-element-image \">\n            <a href=\"https:\/\/www.youtube.com\/watch?v=UYEquVa3eUk\" target=\"_blank\"  rel=\"\">\n                <img decoding=\"async\" class=\"img-responsive\" src=\"https:\/\/www.unilim.fr\/culture\/wp-content\/uploads\/sites\/17\/2021\/04\/CALL_US_square_format.jpg\"\/>\n            <\/a>\n        <\/div>\n                <div class=\"\">\n            <hr\/>\n        <\/div>\n        <div class=\"ul-element-videojs \">\t\t\r\n\t\t<!-- Begin Video.js Responsive Wrapper -->\r\n\t\t<div style='max-width:1600px'>\r\n\t\t\t<div class='video-wrapper' style='padding-bottom:56.25%;'>\r\n\t\t\t\t\r\n\t<!-- Begin Video.js -->\r\n\t<video id=\"example_video_id_1482476419\" class=\"video-js vjs-default-skin embed-responsive embed-responsive-16by9\" width=\"1600\" height=\"900\" controls preload=\"none\" data-setup='{\"forceSSL\":\"true\",\"techOrder\":[\"youtube\"],\"src\":\"https:\/\/www.youtube.com\/watch?v=UYEquVa3eUk\"}'>\r\n\t\t\r\n\t\t\r\n\t\t\r\n\t<\/video>\r\n\t<!-- End Video.js -->\r\n\r\n\t\t\t<\/div>\r\n\t\t<\/div>\r\n\t\t<!-- End Video.js Responsive Wrapper -->\r\n\t\t<\/div>        <div class=\"\">\n            <hr\/>\n        <\/div>\n                <div class=\"ul-element-image \">\n            <a href=\"https:\/\/www.unilim.fr\/culture\/wp-content\/uploads\/sites\/17\/2021\/03\/67577269_473067436816353_7348039055990325248_n-scaled.jpg\" target=\"\"  rel=\"lightbox\">\n                <img decoding=\"async\" class=\"img-responsive\" src=\"https:\/\/www.unilim.fr\/culture\/wp-content\/uploads\/sites\/17\/2021\/03\/67577269_473067436816353_7348039055990325248_n-scaled.jpg\"\/>\n            <\/a>\n        <\/div>\n                <\/div>\n        <\/div>\n            <\/div>\n                  <\/div>\n        \n","protected":false},"excerpt":{"rendered":"","protected":false},"author":51,"featured_media":0,"parent":0,"menu_order":0,"comment_status":"closed","ping_status":"closed","template":"page-le.php","meta":{"footnotes":""},"class_list":["post-5513","page","type-page","status-publish","hentry"],"_links":{"self":[{"href":"https:\/\/www.unilim.fr\/culture\/wp-json\/wp\/v2\/pages\/5513","targetHints":{"allow":["GET"]}}],"collection":[{"href":"https:\/\/www.unilim.fr\/culture\/wp-json\/wp\/v2\/pages"}],"about":[{"href":"https:\/\/www.unilim.fr\/culture\/wp-json\/wp\/v2\/types\/page"}],"author":[{"embeddable":true,"href":"https:\/\/www.unilim.fr\/culture\/wp-json\/wp\/v2\/users\/51"}],"replies":[{"embeddable":true,"href":"https:\/\/www.unilim.fr\/culture\/wp-json\/wp\/v2\/comments?post=5513"}],"version-history":[{"count":0,"href":"https:\/\/www.unilim.fr\/culture\/wp-json\/wp\/v2\/pages\/5513\/revisions"}],"wp:attachment":[{"href":"https:\/\/www.unilim.fr\/culture\/wp-json\/wp\/v2\/media?parent=5513"}],"curies":[{"name":"wp","href":"https:\/\/api.w.org\/{rel}","templated":true}]}}