{"id":5503,"date":"2021-05-15T22:00:00","date_gmt":"2021-04-20T14:07:35","guid":{"rendered":"http:\/\/www.unilim.fr\/culture\/?page_id=5503"},"modified":"2021-06-14T15:23:46","modified_gmt":"2021-06-14T13:23:46","slug":"lenigme-de-renoir","status":"publish","type":"page","link":"https:\/\/www.unilim.fr\/culture\/lenigme-de-renoir\/","title":{"rendered":"LE COIN DES ASSOS"},"content":{"rendered":"        <div class=\"container-fluid bg-gray-dark \" style=\"\">\n                      <div class=\"container\">\n                <div class=\"row \" style=\"margin-top: 30px;margin-bottom: 30px\">        <div class=\"col-sm-6 \">\n            <div style=\"padding:10px 30px;\" class=\"bg-info\">        <div class=\"row\">\n                    <div class=\"col-sm-6\">\n            \n        \n        <div class=\"ul-element-header text-center  \">\n\n            <h2 class=\"ul-bold  bg-gray-dark\" style=\"padding:10px;\">\n                                JEUX EN LIGNE                <span><br\/><\/span><small> Mardi 11 Mai 2021 \u00e0 partir de 18h (Live)<\/small>            <\/h2>\n        <\/div>\n                <\/div>\n                <div class=\"col-sm-6\">\n                    <div class=\" text-left btn-fullwidth \">\n            <a role=\"button\" href=\"\" target=\"\" class=\"ul-btn-margin ul-bold btn btn-default btn-lg\">\n                                    <i class=\"fa fa-fw fa-graduation-cap\"><\/i>\n                                INITIATIVE ETUDIANTE            <\/a>\n        <\/div>\n                <\/div>\n                <\/div>\n                <div class=\"clearfix ul-element-text \">\n            \n<p>Propos\u00e9 par l\u2019association \u00e9tudiante AESTL (Association des \u00e9tudiants en sciences et techniques) du Campus de la Facult\u00e9 des Sciences et Techniques.<\/p>\n<p>Les \u00e9tudiants pourront participer \u00e0 plusieurs jeux et concours&nbsp;:<\/p>\n<p>&#8211;&nbsp;&nbsp;&nbsp;&nbsp;&nbsp;&nbsp;&nbsp; Concours de talents propos\u00e9 sur les chaines discord&nbsp;:&nbsp; les personnes d\u00e9posent<\/p>\n<p>leurs dessins et ceux qui r\u00e9coltent le plus de \u00ab&nbsp;j\u2019aime&nbsp;\u00bb pourront gagner des lots.<\/p>\n<p>&#8211;&nbsp;&nbsp;&nbsp;&nbsp; \u00ab&nbsp;Qui veut gagner des millions&nbsp;\u00bb&nbsp;<\/p>\n<p>&#8211;&nbsp;&nbsp;&nbsp; Blinds tests et autres petites \u00e9preuves<\/p>\n<p>&#8211;&nbsp;&nbsp;&nbsp; Tournois tels que des \u00ab&nbsp;among us&nbsp;\u00bb ou des \u00ab&nbsp;scribli.io&nbsp;\u00bb pour faire l\u2019animation<\/p>\n<p>Pour s\u2019inscrire&nbsp;: clement.desaphy@etu.unilim.fr<\/p>\n        <\/div>\n        <\/div>        <\/div>\n                <div class=\"col-sm-6 \">\n            <div style=\"padding:10px 30px;\" class=\"bg-black\">        <div class=\"ul-element-image \">\n            <a href=\"https:\/\/www.unilim.fr\/culture\/wp-content\/uploads\/sites\/17\/2021\/04\/images.jpeg\" target=\"\"  rel=\"lightbox\">\n                <img decoding=\"async\" class=\"img-responsive\" src=\"https:\/\/www.unilim.fr\/culture\/wp-content\/uploads\/sites\/17\/2021\/04\/images.jpeg\"\/>\n            <\/a>\n        <\/div>\n        <\/div>        <\/div>\n        <\/div>\n            <\/div>\n                  <\/div>\n                <div class=\"container-fluid bg-warning \" style=\"\">\n                      <div class=\"container\">\n                <div class=\"row \" style=\"margin-top: 30px;margin-bottom: 30px\">        <div class=\"col-sm-6 \">\n            <div style=\"padding:10px 30px;\" class=\"bg-black\">\n        \n        <div class=\"ul-element-header text-center  \">\n\n            <h2 class=\"ul-bold  \" style=\"\">\n                                L'ENIGME DE RENOIR                <span><br\/><\/span><small> A vivre tout au long du festival ! Du 11 au 22 mai 21<\/small>            <\/h2>\n        <\/div>\n                <div class=\"clearfix ul-element-text \">\n            \n<p style=\"text-align: justify\" data-mce-style=\"text-align: justify;\">\u00ab&nbsp;La Cit\u00e9 des jeux&nbsp;\u00bb propose aux \u00e9tudiants de l\u2019universit\u00e9 de prendre un peu l\u2019air en r\u00e9solvant \u00ab&nbsp;L\u2019Enigme de Renoir&nbsp;\u00bb, tout en explorant l\u2019histoire de Limoges.<\/p>\n<p style=\"text-align: justify\" data-mce-style=\"text-align: justify;\">Du 10 au 21 mai, les joueurs, seuls ou en \u00e9quipe (6 au maximum), devront se rendre sur 12 lieux historiques \u00e0 travers la ville, munis d\u2019une fiche mission qui leur permettra de reconstituer l\u2019\u00e9nigme. Ceux qui y parviendront seront d\u00e9partag\u00e9s dans une derni\u00e8re \u00e9preuve qui fera appel \u00e0 leur imagination, leur cr\u00e9ativit\u00e9 et leur culture.<\/p>\n<p style=\"text-align: justify\" data-mce-style=\"text-align: justify;\">L\u2019\u00e9quipe gagnante se verra remettre un prix ludique \u00e0 la ludoth\u00e8que.<\/p>\n<p style=\"text-align: justify\" data-mce-style=\"text-align: justify;\">Les \u00ab&nbsp;fiches missions&nbsp;\u00bb sont \u00e0 retirer \u00e0 la ludoth\u00e8que lors des heures d\u2019accueil.<\/p>\n<p style=\"text-align: justify\" data-mce-style=\"text-align: justify;\">Ludoth\u00e8que La Cit\u00e9 des jeux &nbsp;&nbsp;&nbsp;&nbsp;&nbsp;&nbsp;&nbsp;&nbsp;&nbsp;&nbsp;&nbsp;&nbsp;&nbsp;&nbsp;&nbsp;&nbsp;&nbsp;&nbsp;&nbsp; &nbsp;Horaires d\u2019accueil&nbsp;*<\/p>\n<p style=\"text-align: justify\" data-mce-style=\"text-align: justify;\">&nbsp;18 boulevard de la Cit\u00e9&nbsp;&nbsp;&nbsp;&nbsp;&nbsp;&nbsp;&nbsp;&nbsp;&nbsp;&nbsp;&nbsp;&nbsp;&nbsp;&nbsp;&nbsp;&nbsp;&nbsp; &nbsp;&nbsp;&nbsp;&nbsp;&nbsp;&nbsp;&nbsp;&nbsp;&nbsp;&nbsp;&nbsp;&nbsp;&nbsp;&nbsp;&nbsp;Mercredi 9h-12h<\/p>\n<p style=\"text-align: justify\" data-mce-style=\"text-align: justify;\">&nbsp;&nbsp;&nbsp; 87 000 Limoges&nbsp;&nbsp;&nbsp;&nbsp;&nbsp;&nbsp;&nbsp;&nbsp;&nbsp;&nbsp;&nbsp;&nbsp;&nbsp;&nbsp;&nbsp;&nbsp;&nbsp;&nbsp;&nbsp;&nbsp;&nbsp;&nbsp;&nbsp;&nbsp;&nbsp;&nbsp;&nbsp;&nbsp; &nbsp;&nbsp;&nbsp;&nbsp; &nbsp;&nbsp;&nbsp;&nbsp;&nbsp;&nbsp;&nbsp;&nbsp;Vendredi 9h-12h<\/p>\n<p style=\"text-align: justify\" data-mce-style=\"text-align: justify;\">&nbsp; &nbsp;&nbsp;05.55.79.81.06&nbsp;&nbsp;&nbsp;&nbsp;&nbsp;&nbsp;&nbsp;&nbsp;&nbsp;&nbsp;&nbsp;&nbsp;&nbsp;&nbsp;&nbsp;&nbsp;&nbsp;&nbsp;&nbsp;&nbsp;&nbsp;&nbsp;&nbsp;&nbsp;&nbsp;&nbsp;&nbsp;&nbsp;&nbsp;&nbsp; &nbsp;&nbsp;&nbsp;&nbsp;&nbsp;&nbsp;&nbsp;&nbsp;&nbsp;&nbsp;&nbsp;&nbsp; Jeudi 9h-12h<\/p>\n<p style=\"text-align: justify\" data-mce-style=\"text-align: justify;\">&nbsp; &nbsp; &nbsp; &nbsp; &nbsp; &nbsp; &nbsp; &nbsp; &nbsp; &nbsp; &nbsp; &nbsp; &nbsp; &nbsp; &nbsp; &nbsp; &nbsp; &nbsp; &nbsp; &nbsp; &nbsp; &nbsp; &nbsp; &nbsp; &nbsp; &nbsp; &nbsp; &nbsp; &nbsp; &nbsp; &nbsp; &nbsp; &nbsp; &nbsp; &nbsp; &nbsp;Samedi 14h-18h30<\/p>\n<p style=\"text-align: justify\" data-mce-style=\"text-align: justify;\">Les fiches compl\u00e9t\u00e9es et la proposition de l\u2019\u00e9quipe pour la derni\u00e8re \u00e9preuve sont \u00e0 transmettre \u00e0 cette adresse mail&nbsp;: ludotheque@citedesjeux.fr<\/p>\n<p style=\"text-align: justify\" data-mce-style=\"text-align: justify;\">\u00ab&nbsp;La Cit\u00e9 des jeux&nbsp;\u00bb est une association loi 1901 \u00e0 caract\u00e8re culturel et social dont le but est de permettre \u00e0 tous l\u2019acc\u00e8s aux jeux, dans le cadre d\u2019une ludoth\u00e8que. C\u2019est un lieu de pr\u00eat de jeux et de jouets, de jeu sur place, et d\u2019animation par le jeu&nbsp;; c\u2019est \u00e9galement un lieu de consommation \u00e9clair\u00e9e des jeux. La ludoth\u00e8que \u00ab&nbsp;La Cit\u00e9 des jeux&nbsp;\u00bb propose sa collaboration \u00e0 des collectivit\u00e9s diverses (\u00e9coles, centres de loisirs, centres de formation, collectivit\u00e9s territoriales, EHPAD\u2026), d\u00e9veloppe et organise des \u00e9v\u00e9nements ludiques, et apporte ses conseils aux particuliers qui le souhaitent.<\/p>\n<p>&nbsp;<\/p>\n        <\/div>\n                <div class=\"clearfix ul-element-text \">\n            \n<p><a href=\"https:\/\/www.unilim.fr\/wp-content\/uploads\/sites\/8\/2021\/05\/Fiche-mission-lEnigme-de-Renoir.pdf\" data-mce-href=\"https:\/\/www.unilim.fr\/wp-content\/uploads\/sites\/8\/2021\/05\/Fiche-mission-lEnigme-de-Renoir.pdf\">https:\/\/www.unilim.fr\/wp-content\/uploads\/sites\/8\/2021\/05\/Fiche-mission-lEnigme-de-Renoir.pdf<\/a><br data-mce-bogus=\"1\"><\/p>\n<p>T\u00e9l\u00e9charger la fiche mission et menez l&rsquo;enqu\u00eate<\/p>\n<p><\/p>\n        <\/div>\n        <\/div>        <\/div>\n                <div class=\"col-sm-6 \">\n                    <div class=\"ul-element-image \">\n            <a href=\"https:\/\/www.unilim.fr\/culture\/wp-content\/uploads\/sites\/17\/2021\/05\/500.jpg\" target=\"\"  rel=\"lightbox\">\n                <img decoding=\"async\" class=\"img-responsive\" src=\"https:\/\/www.unilim.fr\/culture\/wp-content\/uploads\/sites\/17\/2021\/05\/500.jpg\"\/>\n            <\/a>\n        <\/div>\n                <\/div>\n        <\/div>\n            <\/div>\n                  <\/div>\n                <div class=\"container-fluid bg-gray-dark \" style=\"\">\n                      <div class=\"container\">\n                <div class=\"row \" style=\"margin-top: 30px;margin-bottom: 30px\">        <div class=\"col-sm-6 \">\n            <div style=\"padding:10px 30px;\" class=\"bg-primary\">        <div class=\"row\">\n                    <div class=\"col-sm-6\">\n            \n        \n        <div class=\"ul-element-header text-center  \">\n\n            <h2 class=\"ul-bold  bg-gray-dark\" style=\"padding:10px;\">\n                                PAROLE ET BIEN ETRE DES ETUDIANTS                <span><br\/><\/span><small> Jeudi 20 Mai 2021 \u00e0 14h30  IUT<\/small>            <\/h2>\n        <\/div>\n                <\/div>\n                <div class=\"col-sm-6\">\n                    <div class=\" text-left btn-fullwidth \">\n            <a role=\"button\" href=\"\" target=\"_self\" class=\"ul-btn-margin ul-bold btn btn-default btn-lg\">\n                                    <i class=\"fa fa-fw fa-graduation-cap\"><\/i>\n                                INITIATIVE ETUDIANTE            <\/a>\n        <\/div>\n                <\/div>\n                <\/div>\n                <div class=\"clearfix ul-element-text \">\n            \n<p><\/p>\n<p>Ev\u00e8nement \u00e0 suivre en live sur facebook et \u00e0 red\u00e9couvrir en ligne<\/p>\n<p>Rencontre anim\u00e9e par les \u00e9tudiants, des professionnels de sant\u00e9 et du spectacle vivant sur le th\u00e8me \u00ab&nbsp;Place de la culture dans le mal \u00eatre \u00e9tudiant pendant le confinement&nbsp;\u00bb.<\/p>\n<p>L\u2019animation est effectu\u00e9e par une journaliste Marine Guitard.<\/p>\n<p>Les intervenants sont deux \u00e9tudiants de l\u2019IUT site de Limoges et de Brive, une \u00e9tudiante du Bureau interactif professeurs \u00e9tudiants Madeleine Patureau-Mirand, Madame Eve Christophe de l\u2019Op\u00e9ra de Limoges \u2013 Monsieur Matthias Martin enseignant chercheur de l\u2019IUT de Limoges, et Madame Cassandre Geneau psychiatre SSU.<\/p>\n<p>Des pauses musicales seront anim\u00e9es par les \u00e9tudiants artistes de l\u2019universit\u00e9. Thibault Laur\u00e8s et Mathilde Poirier, \u00e9tudiants en facult\u00e9 des lettres et des sciences humaines et en pharmacie, sont tous deux passionn\u00e9s par les registres funk, soul en passant par la bossa nova. Leurs interpr\u00e9tations tr\u00e8s personnelles de classiques de la soul avec Stevie Wonder ou Bobby Hebb, nous cueillent pour un voyage dans le temps entre C\u00e9s\u00e1ria Evora, Aznavour, Niagara ou m\u00eame de la pop urbaine revisit\u00e9e.<\/p>\n<p>Une d\u00e9gustation de \u00ab&nbsp;Ma madeleine \u00e0 tartiner&nbsp;\u00bb la p\u00e2te \u00e0 tartiner \u00e9labor\u00e9e par les \u00e9tudiants de l\u2019IUT fera \u00e9galement partie des animations propos\u00e9es.<\/p>\n<p><strong><\/strong><\/p>\n        <\/div>\n        <\/div>        <\/div>\n                <div class=\"col-sm-6 \">\n                    <div class=\"ul-element-image \">\n            <a href=\"https:\/\/www.unilim.fr\/culture\/wp-content\/uploads\/sites\/17\/2019\/04\/R_Q14A2674cMissV-1.jpg\" target=\"\"  rel=\"lightbox\">\n                <img decoding=\"async\" class=\"img-responsive\" src=\"https:\/\/www.unilim.fr\/culture\/wp-content\/uploads\/sites\/17\/2019\/04\/R_Q14A2674cMissV-1.jpg\"\/>\n            <\/a>\n        <\/div>\n                <div class=\"clearfix ul-element-text \">\n            \n<p>Cr\u00e9dit photo V Framery<\/p>\n<p><\/p>\n        <\/div>\n        <div class=\"ul-element-videojs \">\t\t\r\n\t\t<!-- Begin Video.js Responsive Wrapper -->\r\n\t\t<div style='max-width:1600px'>\r\n\t\t\t<div class='video-wrapper' style='padding-bottom:56.25%;'>\r\n\t\t\t\t\r\n\t<!-- Begin Video.js -->\r\n\t<video id=\"example_video_id_1045737430\" class=\"video-js vjs-default-skin embed-responsive embed-responsive-16by9\" width=\"1600\" height=\"900\" controls preload=\"none\" data-setup='{\"forceSSL\":\"true\",\"techOrder\":[\"youtube\"],\"src\":\"https:\/\/www.youtube.com\/watch?v=kSlkRVm6yVA\"}'>\r\n\t\t\r\n\t\t\r\n\t\t\r\n\t<\/video>\r\n\t<!-- End Video.js -->\r\n\r\n\t\t\t<\/div>\r\n\t\t<\/div>\r\n\t\t<!-- End Video.js Responsive Wrapper -->\r\n\t\t<\/div>        <\/div>\n        <\/div>\n            <\/div>\n                  <\/div>\n        \n","protected":false},"excerpt":{"rendered":"","protected":false},"author":51,"featured_media":0,"parent":0,"menu_order":0,"comment_status":"closed","ping_status":"closed","template":"page-le.php","meta":{"footnotes":""},"class_list":["post-5503","page","type-page","status-publish","hentry"],"_links":{"self":[{"href":"https:\/\/www.unilim.fr\/culture\/wp-json\/wp\/v2\/pages\/5503","targetHints":{"allow":["GET"]}}],"collection":[{"href":"https:\/\/www.unilim.fr\/culture\/wp-json\/wp\/v2\/pages"}],"about":[{"href":"https:\/\/www.unilim.fr\/culture\/wp-json\/wp\/v2\/types\/page"}],"author":[{"embeddable":true,"href":"https:\/\/www.unilim.fr\/culture\/wp-json\/wp\/v2\/users\/51"}],"replies":[{"embeddable":true,"href":"https:\/\/www.unilim.fr\/culture\/wp-json\/wp\/v2\/comments?post=5503"}],"version-history":[{"count":0,"href":"https:\/\/www.unilim.fr\/culture\/wp-json\/wp\/v2\/pages\/5503\/revisions"}],"wp:attachment":[{"href":"https:\/\/www.unilim.fr\/culture\/wp-json\/wp\/v2\/media?parent=5503"}],"curies":[{"name":"wp","href":"https:\/\/api.w.org\/{rel}","templated":true}]}}