{"id":5495,"date":"2021-06-13T22:00:00","date_gmt":"2021-03-09T14:35:47","guid":{"rendered":"http:\/\/www.unilim.fr\/culture\/?page_id=5495"},"modified":"2021-06-14T14:06:06","modified_gmt":"2021-06-14T12:06:06","slug":"culture-numerique-2","status":"publish","type":"page","link":"https:\/\/www.unilim.fr\/culture\/culture-numerique-2\/","title":{"rendered":"CULTURE NUMERIQUE"},"content":{"rendered":"        <div class=\"container-fluid bg-success \" style=\"\">\n                      <div class=\"container\">\n                <div class=\"row \" style=\"margin-top: 30px;margin-bottom: 30px\">        <div class=\"col-sm-6 \">\n            <div style=\"padding:10px 30px;\" class=\"bg-warning\">\n        \n        <div class=\"ul-element-header text-center  \">\n\n            <h2 class=\"ul-bold  \" style=\"\">\n                                DANS TOUS LES SENS !                <span><br\/><\/span><small> Mercredi 19 mai  2021 \u00e0 18h<\/small>            <\/h2>\n        <\/div>\n                <div class=\"clearfix ul-element-text \">\n            \n<p style=\"text-align: justify\" data-mce-style=\"text-align: justify;\">Visio-conf\u00e9rence propos\u00e9e par la Compagnie Les singuliers associ\u00e9s pour pr\u00e9senter et parler du dispositif dans sa globalit\u00e9.<\/p>\n<p style=\"text-align: justify\" data-mce-style=\"text-align: justify;\">Elle sera suivie d\u2019une pr\u00e9sentation du site internet pour les publics, avec en fin d\u2019intervention un temps de questions r\u00e9ponses.<\/p>\n<p style=\"text-align: justify\" data-mce-style=\"text-align: justify;\">Il s\u2019agit d\u2019un dispositif permettant l\u2019accessibilit\u00e9 des personnes handicap\u00e9es \u00e0 l\u2019offre culturelle.<\/p>\n<p style=\"text-align: justify\" data-mce-style=\"text-align: justify;\">Recenser dans un programme annuel transversal, tous les&nbsp;spectacles accessibles aux spectateurs d\u00e9ficients sensoriels&nbsp;(sourds\/malentendants, aveugles\/malvoyants) des structures culturelles conventionn\u00e9es&nbsp;du Limousin.<\/p>\n<p style=\"text-align: justify\" data-mce-style=\"text-align: justify;\">Cet outil a fait sa place aupr\u00e8s&nbsp;des institutions, familles et usagers.<\/p>\n<p style=\"text-align: justify\" data-mce-style=\"text-align: justify;\">C\u2019est une d\u00e9marche citoyenne qui s\u2019inscrit sur le chemin de l\u2019\u00e9galit\u00e9 des droits et des chances. La participation et la citoyennet\u00e9 des personnes handicap\u00e9es, pour d\u00e9fendre \u00ab&nbsp;un acc\u00e8s pour tous \u00e0 l\u2019Art&nbsp;\u00bb Cette base de donn\u00e9es contributive et collaborative est \u00e9tendue \u00e0 la Nouvelle Aquitaine.<\/p>\n<p style=\"text-align: justify\" data-mce-style=\"text-align: justify;\">Une belle rencontre des \u00e9tudiants en situation de handicap sensoriel de l\u2019universit\u00e9 de Limoges.<\/p>\n<p style=\"text-align: justify\" data-mce-style=\"text-align: justify;\">Le lien de connexion sera en ligne \u00e0 partir du 10 mai 2021.&nbsp;&nbsp;<\/p>\n<p><a href=\"https:\/\/www.unilim.fr\/culture\/wp-content\/uploads\/sites\/17\/2021\/03\/JACES.jpg\" class=\"\" data-mce-href=\"https:\/\/www.unilim.fr\/culture\/wp-content\/uploads\/sites\/17\/2021\/03\/JACES.jpg\"><img loading=\"lazy\" decoding=\"async\" alt=\"\" src=\"https:\/\/www.unilim.fr\/culture\/wp-content\/uploads\/sites\/17\/2021\/03\/JACES.jpg\" class=\"aligncenter wp-image-5460\" data-mce-src=\"https:\/\/www.unilim.fr\/culture\/wp-content\/uploads\/sites\/17\/2021\/03\/JACES.jpg\" width=\"335\" height=\"191\" srcset=\"https:\/\/www.unilim.fr\/culture\/wp-content\/uploads\/sites\/17\/2021\/03\/JACES.jpg 1867w, https:\/\/www.unilim.fr\/culture\/wp-content\/uploads\/sites\/17\/2021\/03\/JACES-300x171.jpg 300w, https:\/\/www.unilim.fr\/culture\/wp-content\/uploads\/sites\/17\/2021\/03\/JACES-1024x584.jpg 1024w, https:\/\/www.unilim.fr\/culture\/wp-content\/uploads\/sites\/17\/2021\/03\/JACES-768x438.jpg 768w, https:\/\/www.unilim.fr\/culture\/wp-content\/uploads\/sites\/17\/2021\/03\/JACES-1536x875.jpg 1536w\" sizes=\"auto, (max-width: 335px) 100vw, 335px\" \/><\/a><br data-mce-bogus=\"1\"><\/p>\n        <\/div>\n        <\/div>        <\/div>\n                <div class=\"col-sm-6 \">\n                    <div class=\"ul-element-image \">\n            <a href=\"https:\/\/www.unilim.fr\/culture\/wp-content\/uploads\/sites\/17\/2021\/03\/Pre\u0301sentation-28-septembre-2020-pdf-v4-1-scaled.jpg\" target=\"\"  rel=\"lightbox\">\n                <img decoding=\"async\" class=\"img-responsive\" src=\"https:\/\/www.unilim.fr\/culture\/wp-content\/uploads\/sites\/17\/2021\/03\/Pre\u0301sentation-28-septembre-2020-pdf-v4-1-scaled.jpg\"\/>\n            <\/a>\n        <\/div>\n                <div class=\"\">\n            <hr\/>\n        <\/div>\n                <div class=\"clearfix ul-element-text \">\n            \n<p>Lien de connexion&nbsp;<\/p>\n<p>Participer \u00e0 la r\u00e9union Zoom<br \/>https:\/\/us02web.zoom.us\/j\/83949206371<\/p>\n<p>ID de r\u00e9union : 839 4920 6371<\/p>\n<p><\/p>\n        <\/div>\n                <\/div>\n        <\/div>\n            <\/div>\n                  <\/div>\n                <div class=\"container-fluid bg-primary \" style=\"\">\n                      <div class=\"container\">\n                <div class=\"row \" style=\"margin-top: 30px;margin-bottom: 30px\">        <div class=\"col-sm-6 \">\n            <div style=\"padding:10px 30px;\" class=\"bg-black\">        <div class=\"row\">\n                    <div class=\"col-sm-6\">\n            \n        \n        <div class=\"ul-element-header text-center  \">\n\n            <h2 class=\"ul-bold  \" style=\"\">\n                                ASMR et le Collectif cuir de l\u2019ENSA Limoges                            <\/h2>\n        <\/div>\n                <\/div>\n                <div class=\"col-sm-6\">\n                    <div class=\" text-center \">\n            <a role=\"button\" href=\"\" target=\"_self\" class=\"ul-btn-margin ul-bold btn btn-default btn-lg\">\n                                    <i class=\"fa fa-fw fa-graduation-cap\"><\/i>\n                                INITIATIVE ETUDIANTE            <\/a>\n        <\/div>\n                <\/div>\n                <\/div>\n                <div class=\"clearfix ul-element-text \">\n            \n<p style=\"text-align: justify\" data-mce-style=\"text-align: justify;\"><img decoding=\"async\" role=\"img\" class=\"emoji\" alt=\"\ud83c\udfa7\" src=\"https:\/\/s.w.org\/images\/core\/emoji\/13.0.0\/svg\/1f3a7.svg\" data-mce-src=\"https:\/\/s.w.org\/images\/core\/emoji\/13.0.0\/svg\/1f3a7.svg\"> Privil\u00e9gier l&rsquo;\u00e9coute au casque pour une meilleure exp\u00e9rience sonore <img decoding=\"async\" role=\"img\" class=\"emoji\" alt=\"\ud83c\udfa7\" src=\"https:\/\/s.w.org\/images\/core\/emoji\/13.0.0\/svg\/1f3a7.svg\" data-mce-src=\"https:\/\/s.w.org\/images\/core\/emoji\/13.0.0\/svg\/1f3a7.svg\"><\/p>\n<p style=\"text-align: justify\" data-mce-style=\"text-align: justify;\">Les \u00e9tudiants de l\u2019ENSA inscrits \u00e0 l\u2019Apocope Phygital Cuir proposent une exp\u00e9rience sonore et visuelle d\u2019ASMR en rapport avec la mati\u00e8re cuir. L\u2019ASMR&nbsp;est la r\u00e9ponse sensorielle autonome culminante. Le projet de l\u2019ASMR x CUIR est focalis\u00e9 sur l\u2019exp\u00e9rience sonore et sur les effets propres de l\u2019ASMR comme pratique par rapport au cuir. Il s\u2019appuie sur des proc\u00e9d\u00e9s tels que le tapping (consiste \u00e0 faire des petits bruits en tapotant sur une surface avec ses doigts ou ses ongles), le whispering (en chuchotant et en incorporant des&nbsp;bruits de respirations, de souffles), le scratching (gratter, br\u00fbler, chauffer la mati\u00e8re) et le brushing (bruits de brossages, d\u2019effleurements, de caresses). Ces anglicismes propres \u00e0 la culture ASMR sont des notions qui vont \u00eatre au centre de la captation sonore avec le cuir et vont permettre d\u2019\u00e9laborer des protocoles&nbsp;d\u2019actions\/r\u00e9actions visibles par des plans vid\u00e9os resserr\u00e9s, traduisant une relation intimiste et apaisante, relaxante et satisfaisante. <br \/> Les diff\u00e9rentes peaux de cuirs interagissent et cr\u00e9ent un ensemble d\u2019exp\u00e9riences sonores et visuelles, allant d\u2019un touch\u00e9 au doigt \u00e0 des tapotements d\u2019ongles plus intenses, jusqu\u2019\u00e0 l\u2019utilisation d\u2019outils de dissection : une exp\u00e9rience sonore et visuelle focalis\u00e9e sur les effets propres de l\u2019ASMR en tant que pratique par rapport au cuir.<\/p>\n<p style=\"text-align: justify\" data-mce-style=\"text-align: justify;\">&nbsp;<\/p>\n<p style=\"text-align: justify\" data-mce-style=\"text-align: justify;\">\u00ab&nbsp;Nous sommes deux \u00e9tudiantes avec des profils totalement diff\u00e9rents et des parcours qui ont permis de nous r\u00e9unir sur ce projet de l\u2019Apocope Phygital Cuir X Soir\u00e9e Cuir ASMR : B\u00e9r\u00e9nice, \u00e9tudiante en 4e ann\u00e9e art \u00e0 l\u2019ENSA Limoges et en 1re ann\u00e9e de Master CCIC \u00e0 la Facult\u00e9 des Lettres et Sciences Humaines pratique le son, la vid\u00e9o et d\u2019autres supports et m\u00e9diums en questionnant les rapports entre art et sciences. Clarisse, en premi\u00e8re ann\u00e9e de CPGE BCPST (Biologie, Chimie, Physique et Sciences de la Terre) a toujours \u00e9t\u00e9 passionn\u00e9e par les sciences et principalement par la biologie animale et tout ce qui concerne le monde du vivant. Nous avons d\u00e9couvert l\u2019ASMR il y quelques ann\u00e9es et avons chacune des affinit\u00e9s propres selon les diff\u00e9rentes pratiques de l\u2019ASMR (du classique \u00ab tapping \u00bb, au \u00ab brushing \u00bb, aux vid\u00e9os ASMR de d\u00e9gustation d\u2019aliments, de confiseries etc\u2026). Il est pour nous \u00e9vident que l\u2019ASMR permet de cr\u00e9er dans limites, et c\u2019est dans cet esprit que nous avons ensemble, avec nos parcours et nos diff\u00e9rents regards sur l\u2019ASMR, r\u00e9alis\u00e9 ce projet. Nous avons voulu mettre en valeur le cuir, qu\u2019il soit \u00e9pais, fin, flexible ou rigide, par des mouvements de mains, des jeux de lumi\u00e8re et des outils de dissection comme le scalpel ou la sonde.&nbsp;\u00bb<\/p>\n<p><\/p>\n        <\/div>\n        <\/div>        <\/div>\n                <div class=\"col-sm-6 \">\n                    <div class=\"clearfix ul-element-text \">\n            \n<p><a href=\"https:\/\/www.unilim.fr\/culture\/wp-content\/uploads\/sites\/17\/2021\/03\/apocope_phygital_cuir_IMG_0160__N.jpg\" class=\"\" data-mce-href=\"https:\/\/www.unilim.fr\/culture\/wp-content\/uploads\/sites\/17\/2021\/03\/apocope_phygital_cuir_IMG_0160__N.jpg\"><img loading=\"lazy\" decoding=\"async\" alt=\"\" src=\"https:\/\/www.unilim.fr\/culture\/wp-content\/uploads\/sites\/17\/2021\/03\/apocope_phygital_cuir_IMG_0160__N.jpg\" class=\"aligncenter wp-image-5494\" data-mce-src=\"https:\/\/www.unilim.fr\/culture\/wp-content\/uploads\/sites\/17\/2021\/03\/apocope_phygital_cuir_IMG_0160__N.jpg\" width=\"309\" height=\"464\" srcset=\"https:\/\/www.unilim.fr\/culture\/wp-content\/uploads\/sites\/17\/2021\/03\/apocope_phygital_cuir_IMG_0160__N.jpg 500w, https:\/\/www.unilim.fr\/culture\/wp-content\/uploads\/sites\/17\/2021\/03\/apocope_phygital_cuir_IMG_0160__N-200x300.jpg 200w\" sizes=\"auto, (max-width: 309px) 100vw, 309px\" \/><\/a><br data-mce-bogus=\"1\"><\/p>\n<p><\/p>\n        <\/div>\n        <div class=\"ul-element-videojs \">\t\t\r\n\t\t<!-- Begin Video.js Responsive Wrapper -->\r\n\t\t<div style='max-width:1600px'>\r\n\t\t\t<div class='video-wrapper' style='padding-bottom:56.25%;'>\r\n\t\t\t\t\r\n\t<!-- Begin Video.js -->\r\n\t<video id=\"example_video_id_203211777\" class=\"video-js vjs-default-skin embed-responsive embed-responsive-16by9\" width=\"1600\" height=\"900\" controls preload=\"none\" data-setup='{\"forceSSL\":\"true\",\"techOrder\":[\"youtube\"],\"src\":\"https:\/\/youtu.be\/R_KqB3EmqyE\"}'>\r\n\t\t\r\n\t\t\r\n\t\t\r\n\t<\/video>\r\n\t<!-- End Video.js -->\r\n\r\n\t\t\t<\/div>\r\n\t\t<\/div>\r\n\t\t<!-- End Video.js Responsive Wrapper -->\r\n\t\t<\/div>        <div class=\"clearfix ul-element-text \">\n            \n<p><\/p>\n        <\/div>\n        <div class=\"ul-element-videojs \">\t\t\r\n\t\t<!-- Begin Video.js Responsive Wrapper -->\r\n\t\t<div style='max-width:1600px'>\r\n\t\t\t<div class='video-wrapper' style='padding-bottom:56.25%;'>\r\n\t\t\t\t\r\n\t<!-- Begin Video.js -->\r\n\t<video id=\"example_video_id_1205289544\" class=\"video-js vjs-default-skin embed-responsive embed-responsive-16by9\" width=\"1600\" height=\"900\" controls preload=\"none\" data-setup='{\"forceSSL\":\"true\",\"techOrder\":[\"youtube\"],\"src\":\"https:\/\/www.youtube.com\/watch?v=3RSfWJuEbLE\"}'>\r\n\t\t\r\n\t\t\r\n\t\t\r\n\t<\/video>\r\n\t<!-- End Video.js -->\r\n\r\n\t\t\t<\/div>\r\n\t\t<\/div>\r\n\t\t<!-- End Video.js Responsive Wrapper -->\r\n\t\t<\/div>        <\/div>\n        <\/div>\n            <\/div>\n                  <\/div>\n                <div class=\"container-fluid bg-black \" style=\"\">\n                      <div class=\"container\">\n                <div class=\"row \" style=\"margin-top: 30px;margin-bottom: 30px\">        <div class=\"col-sm-6 \">\n            \n        \n        <div class=\"ul-element-header text-center  \">\n\n            <h2 class=\"ul-bold  \" style=\"\">\n                                MEURTRE CONFINE : Enqu\u00eate virtuelle en visio-conf\u00e9rence Devenez le h\u00e9ros de Divine Diva !                <span><br\/><\/span><small> Mercredi 12 mai  2021 \u00e0 19h (Live)<\/small>            <\/h2>\n        <\/div>\n                <div class=\"clearfix ul-element-text \">\n            \n<p style=\"text-align: justify\" data-mce-style=\"text-align: justify;\">Propos\u00e9 par la Compagnie Escape th\u00e9\u00e2tre Adina, la plus grande star du cin\u00e9ma que le monde entier surnomme la Divine Diva est victime de plusieurs tentatives d\u2019assassinat. Face \u00e0 l\u2019impuissance de la police, les r\u00e9seaux sociaux s\u2019enflamment, des hordes de fans envahissent les rues en mena\u00e7ant de faire justice eux-m\u00eames. Les joueurs, convoqu\u00e9s par l\u2019inspecteur Albert Romain, m\u00e8nent l\u2019enqu\u00eate. Ils auront pour mission d&rsquo;examiner les preuves, de recueillir les t\u00e9moignages, d&rsquo;interroger les suspects et enfin d&rsquo;arr\u00eater celui ou celle qui, dans l\u2019ombre, tente d\u2019assassiner la Divine. Mais qu&rsquo;ils prennent garde, dans les salons, les chambres et les couloirs du palais de la Divine r\u00f4dent encore les grands spectres du th\u00e9\u00e2tre mondial : La Mouette, Ph\u00e8dre, Hermione et tant d&rsquo;autres &#8230;&nbsp;<\/p>\n<p>Inscription obligatoire sur weezevent jusqu\u2019au 12 mai. (maximum 60 participants)<\/p>\n<p>Pour participer, inscrivez-vous d\u00e8s maintenant \u00e0 la repr\u00e9sentation sur ce lien Weezevent.<\/p>\n<p>https:\/\/www.weezevent.com\/escape-theatre-divine-diva-5<\/p>\n<p> Apr\u00e8s votre inscription vous recevrez un mail de confirmation avec un billet num\u00e9rique en pi\u00e8ce jointe. Le lien Zoom pour participer \u00e0 la repr\u00e9sentation se trouvera sur ce billet et est \u00e0 conserver.\u00a0\u00bb<\/p>\n<p>&nbsp; &nbsp;<\/p>\n<p><a href=\"https:\/\/www.unilim.fr\/culture\/wp-content\/uploads\/sites\/17\/2021\/03\/JACES.jpg\" class=\"\" data-mce-href=\"https:\/\/www.unilim.fr\/culture\/wp-content\/uploads\/sites\/17\/2021\/03\/JACES.jpg\"><img loading=\"lazy\" decoding=\"async\" alt=\"\" src=\"https:\/\/www.unilim.fr\/culture\/wp-content\/uploads\/sites\/17\/2021\/03\/JACES.jpg\" class=\"aligncenter wp-image-5460\" data-mce-src=\"https:\/\/www.unilim.fr\/culture\/wp-content\/uploads\/sites\/17\/2021\/03\/JACES.jpg\" width=\"335\" height=\"191\" srcset=\"https:\/\/www.unilim.fr\/culture\/wp-content\/uploads\/sites\/17\/2021\/03\/JACES.jpg 1867w, https:\/\/www.unilim.fr\/culture\/wp-content\/uploads\/sites\/17\/2021\/03\/JACES-300x171.jpg 300w, https:\/\/www.unilim.fr\/culture\/wp-content\/uploads\/sites\/17\/2021\/03\/JACES-1024x584.jpg 1024w, https:\/\/www.unilim.fr\/culture\/wp-content\/uploads\/sites\/17\/2021\/03\/JACES-768x438.jpg 768w, https:\/\/www.unilim.fr\/culture\/wp-content\/uploads\/sites\/17\/2021\/03\/JACES-1536x875.jpg 1536w\" sizes=\"auto, (max-width: 335px) 100vw, 335px\" \/><\/a><br data-mce-bogus=\"1\"><\/p>\n        <\/div>\n                <\/div>\n                <div class=\"col-sm-6 \">\n                    <div class=\"ul-element-image \">\n            <a href=\"https:\/\/www.unilim.fr\/culture\/wp-content\/uploads\/sites\/17\/2021\/05\/Affiche-Divine-Diva-12-mai-19h-500-Universite\u0301-de-Limoges-1.jpg\" target=\"\"  rel=\"lightbox\">\n                <img decoding=\"async\" class=\"img-responsive\" src=\"https:\/\/www.unilim.fr\/culture\/wp-content\/uploads\/sites\/17\/2021\/05\/Affiche-Divine-Diva-12-mai-19h-500-Universite\u0301-de-Limoges-1.jpg\"\/>\n            <\/a>\n        <\/div>\n        <div class=\"ul-element-videojs \">\t\t\r\n\t\t<!-- Begin Video.js Responsive Wrapper -->\r\n\t\t<div style='max-width:1600px'>\r\n\t\t\t<div class='video-wrapper' style='padding-bottom:56.25%;'>\r\n\t\t\t\t\r\n\t<!-- Begin Video.js -->\r\n\t<video id=\"example_video_id_338325825\" class=\"video-js vjs-default-skin embed-responsive embed-responsive-16by9\" width=\"1600\" height=\"900\" controls preload=\"none\" data-setup='{\"forceSSL\":\"true\",\"techOrder\":[\"youtube\"],\"src\":\"https:\/\/www.youtube.com\/watch?v=Bk6Cdhvo2DQ\"}'>\r\n\t\t\r\n\t\t\r\n\t\t\r\n\t<\/video>\r\n\t<!-- End Video.js -->\r\n\r\n\t\t\t<\/div>\r\n\t\t<\/div>\r\n\t\t<!-- End Video.js Responsive Wrapper -->\r\n\t\t<\/div>        <\/div>\n        <\/div>\n            <\/div>\n                  <\/div>\n        \n","protected":false},"excerpt":{"rendered":"","protected":false},"author":51,"featured_media":0,"parent":0,"menu_order":0,"comment_status":"closed","ping_status":"closed","template":"page-le.php","meta":{"footnotes":""},"class_list":["post-5495","page","type-page","status-publish","hentry"],"_links":{"self":[{"href":"https:\/\/www.unilim.fr\/culture\/wp-json\/wp\/v2\/pages\/5495","targetHints":{"allow":["GET"]}}],"collection":[{"href":"https:\/\/www.unilim.fr\/culture\/wp-json\/wp\/v2\/pages"}],"about":[{"href":"https:\/\/www.unilim.fr\/culture\/wp-json\/wp\/v2\/types\/page"}],"author":[{"embeddable":true,"href":"https:\/\/www.unilim.fr\/culture\/wp-json\/wp\/v2\/users\/51"}],"replies":[{"embeddable":true,"href":"https:\/\/www.unilim.fr\/culture\/wp-json\/wp\/v2\/comments?post=5495"}],"version-history":[{"count":0,"href":"https:\/\/www.unilim.fr\/culture\/wp-json\/wp\/v2\/pages\/5495\/revisions"}],"wp:attachment":[{"href":"https:\/\/www.unilim.fr\/culture\/wp-json\/wp\/v2\/media?parent=5495"}],"curies":[{"name":"wp","href":"https:\/\/api.w.org\/{rel}","templated":true}]}}