{"id":52,"date":"2015-11-24T09:55:12","date_gmt":"2015-11-24T08:55:12","guid":{"rendered":"http:\/\/www.unilim.fr\/culture\/?page_id=52"},"modified":"2016-01-28T17:39:17","modified_gmt":"2016-01-28T16:39:17","slug":"photos","status":"publish","type":"page","link":"https:\/\/www.unilim.fr\/culture\/photos\/","title":{"rendered":"Photos"},"content":{"rendered":"<p>Albums photos du Service Culturel. Ces albums permettent de (re)d\u00e9couvrir de beaux moments joyeux et inoubliables organis\u00e9s chaque ann\u00e9e.<\/p>\n","protected":false},"excerpt":{"rendered":"<p>Albums photos du Service Culturel. Ces albums permettent de (re)d\u00e9couvrir de beaux moments joyeux et inoubliables organis\u00e9s chaque ann\u00e9e.<\/p>\n","protected":false},"author":51,"featured_media":0,"parent":0,"menu_order":0,"comment_status":"closed","ping_status":"closed","template":"page-le.php","meta":{"footnotes":""},"class_list":["post-52","page","type-page","status-publish","hentry"],"_links":{"self":[{"href":"https:\/\/www.unilim.fr\/culture\/wp-json\/wp\/v2\/pages\/52","targetHints":{"allow":["GET"]}}],"collection":[{"href":"https:\/\/www.unilim.fr\/culture\/wp-json\/wp\/v2\/pages"}],"about":[{"href":"https:\/\/www.unilim.fr\/culture\/wp-json\/wp\/v2\/types\/page"}],"author":[{"embeddable":true,"href":"https:\/\/www.unilim.fr\/culture\/wp-json\/wp\/v2\/users\/51"}],"replies":[{"embeddable":true,"href":"https:\/\/www.unilim.fr\/culture\/wp-json\/wp\/v2\/comments?post=52"}],"version-history":[{"count":0,"href":"https:\/\/www.unilim.fr\/culture\/wp-json\/wp\/v2\/pages\/52\/revisions"}],"wp:attachment":[{"href":"https:\/\/www.unilim.fr\/culture\/wp-json\/wp\/v2\/media?parent=52"}],"curies":[{"name":"wp","href":"https:\/\/api.w.org\/{rel}","templated":true}]}}