{"id":516,"date":"2016-01-26T23:00:00","date_gmt":"2016-01-27T10:37:40","guid":{"rendered":"http:\/\/www.unilim.fr\/culture\/?page_id=516"},"modified":"2016-01-28T17:48:53","modified_gmt":"2016-01-28T16:48:53","slug":"didier-lockwood","status":"publish","type":"page","link":"https:\/\/www.unilim.fr\/culture\/photos\/2015-2\/didier-lockwood\/","title":{"rendered":"Didier Lockwood"},"content":{"rendered":"        <div class=\"container-fluid  \" style=\"\">\n                      <div class=\"container\">\n                <div class=\"row \" style=\"margin-top: 30px;margin-bottom: 30px\">        <div class=\"col-md-12 \">\n            \n        \n        <div class=\"ul-element-header text-left  \">\n\n            <h3 class=\"ul-bold  \" style=\"\">\n                                Didier Lockwood et Aur\u00e9lie-Clarie Prost                <span><br\/><\/span><small> Concert d'ouverture de la saison culturelle 2015\/2016<\/small>            <\/h3>\n        <\/div>\n                <div class=\"clearfix ul-element-text \">\n            \n<p>Album photos du concert de Didier Lockwood en compagnie de son \u00e9l\u00e8ve Aur\u00e9lie-Claire Prost.<\/p>\n<p>&nbsp;<\/p>\n        <\/div>\n                <div class=\"clearfix ul-element-text \">\n            \n<div id='gallery-1' class='gallery galleryid-516 gallery-columns-3 gallery-size-thumbnail'><figure class='gallery-item'>\n\t\t\t<div class='gallery-icon landscape'>\n\t\t\t\t<a href='https:\/\/www.unilim.fr\/culture\/_dsc8172\/'><img loading=\"lazy\" decoding=\"async\" width=\"354\" height=\"200\" src=\"https:\/\/www.unilim.fr\/culture\/wp-content\/uploads\/sites\/17\/2016\/01\/DSC8172-354x200.jpg\" class=\"attachment-thumbnail size-thumbnail\" alt=\"\" srcset=\"https:\/\/www.unilim.fr\/culture\/wp-content\/uploads\/sites\/17\/2016\/01\/DSC8172-354x200.jpg 354w, https:\/\/www.unilim.fr\/culture\/wp-content\/uploads\/sites\/17\/2016\/01\/DSC8172-640x360.jpg 640w\" sizes=\"auto, (max-width: 354px) 100vw, 354px\" \/><\/a>\n\t\t\t<\/div><\/figure><figure class='gallery-item'>\n\t\t\t<div class='gallery-icon landscape'>\n\t\t\t\t<a href='https:\/\/www.unilim.fr\/culture\/_dsc8173\/'><img loading=\"lazy\" decoding=\"async\" width=\"354\" height=\"200\" src=\"https:\/\/www.unilim.fr\/culture\/wp-content\/uploads\/sites\/17\/2016\/01\/DSC8173-354x200.jpg\" class=\"attachment-thumbnail size-thumbnail\" alt=\"\" srcset=\"https:\/\/www.unilim.fr\/culture\/wp-content\/uploads\/sites\/17\/2016\/01\/DSC8173-354x200.jpg 354w, https:\/\/www.unilim.fr\/culture\/wp-content\/uploads\/sites\/17\/2016\/01\/DSC8173-640x360.jpg 640w\" sizes=\"auto, (max-width: 354px) 100vw, 354px\" \/><\/a>\n\t\t\t<\/div><\/figure><figure class='gallery-item'>\n\t\t\t<div class='gallery-icon landscape'>\n\t\t\t\t<a href='https:\/\/www.unilim.fr\/culture\/_dsc8178\/'><img loading=\"lazy\" decoding=\"async\" width=\"354\" height=\"200\" src=\"https:\/\/www.unilim.fr\/culture\/wp-content\/uploads\/sites\/17\/2016\/01\/DSC8178-354x200.jpg\" class=\"attachment-thumbnail size-thumbnail\" alt=\"\" srcset=\"https:\/\/www.unilim.fr\/culture\/wp-content\/uploads\/sites\/17\/2016\/01\/DSC8178-354x200.jpg 354w, https:\/\/www.unilim.fr\/culture\/wp-content\/uploads\/sites\/17\/2016\/01\/DSC8178-640x360.jpg 640w\" sizes=\"auto, (max-width: 354px) 100vw, 354px\" \/><\/a>\n\t\t\t<\/div><\/figure><figure class='gallery-item'>\n\t\t\t<div class='gallery-icon landscape'>\n\t\t\t\t<a href='https:\/\/www.unilim.fr\/culture\/_dsc8188\/'><img loading=\"lazy\" decoding=\"async\" width=\"354\" height=\"200\" src=\"https:\/\/www.unilim.fr\/culture\/wp-content\/uploads\/sites\/17\/2016\/01\/DSC8188-354x200.jpg\" class=\"attachment-thumbnail size-thumbnail\" alt=\"\" srcset=\"https:\/\/www.unilim.fr\/culture\/wp-content\/uploads\/sites\/17\/2016\/01\/DSC8188-354x200.jpg 354w, https:\/\/www.unilim.fr\/culture\/wp-content\/uploads\/sites\/17\/2016\/01\/DSC8188-640x360.jpg 640w\" sizes=\"auto, (max-width: 354px) 100vw, 354px\" \/><\/a>\n\t\t\t<\/div><\/figure><figure class='gallery-item'>\n\t\t\t<div class='gallery-icon landscape'>\n\t\t\t\t<a href='https:\/\/www.unilim.fr\/culture\/_dsc8190\/'><img loading=\"lazy\" decoding=\"async\" width=\"354\" height=\"200\" src=\"https:\/\/www.unilim.fr\/culture\/wp-content\/uploads\/sites\/17\/2016\/01\/DSC8190-354x200.jpg\" class=\"attachment-thumbnail size-thumbnail\" alt=\"\" srcset=\"https:\/\/www.unilim.fr\/culture\/wp-content\/uploads\/sites\/17\/2016\/01\/DSC8190-354x200.jpg 354w, https:\/\/www.unilim.fr\/culture\/wp-content\/uploads\/sites\/17\/2016\/01\/DSC8190-640x360.jpg 640w\" sizes=\"auto, (max-width: 354px) 100vw, 354px\" \/><\/a>\n\t\t\t<\/div><\/figure><figure class='gallery-item'>\n\t\t\t<div class='gallery-icon landscape'>\n\t\t\t\t<a href='https:\/\/www.unilim.fr\/culture\/_dsc8191\/'><img loading=\"lazy\" decoding=\"async\" width=\"354\" height=\"200\" src=\"https:\/\/www.unilim.fr\/culture\/wp-content\/uploads\/sites\/17\/2016\/01\/DSC8191-354x200.jpg\" class=\"attachment-thumbnail size-thumbnail\" alt=\"\" srcset=\"https:\/\/www.unilim.fr\/culture\/wp-content\/uploads\/sites\/17\/2016\/01\/DSC8191-354x200.jpg 354w, https:\/\/www.unilim.fr\/culture\/wp-content\/uploads\/sites\/17\/2016\/01\/DSC8191-640x360.jpg 640w\" sizes=\"auto, (max-width: 354px) 100vw, 354px\" \/><\/a>\n\t\t\t<\/div><\/figure><figure class='gallery-item'>\n\t\t\t<div class='gallery-icon portrait'>\n\t\t\t\t<a href='https:\/\/www.unilim.fr\/culture\/_dsc8195\/'><img loading=\"lazy\" decoding=\"async\" width=\"354\" height=\"200\" src=\"https:\/\/www.unilim.fr\/culture\/wp-content\/uploads\/sites\/17\/2016\/01\/DSC8195-354x200.jpg\" class=\"attachment-thumbnail size-thumbnail\" alt=\"\" srcset=\"https:\/\/www.unilim.fr\/culture\/wp-content\/uploads\/sites\/17\/2016\/01\/DSC8195-354x200.jpg 354w, https:\/\/www.unilim.fr\/culture\/wp-content\/uploads\/sites\/17\/2016\/01\/DSC8195-640x360.jpg 640w\" sizes=\"auto, (max-width: 354px) 100vw, 354px\" \/><\/a>\n\t\t\t<\/div><\/figure><figure class='gallery-item'>\n\t\t\t<div class='gallery-icon landscape'>\n\t\t\t\t<a href='https:\/\/www.unilim.fr\/culture\/_dsc8197\/'><img loading=\"lazy\" decoding=\"async\" width=\"354\" height=\"200\" src=\"https:\/\/www.unilim.fr\/culture\/wp-content\/uploads\/sites\/17\/2016\/01\/DSC8197-354x200.jpg\" class=\"attachment-thumbnail size-thumbnail\" alt=\"\" srcset=\"https:\/\/www.unilim.fr\/culture\/wp-content\/uploads\/sites\/17\/2016\/01\/DSC8197-354x200.jpg 354w, https:\/\/www.unilim.fr\/culture\/wp-content\/uploads\/sites\/17\/2016\/01\/DSC8197-640x360.jpg 640w\" sizes=\"auto, (max-width: 354px) 100vw, 354px\" \/><\/a>\n\t\t\t<\/div><\/figure><figure class='gallery-item'>\n\t\t\t<div class='gallery-icon landscape'>\n\t\t\t\t<a href='https:\/\/www.unilim.fr\/culture\/_dsc8199\/'><img loading=\"lazy\" decoding=\"async\" width=\"354\" height=\"200\" src=\"https:\/\/www.unilim.fr\/culture\/wp-content\/uploads\/sites\/17\/2016\/01\/DSC8199-354x200.jpg\" class=\"attachment-thumbnail size-thumbnail\" alt=\"\" srcset=\"https:\/\/www.unilim.fr\/culture\/wp-content\/uploads\/sites\/17\/2016\/01\/DSC8199-354x200.jpg 354w, https:\/\/www.unilim.fr\/culture\/wp-content\/uploads\/sites\/17\/2016\/01\/DSC8199-640x360.jpg 640w\" sizes=\"auto, (max-width: 354px) 100vw, 354px\" \/><\/a>\n\t\t\t<\/div><\/figure><figure class='gallery-item'>\n\t\t\t<div class='gallery-icon landscape'>\n\t\t\t\t<a href='https:\/\/www.unilim.fr\/culture\/_dsc8205\/'><img loading=\"lazy\" decoding=\"async\" width=\"354\" height=\"200\" src=\"https:\/\/www.unilim.fr\/culture\/wp-content\/uploads\/sites\/17\/2016\/01\/DSC8205-354x200.jpg\" class=\"attachment-thumbnail size-thumbnail\" alt=\"\" srcset=\"https:\/\/www.unilim.fr\/culture\/wp-content\/uploads\/sites\/17\/2016\/01\/DSC8205-354x200.jpg 354w, https:\/\/www.unilim.fr\/culture\/wp-content\/uploads\/sites\/17\/2016\/01\/DSC8205-640x360.jpg 640w\" sizes=\"auto, (max-width: 354px) 100vw, 354px\" \/><\/a>\n\t\t\t<\/div><\/figure><figure class='gallery-item'>\n\t\t\t<div class='gallery-icon portrait'>\n\t\t\t\t<a href='https:\/\/www.unilim.fr\/culture\/_dsc8213\/'><img loading=\"lazy\" decoding=\"async\" width=\"354\" height=\"200\" src=\"https:\/\/www.unilim.fr\/culture\/wp-content\/uploads\/sites\/17\/2016\/01\/DSC8213-354x200.jpg\" class=\"attachment-thumbnail size-thumbnail\" alt=\"\" srcset=\"https:\/\/www.unilim.fr\/culture\/wp-content\/uploads\/sites\/17\/2016\/01\/DSC8213-354x200.jpg 354w, https:\/\/www.unilim.fr\/culture\/wp-content\/uploads\/sites\/17\/2016\/01\/DSC8213-640x360.jpg 640w\" sizes=\"auto, (max-width: 354px) 100vw, 354px\" \/><\/a>\n\t\t\t<\/div><\/figure><figure class='gallery-item'>\n\t\t\t<div class='gallery-icon landscape'>\n\t\t\t\t<a href='https:\/\/www.unilim.fr\/culture\/_dsc8230\/'><img loading=\"lazy\" decoding=\"async\" width=\"354\" height=\"200\" src=\"https:\/\/www.unilim.fr\/culture\/wp-content\/uploads\/sites\/17\/2016\/01\/DSC8230-354x200.jpg\" class=\"attachment-thumbnail size-thumbnail\" alt=\"\" srcset=\"https:\/\/www.unilim.fr\/culture\/wp-content\/uploads\/sites\/17\/2016\/01\/DSC8230-354x200.jpg 354w, https:\/\/www.unilim.fr\/culture\/wp-content\/uploads\/sites\/17\/2016\/01\/DSC8230-640x360.jpg 640w\" sizes=\"auto, (max-width: 354px) 100vw, 354px\" \/><\/a>\n\t\t\t<\/div><\/figure><figure class='gallery-item'>\n\t\t\t<div class='gallery-icon landscape'>\n\t\t\t\t<a href='https:\/\/www.unilim.fr\/culture\/_dsc8233\/'><img loading=\"lazy\" decoding=\"async\" width=\"354\" height=\"200\" src=\"https:\/\/www.unilim.fr\/culture\/wp-content\/uploads\/sites\/17\/2016\/01\/DSC8233-354x200.jpg\" class=\"attachment-thumbnail size-thumbnail\" alt=\"\" srcset=\"https:\/\/www.unilim.fr\/culture\/wp-content\/uploads\/sites\/17\/2016\/01\/DSC8233-354x200.jpg 354w, https:\/\/www.unilim.fr\/culture\/wp-content\/uploads\/sites\/17\/2016\/01\/DSC8233-640x360.jpg 640w\" sizes=\"auto, (max-width: 354px) 100vw, 354px\" \/><\/a>\n\t\t\t<\/div><\/figure><figure class='gallery-item'>\n\t\t\t<div class='gallery-icon landscape'>\n\t\t\t\t<a href='https:\/\/www.unilim.fr\/culture\/_dsc8234\/'><img loading=\"lazy\" decoding=\"async\" width=\"354\" height=\"200\" src=\"https:\/\/www.unilim.fr\/culture\/wp-content\/uploads\/sites\/17\/2016\/01\/DSC8234-354x200.jpg\" class=\"attachment-thumbnail size-thumbnail\" alt=\"\" srcset=\"https:\/\/www.unilim.fr\/culture\/wp-content\/uploads\/sites\/17\/2016\/01\/DSC8234-354x200.jpg 354w, https:\/\/www.unilim.fr\/culture\/wp-content\/uploads\/sites\/17\/2016\/01\/DSC8234-640x360.jpg 640w\" sizes=\"auto, (max-width: 354px) 100vw, 354px\" \/><\/a>\n\t\t\t<\/div><\/figure><figure class='gallery-item'>\n\t\t\t<div class='gallery-icon portrait'>\n\t\t\t\t<a href='https:\/\/www.unilim.fr\/culture\/_dsc8267\/'><img loading=\"lazy\" decoding=\"async\" width=\"354\" height=\"200\" src=\"https:\/\/www.unilim.fr\/culture\/wp-content\/uploads\/sites\/17\/2016\/01\/DSC8267-354x200.jpg\" class=\"attachment-thumbnail size-thumbnail\" alt=\"\" srcset=\"https:\/\/www.unilim.fr\/culture\/wp-content\/uploads\/sites\/17\/2016\/01\/DSC8267-354x200.jpg 354w, https:\/\/www.unilim.fr\/culture\/wp-content\/uploads\/sites\/17\/2016\/01\/DSC8267-640x360.jpg 640w\" sizes=\"auto, (max-width: 354px) 100vw, 354px\" \/><\/a>\n\t\t\t<\/div><\/figure><figure class='gallery-item'>\n\t\t\t<div class='gallery-icon landscape'>\n\t\t\t\t<a href='https:\/\/www.unilim.fr\/culture\/_dsc8280\/'><img loading=\"lazy\" decoding=\"async\" width=\"354\" height=\"200\" src=\"https:\/\/www.unilim.fr\/culture\/wp-content\/uploads\/sites\/17\/2016\/01\/DSC8280-354x200.jpg\" class=\"attachment-thumbnail size-thumbnail\" alt=\"\" srcset=\"https:\/\/www.unilim.fr\/culture\/wp-content\/uploads\/sites\/17\/2016\/01\/DSC8280-354x200.jpg 354w, https:\/\/www.unilim.fr\/culture\/wp-content\/uploads\/sites\/17\/2016\/01\/DSC8280-640x360.jpg 640w\" sizes=\"auto, (max-width: 354px) 100vw, 354px\" \/><\/a>\n\t\t\t<\/div><\/figure><figure class='gallery-item'>\n\t\t\t<div class='gallery-icon portrait'>\n\t\t\t\t<a href='https:\/\/www.unilim.fr\/culture\/_dsc8304\/'><img loading=\"lazy\" decoding=\"async\" width=\"354\" height=\"200\" src=\"https:\/\/www.unilim.fr\/culture\/wp-content\/uploads\/sites\/17\/2016\/01\/DSC8304-354x200.jpg\" class=\"attachment-thumbnail size-thumbnail\" alt=\"\" srcset=\"https:\/\/www.unilim.fr\/culture\/wp-content\/uploads\/sites\/17\/2016\/01\/DSC8304-354x200.jpg 354w, https:\/\/www.unilim.fr\/culture\/wp-content\/uploads\/sites\/17\/2016\/01\/DSC8304-640x360.jpg 640w\" sizes=\"auto, (max-width: 354px) 100vw, 354px\" \/><\/a>\n\t\t\t<\/div><\/figure><figure class='gallery-item'>\n\t\t\t<div class='gallery-icon landscape'>\n\t\t\t\t<a href='https:\/\/www.unilim.fr\/culture\/_dsc8309\/'><img loading=\"lazy\" decoding=\"async\" width=\"354\" height=\"200\" src=\"https:\/\/www.unilim.fr\/culture\/wp-content\/uploads\/sites\/17\/2016\/01\/DSC8309-354x200.jpg\" class=\"attachment-thumbnail size-thumbnail\" alt=\"\" srcset=\"https:\/\/www.unilim.fr\/culture\/wp-content\/uploads\/sites\/17\/2016\/01\/DSC8309-354x200.jpg 354w, https:\/\/www.unilim.fr\/culture\/wp-content\/uploads\/sites\/17\/2016\/01\/DSC8309-640x360.jpg 640w\" sizes=\"auto, (max-width: 354px) 100vw, 354px\" \/><\/a>\n\t\t\t<\/div><\/figure><figure class='gallery-item'>\n\t\t\t<div class='gallery-icon portrait'>\n\t\t\t\t<a href='https:\/\/www.unilim.fr\/culture\/_dsc8337\/'><img loading=\"lazy\" decoding=\"async\" width=\"354\" height=\"200\" src=\"https:\/\/www.unilim.fr\/culture\/wp-content\/uploads\/sites\/17\/2016\/01\/DSC8337-354x200.jpg\" class=\"attachment-thumbnail size-thumbnail\" alt=\"\" srcset=\"https:\/\/www.unilim.fr\/culture\/wp-content\/uploads\/sites\/17\/2016\/01\/DSC8337-354x200.jpg 354w, https:\/\/www.unilim.fr\/culture\/wp-content\/uploads\/sites\/17\/2016\/01\/DSC8337-640x360.jpg 640w\" sizes=\"auto, (max-width: 354px) 100vw, 354px\" \/><\/a>\n\t\t\t<\/div><\/figure>\n\t\t<\/div>\n\n        <\/div>\n                <\/div>\n        <\/div>\n            <\/div>\n                  <\/div>\n        \n","protected":false},"excerpt":{"rendered":"","protected":false},"author":51,"featured_media":0,"parent":304,"menu_order":0,"comment_status":"closed","ping_status":"closed","template":"page-le.php","meta":{"footnotes":""},"class_list":["post-516","page","type-page","status-publish","hentry"],"_links":{"self":[{"href":"https:\/\/www.unilim.fr\/culture\/wp-json\/wp\/v2\/pages\/516","targetHints":{"allow":["GET"]}}],"collection":[{"href":"https:\/\/www.unilim.fr\/culture\/wp-json\/wp\/v2\/pages"}],"about":[{"href":"https:\/\/www.unilim.fr\/culture\/wp-json\/wp\/v2\/types\/page"}],"author":[{"embeddable":true,"href":"https:\/\/www.unilim.fr\/culture\/wp-json\/wp\/v2\/users\/51"}],"replies":[{"embeddable":true,"href":"https:\/\/www.unilim.fr\/culture\/wp-json\/wp\/v2\/comments?post=516"}],"version-history":[{"count":0,"href":"https:\/\/www.unilim.fr\/culture\/wp-json\/wp\/v2\/pages\/516\/revisions"}],"up":[{"embeddable":true,"href":"https:\/\/www.unilim.fr\/culture\/wp-json\/wp\/v2\/pages\/304"}],"wp:attachment":[{"href":"https:\/\/www.unilim.fr\/culture\/wp-json\/wp\/v2\/media?parent=516"}],"curies":[{"name":"wp","href":"https:\/\/api.w.org\/{rel}","templated":true}]}}