{"id":4839,"date":"2023-05-30T22:00:00","date_gmt":"2020-10-21T21:28:33","guid":{"rendered":"http:\/\/www.unilim.fr\/culture\/?page_id=4839"},"modified":"2023-07-24T15:20:51","modified_gmt":"2023-07-24T13:20:51","slug":"saison-culturelle-universitaire-20-21","status":"publish","type":"page","link":"https:\/\/www.unilim.fr\/culture\/saison-culturelle-universitaire-20-21\/","title":{"rendered":"Saison Culturelle Universitaire 22-23"},"content":{"rendered":"        <div class=\"container-fluid  \" style=\"\">\n                      <div class=\"container\">\n                <div class=\"row \" style=\"margin-top: 30px;margin-bottom: 30px\">        <div class=\"col-sm-12 \">\n                    <div class=\"clearfix ul-element-text \">\n            \n<p><strong data-mce-style=\"background-color: transparent;\" style=\"background-color: transparent\">Ann\u00e9e 2022-2023<\/strong><span data-mce-style=\"background-color: transparent;\" style=\"background-color: transparent\">&nbsp;<\/span><\/p>\n<p><strong><span style=\"background-color: transparent\" data-mce-style=\"background-color: transparent;\">1er semestre :<\/span><\/strong><\/p>\n<ul>\n<li><span style=\"background-color: transparent\" data-mce-style=\"background-color: transparent;\">Ouverture des inscriptions&nbsp;pour les ateliers de pratiques culturelles saison 2022-2023.&nbsp;<\/span><\/li>\n<li>Exposition \u00ab\u00a0Esprits libres\u00a0\u00bb : du 17 juin 2022 au 1er avril 2023, \u00e0 la Fondation Bernardaud.&nbsp;<\/li>\n<li>Ev\u00e8nement de rentr\u00e9e <em>\u00ab\u00a0Les Voix du levant\u00a0\u00bb<\/em>, direction musicale <em>Andr\u00e9 Manoukian<\/em> : 17 septembre 2022, 20h \u00e0 l&rsquo;Op\u00e9ra de Limoges.<\/li>\n<li>Exposition de rentr\u00e9e \u00ab\u00a0Papa et Rangi\u00a0\u00bb, par <em>Laure Br\u00e9aud<\/em> : du 21 septembre au 10 octobre 2022, dans le hall de la FLSH.<\/li>\n<li>7 \u00e8mes Rencontres Cin\u00e9matographiques de Limoges : du 8 au 16 octobre 2022.&nbsp;<\/li>\n<li>Concert du&nbsp;<em>Kahil El&rsquo;Zabar Quartet<\/em>&nbsp;\u00ab\u00a0A Time For Healing\u00a0\u00bb : 20 octobre 2022, 20h \u00e0 l&rsquo;Espace Noriac (dans le cadre de la saison \u00ab\u00a0Jazz et Musiques Improvis\u00e9es\u00a0\u00bb).<\/li>\n<li>Concert du groupe <em>Mes Souliers Sont Rouges<\/em> : 5 novembre 2022, 20h au CCM John Lennon.&nbsp;<\/li>\n<li>Exposition de photographie \u00ab\u00a0Les Mains de la Paix\u00a0\u00bb, par <em>S\u00e9verine Desmaret<\/em> (projet soutenu par l&rsquo;<em>UNESCO<\/em>) : du 7 novembre 2022 au 10 janvier 2023, hall de la FDSE et FLSH.<\/li>\n<li>Le spectacle \u00ab\u00a0Parbleu\u00a0\u00bb dans le cadre de la Nuit Du Cirque : 11 novembre 2022, 19h au Sirque de Nexon (Le Vaisseau).&nbsp;<\/li>\n<li>Th\u00e9\u00e2tre \u00ab\u00a0Emilie ne sera plus jamais cueillie par l&rsquo;an\u00e9mone\u00a0\u00bb : du 15 au 19 novembre 2022, 20h et 20 novembre 2022, 18h30 au Th\u00e9\u00e2tre de la Passerelle.&nbsp;<\/li>\n<li>Conf\u00e9rence de <em>Fr\u00e9d\u00e9rique Martin-Scherrer<\/em> \u00ab\u00a0Pol Bury et l&rsquo;\u00e9dition\u00a0\u00bb : 15 novembre, 18h \u00e0 l&rsquo;ENSA.&nbsp;<\/li>\n<li>17 \u00e8me \u00e9dition du&nbsp;Festival&nbsp;Eclats d&rsquo;Email &#8211; Jazz Edition : du 17 au 27 novembre 2022.&nbsp;<\/li>\n<li>Soir\u00e9e Hip Hop \u00ab\u00a0Shake The Night\u00a0\u00bb avec <em>Ic\u00f4ne<\/em>, <em>Raw<\/em> et un DJ set : 25 novembre 2022, 20h au CCM Jean-Moulin.&nbsp;<\/li>\n<li>Spectacle \u00ab\u00a0Lily Passion\u00a0\u00bb : 2 d\u00e9cembre 2022, 20h \u00e0 l&rsquo;Op\u00e9ra de Limoges (Inscrit \u00e0 la Programmation de saison de l&rsquo;Op\u00e9ra).<\/li>\n<li>Concert de Noel avec <em>Vincent Beer Demander<\/em> : 15 d\u00e9cembre 2022, 20h \u00e0 l&rsquo;Eglise Saint-Michel des Lions.<\/li>\n<\/ul>\n<p><strong>2\u00e8me semestre :<\/strong><\/p>\n<ul>\n<li>Exposition \u00ab\u00a0Expressions Libres\u00a0\u00bb, par <em>Olivier Messas<\/em> : du 15 janvier au 11 avril 2023, BU de la FDSE.&nbsp;<\/li>\n<li>Lecture Musicale d&rsquo;<em>Olivia Ruiz<\/em> : 20 janvier 2023, 20h \u00e0 l&rsquo;Espace Simone Veil (dans le cadre des Nuits de la Lecture 2023).<\/li>\n<li>Th\u00e9\u00e2tre \u00ab\u00a0Une Sale Histoire\u00a0\u00bb : 31 janvier 2023, 20h, BU de la FDSE.<\/li>\n<li>Journ\u00e9es Art &amp; Culture dans l&rsquo;Enseignement Sup\u00e9rieur (#JACES 2023) : du 3 au 5 avril 2023.&nbsp;<\/li>\n<li>Th\u00e9\u00e2tre \u00ab\u00a0Ce que la nuit nous murmure\u00a0\u00bb :&nbsp;26 avril 2023, 17h, Th\u00e9\u00e2tre Expression7.&nbsp;<\/li>\n<li>Conf\u00e9rence Gesticul\u00e9e de Franck Lepage de la Compagnie Mise en page :&nbsp;11 Mai 2023, 20h, BU de la FDSE.&nbsp;<\/li>\n<li>Exposition Urbaka : du 12 mai au 5 juin 2023, hall de la FLSH.&nbsp;<\/li>\n<li>Op\u00e9ra \u00ab\u00a0Cendrillon\u00a0\u00bb : 12, 14 et 16 mai 2023, Op\u00e9ra de Limoges.<\/li>\n<li>Festival des Veyracomusies &#8211; 35\u00e8me \u00e9dition :&nbsp;du 17 au 20 Mai 2023, Veyrac.&nbsp;<\/li>\n<li>Concert Riverside Stream : 2 Juin 2023, 20h, Th\u00e9atre de la Passerelle.&nbsp;<\/li>\n<li>Concert de Printemps de l&rsquo;Universit\u00e9 de Limoges avec Manon Galy (REVELATION VICTOIRES DE LA MUSIQUE 2022) :&nbsp;8 Juin 2023, 20h, Amphi 600 FDSE.&nbsp;<\/li>\n<li>Festival 1001 Notes \u00e9dition 2023 :&nbsp;du 25 au 29 juillet 2023, Patinoire Olympique de Limoges.&nbsp;<\/li>\n<\/ul>\n        <\/div>\n                <\/div>\n        <\/div>\n            <\/div>\n                  <\/div>\n        \n","protected":false},"excerpt":{"rendered":"","protected":false},"author":51,"featured_media":0,"parent":0,"menu_order":0,"comment_status":"closed","ping_status":"closed","template":"page-le.php","meta":{"footnotes":""},"class_list":["post-4839","page","type-page","status-publish","hentry"],"_links":{"self":[{"href":"https:\/\/www.unilim.fr\/culture\/wp-json\/wp\/v2\/pages\/4839","targetHints":{"allow":["GET"]}}],"collection":[{"href":"https:\/\/www.unilim.fr\/culture\/wp-json\/wp\/v2\/pages"}],"about":[{"href":"https:\/\/www.unilim.fr\/culture\/wp-json\/wp\/v2\/types\/page"}],"author":[{"embeddable":true,"href":"https:\/\/www.unilim.fr\/culture\/wp-json\/wp\/v2\/users\/51"}],"replies":[{"embeddable":true,"href":"https:\/\/www.unilim.fr\/culture\/wp-json\/wp\/v2\/comments?post=4839"}],"version-history":[{"count":0,"href":"https:\/\/www.unilim.fr\/culture\/wp-json\/wp\/v2\/pages\/4839\/revisions"}],"wp:attachment":[{"href":"https:\/\/www.unilim.fr\/culture\/wp-json\/wp\/v2\/media?parent=4839"}],"curies":[{"name":"wp","href":"https:\/\/api.w.org\/{rel}","templated":true}]}}