{"id":48,"date":"2024-09-24T22:00:00","date_gmt":"2015-11-24T08:54:16","guid":{"rendered":"http:\/\/www.unilim.fr\/culture\/?page_id=48"},"modified":"2025-08-10T16:34:13","modified_gmt":"2025-08-10T14:34:13","slug":"pass-culture","status":"publish","type":"page","link":"https:\/\/www.unilim.fr\/culture\/pass-culture\/","title":{"rendered":"Passeport culturel"},"content":{"rendered":"        <div class=\"container-fluid  \" style=\"\">\n                      <div class=\"container\">\n                <div class=\"row \" style=\"margin-top: 30px;margin-bottom: 30px\">        <div class=\"col-sm-12 \">\n                    <div class=\"clearfix ul-element-text \">\n            \n<h3 class=\"ul-bold\">Infos Pratiques<\/h3>\n<p><strong>Qui peut b\u00e9n\u00e9ficier du Passeport Culturel ?<\/strong><\/p>\n<ul>\n<li>Les Etudiants<\/li>\n<li>Les personnels de l&rsquo;Universit\u00e9<\/li>\n<li>Toutes personnes ext\u00e9rieure \u00e0 l&rsquo;universit\u00e9 ayant pay\u00e9 son adh\u00e9sion annuelle au Passeport Culturel (Voir tarifs ci-dessous)<\/li>\n<\/ul>\n<p><strong>Le Passeport Culturel est gratuit pour les \u00e9tudiants et les personnels de l&rsquo;Universit\u00e9.<\/strong> Pour les autres citoyens il s&rsquo;obtient aupr\u00e8s du Service Culturel. Il est \u00e0 retirer aupr\u00e8s du service culturel. Contact&nbsp;: serviceculturel@unilim.fr&nbsp; \/&nbsp; 0672915394 <strong> La carte d\u2019\u00e9tudiant ou la carte professionnelle des personnels de l&rsquo;Universit\u00e9 font office de Passeport Culturel et permet de b\u00e9n\u00e9ficier des offres sur pr\u00e9sentations de celles-ci.<\/strong> <strong>Tarifs :<\/strong><\/p>\n<ul>\n<li>Gratuit \u00e9tudiants &amp; personnels<\/li>\n<li>Tarif pour les personnes ext\u00e9rieures&nbsp;: 35 euros\/an<\/li>\n<\/ul>\n<p>Le Passeport Culturel est valable du 1er Septembre 2025 au 31 Ao\u00fbt 2026. <strong>Quels sont les avantages du Passeport Culturel ?<\/strong><\/p>\n<ul>\n<li>d&rsquo;adh\u00e9rer aux ateliers de pratiques culturelles propos\u00e9s par le Service culturel. (Voir liste sur le site www.unilim.fr\/culture )<\/li>\n<li>de s&rsquo;informer sur l&rsquo;actualit\u00e9 culturelle du territoire et de faire des r\u00e9servations en ligne via le Kiosque, (plateforme d\u2019information culturelle et de r\u00e9servation) lekiosque.unilim.fr &#8211; de b\u00e9n\u00e9ficier de nombreuses offres culturelles&nbsp; en lien avec de nombreux partenaires culturels&nbsp; de Limoges et des sites de Tulle, Brive, Gu\u00e9ret. (Gratuit\u00e9 ou tarifs r\u00e9duits)<\/li>\n<\/ul>\n<p><strong>Qui sont les partenaires du Pass de vie universitaire et les tarifs appliqu\u00e9s ?<\/strong><\/p>\n<ul>\n<li>Op\u00e9ra de Limoges&nbsp; : 10 euros Etudiants\/ -10% b\u00e9n\u00e9ficiaires Passeport Culturel (Personnels et ext\u00e9rieurs)<\/li>\n<li>Th\u00e9\u00e2tre Expression 7&nbsp; : 8 euros Etudiant\/ 12 euros b\u00e9n\u00e9ficiaires Passeport Culturel (Personnels et ext\u00e9rieurs)<\/li>\n<li>Kanope productions &nbsp;: -20% de r\u00e9duction&nbsp; Etudiants et&nbsp;b\u00e9n\u00e9ficiaires Passeport Culturel (Personnels et ext\u00e9rieurs)<\/li>\n<li>Th\u00e9\u00e2tre de l&rsquo;Union : 8 euros Etudiant\/15 euros&nbsp;b\u00e9n\u00e9ficiaires Passeport Culturel (Personnels et ext\u00e9rieurs)<\/li>\n<li>Peel Productions &nbsp;: -10 % pour les \u00e9tudiants &amp;&nbsp;b\u00e9n\u00e9ficiaires Passeport Culturel (Personnels et ext\u00e9rieurs)<\/li>\n<li>Festival 1001 Notes&nbsp;https:\/\/festival1001notes.com\/ :&nbsp;8 euros Etudiants &amp; B\u00e9n\u00e9ficiaires Passeport Culturel hors festival (b\u00e9n\u00e9ficiaires Passeport Culturel (Personnels et ext\u00e9rieurs)<\/li>\n<li>Sirque de Nexon &nbsp;: 8 euros Etudiants &amp; -10% sur Tarif unique pour les&nbsp;b\u00e9n\u00e9ficiaires Passeport Culturel (Personnels et ext\u00e9rieurs)<\/li>\n<li>Mus\u00e9e National Adrien Dubouch\u00e9&nbsp;: Gratuit &#8211; de 26 ans<\/li>\n<li>L\u2019empreinte Brive\/Tulle : 14 euros Etudiant\/19 euros pour&nbsp;b\u00e9n\u00e9ficiaires Passeport Culturel (Personnels et ext\u00e9rieurs)<\/li>\n<li>La Gu\u00e9r\u00e9toise de spectacle : pour&nbsp;<span style=\"background-color: transparent\" data-mce-style=\"background-color: transparent;\">les&nbsp;b\u00e9n\u00e9ficiaires du Passeport Culturel (Personnels et ext\u00e9rieurs)<\/span>&nbsp;: Tarif A : r\u00e9duit = 18.00\u20ac \/ jeune = 8.50 \u20acTarif B : r\u00e9duit = 10.00\u20ac \/ jeune = 7.00\u20ac Tarif C : r\u00e9duit = 7.00\u20ac \/ jeune = 7.00 \u20ac<\/li>\n<li>Sc\u00e8ne Nationale d&rsquo;Aubusson : 6 euros en repr\u00e9sentation scolaire, 8 euros Etudiants repr\u00e9sentations tous publics&nbsp; et 15 euros pour b\u00e9n\u00e9ficiaires Passeport Culturel (Personnels et ext\u00e9rieurs) (Tarifs 25-26 en cours)<\/li>\n<li>Cultura https:\/\/www.cultura.com\/les-magasins\/cultura-limoges.html : 5 euros Etudiants<\/li>\n<li>Cin\u00e9mas Grands Ecrans Limoges offre Cin\u00e9tudiant. Les \u00e9tudiants peuvent acheter la carte cin\u00e9tudiant (nominative avec photo) au tarif de 5 \u20ac ensuite, hors vacances scolaires les places sont \u00e0 5.5 \u00e0 l\u2019unit\u00e9, la formule est rentable \u00e0 partir de 2 places dans la saison<\/li>\n<\/ul>\n<p><span style=\"text-decoration: underline\" data-mce-style=\"text-decoration: underline;\">Le service de l&rsquo;Action Sociale et le Service Culturel s&rsquo;associent afin de promouvoir deux actions diff\u00e9rentes mais compl\u00e9mentaires<\/span> : Le Passeport Culturel et le Forfait culture Le forfait culture quant \u00e0 lui prend en charge, \u00e0 hauteur de 50\u20ac par ann\u00e9e civile, les billets de concerts, d&rsquo;op\u00e9ras, de mus\u00e9es ou de th\u00e9\u00e2tres. Vous pouvez retrouver toutes les informations utiles sur l&rsquo;intranet de l&rsquo;Universit\u00e9 : informations g\u00e9n\u00e9rales &#8211; action sociale et sur le site du service culturel www.unilim.fr\/culture Comment obtenir le Passeport Culturel ?<\/p>\n        <\/div>\n        \n        \n        <div class=\"ul-element-header text-left  \">\n\n            <h2 class=\"ul-bold  \" style=\"\">\n                                Le Passeport Culturel                            <\/h2>\n        <\/div>\n                <\/div>\n        <\/div>\n            <\/div>\n                  <\/div>\n        \n","protected":false},"excerpt":{"rendered":"","protected":false},"author":51,"featured_media":8242,"parent":0,"menu_order":0,"comment_status":"closed","ping_status":"closed","template":"page-le.php","meta":{"footnotes":""},"class_list":["post-48","page","type-page","status-publish","has-post-thumbnail","hentry"],"_links":{"self":[{"href":"https:\/\/www.unilim.fr\/culture\/wp-json\/wp\/v2\/pages\/48","targetHints":{"allow":["GET"]}}],"collection":[{"href":"https:\/\/www.unilim.fr\/culture\/wp-json\/wp\/v2\/pages"}],"about":[{"href":"https:\/\/www.unilim.fr\/culture\/wp-json\/wp\/v2\/types\/page"}],"author":[{"embeddable":true,"href":"https:\/\/www.unilim.fr\/culture\/wp-json\/wp\/v2\/users\/51"}],"replies":[{"embeddable":true,"href":"https:\/\/www.unilim.fr\/culture\/wp-json\/wp\/v2\/comments?post=48"}],"version-history":[{"count":6,"href":"https:\/\/www.unilim.fr\/culture\/wp-json\/wp\/v2\/pages\/48\/revisions"}],"predecessor-version":[{"id":13994,"href":"https:\/\/www.unilim.fr\/culture\/wp-json\/wp\/v2\/pages\/48\/revisions\/13994"}],"wp:featuredmedia":[{"embeddable":true,"href":"https:\/\/www.unilim.fr\/culture\/wp-json\/wp\/v2\/media\/8242"}],"wp:attachment":[{"href":"https:\/\/www.unilim.fr\/culture\/wp-json\/wp\/v2\/media?parent=48"}],"curies":[{"name":"wp","href":"https:\/\/api.w.org\/{rel}","templated":true}]}}