{"id":4786,"date":"2020-10-18T22:00:00","date_gmt":"2020-10-19T07:52:31","guid":{"rendered":"http:\/\/www.unilim.fr\/culture\/?page_id=4786"},"modified":"2022-09-15T11:54:44","modified_gmt":"2022-09-15T09:54:44","slug":"presentation","status":"publish","type":"page","link":"https:\/\/www.unilim.fr\/culture\/ateliers-culturels\/presentation\/","title":{"rendered":"Pr\u00e9sentation"},"content":{"rendered":"        <div class=\"container-fluid  \" style=\"\">\n                      <div class=\"container\">\n                <div class=\"row \" style=\"margin-top: 30px;margin-bottom: 30px\">        <div class=\"col-md-12 \">\n            \n        \n        <div class=\"ul-element-header text-left  \">\n\n            <h2 class=\"ul-bold  \" style=\"\">\n                                Ateliers de pratiques artistiques et culturelles                            <\/h2>\n        <\/div>\n                <div class=\"clearfix ul-element-text \">\n            \n<p>Les ateliers culturels se pratiquent de fa\u00e7on hebdomadaire, hors vacances scolaires.<\/p>\n<p>Ces ateliers sont dirig\u00e9s par des artistes professionnels. Ils sont ouverts aux \u00e9tudiants, aux personnels et&nbsp;\u00e0 tous publics.<\/p>\n<p>Les inscriptions sont gratuites pour les \u00e9tudiants<\/p>\n<p>Les personnels et les personnes ext\u00e9rieures doivent s&rsquo;acquiter du Passeport culturel d\u00e9livr\u00e9 par le Service Culturel.&nbsp;<\/p>\n<p><strong>Inscriptions <\/strong><\/p>\n<ul>\n<li>T\u00e9l : 06 72 91 53 94<\/li>\n<li>Mail : serviceculturel@unilim.fr<\/li>\n<li>Ou aupr\u00e8s du bureau du Service Culturel &#8211; P\u00f4le Formation &#8211; 88, rue du Pont St Martial,&nbsp;B\u00e2timent du Crous RDC<\/li>\n<\/ul>\n<p>Restitution du travail d\u00e9velopp\u00e9 au sein des ateliers.<\/p>\n<p>Le travail effectu\u00e9 au sein de ces ateliers fait l&rsquo;objet de repr\u00e9sentations et de productions pr\u00e9sent\u00e9es au public pendant le \u00ab&nbsp;Festival \u00c9tudiant&nbsp;\u00bb de l&rsquo;Universit\u00e9 de Limoges qui se d\u00e9roule durant les journ\u00e9es des Arts et de la Culture dans l&rsquo;Enseignement Sup\u00e9rieur fin Mars.<\/p>\n<p>Les&nbsp;ateliers donnent droit \u00e0 la validation de la pratique culturelle \u00e0 la fin de chaque semestre selon des crit\u00e8res d\u00e9finis.<\/p>\n        <\/div>\n                <\/div>\n        <\/div>\n            <\/div>\n                  <\/div>\n        \n","protected":false},"excerpt":{"rendered":"","protected":false},"author":51,"featured_media":0,"parent":50,"menu_order":0,"comment_status":"closed","ping_status":"closed","template":"page-le.php","meta":{"footnotes":""},"class_list":["post-4786","page","type-page","status-publish","hentry"],"_links":{"self":[{"href":"https:\/\/www.unilim.fr\/culture\/wp-json\/wp\/v2\/pages\/4786","targetHints":{"allow":["GET"]}}],"collection":[{"href":"https:\/\/www.unilim.fr\/culture\/wp-json\/wp\/v2\/pages"}],"about":[{"href":"https:\/\/www.unilim.fr\/culture\/wp-json\/wp\/v2\/types\/page"}],"author":[{"embeddable":true,"href":"https:\/\/www.unilim.fr\/culture\/wp-json\/wp\/v2\/users\/51"}],"replies":[{"embeddable":true,"href":"https:\/\/www.unilim.fr\/culture\/wp-json\/wp\/v2\/comments?post=4786"}],"version-history":[{"count":0,"href":"https:\/\/www.unilim.fr\/culture\/wp-json\/wp\/v2\/pages\/4786\/revisions"}],"up":[{"embeddable":true,"href":"https:\/\/www.unilim.fr\/culture\/wp-json\/wp\/v2\/pages\/50"}],"wp:attachment":[{"href":"https:\/\/www.unilim.fr\/culture\/wp-json\/wp\/v2\/media?parent=4786"}],"curies":[{"name":"wp","href":"https:\/\/api.w.org\/{rel}","templated":true}]}}