{"id":4784,"date":"2020-10-17T22:00:00","date_gmt":"2020-10-18T00:00:00","guid":{"rendered":"http:\/\/www.unilim.fr\/culture\/atelier-theatre-3\/"},"modified":"2020-10-22T12:02:08","modified_gmt":"2020-10-22T10:02:08","slug":"atelier-theatre-3","status":"publish","type":"page","link":"https:\/\/www.unilim.fr\/culture\/atelier-theatre-3\/","title":{"rendered":"Atelier Th\u00e9\u00e2tre"},"content":{"rendered":"        <div class=\"container-fluid  \" style=\"\">\n                      <div class=\"container\">\n                <div class=\"row \" style=\"margin-top: 30px;margin-bottom: 30px\">        <div class=\"col-sm-12 \">\n                    <div class=\"clearfix ul-element-text \">\n            \n<p>Atelier Th\u00e9\u00e2tre<\/p>\n<p>Jeudi&nbsp;de 17h30 \u00e0 19h30&nbsp; Biblioth\u00e8que universitaire&nbsp; IUT&nbsp;Tulle<\/p>\n<p>Direction S\u00e9verine Massias<\/p>\n<p>Com\u00e9dienne<br \/>Directrice artistique de la compagnie Th\u00e9\u00e2tre sur le Fil \u00e0 Brive<\/p>\n<p>&nbsp;<\/p>\n<p>Pratique de diverses techniques li\u00e9es au corps, \u00e0 l\u2019espace, \u00e0 sa relation aux autres, au d\u00e9veloppement de son imaginaire, de sa fantaisie\u2026 Travail sur la confiance en soi, humilit\u00e9, engagement, enthousiasme.<\/p>\n<p>Trouver avant tout du plaisir au jeu.<\/p>\n<p>Pour le projet, travail en lien avec d\u2019autres ateliers pr\u00e9sents sur le site universitaire&nbsp;: m\u00ealer les arts pour ajouter une ouverture diff\u00e9rente et un partage suppl\u00e9mentaire qui donnent une impulsion tr\u00e8s positive.<\/p>\n<p>&nbsp;<\/p>\n<p>(Pr\u00e9paration d\u2019une pi\u00e8ce de th\u00e9\u00e2tre)<\/p>\n<p><\/p>\n        <\/div>\n                <\/div>\n        <\/div>\n            <\/div>\n                  <\/div>\n        \n","protected":false},"excerpt":{"rendered":"","protected":false},"author":51,"featured_media":0,"parent":0,"menu_order":0,"comment_status":"closed","ping_status":"closed","template":"page-le.php","meta":{"footnotes":""},"class_list":["post-4784","page","type-page","status-publish","hentry"],"_links":{"self":[{"href":"https:\/\/www.unilim.fr\/culture\/wp-json\/wp\/v2\/pages\/4784","targetHints":{"allow":["GET"]}}],"collection":[{"href":"https:\/\/www.unilim.fr\/culture\/wp-json\/wp\/v2\/pages"}],"about":[{"href":"https:\/\/www.unilim.fr\/culture\/wp-json\/wp\/v2\/types\/page"}],"author":[{"embeddable":true,"href":"https:\/\/www.unilim.fr\/culture\/wp-json\/wp\/v2\/users\/51"}],"replies":[{"embeddable":true,"href":"https:\/\/www.unilim.fr\/culture\/wp-json\/wp\/v2\/comments?post=4784"}],"version-history":[{"count":0,"href":"https:\/\/www.unilim.fr\/culture\/wp-json\/wp\/v2\/pages\/4784\/revisions"}],"wp:attachment":[{"href":"https:\/\/www.unilim.fr\/culture\/wp-json\/wp\/v2\/media?parent=4784"}],"curies":[{"name":"wp","href":"https:\/\/api.w.org\/{rel}","templated":true}]}}