{"id":4776,"date":"2020-10-18T00:00:00","date_gmt":"2020-10-18T00:00:00","guid":{"rendered":"http:\/\/www.unilim.fr\/culture\/atelier-theatre-2\/"},"modified":"2024-08-27T17:02:09","modified_gmt":"2024-08-27T15:02:09","slug":"atelier-theatre-2","status":"publish","type":"page","link":"https:\/\/www.unilim.fr\/culture\/atelier-theatre-2\/","title":{"rendered":"Atelier Th\u00e9\u00e2tre"},"content":{"rendered":"        <div class=\"container-fluid  \" style=\"\">\n                      <div class=\"container\">\n                <div class=\"row \" style=\"margin-top: 30px;margin-bottom: 30px\">        <div class=\"col-sm-12 \">\n                    <div class=\"clearfix ul-element-text \">\n            \n<p>Atelier Th\u00e9\u00e2tre Campus de Gu\u00e9ret<\/p>\n<p>Pratique validante<\/p>\n<p>Formation de base, savoir se produire en public, gestuelle et maitrise de soi, \u00e9tude de textes contemporains. Travail collectif et mise en sc\u00e8ne.<\/p>\n<p>(Pr\u00e9paration d\u2019une pi\u00e8ce de th\u00e9\u00e2tre.)<\/p>\n<p>Direction\u00a0 Herv\u00e9 Herpe<\/p>\n<p>Directeur de la Gu\u00e9r\u00e9toise de spectacle<\/p>\n<p>Com\u00e9dien Dramaturge, Musicien<\/p>\n<p>Jeudi de 18h \u00e0 20h\u00a0 \u00a0Campus de Gu\u00e9ret<\/p>\n<p>Inscription : nadine.chaulet@unilim.fr<\/p>\n<p>Renseignements : serviceculturel@unilim.fr<\/p>\n<p>0672915394<\/p>\n        <\/div>\n                <\/div>\n        <\/div>\n            <\/div>\n                  <\/div>\n        \n","protected":false},"excerpt":{"rendered":"","protected":false},"author":51,"featured_media":0,"parent":0,"menu_order":0,"comment_status":"closed","ping_status":"closed","template":"page-le.php","meta":{"footnotes":""},"class_list":["post-4776","page","type-page","status-publish","hentry"],"_links":{"self":[{"href":"https:\/\/www.unilim.fr\/culture\/wp-json\/wp\/v2\/pages\/4776","targetHints":{"allow":["GET"]}}],"collection":[{"href":"https:\/\/www.unilim.fr\/culture\/wp-json\/wp\/v2\/pages"}],"about":[{"href":"https:\/\/www.unilim.fr\/culture\/wp-json\/wp\/v2\/types\/page"}],"author":[{"embeddable":true,"href":"https:\/\/www.unilim.fr\/culture\/wp-json\/wp\/v2\/users\/51"}],"replies":[{"embeddable":true,"href":"https:\/\/www.unilim.fr\/culture\/wp-json\/wp\/v2\/comments?post=4776"}],"version-history":[{"count":0,"href":"https:\/\/www.unilim.fr\/culture\/wp-json\/wp\/v2\/pages\/4776\/revisions"}],"wp:attachment":[{"href":"https:\/\/www.unilim.fr\/culture\/wp-json\/wp\/v2\/media?parent=4776"}],"curies":[{"name":"wp","href":"https:\/\/api.w.org\/{rel}","templated":true}]}}