{"id":4770,"date":"2020-10-18T00:00:00","date_gmt":"2020-10-18T00:00:00","guid":{"rendered":"http:\/\/www.unilim.fr\/culture\/stage-photos\/"},"modified":"2020-10-18T00:00:00","modified_gmt":"2020-10-18T00:00:00","slug":"stage-photos","status":"publish","type":"page","link":"https:\/\/www.unilim.fr\/culture\/stage-photos\/","title":{"rendered":"Stage Photos"},"content":{"rendered":"        <div class=\"container-fluid  \" style=\"\">\n                      <div class=\"container\">\n                <div class=\"row \" style=\"margin-top: 30px;margin-bottom: 30px\">        <div class=\"col-sm-12 \">\n                    <div class=\"clearfix ul-element-text \">\n            \n<p>Stages Photos<\/p>\n<p>Atelier portrait photographique ax\u00e9 sur la pratique, la recherche personnelle et qui s\u2019appuiera sur des \u00e9changes simples, sinc\u00e8res, ouverts, adapt\u00e9s \u00e0 chacun afin de trouver sa propre m\u00e9thode dans la r\u00e9alisation de portraits.<\/p>\n<p>Apprendre et am\u00e9liorer la prise de vue de portrait par l\u2019appr\u00e9hension de la relation au sujet photographi\u00e9, la confiance en soi et la cr\u00e9ation de portraits significatifs<\/p>\n<p><\/p>\n<p>&nbsp;Les ateliers auront lieu au Campus Universitaire, 1 avenue Marc Purat, 23000 GUERET les samedis&nbsp; de 09h00 \u00e0 13h30 et de 13h30 \u00e0 17h30 pour un volume horaire annuel de 28h annuel<\/p>\n<p>&nbsp;Dates&nbsp;&nbsp;<\/p>\n<p>2020&nbsp; &nbsp; &nbsp; &nbsp; &nbsp; &nbsp; &nbsp; &nbsp; &nbsp; &nbsp; &nbsp; &nbsp; &nbsp; &nbsp; &nbsp; &nbsp; &nbsp; &nbsp; &nbsp; &nbsp; &nbsp;2021<\/p>\n<p>28 Novembre&nbsp;&nbsp;&nbsp;&nbsp;&nbsp;&nbsp;&nbsp;&nbsp;&nbsp;&nbsp;&nbsp;&nbsp;&nbsp;&nbsp;&nbsp;&nbsp;&nbsp;&nbsp;&nbsp;&nbsp;&nbsp;&nbsp;&nbsp;&nbsp;&nbsp; 23 Janvier<\/p>\n<p>12 D\u00e9cembre&nbsp;&nbsp;&nbsp;&nbsp;&nbsp;&nbsp;&nbsp;&nbsp;&nbsp;&nbsp;&nbsp;&nbsp;&nbsp;&nbsp;&nbsp;&nbsp;&nbsp;&nbsp;&nbsp;&nbsp;&nbsp;&nbsp;&nbsp;&nbsp;&nbsp; 6 Mars<\/p>\n<p><br data-mce-bogus=\"1\"><\/p>\n<p>(Restitution, Exposition des photos pendant le Festival Etudiant)<\/p>\n<p>Direction Thierry Laporte<\/p>\n<p>Photographe professionnel. Il travaille pour la presse nationale (le Monde, Lib\u00e9ration, T\u00e9l\u00e9rama, Causette, Diapason, Op\u00e9ra Magazine\u2026), sur des commandes de reportages et des projets artistiques personnels. Il compte \u00e0 son actif une vingtaine d\u2019expositions en France et \u00e0 l\u2019international.<\/p>\n<p>&nbsp;<\/p>\n<p><\/p>\n        <\/div>\n                <\/div>\n        <\/div>\n            <\/div>\n                  <\/div>\n        \n","protected":false},"excerpt":{"rendered":"","protected":false},"author":51,"featured_media":0,"parent":0,"menu_order":0,"comment_status":"closed","ping_status":"closed","template":"page-le.php","meta":{"footnotes":""},"class_list":["post-4770","page","type-page","status-publish","hentry"],"_links":{"self":[{"href":"https:\/\/www.unilim.fr\/culture\/wp-json\/wp\/v2\/pages\/4770","targetHints":{"allow":["GET"]}}],"collection":[{"href":"https:\/\/www.unilim.fr\/culture\/wp-json\/wp\/v2\/pages"}],"about":[{"href":"https:\/\/www.unilim.fr\/culture\/wp-json\/wp\/v2\/types\/page"}],"author":[{"embeddable":true,"href":"https:\/\/www.unilim.fr\/culture\/wp-json\/wp\/v2\/users\/51"}],"replies":[{"embeddable":true,"href":"https:\/\/www.unilim.fr\/culture\/wp-json\/wp\/v2\/comments?post=4770"}],"version-history":[{"count":0,"href":"https:\/\/www.unilim.fr\/culture\/wp-json\/wp\/v2\/pages\/4770\/revisions"}],"wp:attachment":[{"href":"https:\/\/www.unilim.fr\/culture\/wp-json\/wp\/v2\/media?parent=4770"}],"curies":[{"name":"wp","href":"https:\/\/api.w.org\/{rel}","templated":true}]}}