{"id":4765,"date":"2020-10-18T00:00:00","date_gmt":"2020-10-18T00:00:00","guid":{"rendered":"http:\/\/www.unilim.fr\/culture\/atelier-hip-hop\/"},"modified":"2021-09-15T11:06:52","modified_gmt":"2021-09-15T09:06:52","slug":"atelier-hip-hop","status":"publish","type":"page","link":"https:\/\/www.unilim.fr\/culture\/atelier-hip-hop\/","title":{"rendered":"Atelier Hip Hop"},"content":{"rendered":"        <div class=\"container-fluid  \" style=\"\">\n                      <div class=\"container\">\n                <div class=\"row \" style=\"margin-top: 30px;margin-bottom: 30px\">        <div class=\"col-sm-12 \">\n                    <div class=\"clearfix ul-element-text \">\n            \n<p>Intervention hebdomadaire de d\u00e9couverte de la danse hip-hop.<\/p>\n<p>Temps d\u2019\u00e9chauffement puis de pratique avec d\u00e9couverte du langage chor\u00e9graphique de la danse hip-hop, approche du r\u00e9pertoire chor\u00e9graphique de la Compagnie Herv\u00e9 KOUBI et mise en place d\u2019un processus de cr\u00e9ation chor\u00e9graphique.<br \/>\nObjectifs p\u00e9dagogiques (acquisition ou d\u00e9veloppement de comp\u00e9tences\u00a0: ma\u00eetrise d\u2019un instrument\u00a0; ma\u00eetrise vocale\u00a0; capacit\u00e9 \u00e0 participer \u00e0 une cr\u00e9ation collective\u2026) : D\u00e9couverte de la danse hip-hop \/ D\u00e9couverte de l\u2019histoire de la danse et de la danse Hip-hop \u00e0 travers les courants tels que le locking, le popping, le Break Dance et la House.<\/p>\n<p>Approche de la gestuelle et aussi approche de l\u2019\u00e9criture chor\u00e9graphique et initiation \u00e0 la chor\u00e9graphie.<\/p>\n<p>Pour les participants il s\u2019agit aussi d\u2019approcher la d\u00e9marche de cr\u00e9ation chor\u00e9graphique avec les notions d\u2019espace, d\u2019ensemble, de musicalit\u00e9 inh\u00e9rentes \u00e0 un processus de cr\u00e9ation.<\/p>\n<p>&nbsp;<\/p>\n<p>(Restitution durant le Festival Etudiant)<\/p>\n<p>Nombre maximum de participants par atelier (\u00e9tudiants et personnel)\u00a0: 25<\/p>\n<p>Directrice Marie Launai<\/p>\n<p>Danseuse et Artiste Chor\u00e9graphique au sein de la compagnie Herv\u00e9 Koubi<\/p>\n<p>Salle 002\u00a0 \u00a0Jeudi de 18h \u00e0 20h<\/p>\n<p>&nbsp;<\/p>\n<p>&nbsp;<\/p>\n        <\/div>\n                <\/div>\n        <\/div>\n            <\/div>\n                  <\/div>\n        \n","protected":false},"excerpt":{"rendered":"","protected":false},"author":51,"featured_media":0,"parent":0,"menu_order":0,"comment_status":"closed","ping_status":"closed","template":"page-le.php","meta":{"footnotes":""},"class_list":["post-4765","page","type-page","status-publish","hentry"],"_links":{"self":[{"href":"https:\/\/www.unilim.fr\/culture\/wp-json\/wp\/v2\/pages\/4765","targetHints":{"allow":["GET"]}}],"collection":[{"href":"https:\/\/www.unilim.fr\/culture\/wp-json\/wp\/v2\/pages"}],"about":[{"href":"https:\/\/www.unilim.fr\/culture\/wp-json\/wp\/v2\/types\/page"}],"author":[{"embeddable":true,"href":"https:\/\/www.unilim.fr\/culture\/wp-json\/wp\/v2\/users\/51"}],"replies":[{"embeddable":true,"href":"https:\/\/www.unilim.fr\/culture\/wp-json\/wp\/v2\/comments?post=4765"}],"version-history":[{"count":0,"href":"https:\/\/www.unilim.fr\/culture\/wp-json\/wp\/v2\/pages\/4765\/revisions"}],"wp:attachment":[{"href":"https:\/\/www.unilim.fr\/culture\/wp-json\/wp\/v2\/media?parent=4765"}],"curies":[{"name":"wp","href":"https:\/\/api.w.org\/{rel}","templated":true}]}}