{"id":4756,"date":"2020-10-17T22:00:00","date_gmt":"2020-10-18T00:00:00","guid":{"rendered":"http:\/\/www.unilim.fr\/culture\/atelier-arts-dans-les-soins\/"},"modified":"2022-09-15T12:11:21","modified_gmt":"2022-09-15T10:11:21","slug":"atelier-arts-dans-les-soins","status":"publish","type":"page","link":"https:\/\/www.unilim.fr\/culture\/atelier-arts-dans-les-soins\/","title":{"rendered":"Atelier Arts dans les Soins"},"content":{"rendered":"        <div class=\"container-fluid  \" style=\"\">\n                      <div class=\"container\">\n                <div class=\"row \" style=\"margin-top: 30px;margin-bottom: 30px\">        <div class=\"col-sm-12 \">\n                    <div class=\"clearfix ul-element-text \">\n            \n<p>Pour les \u00e9tudiants participants :<\/p>\n<p>Permettre aux \u00e9tudiants de participer \u00e0 une action collective, solidaire et de bien social.<\/p>\n<p>Sensibilisation \u00e0 l\u2019importance de la musique et des autres formes de production artistiques comme th\u00e9rapie ou compl\u00e9ment au traitement th\u00e9rapeutique.<\/p>\n<p>Pour les \u00e9tudiants en m\u00e9decine&nbsp;: sensibilisation \u00e0 une relation m\u00e9decin\/malade qui ne soit pas exclusivement plac\u00e9e sous le signe de la maladie, des soins etc\u2026<\/p>\n<p><\/p>\n<p>Co responsables Cadre de Sant\u00e9 Service H\u00e9matologie Clinique CHU et N Cogn\u00e9 Responsable Service Culturel Universit\u00e9<\/p>\n<p>Jeudi de 13h \u00e0 14h30<\/p>\n<p>Service d\u2019H\u00e9matologie clinique CHU de Limoges.<\/p>\n<p>D\u00e9but des cours d\u00e9cembre<br data-mce-bogus=\"1\"><\/p>\n<p>Renseignements 0672915394<br data-mce-bogus=\"1\"><\/p>\n<p><\/p>\n        <\/div>\n                <\/div>\n        <\/div>\n            <\/div>\n                  <\/div>\n        \n","protected":false},"excerpt":{"rendered":"","protected":false},"author":51,"featured_media":0,"parent":0,"menu_order":0,"comment_status":"closed","ping_status":"closed","template":"page-le.php","meta":{"footnotes":""},"class_list":["post-4756","page","type-page","status-publish","hentry"],"_links":{"self":[{"href":"https:\/\/www.unilim.fr\/culture\/wp-json\/wp\/v2\/pages\/4756","targetHints":{"allow":["GET"]}}],"collection":[{"href":"https:\/\/www.unilim.fr\/culture\/wp-json\/wp\/v2\/pages"}],"about":[{"href":"https:\/\/www.unilim.fr\/culture\/wp-json\/wp\/v2\/types\/page"}],"author":[{"embeddable":true,"href":"https:\/\/www.unilim.fr\/culture\/wp-json\/wp\/v2\/users\/51"}],"replies":[{"embeddable":true,"href":"https:\/\/www.unilim.fr\/culture\/wp-json\/wp\/v2\/comments?post=4756"}],"version-history":[{"count":0,"href":"https:\/\/www.unilim.fr\/culture\/wp-json\/wp\/v2\/pages\/4756\/revisions"}],"wp:attachment":[{"href":"https:\/\/www.unilim.fr\/culture\/wp-json\/wp\/v2\/media?parent=4756"}],"curies":[{"name":"wp","href":"https:\/\/api.w.org\/{rel}","templated":true}]}}