{"id":442,"date":"2016-09-01T22:00:00","date_gmt":"2016-01-21T16:03:11","guid":{"rendered":"http:\/\/www.unilim.fr\/culture\/?page_id=442"},"modified":"2016-09-02T10:52:30","modified_gmt":"2016-09-02T08:52:30","slug":"guide-culturel-2","status":"publish","type":"page","link":"https:\/\/www.unilim.fr\/culture\/saison-2015-2016\/guide-culturel-2\/","title":{"rendered":"Guide Culturel"},"content":{"rendered":"        <div class=\"container-fluid  \" style=\"\">\n                      <div class=\"container\">\n                <div class=\"row \" style=\"margin-top: 30px;margin-bottom: 30px\">        <div class=\"col-sm-6 \">\n            \n        \n        <div class=\"ul-element-header text-left page-header \">\n\n            <h3 class=\"ul-bold  \" style=\"\">\n                                Le Guide Culturel                <span><br\/><\/span><small> \u00c0 votre service !<\/small>            <\/h3>\n        <\/div>\n                <div class=\"clearfix ul-element-text \">\n            \n<p style=\"text-align: justify\">Toute l&rsquo;ann\u00e9e, le Service Culturel de l&rsquo;Universit\u00e9 met en place des projets culturels en faveur des \u00e9tudiants et des personnels en lien avec l&rsquo;enseignement et la recherche et avec les partenaires culturels. Les rendez-vous culturels sont publics et en acc\u00e8s libre pour les \u00e9tudiants qui poss\u00e8dent le pass culture.<\/p>\n<p style=\"text-align: justify\">T\u00e9l\u00e9chargez &nbsp;:&nbsp;<a href=\"http:\/\/www.unilim.fr\/culture\/wp-content\/uploads\/sites\/17\/2016\/09\/Guide-culturel-16-17.pdf\" target=\"_blank\">Guide culturel 16-17<\/a><\/p>\n<p style=\"text-align: justify\">Retrouvez \u00e9galement toutes les informations des prochains rendez-vous culturels sur le calendrier de la page d&rsquo;accueil du site.<\/p>\n        <\/div>\n                <\/div>\n                <div class=\"col-sm-1 \">\n                    <\/div>\n                <div class=\"col-sm-5 \">\n                    <div class=\"ul-element-image \">\n            <a href=\"http:\/\/www.unilim.fr\/culture\/wp-content\/uploads\/sites\/17\/2016\/09\/Depliant-definitif-16-17-1-450x360.jpg\" target=\"\"  rel=\"lightbox\">\n                <img decoding=\"async\" class=\"img-responsive\" src=\"http:\/\/www.unilim.fr\/culture\/wp-content\/uploads\/sites\/17\/2016\/09\/Depliant-definitif-16-17-1-450x360.jpg\"\/>\n            <\/a>\n        <\/div>\n                <\/div>\n        <\/div>\n            <\/div>\n                  <\/div>\n        \n","protected":false},"excerpt":{"rendered":"","protected":false},"author":51,"featured_media":466,"parent":42,"menu_order":0,"comment_status":"closed","ping_status":"closed","template":"page-le.php","meta":{"footnotes":""},"class_list":["post-442","page","type-page","status-publish","has-post-thumbnail","hentry"],"_links":{"self":[{"href":"https:\/\/www.unilim.fr\/culture\/wp-json\/wp\/v2\/pages\/442","targetHints":{"allow":["GET"]}}],"collection":[{"href":"https:\/\/www.unilim.fr\/culture\/wp-json\/wp\/v2\/pages"}],"about":[{"href":"https:\/\/www.unilim.fr\/culture\/wp-json\/wp\/v2\/types\/page"}],"author":[{"embeddable":true,"href":"https:\/\/www.unilim.fr\/culture\/wp-json\/wp\/v2\/users\/51"}],"replies":[{"embeddable":true,"href":"https:\/\/www.unilim.fr\/culture\/wp-json\/wp\/v2\/comments?post=442"}],"version-history":[{"count":0,"href":"https:\/\/www.unilim.fr\/culture\/wp-json\/wp\/v2\/pages\/442\/revisions"}],"up":[{"embeddable":true,"href":"https:\/\/www.unilim.fr\/culture\/wp-json\/wp\/v2\/pages\/42"}],"wp:featuredmedia":[{"embeddable":true,"href":"https:\/\/www.unilim.fr\/culture\/wp-json\/wp\/v2\/media\/466"}],"wp:attachment":[{"href":"https:\/\/www.unilim.fr\/culture\/wp-json\/wp\/v2\/media?parent=442"}],"curies":[{"name":"wp","href":"https:\/\/api.w.org\/{rel}","templated":true}]}}