{"id":2993,"date":"2017-11-27T23:00:00","date_gmt":"2017-11-28T23:00:00","guid":{"rendered":"http:\/\/www.unilim.fr\/culture\/ateliers-culturels\/les-ateliers\/les-arts-dans-les-soins\/"},"modified":"2019-09-11T00:15:12","modified_gmt":"2019-09-10T22:15:12","slug":"les-arts-dans-les-soins","status":"publish","type":"page","link":"https:\/\/www.unilim.fr\/culture\/ateliers-culturels\/les-ateliers\/les-arts-dans-les-soins\/","title":{"rendered":"Les Arts dans les soins"},"content":{"rendered":"        <div class=\"container-fluid  \" style=\"\">\n                      <div class=\"container\">\n                <div class=\"row \" style=\"margin-top: 30px;margin-bottom: 30px\">        <div class=\"col-md-12 \">\n                    <div class=\"row\">\n                    <div class=\"col-xs-6\">\n            \n        \n        <div class=\"ul-element-header text-left  \">\n\n            <h3 class=\"ul-bold  \" style=\"\">\n                                Les arts dans les soins                            <\/h3>\n        <\/div>\n                <div class=\"clearfix ul-element-text \">\n            \n<p><\/p>\n<p>Sensibilisation \u00e0 une relation m\u00e9decin\/malade qui ne soit pas exclusivement plac\u00e9e sous le signe de la maladie, des soins etc\u2026<\/p>\n<p>Permettre aux \u00e9tudiants de participer \u00e0 une action collective, solidaire oeuvrant pour le bien social.<\/p>\n<p>Sensibilisation \u00e0 l\u2019importance de la musique et des autres formes de production artistiques comme th\u00e9rapie ou compl\u00e9ment au traitement th\u00e9rapeutique<\/p>\n<p>Pour les soignants du service d\u2019h\u00e9matologie clinique&nbsp;:<\/p>\n<p>Cr\u00e9ation d\u2019une dynamique d\u2019\u00e9quipe autour des patients&nbsp;;<\/p>\n<p>Valorisation du travail hospitalier pour lutter contre l\u2019\u00e9puisement professionnel&nbsp;;<\/p>\n<p>Renforcer la coh\u00e9sion au sein de l\u2019\u00e9quipe soignante et entre les soignants et les patients&nbsp;;<\/p>\n<p>Pour les patients&nbsp;:<\/p>\n<p>meilleure qualit\u00e9 de vie possible en milieu hospitalier, de pr\u00e9server ou de r\u00e9tablir le lien avec une r\u00e9alit\u00e9 autre que celle de la maladie.<\/p>\n<p>diffusion de productions artistiques favorisant une meilleure acceptation des soins<\/p>\n<h5>ATELIER<\/h5>\n<h5>&#8211; Jeudi : 13h00 &#8211; 14h30&nbsp;: CHU, Service H\u00e9matologie Clinique.<br \/><\/h5>\n<p style=\"text-align: justify\">Inscrivez-vous aupr\u00e8s du Service Culturel pour avoir les informations sur les \u00e9v\u00e9nements cin\u00e9matographiques propos\u00e9s au cours de cette ann\u00e9e universitaire.<\/p>\n<hr>\n<p style=\"text-align: justify\">Pour y adh\u00e9rer, il faut s&rsquo;acquitter du <a href=\"http:\/\/www.unilim.fr\/culture\/pass-culture\/\">Pass Culture<\/a>.<\/p>\n<p style=\"text-align: justify;padding-left: 30px\"><strong>Inscriptions<\/strong><\/p>\n<p style=\"text-align: justify;padding-left: 30px\">T\u00e9l : 06 72 91 53 94<\/p>\n<p style=\"text-align: justify;padding-left: 30px\">Mail : serviceculturel@unilim.fr<\/p>\n<p style=\"text-align: justify;padding-left: 30px\">Ou aupr\u00e8s du bureau du Service Culturel.<\/p>\n        <\/div>\n                <\/div>\n                <div class=\"col-xs-6\">\n                    <div class=\"ul-element-image \">\n            <a href=\"\" target=\"\"  rel=\"lightbox\">\n                <img decoding=\"async\" class=\"img-responsive\" src=\"\"\/>\n            <\/a>\n        <\/div>\n                <\/div>\n                <\/div>\n                <\/div>\n        <\/div>\n            <\/div>\n                  <\/div>\n        \n","protected":false},"excerpt":{"rendered":"","protected":false},"author":51,"featured_media":195,"parent":64,"menu_order":0,"comment_status":"closed","ping_status":"closed","template":"page-le.php","meta":{"footnotes":""},"class_list":["post-2993","page","type-page","status-publish","has-post-thumbnail","hentry"],"_links":{"self":[{"href":"https:\/\/www.unilim.fr\/culture\/wp-json\/wp\/v2\/pages\/2993","targetHints":{"allow":["GET"]}}],"collection":[{"href":"https:\/\/www.unilim.fr\/culture\/wp-json\/wp\/v2\/pages"}],"about":[{"href":"https:\/\/www.unilim.fr\/culture\/wp-json\/wp\/v2\/types\/page"}],"author":[{"embeddable":true,"href":"https:\/\/www.unilim.fr\/culture\/wp-json\/wp\/v2\/users\/51"}],"replies":[{"embeddable":true,"href":"https:\/\/www.unilim.fr\/culture\/wp-json\/wp\/v2\/comments?post=2993"}],"version-history":[{"count":0,"href":"https:\/\/www.unilim.fr\/culture\/wp-json\/wp\/v2\/pages\/2993\/revisions"}],"up":[{"embeddable":true,"href":"https:\/\/www.unilim.fr\/culture\/wp-json\/wp\/v2\/pages\/64"}],"wp:featuredmedia":[{"embeddable":true,"href":"https:\/\/www.unilim.fr\/culture\/wp-json\/wp\/v2\/media\/195"}],"wp:attachment":[{"href":"https:\/\/www.unilim.fr\/culture\/wp-json\/wp\/v2\/media?parent=2993"}],"curies":[{"name":"wp","href":"https:\/\/api.w.org\/{rel}","templated":true}]}}