{"id":1505,"date":"2020-10-15T22:00:00","date_gmt":"2016-08-27T22:00:00","guid":{"rendered":"http:\/\/www.unilim.fr\/culture\/ateliers-culturels\/les-ateliers\/salsa-bachata\/"},"modified":"2022-09-15T12:10:03","modified_gmt":"2022-09-15T10:10:03","slug":"salsa-bachata","status":"publish","type":"page","link":"https:\/\/www.unilim.fr\/culture\/ateliers-culturels\/les-ateliers\/salsa-bachata\/","title":{"rendered":"Salsa Bachata"},"content":{"rendered":"        <div class=\"container-fluid  \" style=\"\">\n                      <div class=\"container\">\n                <div class=\"row \" style=\"margin-top: 30px;margin-bottom: 30px\">        <div class=\"col-md-12 \">\n                    <div class=\"row\">\n                    <div class=\"col-xs-6\">\n            \n        \n        <div class=\"ul-element-header text-left  \">\n\n            <h3 class=\"ul-bold  \" style=\"\">\n                                Atelier Salsa Bachata                            <\/h3>\n        <\/div>\n                <div class=\"clearfix ul-element-text \">\n            \n<p style=\"text-align: justify\" data-mce-style=\"text-align: justify;\">VALIDANT<\/p>\n<p style=\"text-align: justify\" data-mce-style=\"text-align: justify;\">Direction&nbsp;Abel Bellati Pr\u00e9sident Association EnDanse<\/p>\n<p>Cours de danse latine<\/p>\n<p>Approche des rythmes cubains et dominicains sur une base ludique et simple, des Pas de bases et leurs variantes.<\/p>\n<p>Mise en pratique des divers pas de base sur une musique<\/p>\n<p>Approche de la danse \u00e0 deux (guidage, langage informel) et en groupe<br \/> Mise en pratique de diverses chor\u00e9graphies de couple permettant une acquisition toujours plus fine du guidage<\/p>\n<p>Approche de la musicalit\u00e9 et du style jusqu&rsquo;\u00e0 l&rsquo;expression artistique<\/p>\n<p>(Restitution d\u00e9monstration pendant le Festival Etudiant\/Journ\u00e9es des Arts.)<\/p>\n<p>&nbsp;<\/p>\n<p style=\"text-align: justify\" data-mce-style=\"text-align: justify;\"><span style=\"color: #ffffff\" data-mce-style=\"color: #ffffff;\">.<\/span><\/p>\n<h4 style=\"text-align: justify\" data-mce-style=\"text-align: justify;\">Quel jour, o\u00f9 et quand ?<\/h4>\n<p style=\"text-align: justify\" data-mce-style=\"text-align: justify;\">Les&nbsp;mardis de 18h \u00e0&nbsp;20h<br \/>Polaris Formation 5 rue de la Cit\u00e9 87000 Limoges<br \/>D\u00e9but des cours 1\u00e8re semaine d&rsquo;octobre<br data-mce-bogus=\"1\"><\/p>\n<p style=\"text-align: justify\" data-mce-style=\"text-align: justify;\"><\/p>\n<hr>\n<p style=\"text-align: justify\" data-mce-style=\"text-align: justify;\">Pour y adh\u00e9rer Gratuit \u00e9tudiants<\/p>\n<p style=\"text-align: justify\" data-mce-style=\"text-align: justify;\">Personnels et ext\u00e9rieurs poss\u00e9der le Passeport culturel \u00e0 r\u00e9cup\u00e9rer aupr\u00e8s du Service Culturel de l&rsquo;Universit\u00e9<\/p>\n<p style=\"text-align: justify;padding-left: 30px\" data-mce-style=\"text-align: justify; padding-left: 30px;\"><strong>Inscriptions<\/strong><\/p>\n<p style=\"text-align: justify;padding-left: 30px\" data-mce-style=\"text-align: justify; padding-left: 30px;\">T\u00e9l : 06 72 91 53 94<\/p>\n<p style=\"text-align: justify;padding-left: 30px\" data-mce-style=\"text-align: justify; padding-left: 30px;\"><\/p>\n<p style=\"text-align: justify;padding-left: 30px\" data-mce-style=\"text-align: justify; padding-left: 30px;\">Mail : serviceculturel@unilim.fr<\/p>\n<p style=\"text-align: justify;padding-left: 30px\" data-mce-style=\"text-align: justify; padding-left: 30px;\">Gratuit \u00e9tudiants<br \/>PVU 25 euros personnels\/30 euros public ext\u00e9rieur<\/p>\n<p style=\"text-align: justify;padding-left: 30px\" data-mce-style=\"text-align: justify; padding-left: 30px;\"><\/p>\n        <\/div>\n                <\/div>\n                <div class=\"col-xs-6\">\n                    <\/div>\n                <\/div>\n                <\/div>\n        <\/div>\n            <\/div>\n                  <\/div>\n        \n","protected":false},"excerpt":{"rendered":"","protected":false},"author":51,"featured_media":189,"parent":64,"menu_order":0,"comment_status":"closed","ping_status":"closed","template":"page-le.php","meta":{"footnotes":""},"class_list":["post-1505","page","type-page","status-publish","has-post-thumbnail","hentry"],"_links":{"self":[{"href":"https:\/\/www.unilim.fr\/culture\/wp-json\/wp\/v2\/pages\/1505","targetHints":{"allow":["GET"]}}],"collection":[{"href":"https:\/\/www.unilim.fr\/culture\/wp-json\/wp\/v2\/pages"}],"about":[{"href":"https:\/\/www.unilim.fr\/culture\/wp-json\/wp\/v2\/types\/page"}],"author":[{"embeddable":true,"href":"https:\/\/www.unilim.fr\/culture\/wp-json\/wp\/v2\/users\/51"}],"replies":[{"embeddable":true,"href":"https:\/\/www.unilim.fr\/culture\/wp-json\/wp\/v2\/comments?post=1505"}],"version-history":[{"count":0,"href":"https:\/\/www.unilim.fr\/culture\/wp-json\/wp\/v2\/pages\/1505\/revisions"}],"up":[{"embeddable":true,"href":"https:\/\/www.unilim.fr\/culture\/wp-json\/wp\/v2\/pages\/64"}],"wp:featuredmedia":[{"embeddable":true,"href":"https:\/\/www.unilim.fr\/culture\/wp-json\/wp\/v2\/media\/189"}],"wp:attachment":[{"href":"https:\/\/www.unilim.fr\/culture\/wp-json\/wp\/v2\/media?parent=1505"}],"curies":[{"name":"wp","href":"https:\/\/api.w.org\/{rel}","templated":true}]}}